{"id":1003,"date":"2015-01-04T22:56:13","date_gmt":"2015-01-04T22:56:13","guid":{"rendered":"http:\/\/www.boutiquekatag.com\/?page_id=1003"},"modified":"2015-01-08T18:36:11","modified_gmt":"2015-01-08T18:36:11","slug":"aventure-12","status":"publish","type":"page","link":"https:\/\/www.katag.ca\/en\/aventure-12\/","title":{"rendered":"Aventure 12"},"content":{"rendered":"<p>Vous volez maintenant en direction de la cit\u00e9 flottante et vous prenez pour la premi\u00e8re fois conscience qu\u2019il y a plein d\u2019autres r\u00eaveurs comme vous qui volent dans toutes les directions. Certains semblent arriver, d\u2019autres, repartir. Tous ont un sourire accroch\u00e9 aux l\u00e8vres, mais personne ne semble vous voir ou vous regarder. Vous apercevez, cependant, \u00e0 une certaine distance, un homme qui semble vous apercevoir et vous d\u00e9cidez de vous diriger vers lui. Mais malheur! Une moto flottante que vous n\u2019aviez pas vue se dirige en plein sur vous! Roulez les d\u00e9s.<\/p>\n<div class=\"btn-container  align-center\"><a class=\"organic-btn  dark-blue-btn small-btn  align-center\" href=\"http:\/\/www.katag.ca\/aventure-18\/\"><span class=\"btn-holder\">Si vous obtenez un r\u00e9sultat de moins de 4<\/span><\/a><\/div>\n<div class=\"btn-container  align-center\"><a class=\"organic-btn  dark-blue-btn small-btn  align-center\" href=\"http:\/\/www.katag.ca\/aventure-19\/\"><span class=\"btn-holder\">Si vous obtenez 4 ou plus<\/span><\/a><\/div>\n","protected":false},"excerpt":{"rendered":"<p>Vous volez maintenant en direction de la cit\u00e9 flottante et vous prenez pour la premi\u00e8re fois conscience qu\u2019il y a plein d\u2019autres r\u00eaveurs comme vous qui volent dans toutes les directions. Certains semblent arriver, d\u2019autres, repartir. Tous ont un sourire accroch\u00e9 aux l\u00e8vres, mais personne ne semble vous voir ou vous regarder. Vous apercevez, cependant, \u00e0 une certaine distance, un homme qui semble vous apercevoir et vous d\u00e9cidez de vous diriger vers lui. Mais malheur! Une moto flottante que vous n\u2019aviez pas vue se dirige en plein sur&#8230;<\/p>\n","protected":false},"author":2,"featured_media":0,"parent":0,"menu_order":0,"comment_status":"closed","ping_status":"closed","template":"","meta":{"footnotes":""},"class_list":["post-1003","page","type-page","status-publish","hentry"],"yoast_head":"<!-- This site is optimized with the Yoast SEO plugin v26.0 - https:\/\/yoast.com\/wordpress\/plugins\/seo\/ -->\n<title>Aventure 12 | Katag<\/title>\n<meta name=\"robots\" content=\"index, follow, max-snippet:-1, max-image-preview:large, max-video-preview:-1\" \/>\n<link rel=\"canonical\" href=\"https:\/\/www.katag.ca\/aventure-12\/\" \/>\n<meta property=\"og:locale\" content=\"en_US\" \/>\n<meta property=\"og:type\" content=\"article\" \/>\n<meta property=\"og:title\" content=\"Aventure 12 | Katag\" \/>\n<meta property=\"og:description\" content=\"Vous volez maintenant en direction de la cit\u00e9 flottante et vous prenez pour la premi\u00e8re fois conscience qu\u2019il y a plein d\u2019autres r\u00eaveurs comme vous qui volent dans toutes les directions. Certains semblent arriver, d\u2019autres, repartir. Tous ont un sourire accroch\u00e9 aux l\u00e8vres, mais personne ne semble vous voir ou vous regarder. Vous apercevez, cependant, \u00e0 une certaine distance, un homme qui semble vous apercevoir et vous d\u00e9cidez de vous diriger vers lui. Mais malheur! Une moto flottante que vous n\u2019aviez pas vue se dirige en plein sur...\" \/>\n<meta property=\"og:url\" content=\"https:\/\/www.katag.ca\/aventure-12\/\" \/>\n<meta property=\"og:site_name\" content=\"Katag\" \/>\n<meta property=\"article:publisher\" content=\"https:\/\/www.facebook.com\/Katag.ca\" \/>\n<meta property=\"article:modified_time\" content=\"2015-01-08T18:36:11+00:00\" \/>\n<meta name=\"twitter:card\" content=\"summary_large_image\" \/>\n<meta name=\"twitter:label1\" content=\"Est. reading time\" \/>\n\t<meta name=\"twitter:data1\" content=\"1 minute\" \/>\n<script type=\"application\/ld+json\" class=\"yoast-schema-graph\">{\"@context\":\"https:\/\/schema.org\",\"@graph\":[{\"@type\":\"WebPage\",\"@id\":\"https:\/\/www.katag.ca\/aventure-12\/\",\"url\":\"https:\/\/www.katag.ca\/aventure-12\/\",\"name\":\"Aventure 12 | Katag\",\"isPartOf\":{\"@id\":\"https:\/\/www.katag.ca\/#website\"},\"datePublished\":\"2015-01-04T22:56:13+00:00\",\"dateModified\":\"2015-01-08T18:36:11+00:00\",\"breadcrumb\":{\"@id\":\"https:\/\/www.katag.ca\/aventure-12\/#breadcrumb\"},\"inLanguage\":\"en-US\",\"potentialAction\":[{\"@type\":\"ReadAction\",\"target\":[\"https:\/\/www.katag.ca\/aventure-12\/\"]}]},{\"@type\":\"BreadcrumbList\",\"@id\":\"https:\/\/www.katag.ca\/aventure-12\/#breadcrumb\",\"itemListElement\":[{\"@type\":\"ListItem\",\"position\":1,\"name\":\"Accueil\",\"item\":\"https:\/\/www.katag.ca\/\"},{\"@type\":\"ListItem\",\"position\":2,\"name\":\"Aventure 12\"}]},{\"@type\":\"WebSite\",\"@id\":\"https:\/\/www.katag.ca\/#website\",\"url\":\"https:\/\/www.katag.ca\/\",\"name\":\"Katag\",\"description\":\"LE jeu d'&eacute;p&eacute;es-mousse\",\"publisher\":{\"@id\":\"https:\/\/www.katag.ca\/#organization\"},\"potentialAction\":[{\"@type\":\"SearchAction\",\"target\":{\"@type\":\"EntryPoint\",\"urlTemplate\":\"https:\/\/www.katag.ca\/?s={search_term_string}\"},\"query-input\":{\"@type\":\"PropertyValueSpecification\",\"valueRequired\":true,\"valueName\":\"search_term_string\"}}],\"inLanguage\":\"en-US\"},{\"@type\":\"Organization\",\"@id\":\"https:\/\/www.katag.ca\/#organization\",\"name\":\"Katag\",\"url\":\"https:\/\/www.katag.ca\/\",\"logo\":{\"@type\":\"ImageObject\",\"inLanguage\":\"en-US\",\"@id\":\"https:\/\/www.katag.ca\/#\/schema\/logo\/image\/\",\"url\":\"https:\/\/www.katag.ca\/wp-content\/uploads\/2021\/03\/logo-fr.png\",\"contentUrl\":\"https:\/\/www.katag.ca\/wp-content\/uploads\/2021\/03\/logo-fr.png\",\"width\":338,\"height\":173,\"caption\":\"Katag\"},\"image\":{\"@id\":\"https:\/\/www.katag.ca\/#\/schema\/logo\/image\/\"},\"sameAs\":[\"https:\/\/www.facebook.com\/Katag.ca\"]}]}<\/script>\n<!-- \/ Yoast SEO plugin. -->","yoast_head_json":{"title":"Aventure 12 | Katag","robots":{"index":"index","follow":"follow","max-snippet":"max-snippet:-1","max-image-preview":"max-image-preview:large","max-video-preview":"max-video-preview:-1"},"canonical":"https:\/\/www.katag.ca\/aventure-12\/","og_locale":"en_US","og_type":"article","og_title":"Aventure 12 | Katag","og_description":"Vous volez maintenant en direction de la cit\u00e9 flottante et vous prenez pour la premi\u00e8re fois conscience qu\u2019il y a plein d\u2019autres r\u00eaveurs comme vous qui volent dans toutes les directions. Certains semblent arriver, d\u2019autres, repartir. Tous ont un sourire accroch\u00e9 aux l\u00e8vres, mais personne ne semble vous voir ou vous regarder. Vous apercevez, cependant, \u00e0 une certaine distance, un homme qui semble vous apercevoir et vous d\u00e9cidez de vous diriger vers lui. Mais malheur! Une moto flottante que vous n\u2019aviez pas vue se dirige en plein sur...","og_url":"https:\/\/www.katag.ca\/aventure-12\/","og_site_name":"Katag","article_publisher":"https:\/\/www.facebook.com\/Katag.ca","article_modified_time":"2015-01-08T18:36:11+00:00","twitter_card":"summary_large_image","twitter_misc":{"Est. reading time":"1 minute"},"schema":{"@context":"https:\/\/schema.org","@graph":[{"@type":"WebPage","@id":"https:\/\/www.katag.ca\/aventure-12\/","url":"https:\/\/www.katag.ca\/aventure-12\/","name":"Aventure 12 | Katag","isPartOf":{"@id":"https:\/\/www.katag.ca\/#website"},"datePublished":"2015-01-04T22:56:13+00:00","dateModified":"2015-01-08T18:36:11+00:00","breadcrumb":{"@id":"https:\/\/www.katag.ca\/aventure-12\/#breadcrumb"},"inLanguage":"en-US","potentialAction":[{"@type":"ReadAction","target":["https:\/\/www.katag.ca\/aventure-12\/"]}]},{"@type":"BreadcrumbList","@id":"https:\/\/www.katag.ca\/aventure-12\/#breadcrumb","itemListElement":[{"@type":"ListItem","position":1,"name":"Accueil","item":"https:\/\/www.katag.ca\/"},{"@type":"ListItem","position":2,"name":"Aventure 12"}]},{"@type":"WebSite","@id":"https:\/\/www.katag.ca\/#website","url":"https:\/\/www.katag.ca\/","name":"Katag","description":"LE jeu d'&eacute;p&eacute;es-mousse","publisher":{"@id":"https:\/\/www.katag.ca\/#organization"},"potentialAction":[{"@type":"SearchAction","target":{"@type":"EntryPoint","urlTemplate":"https:\/\/www.katag.ca\/?s={search_term_string}"},"query-input":{"@type":"PropertyValueSpecification","valueRequired":true,"valueName":"search_term_string"}}],"inLanguage":"en-US"},{"@type":"Organization","@id":"https:\/\/www.katag.ca\/#organization","name":"Katag","url":"https:\/\/www.katag.ca\/","logo":{"@type":"ImageObject","inLanguage":"en-US","@id":"https:\/\/www.katag.ca\/#\/schema\/logo\/image\/","url":"https:\/\/www.katag.ca\/wp-content\/uploads\/2021\/03\/logo-fr.png","contentUrl":"https:\/\/www.katag.ca\/wp-content\/uploads\/2021\/03\/logo-fr.png","width":338,"height":173,"caption":"Katag"},"image":{"@id":"https:\/\/www.katag.ca\/#\/schema\/logo\/image\/"},"sameAs":["https:\/\/www.facebook.com\/Katag.ca"]}]}},"_links":{"self":[{"href":"https:\/\/www.katag.ca\/en\/wp-json\/wp\/v2\/pages\/1003","targetHints":{"allow":["GET"]}}],"collection":[{"href":"https:\/\/www.katag.ca\/en\/wp-json\/wp\/v2\/pages"}],"about":[{"href":"https:\/\/www.katag.ca\/en\/wp-json\/wp\/v2\/types\/page"}],"author":[{"embeddable":true,"href":"https:\/\/www.katag.ca\/en\/wp-json\/wp\/v2\/users\/2"}],"replies":[{"embeddable":true,"href":"https:\/\/www.katag.ca\/en\/wp-json\/wp\/v2\/comments?post=1003"}],"version-history":[{"count":4,"href":"https:\/\/www.katag.ca\/en\/wp-json\/wp\/v2\/pages\/1003\/revisions"}],"predecessor-version":[{"id":1836,"href":"https:\/\/www.katag.ca\/en\/wp-json\/wp\/v2\/pages\/1003\/revisions\/1836"}],"wp:attachment":[{"href":"https:\/\/www.katag.ca\/en\/wp-json\/wp\/v2\/media?parent=1003"}],"curies":[{"name":"wp","href":"https:\/\/api.w.org\/{rel}","templated":true}]}}