{"id":1006,"date":"2015-01-04T22:57:13","date_gmt":"2015-01-04T22:57:13","guid":{"rendered":"http:\/\/www.boutiquekatag.com\/?page_id=1006"},"modified":"2015-01-08T18:45:55","modified_gmt":"2015-01-08T18:45:55","slug":"aventure-13","status":"publish","type":"page","link":"https:\/\/www.katag.ca\/en\/aventure-13\/","title":{"rendered":"Aventure 13"},"content":{"rendered":"<p>Vous volez en direction de la ville et, tout en vous approchant, vous commencez \u00e0 entendre une musique famili\u00e8re. C\u2019est la musique que vous aviez entendue dans votre r\u00eave de la veille! Vous savez que vous \u00eates sur la bonne piste! Ajoutez un point dans la cat\u00e9gorie intuition. Vous voyez maintenant de plus pr\u00e8s le stade et il semble rempli \u00e0 pleine capacit\u00e9! En arrivant au-dessus, vous constatez qu\u2019une partie de Katag est en cours. Vous n\u2019en croyez pas vos yeux! Il doit y avoir au moins cinquante mille spectateurs! <\/p>\n<div class=\"btn-container  align-center\"><a class=\"organic-btn  dark-blue-btn small-btn  align-center\" href=\"http:\/\/www.katag.ca\/aventure-20\/\"><span class=\"btn-holder\">Vous d\u00e9sirez regarder la partie<\/span><\/a><\/div>\n<div class=\"btn-container  align-center\"><a class=\"organic-btn  dark-blue-btn small-btn  align-center\" href=\"http:\/\/www.katag.ca\/aventure-21\/\"><span class=\"btn-holder\">Vous pr\u00e9f\u00e9rez continuer \u00e0 explorer<\/span><\/a><\/div>\n","protected":false},"excerpt":{"rendered":"<p>Vous volez en direction de la ville et, tout en vous approchant, vous commencez \u00e0 entendre une musique famili\u00e8re. C\u2019est la musique que vous aviez entendue dans votre r\u00eave de la veille! Vous savez que vous \u00eates sur la bonne piste! Ajoutez un point dans la cat\u00e9gorie intuition. Vous voyez maintenant de plus pr\u00e8s le stade et il semble rempli \u00e0 pleine capacit\u00e9! En arrivant au-dessus, vous constatez qu\u2019une partie de Katag est en cours. Vous n\u2019en croyez pas vos yeux! Il doit y avoir au moins cinquante&#8230;<\/p>\n","protected":false},"author":2,"featured_media":0,"parent":0,"menu_order":0,"comment_status":"closed","ping_status":"closed","template":"","meta":{"footnotes":""},"class_list":["post-1006","page","type-page","status-publish","hentry"],"yoast_head":"<!-- This site is optimized with the Yoast SEO plugin v26.0 - https:\/\/yoast.com\/wordpress\/plugins\/seo\/ -->\n<title>Aventure 13 | Katag<\/title>\n<meta name=\"robots\" content=\"index, follow, max-snippet:-1, max-image-preview:large, max-video-preview:-1\" \/>\n<link rel=\"canonical\" href=\"https:\/\/www.katag.ca\/aventure-13\/\" \/>\n<meta property=\"og:locale\" content=\"en_US\" \/>\n<meta property=\"og:type\" content=\"article\" \/>\n<meta property=\"og:title\" content=\"Aventure 13 | Katag\" \/>\n<meta property=\"og:description\" content=\"Vous volez en direction de la ville et, tout en vous approchant, vous commencez \u00e0 entendre une musique famili\u00e8re. C\u2019est la musique que vous aviez entendue dans votre r\u00eave de la veille! Vous savez que vous \u00eates sur la bonne piste! Ajoutez un point dans la cat\u00e9gorie intuition. Vous voyez maintenant de plus pr\u00e8s le stade et il semble rempli \u00e0 pleine capacit\u00e9! En arrivant au-dessus, vous constatez qu\u2019une partie de Katag est en cours. Vous n\u2019en croyez pas vos yeux! Il doit y avoir au moins cinquante...\" \/>\n<meta property=\"og:url\" content=\"https:\/\/www.katag.ca\/aventure-13\/\" \/>\n<meta property=\"og:site_name\" content=\"Katag\" \/>\n<meta property=\"article:publisher\" content=\"https:\/\/www.facebook.com\/Katag.ca\" \/>\n<meta property=\"article:modified_time\" content=\"2015-01-08T18:45:55+00:00\" \/>\n<meta name=\"twitter:card\" content=\"summary_large_image\" \/>\n<meta name=\"twitter:label1\" content=\"Est. reading time\" \/>\n\t<meta name=\"twitter:data1\" content=\"1 minute\" \/>\n<script type=\"application\/ld+json\" class=\"yoast-schema-graph\">{\"@context\":\"https:\/\/schema.org\",\"@graph\":[{\"@type\":\"WebPage\",\"@id\":\"https:\/\/www.katag.ca\/aventure-13\/\",\"url\":\"https:\/\/www.katag.ca\/aventure-13\/\",\"name\":\"Aventure 13 | Katag\",\"isPartOf\":{\"@id\":\"https:\/\/www.katag.ca\/#website\"},\"datePublished\":\"2015-01-04T22:57:13+00:00\",\"dateModified\":\"2015-01-08T18:45:55+00:00\",\"breadcrumb\":{\"@id\":\"https:\/\/www.katag.ca\/aventure-13\/#breadcrumb\"},\"inLanguage\":\"en-US\",\"potentialAction\":[{\"@type\":\"ReadAction\",\"target\":[\"https:\/\/www.katag.ca\/aventure-13\/\"]}]},{\"@type\":\"BreadcrumbList\",\"@id\":\"https:\/\/www.katag.ca\/aventure-13\/#breadcrumb\",\"itemListElement\":[{\"@type\":\"ListItem\",\"position\":1,\"name\":\"Accueil\",\"item\":\"https:\/\/www.katag.ca\/\"},{\"@type\":\"ListItem\",\"position\":2,\"name\":\"Aventure 13\"}]},{\"@type\":\"WebSite\",\"@id\":\"https:\/\/www.katag.ca\/#website\",\"url\":\"https:\/\/www.katag.ca\/\",\"name\":\"Katag\",\"description\":\"LE jeu d'&eacute;p&eacute;es-mousse\",\"publisher\":{\"@id\":\"https:\/\/www.katag.ca\/#organization\"},\"potentialAction\":[{\"@type\":\"SearchAction\",\"target\":{\"@type\":\"EntryPoint\",\"urlTemplate\":\"https:\/\/www.katag.ca\/?s={search_term_string}\"},\"query-input\":{\"@type\":\"PropertyValueSpecification\",\"valueRequired\":true,\"valueName\":\"search_term_string\"}}],\"inLanguage\":\"en-US\"},{\"@type\":\"Organization\",\"@id\":\"https:\/\/www.katag.ca\/#organization\",\"name\":\"Katag\",\"url\":\"https:\/\/www.katag.ca\/\",\"logo\":{\"@type\":\"ImageObject\",\"inLanguage\":\"en-US\",\"@id\":\"https:\/\/www.katag.ca\/#\/schema\/logo\/image\/\",\"url\":\"https:\/\/www.katag.ca\/wp-content\/uploads\/2021\/03\/logo-fr.png\",\"contentUrl\":\"https:\/\/www.katag.ca\/wp-content\/uploads\/2021\/03\/logo-fr.png\",\"width\":338,\"height\":173,\"caption\":\"Katag\"},\"image\":{\"@id\":\"https:\/\/www.katag.ca\/#\/schema\/logo\/image\/\"},\"sameAs\":[\"https:\/\/www.facebook.com\/Katag.ca\"]}]}<\/script>\n<!-- \/ Yoast SEO plugin. -->","yoast_head_json":{"title":"Aventure 13 | Katag","robots":{"index":"index","follow":"follow","max-snippet":"max-snippet:-1","max-image-preview":"max-image-preview:large","max-video-preview":"max-video-preview:-1"},"canonical":"https:\/\/www.katag.ca\/aventure-13\/","og_locale":"en_US","og_type":"article","og_title":"Aventure 13 | Katag","og_description":"Vous volez en direction de la ville et, tout en vous approchant, vous commencez \u00e0 entendre une musique famili\u00e8re. C\u2019est la musique que vous aviez entendue dans votre r\u00eave de la veille! Vous savez que vous \u00eates sur la bonne piste! Ajoutez un point dans la cat\u00e9gorie intuition. Vous voyez maintenant de plus pr\u00e8s le stade et il semble rempli \u00e0 pleine capacit\u00e9! En arrivant au-dessus, vous constatez qu\u2019une partie de Katag est en cours. Vous n\u2019en croyez pas vos yeux! Il doit y avoir au moins cinquante...","og_url":"https:\/\/www.katag.ca\/aventure-13\/","og_site_name":"Katag","article_publisher":"https:\/\/www.facebook.com\/Katag.ca","article_modified_time":"2015-01-08T18:45:55+00:00","twitter_card":"summary_large_image","twitter_misc":{"Est. reading time":"1 minute"},"schema":{"@context":"https:\/\/schema.org","@graph":[{"@type":"WebPage","@id":"https:\/\/www.katag.ca\/aventure-13\/","url":"https:\/\/www.katag.ca\/aventure-13\/","name":"Aventure 13 | Katag","isPartOf":{"@id":"https:\/\/www.katag.ca\/#website"},"datePublished":"2015-01-04T22:57:13+00:00","dateModified":"2015-01-08T18:45:55+00:00","breadcrumb":{"@id":"https:\/\/www.katag.ca\/aventure-13\/#breadcrumb"},"inLanguage":"en-US","potentialAction":[{"@type":"ReadAction","target":["https:\/\/www.katag.ca\/aventure-13\/"]}]},{"@type":"BreadcrumbList","@id":"https:\/\/www.katag.ca\/aventure-13\/#breadcrumb","itemListElement":[{"@type":"ListItem","position":1,"name":"Accueil","item":"https:\/\/www.katag.ca\/"},{"@type":"ListItem","position":2,"name":"Aventure 13"}]},{"@type":"WebSite","@id":"https:\/\/www.katag.ca\/#website","url":"https:\/\/www.katag.ca\/","name":"Katag","description":"LE jeu d'&eacute;p&eacute;es-mousse","publisher":{"@id":"https:\/\/www.katag.ca\/#organization"},"potentialAction":[{"@type":"SearchAction","target":{"@type":"EntryPoint","urlTemplate":"https:\/\/www.katag.ca\/?s={search_term_string}"},"query-input":{"@type":"PropertyValueSpecification","valueRequired":true,"valueName":"search_term_string"}}],"inLanguage":"en-US"},{"@type":"Organization","@id":"https:\/\/www.katag.ca\/#organization","name":"Katag","url":"https:\/\/www.katag.ca\/","logo":{"@type":"ImageObject","inLanguage":"en-US","@id":"https:\/\/www.katag.ca\/#\/schema\/logo\/image\/","url":"https:\/\/www.katag.ca\/wp-content\/uploads\/2021\/03\/logo-fr.png","contentUrl":"https:\/\/www.katag.ca\/wp-content\/uploads\/2021\/03\/logo-fr.png","width":338,"height":173,"caption":"Katag"},"image":{"@id":"https:\/\/www.katag.ca\/#\/schema\/logo\/image\/"},"sameAs":["https:\/\/www.facebook.com\/Katag.ca"]}]}},"_links":{"self":[{"href":"https:\/\/www.katag.ca\/en\/wp-json\/wp\/v2\/pages\/1006","targetHints":{"allow":["GET"]}}],"collection":[{"href":"https:\/\/www.katag.ca\/en\/wp-json\/wp\/v2\/pages"}],"about":[{"href":"https:\/\/www.katag.ca\/en\/wp-json\/wp\/v2\/types\/page"}],"author":[{"embeddable":true,"href":"https:\/\/www.katag.ca\/en\/wp-json\/wp\/v2\/users\/2"}],"replies":[{"embeddable":true,"href":"https:\/\/www.katag.ca\/en\/wp-json\/wp\/v2\/comments?post=1006"}],"version-history":[{"count":2,"href":"https:\/\/www.katag.ca\/en\/wp-json\/wp\/v2\/pages\/1006\/revisions"}],"predecessor-version":[{"id":1848,"href":"https:\/\/www.katag.ca\/en\/wp-json\/wp\/v2\/pages\/1006\/revisions\/1848"}],"wp:attachment":[{"href":"https:\/\/www.katag.ca\/en\/wp-json\/wp\/v2\/media?parent=1006"}],"curies":[{"name":"wp","href":"https:\/\/api.w.org\/{rel}","templated":true}]}}