{"id":1012,"date":"2015-01-04T22:59:03","date_gmt":"2015-01-04T22:59:03","guid":{"rendered":"http:\/\/www.boutiquekatag.com\/?page_id=1012"},"modified":"2015-01-08T20:34:30","modified_gmt":"2015-01-08T20:34:30","slug":"aventure-16","status":"publish","type":"page","link":"https:\/\/www.katag.ca\/en\/aventure-16\/","title":{"rendered":"Aventure 16"},"content":{"rendered":"<p>Un des hommes se rend compte de votre pr\u00e9sence et avertit les autres, qui se retournent tous vers vous. Vous perdez un point d\u2019agilit\u00e9. Vous vous trouvez vite entour\u00e9 par ces hommes aux allures louches. L\u2019un d\u2019eux vous adresse la parole : \u00ab Halte matelot! O\u00f9 est-ce que tu penses que tu vas comme \u00e7a? Aucun touriste ne peut passer par ici sans payer son d\u00fb! \u00bb Vous lui r\u00e9pondez que vous \u00eates d\u00e9sol\u00e9, mais que vous n\u2019avez pas d\u2019argent, tout en le suppliant de vous laisser partir. Les hommes vous regardent tous en riant. \u00ab Tu es nouveau par ici, et je vais te faire un prix sp\u00e9cial. Tu ne le sais peut-\u00eatre pas, mais ici, tout se paie en r\u00eave! Alors, si tu veux passer, \u00e7a te co\u00fbtera un r\u00eave! \u00bb Vous ne savez plus tr\u00e8s bien s\u2019il plaisante ou pas, mais vous savez que vous voulez partir d\u2019ici le plus vite possible.<\/p>\n<div class=\"btn-container  align-center\"><a class=\"organic-btn  dark-blue-btn small-btn  align-center\" href=\"http:\/\/www.katag.ca\/aventure-25\/\"><span class=\"btn-holder\">Vous acceptez de lui donner un r\u00eave<\/span><\/a><\/div>\n<div class=\"btn-container  align-center\"><a class=\"organic-btn  dark-blue-btn small-btn  align-center\" href=\"http:\/\/www.katag.ca\/aventure-26\/\"><span class=\"btn-holder\">Vous souhaitez prendre la fuite<\/span><\/a><\/div>\n<div class=\"btn-container  align-center\"><a class=\"organic-btn  dark-blue-btn small-btn  align-center\" href=\"http:\/\/www.katag.ca\/aventure-11\/\"><span class=\"btn-holder\">Vous d\u00e9cidez que vous en avez assez de cet endroit<\/span><\/a><\/div>\n","protected":false},"excerpt":{"rendered":"<p>Un des hommes se rend compte de votre pr\u00e9sence et avertit les autres, qui se retournent tous vers vous. Vous perdez un point d\u2019agilit\u00e9. Vous vous trouvez vite entour\u00e9 par ces hommes aux allures louches. L\u2019un d\u2019eux vous adresse la parole : \u00ab Halte matelot! O\u00f9 est-ce que tu penses que tu vas comme \u00e7a? Aucun touriste ne peut passer par ici sans payer son d\u00fb! \u00bb Vous lui r\u00e9pondez que vous \u00eates d\u00e9sol\u00e9, mais que vous n\u2019avez pas d\u2019argent, tout en le suppliant de vous laisser partir&#8230;.<\/p>\n","protected":false},"author":2,"featured_media":0,"parent":0,"menu_order":0,"comment_status":"closed","ping_status":"closed","template":"","meta":{"footnotes":""},"class_list":["post-1012","page","type-page","status-publish","hentry"],"yoast_head":"<!-- This site is optimized with the Yoast SEO plugin v26.0 - https:\/\/yoast.com\/wordpress\/plugins\/seo\/ -->\n<title>Aventure 16 | Katag<\/title>\n<meta name=\"robots\" content=\"index, follow, max-snippet:-1, max-image-preview:large, max-video-preview:-1\" \/>\n<link rel=\"canonical\" href=\"https:\/\/www.katag.ca\/aventure-16\/\" \/>\n<meta property=\"og:locale\" content=\"en_US\" \/>\n<meta property=\"og:type\" content=\"article\" \/>\n<meta property=\"og:title\" content=\"Aventure 16 | Katag\" \/>\n<meta property=\"og:description\" content=\"Un des hommes se rend compte de votre pr\u00e9sence et avertit les autres, qui se retournent tous vers vous. Vous perdez un point d\u2019agilit\u00e9. Vous vous trouvez vite entour\u00e9 par ces hommes aux allures louches. L\u2019un d\u2019eux vous adresse la parole : \u00ab Halte matelot! O\u00f9 est-ce que tu penses que tu vas comme \u00e7a? Aucun touriste ne peut passer par ici sans payer son d\u00fb! \u00bb Vous lui r\u00e9pondez que vous \u00eates d\u00e9sol\u00e9, mais que vous n\u2019avez pas d\u2019argent, tout en le suppliant de vous laisser partir....\" \/>\n<meta property=\"og:url\" content=\"https:\/\/www.katag.ca\/aventure-16\/\" \/>\n<meta property=\"og:site_name\" content=\"Katag\" \/>\n<meta property=\"article:publisher\" content=\"https:\/\/www.facebook.com\/Katag.ca\" \/>\n<meta property=\"article:modified_time\" content=\"2015-01-08T20:34:30+00:00\" \/>\n<meta name=\"twitter:card\" content=\"summary_large_image\" \/>\n<meta name=\"twitter:label1\" content=\"Est. reading time\" \/>\n\t<meta name=\"twitter:data1\" content=\"1 minute\" \/>\n<script type=\"application\/ld+json\" class=\"yoast-schema-graph\">{\"@context\":\"https:\/\/schema.org\",\"@graph\":[{\"@type\":\"WebPage\",\"@id\":\"https:\/\/www.katag.ca\/aventure-16\/\",\"url\":\"https:\/\/www.katag.ca\/aventure-16\/\",\"name\":\"Aventure 16 | Katag\",\"isPartOf\":{\"@id\":\"https:\/\/www.katag.ca\/#website\"},\"datePublished\":\"2015-01-04T22:59:03+00:00\",\"dateModified\":\"2015-01-08T20:34:30+00:00\",\"breadcrumb\":{\"@id\":\"https:\/\/www.katag.ca\/aventure-16\/#breadcrumb\"},\"inLanguage\":\"en-US\",\"potentialAction\":[{\"@type\":\"ReadAction\",\"target\":[\"https:\/\/www.katag.ca\/aventure-16\/\"]}]},{\"@type\":\"BreadcrumbList\",\"@id\":\"https:\/\/www.katag.ca\/aventure-16\/#breadcrumb\",\"itemListElement\":[{\"@type\":\"ListItem\",\"position\":1,\"name\":\"Accueil\",\"item\":\"https:\/\/www.katag.ca\/\"},{\"@type\":\"ListItem\",\"position\":2,\"name\":\"Aventure 16\"}]},{\"@type\":\"WebSite\",\"@id\":\"https:\/\/www.katag.ca\/#website\",\"url\":\"https:\/\/www.katag.ca\/\",\"name\":\"Katag\",\"description\":\"LE jeu d'&eacute;p&eacute;es-mousse\",\"publisher\":{\"@id\":\"https:\/\/www.katag.ca\/#organization\"},\"potentialAction\":[{\"@type\":\"SearchAction\",\"target\":{\"@type\":\"EntryPoint\",\"urlTemplate\":\"https:\/\/www.katag.ca\/?s={search_term_string}\"},\"query-input\":{\"@type\":\"PropertyValueSpecification\",\"valueRequired\":true,\"valueName\":\"search_term_string\"}}],\"inLanguage\":\"en-US\"},{\"@type\":\"Organization\",\"@id\":\"https:\/\/www.katag.ca\/#organization\",\"name\":\"Katag\",\"url\":\"https:\/\/www.katag.ca\/\",\"logo\":{\"@type\":\"ImageObject\",\"inLanguage\":\"en-US\",\"@id\":\"https:\/\/www.katag.ca\/#\/schema\/logo\/image\/\",\"url\":\"https:\/\/www.katag.ca\/wp-content\/uploads\/2021\/03\/logo-fr.png\",\"contentUrl\":\"https:\/\/www.katag.ca\/wp-content\/uploads\/2021\/03\/logo-fr.png\",\"width\":338,\"height\":173,\"caption\":\"Katag\"},\"image\":{\"@id\":\"https:\/\/www.katag.ca\/#\/schema\/logo\/image\/\"},\"sameAs\":[\"https:\/\/www.facebook.com\/Katag.ca\"]}]}<\/script>\n<!-- \/ Yoast SEO plugin. -->","yoast_head_json":{"title":"Aventure 16 | Katag","robots":{"index":"index","follow":"follow","max-snippet":"max-snippet:-1","max-image-preview":"max-image-preview:large","max-video-preview":"max-video-preview:-1"},"canonical":"https:\/\/www.katag.ca\/aventure-16\/","og_locale":"en_US","og_type":"article","og_title":"Aventure 16 | Katag","og_description":"Un des hommes se rend compte de votre pr\u00e9sence et avertit les autres, qui se retournent tous vers vous. Vous perdez un point d\u2019agilit\u00e9. Vous vous trouvez vite entour\u00e9 par ces hommes aux allures louches. L\u2019un d\u2019eux vous adresse la parole : \u00ab Halte matelot! O\u00f9 est-ce que tu penses que tu vas comme \u00e7a? Aucun touriste ne peut passer par ici sans payer son d\u00fb! \u00bb Vous lui r\u00e9pondez que vous \u00eates d\u00e9sol\u00e9, mais que vous n\u2019avez pas d\u2019argent, tout en le suppliant de vous laisser partir....","og_url":"https:\/\/www.katag.ca\/aventure-16\/","og_site_name":"Katag","article_publisher":"https:\/\/www.facebook.com\/Katag.ca","article_modified_time":"2015-01-08T20:34:30+00:00","twitter_card":"summary_large_image","twitter_misc":{"Est. reading time":"1 minute"},"schema":{"@context":"https:\/\/schema.org","@graph":[{"@type":"WebPage","@id":"https:\/\/www.katag.ca\/aventure-16\/","url":"https:\/\/www.katag.ca\/aventure-16\/","name":"Aventure 16 | Katag","isPartOf":{"@id":"https:\/\/www.katag.ca\/#website"},"datePublished":"2015-01-04T22:59:03+00:00","dateModified":"2015-01-08T20:34:30+00:00","breadcrumb":{"@id":"https:\/\/www.katag.ca\/aventure-16\/#breadcrumb"},"inLanguage":"en-US","potentialAction":[{"@type":"ReadAction","target":["https:\/\/www.katag.ca\/aventure-16\/"]}]},{"@type":"BreadcrumbList","@id":"https:\/\/www.katag.ca\/aventure-16\/#breadcrumb","itemListElement":[{"@type":"ListItem","position":1,"name":"Accueil","item":"https:\/\/www.katag.ca\/"},{"@type":"ListItem","position":2,"name":"Aventure 16"}]},{"@type":"WebSite","@id":"https:\/\/www.katag.ca\/#website","url":"https:\/\/www.katag.ca\/","name":"Katag","description":"LE jeu d'&eacute;p&eacute;es-mousse","publisher":{"@id":"https:\/\/www.katag.ca\/#organization"},"potentialAction":[{"@type":"SearchAction","target":{"@type":"EntryPoint","urlTemplate":"https:\/\/www.katag.ca\/?s={search_term_string}"},"query-input":{"@type":"PropertyValueSpecification","valueRequired":true,"valueName":"search_term_string"}}],"inLanguage":"en-US"},{"@type":"Organization","@id":"https:\/\/www.katag.ca\/#organization","name":"Katag","url":"https:\/\/www.katag.ca\/","logo":{"@type":"ImageObject","inLanguage":"en-US","@id":"https:\/\/www.katag.ca\/#\/schema\/logo\/image\/","url":"https:\/\/www.katag.ca\/wp-content\/uploads\/2021\/03\/logo-fr.png","contentUrl":"https:\/\/www.katag.ca\/wp-content\/uploads\/2021\/03\/logo-fr.png","width":338,"height":173,"caption":"Katag"},"image":{"@id":"https:\/\/www.katag.ca\/#\/schema\/logo\/image\/"},"sameAs":["https:\/\/www.facebook.com\/Katag.ca"]}]}},"_links":{"self":[{"href":"https:\/\/www.katag.ca\/en\/wp-json\/wp\/v2\/pages\/1012","targetHints":{"allow":["GET"]}}],"collection":[{"href":"https:\/\/www.katag.ca\/en\/wp-json\/wp\/v2\/pages"}],"about":[{"href":"https:\/\/www.katag.ca\/en\/wp-json\/wp\/v2\/types\/page"}],"author":[{"embeddable":true,"href":"https:\/\/www.katag.ca\/en\/wp-json\/wp\/v2\/users\/2"}],"replies":[{"embeddable":true,"href":"https:\/\/www.katag.ca\/en\/wp-json\/wp\/v2\/comments?post=1012"}],"version-history":[{"count":3,"href":"https:\/\/www.katag.ca\/en\/wp-json\/wp\/v2\/pages\/1012\/revisions"}],"predecessor-version":[{"id":1900,"href":"https:\/\/www.katag.ca\/en\/wp-json\/wp\/v2\/pages\/1012\/revisions\/1900"}],"wp:attachment":[{"href":"https:\/\/www.katag.ca\/en\/wp-json\/wp\/v2\/media?parent=1012"}],"curies":[{"name":"wp","href":"https:\/\/api.w.org\/{rel}","templated":true}]}}