{"id":1014,"date":"2015-01-04T22:59:53","date_gmt":"2015-01-04T22:59:53","guid":{"rendered":"http:\/\/www.boutiquekatag.com\/?page_id=1014"},"modified":"2015-01-08T21:00:09","modified_gmt":"2015-01-08T21:00:09","slug":"aventure-18","status":"publish","type":"page","link":"https:\/\/www.katag.ca\/en\/aventure-18\/","title":{"rendered":"Aventure 18"},"content":{"rendered":"<p>Vous ne comprenez pas trop comment vous y \u00eates arriv\u00e9, mais vous avez r\u00e9ussi \u00e0 \u00e9viter la moto qui vous aurait frapp\u00e9 de plein fouet! Ajoutez un point d\u2019agilit\u00e9 \u00e0 votre total. L\u2019homme qui vous regardait se dirige maintenant vers vous en vous souriant. Il vous adresse la parole en premier. \u00ab J\u2019en d\u00e9duis que c\u2019est l\u2019une de vos premi\u00e8res visites \u00e0 Manifeste! Il faut toujours \u00eatre sur ses gardes lorsque l\u2019on est un r\u00eaveur conscient! Mais il ne faut pas trop y faire attention non plus. Apr\u00e8s tout, l\u2019une des pires choses qui puissent nous arriver est de nous r\u00e9veiller! \u00c7a peut quand m\u00eame \u00eatre choquant et surprenant. On se r\u00e9veille en pleine confusion. Je me pr\u00e9sente : sur la terre, je m\u2019appelle Maximilian Latos, mais ici on me surnomme Pasdeuxfois, car on ne r\u00e9ussit jamais \u00e0 me prendre une deuxi\u00e8me fois. J\u2019imagine que vous devez avoir beaucoup de questions en t\u00eate. Je n\u2019ai pas beaucoup de temps \u00e0 vous consacrer, car j\u2019ai un rendez-vous important avec un Natif. Toutefois, je prendrai le temps de tenter de r\u00e9pondre \u00e0 une de vos questions. \u00bb Vous le remerciez de sa gentillesse et vous vous demandez laquelle des trois questions suivantes vous allez lui poser.<\/p>\n<div class=\"btn-container  align-center\"><a class=\"organic-btn  dark-blue-btn small-btn  align-center\" href=\"http:\/\/www.katag.ca\/aventure-29\/\"><span class=\"btn-holder\">Vous d\u00e9sirez lui demander ce qu\u2019est un natif<\/span><\/a><\/div>\n<div class=\"btn-container  align-center\"><a class=\"organic-btn  dark-blue-btn small-btn  align-center\" href=\"http:\/\/www.katag.ca\/aventure-30\/\"><span class=\"btn-holder\">Vous pr\u00e9f\u00e9rez lui demander ce qu\u2019est cette cit\u00e9 flottante<\/span><\/a><\/div>\n<div class=\"btn-container  align-center\"><a class=\"organic-btn  dark-blue-btn small-btn  align-center\" href=\"http:\/\/www.katag.ca\/aventure-31\/\"><span class=\"btn-holder\">Vous choisissez de lui demander s\u2019il sait o\u00f9 se trouve le sage du dojo du feu<\/span><\/a><\/div>\n","protected":false},"excerpt":{"rendered":"<p>Vous ne comprenez pas trop comment vous y \u00eates arriv\u00e9, mais vous avez r\u00e9ussi \u00e0 \u00e9viter la moto qui vous aurait frapp\u00e9 de plein fouet! Ajoutez un point d\u2019agilit\u00e9 \u00e0 votre total. L\u2019homme qui vous regardait se dirige maintenant vers vous en vous souriant. Il vous adresse la parole en premier. \u00ab J\u2019en d\u00e9duis que c\u2019est l\u2019une de vos premi\u00e8res visites \u00e0 Manifeste! Il faut toujours \u00eatre sur ses gardes lorsque l\u2019on est un r\u00eaveur conscient! Mais il ne faut pas trop y faire attention non plus. Apr\u00e8s&#8230;<\/p>\n","protected":false},"author":2,"featured_media":0,"parent":0,"menu_order":0,"comment_status":"closed","ping_status":"closed","template":"","meta":{"footnotes":""},"class_list":["post-1014","page","type-page","status-publish","hentry"],"yoast_head":"<!-- This site is optimized with the Yoast SEO plugin v26.0 - https:\/\/yoast.com\/wordpress\/plugins\/seo\/ -->\n<title>Aventure 18 | Katag<\/title>\n<meta name=\"robots\" content=\"index, follow, max-snippet:-1, max-image-preview:large, max-video-preview:-1\" \/>\n<link rel=\"canonical\" href=\"https:\/\/www.katag.ca\/aventure-18\/\" \/>\n<meta property=\"og:locale\" content=\"en_US\" \/>\n<meta property=\"og:type\" content=\"article\" \/>\n<meta property=\"og:title\" content=\"Aventure 18 | Katag\" \/>\n<meta property=\"og:description\" content=\"Vous ne comprenez pas trop comment vous y \u00eates arriv\u00e9, mais vous avez r\u00e9ussi \u00e0 \u00e9viter la moto qui vous aurait frapp\u00e9 de plein fouet! Ajoutez un point d\u2019agilit\u00e9 \u00e0 votre total. L\u2019homme qui vous regardait se dirige maintenant vers vous en vous souriant. Il vous adresse la parole en premier. \u00ab J\u2019en d\u00e9duis que c\u2019est l\u2019une de vos premi\u00e8res visites \u00e0 Manifeste! Il faut toujours \u00eatre sur ses gardes lorsque l\u2019on est un r\u00eaveur conscient! Mais il ne faut pas trop y faire attention non plus. Apr\u00e8s...\" \/>\n<meta property=\"og:url\" content=\"https:\/\/www.katag.ca\/aventure-18\/\" \/>\n<meta property=\"og:site_name\" content=\"Katag\" \/>\n<meta property=\"article:publisher\" content=\"https:\/\/www.facebook.com\/Katag.ca\" \/>\n<meta property=\"article:modified_time\" content=\"2015-01-08T21:00:09+00:00\" \/>\n<meta name=\"twitter:card\" content=\"summary_large_image\" \/>\n<meta name=\"twitter:label1\" content=\"Est. reading time\" \/>\n\t<meta name=\"twitter:data1\" content=\"2 minutes\" \/>\n<script type=\"application\/ld+json\" class=\"yoast-schema-graph\">{\"@context\":\"https:\/\/schema.org\",\"@graph\":[{\"@type\":\"WebPage\",\"@id\":\"https:\/\/www.katag.ca\/aventure-18\/\",\"url\":\"https:\/\/www.katag.ca\/aventure-18\/\",\"name\":\"Aventure 18 | Katag\",\"isPartOf\":{\"@id\":\"https:\/\/www.katag.ca\/#website\"},\"datePublished\":\"2015-01-04T22:59:53+00:00\",\"dateModified\":\"2015-01-08T21:00:09+00:00\",\"breadcrumb\":{\"@id\":\"https:\/\/www.katag.ca\/aventure-18\/#breadcrumb\"},\"inLanguage\":\"en-US\",\"potentialAction\":[{\"@type\":\"ReadAction\",\"target\":[\"https:\/\/www.katag.ca\/aventure-18\/\"]}]},{\"@type\":\"BreadcrumbList\",\"@id\":\"https:\/\/www.katag.ca\/aventure-18\/#breadcrumb\",\"itemListElement\":[{\"@type\":\"ListItem\",\"position\":1,\"name\":\"Accueil\",\"item\":\"https:\/\/www.katag.ca\/\"},{\"@type\":\"ListItem\",\"position\":2,\"name\":\"Aventure 18\"}]},{\"@type\":\"WebSite\",\"@id\":\"https:\/\/www.katag.ca\/#website\",\"url\":\"https:\/\/www.katag.ca\/\",\"name\":\"Katag\",\"description\":\"LE jeu d'&eacute;p&eacute;es-mousse\",\"publisher\":{\"@id\":\"https:\/\/www.katag.ca\/#organization\"},\"potentialAction\":[{\"@type\":\"SearchAction\",\"target\":{\"@type\":\"EntryPoint\",\"urlTemplate\":\"https:\/\/www.katag.ca\/?s={search_term_string}\"},\"query-input\":{\"@type\":\"PropertyValueSpecification\",\"valueRequired\":true,\"valueName\":\"search_term_string\"}}],\"inLanguage\":\"en-US\"},{\"@type\":\"Organization\",\"@id\":\"https:\/\/www.katag.ca\/#organization\",\"name\":\"Katag\",\"url\":\"https:\/\/www.katag.ca\/\",\"logo\":{\"@type\":\"ImageObject\",\"inLanguage\":\"en-US\",\"@id\":\"https:\/\/www.katag.ca\/#\/schema\/logo\/image\/\",\"url\":\"https:\/\/www.katag.ca\/wp-content\/uploads\/2021\/03\/logo-fr.png\",\"contentUrl\":\"https:\/\/www.katag.ca\/wp-content\/uploads\/2021\/03\/logo-fr.png\",\"width\":338,\"height\":173,\"caption\":\"Katag\"},\"image\":{\"@id\":\"https:\/\/www.katag.ca\/#\/schema\/logo\/image\/\"},\"sameAs\":[\"https:\/\/www.facebook.com\/Katag.ca\"]}]}<\/script>\n<!-- \/ Yoast SEO plugin. -->","yoast_head_json":{"title":"Aventure 18 | Katag","robots":{"index":"index","follow":"follow","max-snippet":"max-snippet:-1","max-image-preview":"max-image-preview:large","max-video-preview":"max-video-preview:-1"},"canonical":"https:\/\/www.katag.ca\/aventure-18\/","og_locale":"en_US","og_type":"article","og_title":"Aventure 18 | Katag","og_description":"Vous ne comprenez pas trop comment vous y \u00eates arriv\u00e9, mais vous avez r\u00e9ussi \u00e0 \u00e9viter la moto qui vous aurait frapp\u00e9 de plein fouet! Ajoutez un point d\u2019agilit\u00e9 \u00e0 votre total. L\u2019homme qui vous regardait se dirige maintenant vers vous en vous souriant. Il vous adresse la parole en premier. \u00ab J\u2019en d\u00e9duis que c\u2019est l\u2019une de vos premi\u00e8res visites \u00e0 Manifeste! Il faut toujours \u00eatre sur ses gardes lorsque l\u2019on est un r\u00eaveur conscient! Mais il ne faut pas trop y faire attention non plus. Apr\u00e8s...","og_url":"https:\/\/www.katag.ca\/aventure-18\/","og_site_name":"Katag","article_publisher":"https:\/\/www.facebook.com\/Katag.ca","article_modified_time":"2015-01-08T21:00:09+00:00","twitter_card":"summary_large_image","twitter_misc":{"Est. reading time":"2 minutes"},"schema":{"@context":"https:\/\/schema.org","@graph":[{"@type":"WebPage","@id":"https:\/\/www.katag.ca\/aventure-18\/","url":"https:\/\/www.katag.ca\/aventure-18\/","name":"Aventure 18 | Katag","isPartOf":{"@id":"https:\/\/www.katag.ca\/#website"},"datePublished":"2015-01-04T22:59:53+00:00","dateModified":"2015-01-08T21:00:09+00:00","breadcrumb":{"@id":"https:\/\/www.katag.ca\/aventure-18\/#breadcrumb"},"inLanguage":"en-US","potentialAction":[{"@type":"ReadAction","target":["https:\/\/www.katag.ca\/aventure-18\/"]}]},{"@type":"BreadcrumbList","@id":"https:\/\/www.katag.ca\/aventure-18\/#breadcrumb","itemListElement":[{"@type":"ListItem","position":1,"name":"Accueil","item":"https:\/\/www.katag.ca\/"},{"@type":"ListItem","position":2,"name":"Aventure 18"}]},{"@type":"WebSite","@id":"https:\/\/www.katag.ca\/#website","url":"https:\/\/www.katag.ca\/","name":"Katag","description":"LE jeu d'&eacute;p&eacute;es-mousse","publisher":{"@id":"https:\/\/www.katag.ca\/#organization"},"potentialAction":[{"@type":"SearchAction","target":{"@type":"EntryPoint","urlTemplate":"https:\/\/www.katag.ca\/?s={search_term_string}"},"query-input":{"@type":"PropertyValueSpecification","valueRequired":true,"valueName":"search_term_string"}}],"inLanguage":"en-US"},{"@type":"Organization","@id":"https:\/\/www.katag.ca\/#organization","name":"Katag","url":"https:\/\/www.katag.ca\/","logo":{"@type":"ImageObject","inLanguage":"en-US","@id":"https:\/\/www.katag.ca\/#\/schema\/logo\/image\/","url":"https:\/\/www.katag.ca\/wp-content\/uploads\/2021\/03\/logo-fr.png","contentUrl":"https:\/\/www.katag.ca\/wp-content\/uploads\/2021\/03\/logo-fr.png","width":338,"height":173,"caption":"Katag"},"image":{"@id":"https:\/\/www.katag.ca\/#\/schema\/logo\/image\/"},"sameAs":["https:\/\/www.facebook.com\/Katag.ca"]}]}},"_links":{"self":[{"href":"https:\/\/www.katag.ca\/en\/wp-json\/wp\/v2\/pages\/1014","targetHints":{"allow":["GET"]}}],"collection":[{"href":"https:\/\/www.katag.ca\/en\/wp-json\/wp\/v2\/pages"}],"about":[{"href":"https:\/\/www.katag.ca\/en\/wp-json\/wp\/v2\/types\/page"}],"author":[{"embeddable":true,"href":"https:\/\/www.katag.ca\/en\/wp-json\/wp\/v2\/users\/2"}],"replies":[{"embeddable":true,"href":"https:\/\/www.katag.ca\/en\/wp-json\/wp\/v2\/comments?post=1014"}],"version-history":[{"count":3,"href":"https:\/\/www.katag.ca\/en\/wp-json\/wp\/v2\/pages\/1014\/revisions"}],"predecessor-version":[{"id":1935,"href":"https:\/\/www.katag.ca\/en\/wp-json\/wp\/v2\/pages\/1014\/revisions\/1935"}],"wp:attachment":[{"href":"https:\/\/www.katag.ca\/en\/wp-json\/wp\/v2\/media?parent=1014"}],"curies":[{"name":"wp","href":"https:\/\/api.w.org\/{rel}","templated":true}]}}