{"id":1020,"date":"2015-01-04T23:02:35","date_gmt":"2015-01-04T23:02:35","guid":{"rendered":"http:\/\/www.boutiquekatag.com\/?page_id=1020"},"modified":"2015-01-08T23:48:26","modified_gmt":"2015-01-08T23:48:26","slug":"aventure-21","status":"publish","type":"page","link":"https:\/\/www.katag.ca\/en\/aventure-21\/","title":{"rendered":"Aventure 21"},"content":{"rendered":"<p>En regardant ce qui se trouve autour de vous, vous revoyez l\u2019immense b\u00e2tisse avec de grosses statues tout pr\u00e8s du stade. Devant la b\u00e2tisse, \u00e0 une courte distance, se trouve un grand panneau sur lequel vous pouvez lire Tanskara 3. Pas tr\u00e8s loin de vous, dans une autre direction, vous voyez une foule rassembl\u00e9e pr\u00e8s d\u2019un grand chapiteau et vous \u00eates presque certain que la musique provient de cet endroit.<\/p>\n<div class=\"btn-container  align-center\"><a class=\"organic-btn  dark-blue-btn small-btn  align-center\" href=\"http:\/\/www.katag.ca\/aventure-54\/\"><span class=\"btn-holder\">Vous d\u00e9sirez atterrir pr\u00e8s de la b\u00e2tisse<\/span><\/a><\/div>\n<div class=\"btn-container  align-center\"><a class=\"organic-btn  dark-blue-btn small-btn  align-center\" href=\"http:\/\/www.katag.ca\/aventure-56\/\"><span class=\"btn-holder\">Vous pr\u00e9f\u00e9rez atterrir pr\u00e8s de la grande affiche<\/span><\/a><\/div>\n<div class=\"btn-container  align-center\"><a class=\"organic-btn  dark-blue-btn small-btn  align-center\" href=\"http:\/\/www.katag.ca\/aventure-38\/\"><span class=\"btn-holder\">Vous choisissez d&#8217;aller en direction du chapiteau<\/span><\/a><\/div>\n","protected":false},"excerpt":{"rendered":"<p>En regardant ce qui se trouve autour de vous, vous revoyez l\u2019immense b\u00e2tisse avec de grosses statues tout pr\u00e8s du stade. Devant la b\u00e2tisse, \u00e0 une courte distance, se trouve un grand panneau sur lequel vous pouvez lire Tanskara 3. Pas tr\u00e8s loin de vous, dans une autre direction, vous voyez une foule rassembl\u00e9e pr\u00e8s d\u2019un grand chapiteau et vous \u00eates presque certain que la musique provient de cet endroit.<\/p>\n","protected":false},"author":2,"featured_media":0,"parent":0,"menu_order":0,"comment_status":"closed","ping_status":"closed","template":"","meta":{"footnotes":""},"class_list":["post-1020","page","type-page","status-publish","hentry"],"yoast_head":"<!-- This site is optimized with the Yoast SEO plugin v26.0 - https:\/\/yoast.com\/wordpress\/plugins\/seo\/ -->\n<title>Aventure 21 | Katag<\/title>\n<meta name=\"robots\" content=\"index, follow, max-snippet:-1, max-image-preview:large, max-video-preview:-1\" \/>\n<link rel=\"canonical\" href=\"https:\/\/www.katag.ca\/aventure-21\/\" \/>\n<meta property=\"og:locale\" content=\"en_US\" \/>\n<meta property=\"og:type\" content=\"article\" \/>\n<meta property=\"og:title\" content=\"Aventure 21 | Katag\" \/>\n<meta property=\"og:description\" content=\"En regardant ce qui se trouve autour de vous, vous revoyez l\u2019immense b\u00e2tisse avec de grosses statues tout pr\u00e8s du stade. Devant la b\u00e2tisse, \u00e0 une courte distance, se trouve un grand panneau sur lequel vous pouvez lire Tanskara 3. Pas tr\u00e8s loin de vous, dans une autre direction, vous voyez une foule rassembl\u00e9e pr\u00e8s d\u2019un grand chapiteau et vous \u00eates presque certain que la musique provient de cet endroit.\" \/>\n<meta property=\"og:url\" content=\"https:\/\/www.katag.ca\/aventure-21\/\" \/>\n<meta property=\"og:site_name\" content=\"Katag\" \/>\n<meta property=\"article:publisher\" content=\"https:\/\/www.facebook.com\/Katag.ca\" \/>\n<meta property=\"article:modified_time\" content=\"2015-01-08T23:48:26+00:00\" \/>\n<meta name=\"twitter:card\" content=\"summary_large_image\" \/>\n<meta name=\"twitter:label1\" content=\"Est. reading time\" \/>\n\t<meta name=\"twitter:data1\" content=\"1 minute\" \/>\n<script type=\"application\/ld+json\" class=\"yoast-schema-graph\">{\"@context\":\"https:\/\/schema.org\",\"@graph\":[{\"@type\":\"WebPage\",\"@id\":\"https:\/\/www.katag.ca\/aventure-21\/\",\"url\":\"https:\/\/www.katag.ca\/aventure-21\/\",\"name\":\"Aventure 21 | Katag\",\"isPartOf\":{\"@id\":\"https:\/\/www.katag.ca\/#website\"},\"datePublished\":\"2015-01-04T23:02:35+00:00\",\"dateModified\":\"2015-01-08T23:48:26+00:00\",\"breadcrumb\":{\"@id\":\"https:\/\/www.katag.ca\/aventure-21\/#breadcrumb\"},\"inLanguage\":\"en-US\",\"potentialAction\":[{\"@type\":\"ReadAction\",\"target\":[\"https:\/\/www.katag.ca\/aventure-21\/\"]}]},{\"@type\":\"BreadcrumbList\",\"@id\":\"https:\/\/www.katag.ca\/aventure-21\/#breadcrumb\",\"itemListElement\":[{\"@type\":\"ListItem\",\"position\":1,\"name\":\"Accueil\",\"item\":\"https:\/\/www.katag.ca\/\"},{\"@type\":\"ListItem\",\"position\":2,\"name\":\"Aventure 21\"}]},{\"@type\":\"WebSite\",\"@id\":\"https:\/\/www.katag.ca\/#website\",\"url\":\"https:\/\/www.katag.ca\/\",\"name\":\"Katag\",\"description\":\"LE jeu d'&eacute;p&eacute;es-mousse\",\"publisher\":{\"@id\":\"https:\/\/www.katag.ca\/#organization\"},\"potentialAction\":[{\"@type\":\"SearchAction\",\"target\":{\"@type\":\"EntryPoint\",\"urlTemplate\":\"https:\/\/www.katag.ca\/?s={search_term_string}\"},\"query-input\":{\"@type\":\"PropertyValueSpecification\",\"valueRequired\":true,\"valueName\":\"search_term_string\"}}],\"inLanguage\":\"en-US\"},{\"@type\":\"Organization\",\"@id\":\"https:\/\/www.katag.ca\/#organization\",\"name\":\"Katag\",\"url\":\"https:\/\/www.katag.ca\/\",\"logo\":{\"@type\":\"ImageObject\",\"inLanguage\":\"en-US\",\"@id\":\"https:\/\/www.katag.ca\/#\/schema\/logo\/image\/\",\"url\":\"https:\/\/www.katag.ca\/wp-content\/uploads\/2021\/03\/logo-fr.png\",\"contentUrl\":\"https:\/\/www.katag.ca\/wp-content\/uploads\/2021\/03\/logo-fr.png\",\"width\":338,\"height\":173,\"caption\":\"Katag\"},\"image\":{\"@id\":\"https:\/\/www.katag.ca\/#\/schema\/logo\/image\/\"},\"sameAs\":[\"https:\/\/www.facebook.com\/Katag.ca\"]}]}<\/script>\n<!-- \/ Yoast SEO plugin. -->","yoast_head_json":{"title":"Aventure 21 | Katag","robots":{"index":"index","follow":"follow","max-snippet":"max-snippet:-1","max-image-preview":"max-image-preview:large","max-video-preview":"max-video-preview:-1"},"canonical":"https:\/\/www.katag.ca\/aventure-21\/","og_locale":"en_US","og_type":"article","og_title":"Aventure 21 | Katag","og_description":"En regardant ce qui se trouve autour de vous, vous revoyez l\u2019immense b\u00e2tisse avec de grosses statues tout pr\u00e8s du stade. Devant la b\u00e2tisse, \u00e0 une courte distance, se trouve un grand panneau sur lequel vous pouvez lire Tanskara 3. Pas tr\u00e8s loin de vous, dans une autre direction, vous voyez une foule rassembl\u00e9e pr\u00e8s d\u2019un grand chapiteau et vous \u00eates presque certain que la musique provient de cet endroit.","og_url":"https:\/\/www.katag.ca\/aventure-21\/","og_site_name":"Katag","article_publisher":"https:\/\/www.facebook.com\/Katag.ca","article_modified_time":"2015-01-08T23:48:26+00:00","twitter_card":"summary_large_image","twitter_misc":{"Est. reading time":"1 minute"},"schema":{"@context":"https:\/\/schema.org","@graph":[{"@type":"WebPage","@id":"https:\/\/www.katag.ca\/aventure-21\/","url":"https:\/\/www.katag.ca\/aventure-21\/","name":"Aventure 21 | Katag","isPartOf":{"@id":"https:\/\/www.katag.ca\/#website"},"datePublished":"2015-01-04T23:02:35+00:00","dateModified":"2015-01-08T23:48:26+00:00","breadcrumb":{"@id":"https:\/\/www.katag.ca\/aventure-21\/#breadcrumb"},"inLanguage":"en-US","potentialAction":[{"@type":"ReadAction","target":["https:\/\/www.katag.ca\/aventure-21\/"]}]},{"@type":"BreadcrumbList","@id":"https:\/\/www.katag.ca\/aventure-21\/#breadcrumb","itemListElement":[{"@type":"ListItem","position":1,"name":"Accueil","item":"https:\/\/www.katag.ca\/"},{"@type":"ListItem","position":2,"name":"Aventure 21"}]},{"@type":"WebSite","@id":"https:\/\/www.katag.ca\/#website","url":"https:\/\/www.katag.ca\/","name":"Katag","description":"LE jeu d'&eacute;p&eacute;es-mousse","publisher":{"@id":"https:\/\/www.katag.ca\/#organization"},"potentialAction":[{"@type":"SearchAction","target":{"@type":"EntryPoint","urlTemplate":"https:\/\/www.katag.ca\/?s={search_term_string}"},"query-input":{"@type":"PropertyValueSpecification","valueRequired":true,"valueName":"search_term_string"}}],"inLanguage":"en-US"},{"@type":"Organization","@id":"https:\/\/www.katag.ca\/#organization","name":"Katag","url":"https:\/\/www.katag.ca\/","logo":{"@type":"ImageObject","inLanguage":"en-US","@id":"https:\/\/www.katag.ca\/#\/schema\/logo\/image\/","url":"https:\/\/www.katag.ca\/wp-content\/uploads\/2021\/03\/logo-fr.png","contentUrl":"https:\/\/www.katag.ca\/wp-content\/uploads\/2021\/03\/logo-fr.png","width":338,"height":173,"caption":"Katag"},"image":{"@id":"https:\/\/www.katag.ca\/#\/schema\/logo\/image\/"},"sameAs":["https:\/\/www.facebook.com\/Katag.ca"]}]}},"_links":{"self":[{"href":"https:\/\/www.katag.ca\/en\/wp-json\/wp\/v2\/pages\/1020","targetHints":{"allow":["GET"]}}],"collection":[{"href":"https:\/\/www.katag.ca\/en\/wp-json\/wp\/v2\/pages"}],"about":[{"href":"https:\/\/www.katag.ca\/en\/wp-json\/wp\/v2\/types\/page"}],"author":[{"embeddable":true,"href":"https:\/\/www.katag.ca\/en\/wp-json\/wp\/v2\/users\/2"}],"replies":[{"embeddable":true,"href":"https:\/\/www.katag.ca\/en\/wp-json\/wp\/v2\/comments?post=1020"}],"version-history":[{"count":3,"href":"https:\/\/www.katag.ca\/en\/wp-json\/wp\/v2\/pages\/1020\/revisions"}],"predecessor-version":[{"id":2011,"href":"https:\/\/www.katag.ca\/en\/wp-json\/wp\/v2\/pages\/1020\/revisions\/2011"}],"wp:attachment":[{"href":"https:\/\/www.katag.ca\/en\/wp-json\/wp\/v2\/media?parent=1020"}],"curies":[{"name":"wp","href":"https:\/\/api.w.org\/{rel}","templated":true}]}}