{"id":1024,"date":"2015-01-04T23:03:30","date_gmt":"2015-01-04T23:03:30","guid":{"rendered":"http:\/\/www.boutiquekatag.com\/?page_id=1024"},"modified":"2015-01-08T23:49:00","modified_gmt":"2015-01-08T23:49:00","slug":"aventure-23","status":"publish","type":"page","link":"https:\/\/www.katag.ca\/en\/aventure-23\/","title":{"rendered":"Aventure 23"},"content":{"rendered":"<p>Vous atterrissez tout en douceur et vous observez ce qui vous entoure. Soudain, vous sentez une vague de chaleur qui vous envahit, comme si la temp\u00e9rature venait soudainement de monter de dix degr\u00e9s! Toutefois, vous constatez rapidement que cette chaleur est r\u00e9confortante et ne vous fait aucun mal. Vous venez d\u2019\u00eatre touch\u00e9 par le pouvoir du Feu! Puisque votre instinct vous a conduit ici en premier lieu, c\u2019est que vous \u00eates sensible \u00e0 cette \u00e9nergie. Le pouvoir du Feu vous donne un point d\u2019attaque suppl\u00e9mentaire. Veuillez l\u2019ajouter \u00e0 votre total dans la cat\u00e9gorie attaque de votre feuille de route.<\/p>\n<div class=\"btn-container  align-center\"><a class=\"organic-btn  dark-blue-btn small-btn  align-center\" href=\"http:\/\/www.katag.ca\/aventure-59\/\"><span class=\"btn-holder\">Cliquez ici pour continuer<\/span><\/a><\/div>\n","protected":false},"excerpt":{"rendered":"<p>Vous atterrissez tout en douceur et vous observez ce qui vous entoure. Soudain, vous sentez une vague de chaleur qui vous envahit, comme si la temp\u00e9rature venait soudainement de monter de dix degr\u00e9s! Toutefois, vous constatez rapidement que cette chaleur est r\u00e9confortante et ne vous fait aucun mal. Vous venez d\u2019\u00eatre touch\u00e9 par le pouvoir du Feu! Puisque votre instinct vous a conduit ici en premier lieu, c\u2019est que vous \u00eates sensible \u00e0 cette \u00e9nergie. Le pouvoir du Feu vous donne un point d\u2019attaque suppl\u00e9mentaire. Veuillez l\u2019ajouter \u00e0&#8230;<\/p>\n","protected":false},"author":2,"featured_media":0,"parent":0,"menu_order":0,"comment_status":"closed","ping_status":"closed","template":"","meta":{"footnotes":""},"class_list":["post-1024","page","type-page","status-publish","hentry"],"yoast_head":"<!-- This site is optimized with the Yoast SEO plugin v26.0 - https:\/\/yoast.com\/wordpress\/plugins\/seo\/ -->\n<title>Aventure 23 | Katag<\/title>\n<meta name=\"robots\" content=\"index, follow, max-snippet:-1, max-image-preview:large, max-video-preview:-1\" \/>\n<link rel=\"canonical\" href=\"https:\/\/www.katag.ca\/aventure-23\/\" \/>\n<meta property=\"og:locale\" content=\"en_US\" \/>\n<meta property=\"og:type\" content=\"article\" \/>\n<meta property=\"og:title\" content=\"Aventure 23 | Katag\" \/>\n<meta property=\"og:description\" content=\"Vous atterrissez tout en douceur et vous observez ce qui vous entoure. Soudain, vous sentez une vague de chaleur qui vous envahit, comme si la temp\u00e9rature venait soudainement de monter de dix degr\u00e9s! Toutefois, vous constatez rapidement que cette chaleur est r\u00e9confortante et ne vous fait aucun mal. Vous venez d\u2019\u00eatre touch\u00e9 par le pouvoir du Feu! Puisque votre instinct vous a conduit ici en premier lieu, c\u2019est que vous \u00eates sensible \u00e0 cette \u00e9nergie. Le pouvoir du Feu vous donne un point d\u2019attaque suppl\u00e9mentaire. Veuillez l\u2019ajouter \u00e0...\" \/>\n<meta property=\"og:url\" content=\"https:\/\/www.katag.ca\/aventure-23\/\" \/>\n<meta property=\"og:site_name\" content=\"Katag\" \/>\n<meta property=\"article:publisher\" content=\"https:\/\/www.facebook.com\/Katag.ca\" \/>\n<meta property=\"article:modified_time\" content=\"2015-01-08T23:49:00+00:00\" \/>\n<meta name=\"twitter:card\" content=\"summary_large_image\" \/>\n<meta name=\"twitter:label1\" content=\"Est. reading time\" \/>\n\t<meta name=\"twitter:data1\" content=\"1 minute\" \/>\n<script type=\"application\/ld+json\" class=\"yoast-schema-graph\">{\"@context\":\"https:\/\/schema.org\",\"@graph\":[{\"@type\":\"WebPage\",\"@id\":\"https:\/\/www.katag.ca\/aventure-23\/\",\"url\":\"https:\/\/www.katag.ca\/aventure-23\/\",\"name\":\"Aventure 23 | Katag\",\"isPartOf\":{\"@id\":\"https:\/\/www.katag.ca\/#website\"},\"datePublished\":\"2015-01-04T23:03:30+00:00\",\"dateModified\":\"2015-01-08T23:49:00+00:00\",\"breadcrumb\":{\"@id\":\"https:\/\/www.katag.ca\/aventure-23\/#breadcrumb\"},\"inLanguage\":\"en-US\",\"potentialAction\":[{\"@type\":\"ReadAction\",\"target\":[\"https:\/\/www.katag.ca\/aventure-23\/\"]}]},{\"@type\":\"BreadcrumbList\",\"@id\":\"https:\/\/www.katag.ca\/aventure-23\/#breadcrumb\",\"itemListElement\":[{\"@type\":\"ListItem\",\"position\":1,\"name\":\"Accueil\",\"item\":\"https:\/\/www.katag.ca\/\"},{\"@type\":\"ListItem\",\"position\":2,\"name\":\"Aventure 23\"}]},{\"@type\":\"WebSite\",\"@id\":\"https:\/\/www.katag.ca\/#website\",\"url\":\"https:\/\/www.katag.ca\/\",\"name\":\"Katag\",\"description\":\"LE jeu d'&eacute;p&eacute;es-mousse\",\"publisher\":{\"@id\":\"https:\/\/www.katag.ca\/#organization\"},\"potentialAction\":[{\"@type\":\"SearchAction\",\"target\":{\"@type\":\"EntryPoint\",\"urlTemplate\":\"https:\/\/www.katag.ca\/?s={search_term_string}\"},\"query-input\":{\"@type\":\"PropertyValueSpecification\",\"valueRequired\":true,\"valueName\":\"search_term_string\"}}],\"inLanguage\":\"en-US\"},{\"@type\":\"Organization\",\"@id\":\"https:\/\/www.katag.ca\/#organization\",\"name\":\"Katag\",\"url\":\"https:\/\/www.katag.ca\/\",\"logo\":{\"@type\":\"ImageObject\",\"inLanguage\":\"en-US\",\"@id\":\"https:\/\/www.katag.ca\/#\/schema\/logo\/image\/\",\"url\":\"https:\/\/www.katag.ca\/wp-content\/uploads\/2021\/03\/logo-fr.png\",\"contentUrl\":\"https:\/\/www.katag.ca\/wp-content\/uploads\/2021\/03\/logo-fr.png\",\"width\":338,\"height\":173,\"caption\":\"Katag\"},\"image\":{\"@id\":\"https:\/\/www.katag.ca\/#\/schema\/logo\/image\/\"},\"sameAs\":[\"https:\/\/www.facebook.com\/Katag.ca\"]}]}<\/script>\n<!-- \/ Yoast SEO plugin. -->","yoast_head_json":{"title":"Aventure 23 | Katag","robots":{"index":"index","follow":"follow","max-snippet":"max-snippet:-1","max-image-preview":"max-image-preview:large","max-video-preview":"max-video-preview:-1"},"canonical":"https:\/\/www.katag.ca\/aventure-23\/","og_locale":"en_US","og_type":"article","og_title":"Aventure 23 | Katag","og_description":"Vous atterrissez tout en douceur et vous observez ce qui vous entoure. Soudain, vous sentez une vague de chaleur qui vous envahit, comme si la temp\u00e9rature venait soudainement de monter de dix degr\u00e9s! Toutefois, vous constatez rapidement que cette chaleur est r\u00e9confortante et ne vous fait aucun mal. Vous venez d\u2019\u00eatre touch\u00e9 par le pouvoir du Feu! Puisque votre instinct vous a conduit ici en premier lieu, c\u2019est que vous \u00eates sensible \u00e0 cette \u00e9nergie. Le pouvoir du Feu vous donne un point d\u2019attaque suppl\u00e9mentaire. Veuillez l\u2019ajouter \u00e0...","og_url":"https:\/\/www.katag.ca\/aventure-23\/","og_site_name":"Katag","article_publisher":"https:\/\/www.facebook.com\/Katag.ca","article_modified_time":"2015-01-08T23:49:00+00:00","twitter_card":"summary_large_image","twitter_misc":{"Est. reading time":"1 minute"},"schema":{"@context":"https:\/\/schema.org","@graph":[{"@type":"WebPage","@id":"https:\/\/www.katag.ca\/aventure-23\/","url":"https:\/\/www.katag.ca\/aventure-23\/","name":"Aventure 23 | Katag","isPartOf":{"@id":"https:\/\/www.katag.ca\/#website"},"datePublished":"2015-01-04T23:03:30+00:00","dateModified":"2015-01-08T23:49:00+00:00","breadcrumb":{"@id":"https:\/\/www.katag.ca\/aventure-23\/#breadcrumb"},"inLanguage":"en-US","potentialAction":[{"@type":"ReadAction","target":["https:\/\/www.katag.ca\/aventure-23\/"]}]},{"@type":"BreadcrumbList","@id":"https:\/\/www.katag.ca\/aventure-23\/#breadcrumb","itemListElement":[{"@type":"ListItem","position":1,"name":"Accueil","item":"https:\/\/www.katag.ca\/"},{"@type":"ListItem","position":2,"name":"Aventure 23"}]},{"@type":"WebSite","@id":"https:\/\/www.katag.ca\/#website","url":"https:\/\/www.katag.ca\/","name":"Katag","description":"LE jeu d'&eacute;p&eacute;es-mousse","publisher":{"@id":"https:\/\/www.katag.ca\/#organization"},"potentialAction":[{"@type":"SearchAction","target":{"@type":"EntryPoint","urlTemplate":"https:\/\/www.katag.ca\/?s={search_term_string}"},"query-input":{"@type":"PropertyValueSpecification","valueRequired":true,"valueName":"search_term_string"}}],"inLanguage":"en-US"},{"@type":"Organization","@id":"https:\/\/www.katag.ca\/#organization","name":"Katag","url":"https:\/\/www.katag.ca\/","logo":{"@type":"ImageObject","inLanguage":"en-US","@id":"https:\/\/www.katag.ca\/#\/schema\/logo\/image\/","url":"https:\/\/www.katag.ca\/wp-content\/uploads\/2021\/03\/logo-fr.png","contentUrl":"https:\/\/www.katag.ca\/wp-content\/uploads\/2021\/03\/logo-fr.png","width":338,"height":173,"caption":"Katag"},"image":{"@id":"https:\/\/www.katag.ca\/#\/schema\/logo\/image\/"},"sameAs":["https:\/\/www.facebook.com\/Katag.ca"]}]}},"_links":{"self":[{"href":"https:\/\/www.katag.ca\/en\/wp-json\/wp\/v2\/pages\/1024","targetHints":{"allow":["GET"]}}],"collection":[{"href":"https:\/\/www.katag.ca\/en\/wp-json\/wp\/v2\/pages"}],"about":[{"href":"https:\/\/www.katag.ca\/en\/wp-json\/wp\/v2\/types\/page"}],"author":[{"embeddable":true,"href":"https:\/\/www.katag.ca\/en\/wp-json\/wp\/v2\/users\/2"}],"replies":[{"embeddable":true,"href":"https:\/\/www.katag.ca\/en\/wp-json\/wp\/v2\/comments?post=1024"}],"version-history":[{"count":2,"href":"https:\/\/www.katag.ca\/en\/wp-json\/wp\/v2\/pages\/1024\/revisions"}],"predecessor-version":[{"id":2012,"href":"https:\/\/www.katag.ca\/en\/wp-json\/wp\/v2\/pages\/1024\/revisions\/2012"}],"wp:attachment":[{"href":"https:\/\/www.katag.ca\/en\/wp-json\/wp\/v2\/media?parent=1024"}],"curies":[{"name":"wp","href":"https:\/\/api.w.org\/{rel}","templated":true}]}}