{"id":1028,"date":"2015-01-04T23:04:50","date_gmt":"2015-01-04T23:04:50","guid":{"rendered":"http:\/\/www.boutiquekatag.com\/?page_id=1028"},"modified":"2015-01-08T23:52:32","modified_gmt":"2015-01-08T23:52:32","slug":"aventure-25","status":"publish","type":"page","link":"https:\/\/www.katag.ca\/en\/aventure-25\/","title":{"rendered":"Aventure 25"},"content":{"rendered":"<p>Vous r\u00e9pondez \u00e0 l\u2019homme que vous acceptez de lui donner un r\u00eave. Il vous dit de tendre la main et il place la sienne au-dessus de la v\u00f4tre. Il vous demande de dire ces paroles \u00e0 haute voix : \u00ab J\u2019accepte, ici et maintenant, de donner un de mes r\u00eaves \u00e0 la personne ci-pr\u00e9sente \u00bb. Vous vous ex\u00e9cutez et vous voyez un filament bleut\u00e9 sortir de votre main gauche pour se diriger vers une \u00e9trange montre que l\u2019homme porte au poignet. Vous comprenez mal ce qui vient de se passer, mais vous sentez soudainement tr\u00e8s mal \u00e0 l\u2019int\u00e9rieur. Vous avez l\u2019impression d\u2019avoir fait quelque chose que vous n\u2019auriez jamais d\u00fb faire. Cela vous co\u00fbte un point dans la cat\u00e9gorie r\u00eaves. Ensuite, vous continuez \u00e0 marcher et arrivez bient\u00f4t \u00e0 la fin du quai o\u00f9 un homme vous aborde : \u00ab Bonsoir jeune homme, je vous ai observ\u00e9 avec la bande de truands et il est de mon devoir de vous dire que ce qu\u2019ils vous ont fait est aussi terrible et qu\u2019ill\u00e9gal! Si un membre du Clan des \u00c9toiles avait vu cela, ces hommes auraient tous fini en prison! Il est strictement interdit de vendre ses r\u00eaves \u00e0 qui que ce soit! Vous en subirez malheureusement les cons\u00e9quences la nuit prochaine! On ne se rappelle pas toujours de ses r\u00eaves, c\u2019est vrai, mais ne pas en avoir est pire! Il se pourrait encore que vous ayez un terrible cauchemar dont le souvenir ne vous quittera pas! Pour que cela ne se reproduise plus, je vais vous faire un gros cadeau. Comme je vois que vous ne poss\u00e9dez pas de manocom, je vous offre mon vieux, je viens tout juste d\u2019en acheter un nouveau. Vous n\u2019avez qu\u2019\u00e0 l\u2019attacher \u00e0 votre poignet, en prenant bien soin de mettre les deux cordes autour de votre pouce et votre majeur afin qu\u2019il s\u2019active. Une fois activ\u00e9, il d\u00e9tectera qui vous \u00eates en se branchant sur vous, un peu comme s\u2019il analysait ce que les terriens appellent l\u2019ADN. De cette fa\u00e7on, il pourra toujours vous reconna\u00eetre! Comme \u00e7a, si vous le perdez, personne ne pourra utiliser votre identit\u00e9! De toute mani\u00e8re, lorsqu\u2019un r\u00eaveur arrive pour la premi\u00e8re fois \u00e0 Manifeste, il est d\u00e9tect\u00e9 par les postes frontaliers et les douaniers l\u2019inscrivent dans leurs fichiers. De cette mani\u00e8re, on sait en tout temps qui est \u00e0 Manifeste, on ne sait juste pas o\u00f9! Pour revenir au manocom, vous verrez, ce truc est absolument g\u00e9nial! C\u2019est le mod\u00e8le MFS 2009. Il re\u00e7oit les ondes radio et les transmet. Il permet aussi de payer l\u00e9galement les choses que vous voulez acheter. De plus, ce mod\u00e8le est une \u00e9dition limit\u00e9e. Il avait \u00e9t\u00e9 con\u00e7u au d\u00e9part plus pour les R\u00eaveurs conscients que pour les Natifs. Auparavant, il n\u2019\u00e9tait pas possible pour un R\u00eaveur de poss\u00e9der un manocom, car il disparaissait \u00e0 la fin de leurs r\u00eaves, ce qui n\u2019est pas le cas de celui-ci. En passant, ici \u00e0 Manifeste, la monnaie s\u2019appelle le kara. Elle porte le m\u00eame nom qu\u2019une forme d\u2019\u00e9nergie tr\u00e8s puissante ici. Pour les R\u00eaveurs qui poss\u00e8dent un manocom, celui-ci convertit les heures de r\u00eaves restantes en monnaie. Il ne vous est simplement pas permis de d\u00e9penser plus que le nombre d\u2019heures de r\u00eaves qu\u2019il vous reste. Si vous les d\u00e9pensez toutes, votre r\u00eave se termine et vous vous r\u00e9veillez dans votre lit. Je crois qu\u2019une heure de r\u00eave est \u00e9gale \u00e0 une pi\u00e8ce de un kara. Je vous souhaite un excellent s\u00e9jour parmi nous! \u00c0 bient\u00f4t et, faites attention \u00e0 vous! \u00bb Vous devez maintenant noter sur votre feuille de route que vous poss\u00e9dez un manocom MFS 2009 dans la section sac \u00e0 dos. Une fois les explications de l\u2019homme termin\u00e9es, il semble qu\u2019il est temps de poursuivre votre chemin. Sur votre gauche, se trouve une rue illumin\u00e9e et, \u00e0 votre droite, vous pouvez voir un panneau sur lequel est inscrit Transkara 7.<\/p>\n<div class=\"btn-container  align-center\"><a class=\"organic-btn  dark-blue-btn small-btn  align-center\" href=\"http:\/\/www.katag.ca\/aventure-27\/\"><span class=\"btn-holder\">Vous d\u00e9sirez vous diriger vers la rue illumin\u00e9e<\/span><\/a><\/div>\n<div class=\"btn-container  align-center\"><a class=\"organic-btn  dark-blue-btn small-btn  align-center\" href=\"http:\/\/www.katag.ca\/aventure-28\/\"><span class=\"btn-holder\">Vous pr\u00e9f\u00e9rez vous diriger vers le panneau<\/span><\/a><\/div>\n","protected":false},"excerpt":{"rendered":"<p>Vous r\u00e9pondez \u00e0 l\u2019homme que vous acceptez de lui donner un r\u00eave. Il vous dit de tendre la main et il place la sienne au-dessus de la v\u00f4tre. Il vous demande de dire ces paroles \u00e0 haute voix : \u00ab J\u2019accepte, ici et maintenant, de donner un de mes r\u00eaves \u00e0 la personne ci-pr\u00e9sente \u00bb. Vous vous ex\u00e9cutez et vous voyez un filament bleut\u00e9 sortir de votre main gauche pour se diriger vers une \u00e9trange montre que l\u2019homme porte au poignet. Vous comprenez mal ce qui vient de&#8230;<\/p>\n","protected":false},"author":2,"featured_media":0,"parent":0,"menu_order":0,"comment_status":"closed","ping_status":"closed","template":"","meta":{"footnotes":""},"class_list":["post-1028","page","type-page","status-publish","hentry"],"yoast_head":"<!-- This site is optimized with the Yoast SEO plugin v26.0 - https:\/\/yoast.com\/wordpress\/plugins\/seo\/ -->\n<title>Aventure 25 | Katag<\/title>\n<meta name=\"robots\" content=\"index, follow, max-snippet:-1, max-image-preview:large, max-video-preview:-1\" \/>\n<link rel=\"canonical\" href=\"https:\/\/www.katag.ca\/aventure-25\/\" \/>\n<meta property=\"og:locale\" content=\"en_US\" \/>\n<meta property=\"og:type\" content=\"article\" \/>\n<meta property=\"og:title\" content=\"Aventure 25 | Katag\" \/>\n<meta property=\"og:description\" content=\"Vous r\u00e9pondez \u00e0 l\u2019homme que vous acceptez de lui donner un r\u00eave. Il vous dit de tendre la main et il place la sienne au-dessus de la v\u00f4tre. Il vous demande de dire ces paroles \u00e0 haute voix : \u00ab J\u2019accepte, ici et maintenant, de donner un de mes r\u00eaves \u00e0 la personne ci-pr\u00e9sente \u00bb. Vous vous ex\u00e9cutez et vous voyez un filament bleut\u00e9 sortir de votre main gauche pour se diriger vers une \u00e9trange montre que l\u2019homme porte au poignet. Vous comprenez mal ce qui vient de...\" \/>\n<meta property=\"og:url\" content=\"https:\/\/www.katag.ca\/aventure-25\/\" \/>\n<meta property=\"og:site_name\" content=\"Katag\" \/>\n<meta property=\"article:publisher\" content=\"https:\/\/www.facebook.com\/Katag.ca\" \/>\n<meta property=\"article:modified_time\" content=\"2015-01-08T23:52:32+00:00\" \/>\n<meta name=\"twitter:card\" content=\"summary_large_image\" \/>\n<meta name=\"twitter:label1\" content=\"Est. reading time\" \/>\n\t<meta name=\"twitter:data1\" content=\"4 minutes\" \/>\n<script type=\"application\/ld+json\" class=\"yoast-schema-graph\">{\"@context\":\"https:\/\/schema.org\",\"@graph\":[{\"@type\":\"WebPage\",\"@id\":\"https:\/\/www.katag.ca\/aventure-25\/\",\"url\":\"https:\/\/www.katag.ca\/aventure-25\/\",\"name\":\"Aventure 25 | Katag\",\"isPartOf\":{\"@id\":\"https:\/\/www.katag.ca\/#website\"},\"datePublished\":\"2015-01-04T23:04:50+00:00\",\"dateModified\":\"2015-01-08T23:52:32+00:00\",\"breadcrumb\":{\"@id\":\"https:\/\/www.katag.ca\/aventure-25\/#breadcrumb\"},\"inLanguage\":\"en-US\",\"potentialAction\":[{\"@type\":\"ReadAction\",\"target\":[\"https:\/\/www.katag.ca\/aventure-25\/\"]}]},{\"@type\":\"BreadcrumbList\",\"@id\":\"https:\/\/www.katag.ca\/aventure-25\/#breadcrumb\",\"itemListElement\":[{\"@type\":\"ListItem\",\"position\":1,\"name\":\"Accueil\",\"item\":\"https:\/\/www.katag.ca\/\"},{\"@type\":\"ListItem\",\"position\":2,\"name\":\"Aventure 25\"}]},{\"@type\":\"WebSite\",\"@id\":\"https:\/\/www.katag.ca\/#website\",\"url\":\"https:\/\/www.katag.ca\/\",\"name\":\"Katag\",\"description\":\"LE jeu d'&eacute;p&eacute;es-mousse\",\"publisher\":{\"@id\":\"https:\/\/www.katag.ca\/#organization\"},\"potentialAction\":[{\"@type\":\"SearchAction\",\"target\":{\"@type\":\"EntryPoint\",\"urlTemplate\":\"https:\/\/www.katag.ca\/?s={search_term_string}\"},\"query-input\":{\"@type\":\"PropertyValueSpecification\",\"valueRequired\":true,\"valueName\":\"search_term_string\"}}],\"inLanguage\":\"en-US\"},{\"@type\":\"Organization\",\"@id\":\"https:\/\/www.katag.ca\/#organization\",\"name\":\"Katag\",\"url\":\"https:\/\/www.katag.ca\/\",\"logo\":{\"@type\":\"ImageObject\",\"inLanguage\":\"en-US\",\"@id\":\"https:\/\/www.katag.ca\/#\/schema\/logo\/image\/\",\"url\":\"https:\/\/www.katag.ca\/wp-content\/uploads\/2021\/03\/logo-fr.png\",\"contentUrl\":\"https:\/\/www.katag.ca\/wp-content\/uploads\/2021\/03\/logo-fr.png\",\"width\":338,\"height\":173,\"caption\":\"Katag\"},\"image\":{\"@id\":\"https:\/\/www.katag.ca\/#\/schema\/logo\/image\/\"},\"sameAs\":[\"https:\/\/www.facebook.com\/Katag.ca\"]}]}<\/script>\n<!-- \/ Yoast SEO plugin. -->","yoast_head_json":{"title":"Aventure 25 | Katag","robots":{"index":"index","follow":"follow","max-snippet":"max-snippet:-1","max-image-preview":"max-image-preview:large","max-video-preview":"max-video-preview:-1"},"canonical":"https:\/\/www.katag.ca\/aventure-25\/","og_locale":"en_US","og_type":"article","og_title":"Aventure 25 | Katag","og_description":"Vous r\u00e9pondez \u00e0 l\u2019homme que vous acceptez de lui donner un r\u00eave. Il vous dit de tendre la main et il place la sienne au-dessus de la v\u00f4tre. Il vous demande de dire ces paroles \u00e0 haute voix : \u00ab J\u2019accepte, ici et maintenant, de donner un de mes r\u00eaves \u00e0 la personne ci-pr\u00e9sente \u00bb. Vous vous ex\u00e9cutez et vous voyez un filament bleut\u00e9 sortir de votre main gauche pour se diriger vers une \u00e9trange montre que l\u2019homme porte au poignet. Vous comprenez mal ce qui vient de...","og_url":"https:\/\/www.katag.ca\/aventure-25\/","og_site_name":"Katag","article_publisher":"https:\/\/www.facebook.com\/Katag.ca","article_modified_time":"2015-01-08T23:52:32+00:00","twitter_card":"summary_large_image","twitter_misc":{"Est. reading time":"4 minutes"},"schema":{"@context":"https:\/\/schema.org","@graph":[{"@type":"WebPage","@id":"https:\/\/www.katag.ca\/aventure-25\/","url":"https:\/\/www.katag.ca\/aventure-25\/","name":"Aventure 25 | Katag","isPartOf":{"@id":"https:\/\/www.katag.ca\/#website"},"datePublished":"2015-01-04T23:04:50+00:00","dateModified":"2015-01-08T23:52:32+00:00","breadcrumb":{"@id":"https:\/\/www.katag.ca\/aventure-25\/#breadcrumb"},"inLanguage":"en-US","potentialAction":[{"@type":"ReadAction","target":["https:\/\/www.katag.ca\/aventure-25\/"]}]},{"@type":"BreadcrumbList","@id":"https:\/\/www.katag.ca\/aventure-25\/#breadcrumb","itemListElement":[{"@type":"ListItem","position":1,"name":"Accueil","item":"https:\/\/www.katag.ca\/"},{"@type":"ListItem","position":2,"name":"Aventure 25"}]},{"@type":"WebSite","@id":"https:\/\/www.katag.ca\/#website","url":"https:\/\/www.katag.ca\/","name":"Katag","description":"LE jeu d'&eacute;p&eacute;es-mousse","publisher":{"@id":"https:\/\/www.katag.ca\/#organization"},"potentialAction":[{"@type":"SearchAction","target":{"@type":"EntryPoint","urlTemplate":"https:\/\/www.katag.ca\/?s={search_term_string}"},"query-input":{"@type":"PropertyValueSpecification","valueRequired":true,"valueName":"search_term_string"}}],"inLanguage":"en-US"},{"@type":"Organization","@id":"https:\/\/www.katag.ca\/#organization","name":"Katag","url":"https:\/\/www.katag.ca\/","logo":{"@type":"ImageObject","inLanguage":"en-US","@id":"https:\/\/www.katag.ca\/#\/schema\/logo\/image\/","url":"https:\/\/www.katag.ca\/wp-content\/uploads\/2021\/03\/logo-fr.png","contentUrl":"https:\/\/www.katag.ca\/wp-content\/uploads\/2021\/03\/logo-fr.png","width":338,"height":173,"caption":"Katag"},"image":{"@id":"https:\/\/www.katag.ca\/#\/schema\/logo\/image\/"},"sameAs":["https:\/\/www.facebook.com\/Katag.ca"]}]}},"_links":{"self":[{"href":"https:\/\/www.katag.ca\/en\/wp-json\/wp\/v2\/pages\/1028","targetHints":{"allow":["GET"]}}],"collection":[{"href":"https:\/\/www.katag.ca\/en\/wp-json\/wp\/v2\/pages"}],"about":[{"href":"https:\/\/www.katag.ca\/en\/wp-json\/wp\/v2\/types\/page"}],"author":[{"embeddable":true,"href":"https:\/\/www.katag.ca\/en\/wp-json\/wp\/v2\/users\/2"}],"replies":[{"embeddable":true,"href":"https:\/\/www.katag.ca\/en\/wp-json\/wp\/v2\/comments?post=1028"}],"version-history":[{"count":2,"href":"https:\/\/www.katag.ca\/en\/wp-json\/wp\/v2\/pages\/1028\/revisions"}],"predecessor-version":[{"id":2014,"href":"https:\/\/www.katag.ca\/en\/wp-json\/wp\/v2\/pages\/1028\/revisions\/2014"}],"wp:attachment":[{"href":"https:\/\/www.katag.ca\/en\/wp-json\/wp\/v2\/media?parent=1028"}],"curies":[{"name":"wp","href":"https:\/\/api.w.org\/{rel}","templated":true}]}}