{"id":1035,"date":"2015-01-04T23:07:49","date_gmt":"2015-01-04T23:07:49","guid":{"rendered":"http:\/\/www.boutiquekatag.com\/?page_id=1035"},"modified":"2015-01-09T15:26:37","modified_gmt":"2015-01-09T15:26:37","slug":"aventure-30","status":"publish","type":"page","link":"https:\/\/www.katag.ca\/en\/aventure-30\/","title":{"rendered":"Aventure 30"},"content":{"rendered":"<p>\u00ab Ah! \u00c7a c\u2019est une belle structure! Quel g\u00e9nie cr\u00e9ateur! Il y a deux b\u00e2timents : le temple du Dojo de l\u2019Air ainsi que les dortoirs qui y sont annex\u00e9s. J\u2019ai visit\u00e9 l\u2019endroit une fois et c\u2019\u00e9tait simplement g\u00e9nial! Mais attention, n\u2019entre pas l\u00e0 qui le veut! Il faut \u00eatre accompagn\u00e9 d\u2019un Karatsa\u00ef, ou, dans le pire des cas d&#8217;un apprenti karatsa\u00ef, que l&#8217;on nomme un Katsa\u00ef. Quand j\u2019y suis entr\u00e9, c\u2019\u00e9tait un coup de chance, j\u2019\u00e9tais \u00e0 la bonne place au bon moment. Sur ce, mon cher ami, je dois vous quitter. Heureux de vous avoir rencontr\u00e9! \u00bb L\u2019homme vous quitte et, tout en \u00e9tant sur vos gardes, vous d\u00e9cidez de continuer \u00e0 vous diriger vers cette cit\u00e9 flottante. Alors que vous vous approchez, vous constatez que la cit\u00e9 est transparente et qu\u2019on semble pouvoir y voir au travers. Vous pouvez \u00e9galement voir l\u2019autre structure, qui ressemble un peu \u00e0 un ch\u00e2teau et qui est situ\u00e9e juste derri\u00e8re, les deux \u00e9tant reli\u00e9es par un pont suspendu. Vous apercevez d\u2019ailleurs une moto flottante entrer en ralentissant par une ouverture situ\u00e9e tout au bas de la cit\u00e9 transparente. <\/p>\n<div class=\"btn-container  align-center\"><a class=\"organic-btn  dark-blue-btn small-btn  align-center\" href=\"http:\/\/www.katag.ca\/aventure-50\/\"><span class=\"btn-holder\">Vous d\u00e9sirez vous diriger vers l\u2019endroit ou la moto est entr\u00e9e<\/span><\/a><\/div>\n<div class=\"btn-container  align-center\"><a class=\"organic-btn  dark-blue-btn small-btn  align-center\" href=\"http:\/\/www.katag.ca\/aventure-9\/\"><span class=\"btn-holder\">Vous pr\u00e9f\u00e9rez retourner explorer un autre endroit<\/span><\/a><\/div>\n","protected":false},"excerpt":{"rendered":"<p>\u00ab Ah! \u00c7a c\u2019est une belle structure! Quel g\u00e9nie cr\u00e9ateur! Il y a deux b\u00e2timents : le temple du Dojo de l\u2019Air ainsi que les dortoirs qui y sont annex\u00e9s. J\u2019ai visit\u00e9 l\u2019endroit une fois et c\u2019\u00e9tait simplement g\u00e9nial! Mais attention, n\u2019entre pas l\u00e0 qui le veut! Il faut \u00eatre accompagn\u00e9 d\u2019un Karatsa\u00ef, ou, dans le pire des cas d&#8217;un apprenti karatsa\u00ef, que l&#8217;on nomme un Katsa\u00ef. Quand j\u2019y suis entr\u00e9, c\u2019\u00e9tait un coup de chance, j\u2019\u00e9tais \u00e0 la bonne place au bon moment. Sur ce, mon cher&#8230;<\/p>\n","protected":false},"author":2,"featured_media":0,"parent":0,"menu_order":0,"comment_status":"closed","ping_status":"closed","template":"","meta":{"footnotes":""},"class_list":["post-1035","page","type-page","status-publish","hentry"],"yoast_head":"<!-- This site is optimized with the Yoast SEO plugin v26.0 - https:\/\/yoast.com\/wordpress\/plugins\/seo\/ -->\n<title>Aventure 30 | Katag<\/title>\n<meta name=\"robots\" content=\"index, follow, max-snippet:-1, max-image-preview:large, max-video-preview:-1\" \/>\n<link rel=\"canonical\" href=\"https:\/\/www.katag.ca\/aventure-30\/\" \/>\n<meta property=\"og:locale\" content=\"en_US\" \/>\n<meta property=\"og:type\" content=\"article\" \/>\n<meta property=\"og:title\" content=\"Aventure 30 | Katag\" \/>\n<meta property=\"og:description\" content=\"\u00ab Ah! \u00c7a c\u2019est une belle structure! Quel g\u00e9nie cr\u00e9ateur! Il y a deux b\u00e2timents : le temple du Dojo de l\u2019Air ainsi que les dortoirs qui y sont annex\u00e9s. J\u2019ai visit\u00e9 l\u2019endroit une fois et c\u2019\u00e9tait simplement g\u00e9nial! Mais attention, n\u2019entre pas l\u00e0 qui le veut! Il faut \u00eatre accompagn\u00e9 d\u2019un Karatsa\u00ef, ou, dans le pire des cas d&#8217;un apprenti karatsa\u00ef, que l&#8217;on nomme un Katsa\u00ef. Quand j\u2019y suis entr\u00e9, c\u2019\u00e9tait un coup de chance, j\u2019\u00e9tais \u00e0 la bonne place au bon moment. Sur ce, mon cher...\" \/>\n<meta property=\"og:url\" content=\"https:\/\/www.katag.ca\/aventure-30\/\" \/>\n<meta property=\"og:site_name\" content=\"Katag\" \/>\n<meta property=\"article:publisher\" content=\"https:\/\/www.facebook.com\/Katag.ca\" \/>\n<meta property=\"article:modified_time\" content=\"2015-01-09T15:26:37+00:00\" \/>\n<meta name=\"twitter:card\" content=\"summary_large_image\" \/>\n<meta name=\"twitter:label1\" content=\"Est. reading time\" \/>\n\t<meta name=\"twitter:data1\" content=\"1 minute\" \/>\n<script type=\"application\/ld+json\" class=\"yoast-schema-graph\">{\"@context\":\"https:\/\/schema.org\",\"@graph\":[{\"@type\":\"WebPage\",\"@id\":\"https:\/\/www.katag.ca\/aventure-30\/\",\"url\":\"https:\/\/www.katag.ca\/aventure-30\/\",\"name\":\"Aventure 30 | Katag\",\"isPartOf\":{\"@id\":\"https:\/\/www.katag.ca\/#website\"},\"datePublished\":\"2015-01-04T23:07:49+00:00\",\"dateModified\":\"2015-01-09T15:26:37+00:00\",\"breadcrumb\":{\"@id\":\"https:\/\/www.katag.ca\/aventure-30\/#breadcrumb\"},\"inLanguage\":\"en-US\",\"potentialAction\":[{\"@type\":\"ReadAction\",\"target\":[\"https:\/\/www.katag.ca\/aventure-30\/\"]}]},{\"@type\":\"BreadcrumbList\",\"@id\":\"https:\/\/www.katag.ca\/aventure-30\/#breadcrumb\",\"itemListElement\":[{\"@type\":\"ListItem\",\"position\":1,\"name\":\"Accueil\",\"item\":\"https:\/\/www.katag.ca\/\"},{\"@type\":\"ListItem\",\"position\":2,\"name\":\"Aventure 30\"}]},{\"@type\":\"WebSite\",\"@id\":\"https:\/\/www.katag.ca\/#website\",\"url\":\"https:\/\/www.katag.ca\/\",\"name\":\"Katag\",\"description\":\"LE jeu d'&eacute;p&eacute;es-mousse\",\"publisher\":{\"@id\":\"https:\/\/www.katag.ca\/#organization\"},\"potentialAction\":[{\"@type\":\"SearchAction\",\"target\":{\"@type\":\"EntryPoint\",\"urlTemplate\":\"https:\/\/www.katag.ca\/?s={search_term_string}\"},\"query-input\":{\"@type\":\"PropertyValueSpecification\",\"valueRequired\":true,\"valueName\":\"search_term_string\"}}],\"inLanguage\":\"en-US\"},{\"@type\":\"Organization\",\"@id\":\"https:\/\/www.katag.ca\/#organization\",\"name\":\"Katag\",\"url\":\"https:\/\/www.katag.ca\/\",\"logo\":{\"@type\":\"ImageObject\",\"inLanguage\":\"en-US\",\"@id\":\"https:\/\/www.katag.ca\/#\/schema\/logo\/image\/\",\"url\":\"https:\/\/www.katag.ca\/wp-content\/uploads\/2021\/03\/logo-fr.png\",\"contentUrl\":\"https:\/\/www.katag.ca\/wp-content\/uploads\/2021\/03\/logo-fr.png\",\"width\":338,\"height\":173,\"caption\":\"Katag\"},\"image\":{\"@id\":\"https:\/\/www.katag.ca\/#\/schema\/logo\/image\/\"},\"sameAs\":[\"https:\/\/www.facebook.com\/Katag.ca\"]}]}<\/script>\n<!-- \/ Yoast SEO plugin. -->","yoast_head_json":{"title":"Aventure 30 | Katag","robots":{"index":"index","follow":"follow","max-snippet":"max-snippet:-1","max-image-preview":"max-image-preview:large","max-video-preview":"max-video-preview:-1"},"canonical":"https:\/\/www.katag.ca\/aventure-30\/","og_locale":"en_US","og_type":"article","og_title":"Aventure 30 | Katag","og_description":"\u00ab Ah! \u00c7a c\u2019est une belle structure! Quel g\u00e9nie cr\u00e9ateur! Il y a deux b\u00e2timents : le temple du Dojo de l\u2019Air ainsi que les dortoirs qui y sont annex\u00e9s. J\u2019ai visit\u00e9 l\u2019endroit une fois et c\u2019\u00e9tait simplement g\u00e9nial! Mais attention, n\u2019entre pas l\u00e0 qui le veut! Il faut \u00eatre accompagn\u00e9 d\u2019un Karatsa\u00ef, ou, dans le pire des cas d&#8217;un apprenti karatsa\u00ef, que l&#8217;on nomme un Katsa\u00ef. Quand j\u2019y suis entr\u00e9, c\u2019\u00e9tait un coup de chance, j\u2019\u00e9tais \u00e0 la bonne place au bon moment. Sur ce, mon cher...","og_url":"https:\/\/www.katag.ca\/aventure-30\/","og_site_name":"Katag","article_publisher":"https:\/\/www.facebook.com\/Katag.ca","article_modified_time":"2015-01-09T15:26:37+00:00","twitter_card":"summary_large_image","twitter_misc":{"Est. reading time":"1 minute"},"schema":{"@context":"https:\/\/schema.org","@graph":[{"@type":"WebPage","@id":"https:\/\/www.katag.ca\/aventure-30\/","url":"https:\/\/www.katag.ca\/aventure-30\/","name":"Aventure 30 | Katag","isPartOf":{"@id":"https:\/\/www.katag.ca\/#website"},"datePublished":"2015-01-04T23:07:49+00:00","dateModified":"2015-01-09T15:26:37+00:00","breadcrumb":{"@id":"https:\/\/www.katag.ca\/aventure-30\/#breadcrumb"},"inLanguage":"en-US","potentialAction":[{"@type":"ReadAction","target":["https:\/\/www.katag.ca\/aventure-30\/"]}]},{"@type":"BreadcrumbList","@id":"https:\/\/www.katag.ca\/aventure-30\/#breadcrumb","itemListElement":[{"@type":"ListItem","position":1,"name":"Accueil","item":"https:\/\/www.katag.ca\/"},{"@type":"ListItem","position":2,"name":"Aventure 30"}]},{"@type":"WebSite","@id":"https:\/\/www.katag.ca\/#website","url":"https:\/\/www.katag.ca\/","name":"Katag","description":"LE jeu d'&eacute;p&eacute;es-mousse","publisher":{"@id":"https:\/\/www.katag.ca\/#organization"},"potentialAction":[{"@type":"SearchAction","target":{"@type":"EntryPoint","urlTemplate":"https:\/\/www.katag.ca\/?s={search_term_string}"},"query-input":{"@type":"PropertyValueSpecification","valueRequired":true,"valueName":"search_term_string"}}],"inLanguage":"en-US"},{"@type":"Organization","@id":"https:\/\/www.katag.ca\/#organization","name":"Katag","url":"https:\/\/www.katag.ca\/","logo":{"@type":"ImageObject","inLanguage":"en-US","@id":"https:\/\/www.katag.ca\/#\/schema\/logo\/image\/","url":"https:\/\/www.katag.ca\/wp-content\/uploads\/2021\/03\/logo-fr.png","contentUrl":"https:\/\/www.katag.ca\/wp-content\/uploads\/2021\/03\/logo-fr.png","width":338,"height":173,"caption":"Katag"},"image":{"@id":"https:\/\/www.katag.ca\/#\/schema\/logo\/image\/"},"sameAs":["https:\/\/www.facebook.com\/Katag.ca"]}]}},"_links":{"self":[{"href":"https:\/\/www.katag.ca\/en\/wp-json\/wp\/v2\/pages\/1035","targetHints":{"allow":["GET"]}}],"collection":[{"href":"https:\/\/www.katag.ca\/en\/wp-json\/wp\/v2\/pages"}],"about":[{"href":"https:\/\/www.katag.ca\/en\/wp-json\/wp\/v2\/types\/page"}],"author":[{"embeddable":true,"href":"https:\/\/www.katag.ca\/en\/wp-json\/wp\/v2\/users\/2"}],"replies":[{"embeddable":true,"href":"https:\/\/www.katag.ca\/en\/wp-json\/wp\/v2\/comments?post=1035"}],"version-history":[{"count":2,"href":"https:\/\/www.katag.ca\/en\/wp-json\/wp\/v2\/pages\/1035\/revisions"}],"predecessor-version":[{"id":2124,"href":"https:\/\/www.katag.ca\/en\/wp-json\/wp\/v2\/pages\/1035\/revisions\/2124"}],"wp:attachment":[{"href":"https:\/\/www.katag.ca\/en\/wp-json\/wp\/v2\/media?parent=1035"}],"curies":[{"name":"wp","href":"https:\/\/api.w.org\/{rel}","templated":true}]}}