{"id":1038,"date":"2015-01-04T23:10:01","date_gmt":"2015-01-04T23:10:01","guid":{"rendered":"http:\/\/www.boutiquekatag.com\/?page_id=1038"},"modified":"2015-01-09T15:27:38","modified_gmt":"2015-01-09T15:27:38","slug":"aventure-31","status":"publish","type":"page","link":"https:\/\/www.katag.ca\/en\/aventure-31\/","title":{"rendered":"Aventure 31"},"content":{"rendered":"<p>\u00ab Le sage du Dojo du Feu vous dites, hein! Rien de moins que le commandant des troupes! Je ne peux vous dire o\u00f9 il se trouve en ce moment, mais je peux vous dire deux choses : l\u2019une est que le Dojo du Feu est situ\u00e9 au pied d\u2019un volcan, l\u2019autre est qu\u2019on voit souvent le sage tra\u00eener aux heures tardives pr\u00e8s des festivit\u00e9s se d\u00e9roulant autour du Grand Chapiteau. Il a, semble-t-il, un faible pour regarder les r\u00eaveurs inconscients s\u2019ex\u00e9cuter dans leurs p\u00e9rip\u00e9ties nocturnes. Sur ce, mon cher ami, je dois vous quitter. Heureux de vous avoir rencontr\u00e9! \u00bb L\u2019homme vous quitte et, tout en \u00e9tant sur vos gardes, vous d\u00e9cidez de continuer \u00e0 vous diriger vers cette cit\u00e9 flottante. Alors que vous vous approchez, vous constatez que la cit\u00e9 est transparente et qu\u2019on semble pouvoir y voir au travers, comme si tout \u00e9tait en verre. Vous d\u00e9cidez d\u2019en faire le tour et vous vous apercevez que derri\u00e8re la premi\u00e8re structure, il en existe une autre, plus \u00e9trange qui ressemble un peu \u00e0 un ch\u00e2teau. Les deux sont reli\u00e9es par un pont suspendu. Vous apercevez d\u2019ailleurs une moto flottante entrer en ralentissant par une ouverture situ\u00e9e tout au bas de la cit\u00e9 transparente. <\/p>\n<div class=\"btn-container  align-center\"><a class=\"organic-btn  dark-blue-btn small-btn  align-center\" href=\"http:\/\/www.katag.ca\/aventure-50\/\"><span class=\"btn-holder\">Vous d\u00e9sirez vous diriger vers l\u2019endroit ou la moto est entr\u00e9e<\/span><\/a><\/div>\n<div class=\"btn-container  align-center\"><a class=\"organic-btn  dark-blue-btn small-btn  align-center\" href=\"http:\/\/www.katag.ca\/aventure-9\/\"><span class=\"btn-holder\">Vous pr\u00e9f\u00e9rez retourner explorer un autre endroit<\/span><\/a><\/div>\n","protected":false},"excerpt":{"rendered":"<p>\u00ab Le sage du Dojo du Feu vous dites, hein! Rien de moins que le commandant des troupes! Je ne peux vous dire o\u00f9 il se trouve en ce moment, mais je peux vous dire deux choses : l\u2019une est que le Dojo du Feu est situ\u00e9 au pied d\u2019un volcan, l\u2019autre est qu\u2019on voit souvent le sage tra\u00eener aux heures tardives pr\u00e8s des festivit\u00e9s se d\u00e9roulant autour du Grand Chapiteau. Il a, semble-t-il, un faible pour regarder les r\u00eaveurs inconscients s\u2019ex\u00e9cuter dans leurs p\u00e9rip\u00e9ties nocturnes. Sur ce,&#8230;<\/p>\n","protected":false},"author":2,"featured_media":0,"parent":0,"menu_order":0,"comment_status":"closed","ping_status":"closed","template":"","meta":{"footnotes":""},"class_list":["post-1038","page","type-page","status-publish","hentry"],"yoast_head":"<!-- This site is optimized with the Yoast SEO plugin v26.0 - https:\/\/yoast.com\/wordpress\/plugins\/seo\/ -->\n<title>Aventure 31 | Katag<\/title>\n<meta name=\"robots\" content=\"index, follow, max-snippet:-1, max-image-preview:large, max-video-preview:-1\" \/>\n<link rel=\"canonical\" href=\"https:\/\/www.katag.ca\/aventure-31\/\" \/>\n<meta property=\"og:locale\" content=\"en_US\" \/>\n<meta property=\"og:type\" content=\"article\" \/>\n<meta property=\"og:title\" content=\"Aventure 31 | Katag\" \/>\n<meta property=\"og:description\" content=\"\u00ab Le sage du Dojo du Feu vous dites, hein! Rien de moins que le commandant des troupes! Je ne peux vous dire o\u00f9 il se trouve en ce moment, mais je peux vous dire deux choses : l\u2019une est que le Dojo du Feu est situ\u00e9 au pied d\u2019un volcan, l\u2019autre est qu\u2019on voit souvent le sage tra\u00eener aux heures tardives pr\u00e8s des festivit\u00e9s se d\u00e9roulant autour du Grand Chapiteau. Il a, semble-t-il, un faible pour regarder les r\u00eaveurs inconscients s\u2019ex\u00e9cuter dans leurs p\u00e9rip\u00e9ties nocturnes. Sur ce,...\" \/>\n<meta property=\"og:url\" content=\"https:\/\/www.katag.ca\/aventure-31\/\" \/>\n<meta property=\"og:site_name\" content=\"Katag\" \/>\n<meta property=\"article:publisher\" content=\"https:\/\/www.facebook.com\/Katag.ca\" \/>\n<meta property=\"article:modified_time\" content=\"2015-01-09T15:27:38+00:00\" \/>\n<meta name=\"twitter:card\" content=\"summary_large_image\" \/>\n<meta name=\"twitter:label1\" content=\"Est. reading time\" \/>\n\t<meta name=\"twitter:data1\" content=\"1 minute\" \/>\n<script type=\"application\/ld+json\" class=\"yoast-schema-graph\">{\"@context\":\"https:\/\/schema.org\",\"@graph\":[{\"@type\":\"WebPage\",\"@id\":\"https:\/\/www.katag.ca\/aventure-31\/\",\"url\":\"https:\/\/www.katag.ca\/aventure-31\/\",\"name\":\"Aventure 31 | Katag\",\"isPartOf\":{\"@id\":\"https:\/\/www.katag.ca\/#website\"},\"datePublished\":\"2015-01-04T23:10:01+00:00\",\"dateModified\":\"2015-01-09T15:27:38+00:00\",\"breadcrumb\":{\"@id\":\"https:\/\/www.katag.ca\/aventure-31\/#breadcrumb\"},\"inLanguage\":\"en-US\",\"potentialAction\":[{\"@type\":\"ReadAction\",\"target\":[\"https:\/\/www.katag.ca\/aventure-31\/\"]}]},{\"@type\":\"BreadcrumbList\",\"@id\":\"https:\/\/www.katag.ca\/aventure-31\/#breadcrumb\",\"itemListElement\":[{\"@type\":\"ListItem\",\"position\":1,\"name\":\"Accueil\",\"item\":\"https:\/\/www.katag.ca\/\"},{\"@type\":\"ListItem\",\"position\":2,\"name\":\"Aventure 31\"}]},{\"@type\":\"WebSite\",\"@id\":\"https:\/\/www.katag.ca\/#website\",\"url\":\"https:\/\/www.katag.ca\/\",\"name\":\"Katag\",\"description\":\"LE jeu d'&eacute;p&eacute;es-mousse\",\"publisher\":{\"@id\":\"https:\/\/www.katag.ca\/#organization\"},\"potentialAction\":[{\"@type\":\"SearchAction\",\"target\":{\"@type\":\"EntryPoint\",\"urlTemplate\":\"https:\/\/www.katag.ca\/?s={search_term_string}\"},\"query-input\":{\"@type\":\"PropertyValueSpecification\",\"valueRequired\":true,\"valueName\":\"search_term_string\"}}],\"inLanguage\":\"en-US\"},{\"@type\":\"Organization\",\"@id\":\"https:\/\/www.katag.ca\/#organization\",\"name\":\"Katag\",\"url\":\"https:\/\/www.katag.ca\/\",\"logo\":{\"@type\":\"ImageObject\",\"inLanguage\":\"en-US\",\"@id\":\"https:\/\/www.katag.ca\/#\/schema\/logo\/image\/\",\"url\":\"https:\/\/www.katag.ca\/wp-content\/uploads\/2021\/03\/logo-fr.png\",\"contentUrl\":\"https:\/\/www.katag.ca\/wp-content\/uploads\/2021\/03\/logo-fr.png\",\"width\":338,\"height\":173,\"caption\":\"Katag\"},\"image\":{\"@id\":\"https:\/\/www.katag.ca\/#\/schema\/logo\/image\/\"},\"sameAs\":[\"https:\/\/www.facebook.com\/Katag.ca\"]}]}<\/script>\n<!-- \/ Yoast SEO plugin. -->","yoast_head_json":{"title":"Aventure 31 | Katag","robots":{"index":"index","follow":"follow","max-snippet":"max-snippet:-1","max-image-preview":"max-image-preview:large","max-video-preview":"max-video-preview:-1"},"canonical":"https:\/\/www.katag.ca\/aventure-31\/","og_locale":"en_US","og_type":"article","og_title":"Aventure 31 | Katag","og_description":"\u00ab Le sage du Dojo du Feu vous dites, hein! Rien de moins que le commandant des troupes! Je ne peux vous dire o\u00f9 il se trouve en ce moment, mais je peux vous dire deux choses : l\u2019une est que le Dojo du Feu est situ\u00e9 au pied d\u2019un volcan, l\u2019autre est qu\u2019on voit souvent le sage tra\u00eener aux heures tardives pr\u00e8s des festivit\u00e9s se d\u00e9roulant autour du Grand Chapiteau. Il a, semble-t-il, un faible pour regarder les r\u00eaveurs inconscients s\u2019ex\u00e9cuter dans leurs p\u00e9rip\u00e9ties nocturnes. Sur ce,...","og_url":"https:\/\/www.katag.ca\/aventure-31\/","og_site_name":"Katag","article_publisher":"https:\/\/www.facebook.com\/Katag.ca","article_modified_time":"2015-01-09T15:27:38+00:00","twitter_card":"summary_large_image","twitter_misc":{"Est. reading time":"1 minute"},"schema":{"@context":"https:\/\/schema.org","@graph":[{"@type":"WebPage","@id":"https:\/\/www.katag.ca\/aventure-31\/","url":"https:\/\/www.katag.ca\/aventure-31\/","name":"Aventure 31 | Katag","isPartOf":{"@id":"https:\/\/www.katag.ca\/#website"},"datePublished":"2015-01-04T23:10:01+00:00","dateModified":"2015-01-09T15:27:38+00:00","breadcrumb":{"@id":"https:\/\/www.katag.ca\/aventure-31\/#breadcrumb"},"inLanguage":"en-US","potentialAction":[{"@type":"ReadAction","target":["https:\/\/www.katag.ca\/aventure-31\/"]}]},{"@type":"BreadcrumbList","@id":"https:\/\/www.katag.ca\/aventure-31\/#breadcrumb","itemListElement":[{"@type":"ListItem","position":1,"name":"Accueil","item":"https:\/\/www.katag.ca\/"},{"@type":"ListItem","position":2,"name":"Aventure 31"}]},{"@type":"WebSite","@id":"https:\/\/www.katag.ca\/#website","url":"https:\/\/www.katag.ca\/","name":"Katag","description":"LE jeu d'&eacute;p&eacute;es-mousse","publisher":{"@id":"https:\/\/www.katag.ca\/#organization"},"potentialAction":[{"@type":"SearchAction","target":{"@type":"EntryPoint","urlTemplate":"https:\/\/www.katag.ca\/?s={search_term_string}"},"query-input":{"@type":"PropertyValueSpecification","valueRequired":true,"valueName":"search_term_string"}}],"inLanguage":"en-US"},{"@type":"Organization","@id":"https:\/\/www.katag.ca\/#organization","name":"Katag","url":"https:\/\/www.katag.ca\/","logo":{"@type":"ImageObject","inLanguage":"en-US","@id":"https:\/\/www.katag.ca\/#\/schema\/logo\/image\/","url":"https:\/\/www.katag.ca\/wp-content\/uploads\/2021\/03\/logo-fr.png","contentUrl":"https:\/\/www.katag.ca\/wp-content\/uploads\/2021\/03\/logo-fr.png","width":338,"height":173,"caption":"Katag"},"image":{"@id":"https:\/\/www.katag.ca\/#\/schema\/logo\/image\/"},"sameAs":["https:\/\/www.facebook.com\/Katag.ca"]}]}},"_links":{"self":[{"href":"https:\/\/www.katag.ca\/en\/wp-json\/wp\/v2\/pages\/1038","targetHints":{"allow":["GET"]}}],"collection":[{"href":"https:\/\/www.katag.ca\/en\/wp-json\/wp\/v2\/pages"}],"about":[{"href":"https:\/\/www.katag.ca\/en\/wp-json\/wp\/v2\/types\/page"}],"author":[{"embeddable":true,"href":"https:\/\/www.katag.ca\/en\/wp-json\/wp\/v2\/users\/2"}],"replies":[{"embeddable":true,"href":"https:\/\/www.katag.ca\/en\/wp-json\/wp\/v2\/comments?post=1038"}],"version-history":[{"count":3,"href":"https:\/\/www.katag.ca\/en\/wp-json\/wp\/v2\/pages\/1038\/revisions"}],"predecessor-version":[{"id":2126,"href":"https:\/\/www.katag.ca\/en\/wp-json\/wp\/v2\/pages\/1038\/revisions\/2126"}],"wp:attachment":[{"href":"https:\/\/www.katag.ca\/en\/wp-json\/wp\/v2\/media?parent=1038"}],"curies":[{"name":"wp","href":"https:\/\/api.w.org\/{rel}","templated":true}]}}