{"id":1040,"date":"2015-01-04T23:10:39","date_gmt":"2015-01-04T23:10:39","guid":{"rendered":"http:\/\/www.boutiquekatag.com\/?page_id=1040"},"modified":"2015-01-09T15:28:36","modified_gmt":"2015-01-09T15:28:36","slug":"aventure-32","status":"publish","type":"page","link":"https:\/\/www.katag.ca\/en\/aventure-32\/","title":{"rendered":"Aventure 32"},"content":{"rendered":"<p>Avant de vous \u00e9craser sur le sol, vous mettez tout votre d\u00e9sir et votre imagination \u00e0 contribution! Vous tentez de vous propulser \u00e0 nouveau dans les airs et, comme par magie, vous partez comme une fl\u00e8che en direction du ciel! Ajoutez un point \u00e0 votre total dans la section r\u00eaves. L\u2019homme qui vous regardait se dirige maintenant vers vous en vous souriant. Il vous adresse la parole en premier. \u00ab J\u2019en d\u00e9duis que c\u2019est l\u2019une de vos premi\u00e8res visites \u00e0 Manifeste! Il faut toujours \u00eatre sur ses gardes lorsque l\u2019on est un r\u00eaveur conscient! Mais il ne faut pas trop y faire attention non plus. Apr\u00e8s tout, l\u2019une des pires choses qui puissent nous arriver est de nous r\u00e9veiller! \u00c7a peut quand m\u00eame \u00eatre choquant et surprenant. On se r\u00e9veille en pleine confusion. Je me pr\u00e9sente : sur la terre, je m\u2019appelle Maximilian Latos, mais ici on me surnomme Pasdeuxfois, car on ne r\u00e9ussit jamais \u00e0 me prendre une deuxi\u00e8me fois. J\u2019imagine que vous devez avoir beaucoup de questions en t\u00eate. Je n\u2019ai pas beaucoup de temps \u00e0 vous consacrer car j\u2019ai un rendez-vous important avec un Natif. Toutefois, je prendrai le temps de tenter de r\u00e9pondre \u00e0 une de vos questions. \u00bb Vous le remerciez de sa gentillesse et vous vous demandez laquelle des trois questions suivantes vous d\u00e9sirez lui poser.<\/p>\n<div class=\"btn-container  align-center\"><a class=\"organic-btn  dark-blue-btn small-btn  align-center\" href=\"http:\/\/www.katag.ca\/aventure-29\/\"><span class=\"btn-holder\">Vous d\u00e9sirez lui demander ce qu\u2019est un natif<\/span><\/a><\/div>\n<div class=\"btn-container  align-center\"><a class=\"organic-btn  dark-blue-btn small-btn  align-center\" href=\"http:\/\/www.katag.ca\/aventure-30\/\"><span class=\"btn-holder\">Vous pr\u00e9f\u00e9rez lui demander ce qu\u2019est cette cit\u00e9 flottante<\/span><\/a><\/div>\n<div class=\"btn-container  align-center\"><a class=\"organic-btn  dark-blue-btn small-btn  align-center\" href=\"http:\/\/www.katag.ca\/aventure-31\/\"><span class=\"btn-holder\">Vous choisissez de lui demander s\u2019il sait ou se trouve le sage du Dojo du Feu<\/span><\/a><\/div>\n","protected":false},"excerpt":{"rendered":"<p>Avant de vous \u00e9craser sur le sol, vous mettez tout votre d\u00e9sir et votre imagination \u00e0 contribution! Vous tentez de vous propulser \u00e0 nouveau dans les airs et, comme par magie, vous partez comme une fl\u00e8che en direction du ciel! Ajoutez un point \u00e0 votre total dans la section r\u00eaves. L\u2019homme qui vous regardait se dirige maintenant vers vous en vous souriant. Il vous adresse la parole en premier. \u00ab J\u2019en d\u00e9duis que c\u2019est l\u2019une de vos premi\u00e8res visites \u00e0 Manifeste! Il faut toujours \u00eatre sur ses gardes&#8230;<\/p>\n","protected":false},"author":2,"featured_media":0,"parent":0,"menu_order":0,"comment_status":"closed","ping_status":"closed","template":"","meta":{"footnotes":""},"class_list":["post-1040","page","type-page","status-publish","hentry"],"yoast_head":"<!-- This site is optimized with the Yoast SEO plugin v26.0 - https:\/\/yoast.com\/wordpress\/plugins\/seo\/ -->\n<title>Aventure 32 | Katag<\/title>\n<meta name=\"robots\" content=\"index, follow, max-snippet:-1, max-image-preview:large, max-video-preview:-1\" \/>\n<link rel=\"canonical\" href=\"https:\/\/www.katag.ca\/aventure-32\/\" \/>\n<meta property=\"og:locale\" content=\"en_US\" \/>\n<meta property=\"og:type\" content=\"article\" \/>\n<meta property=\"og:title\" content=\"Aventure 32 | Katag\" \/>\n<meta property=\"og:description\" content=\"Avant de vous \u00e9craser sur le sol, vous mettez tout votre d\u00e9sir et votre imagination \u00e0 contribution! Vous tentez de vous propulser \u00e0 nouveau dans les airs et, comme par magie, vous partez comme une fl\u00e8che en direction du ciel! Ajoutez un point \u00e0 votre total dans la section r\u00eaves. L\u2019homme qui vous regardait se dirige maintenant vers vous en vous souriant. Il vous adresse la parole en premier. \u00ab J\u2019en d\u00e9duis que c\u2019est l\u2019une de vos premi\u00e8res visites \u00e0 Manifeste! Il faut toujours \u00eatre sur ses gardes...\" \/>\n<meta property=\"og:url\" content=\"https:\/\/www.katag.ca\/aventure-32\/\" \/>\n<meta property=\"og:site_name\" content=\"Katag\" \/>\n<meta property=\"article:publisher\" content=\"https:\/\/www.facebook.com\/Katag.ca\" \/>\n<meta property=\"article:modified_time\" content=\"2015-01-09T15:28:36+00:00\" \/>\n<meta name=\"twitter:card\" content=\"summary_large_image\" \/>\n<meta name=\"twitter:label1\" content=\"Est. reading time\" \/>\n\t<meta name=\"twitter:data1\" content=\"2 minutes\" \/>\n<script type=\"application\/ld+json\" class=\"yoast-schema-graph\">{\"@context\":\"https:\/\/schema.org\",\"@graph\":[{\"@type\":\"WebPage\",\"@id\":\"https:\/\/www.katag.ca\/aventure-32\/\",\"url\":\"https:\/\/www.katag.ca\/aventure-32\/\",\"name\":\"Aventure 32 | Katag\",\"isPartOf\":{\"@id\":\"https:\/\/www.katag.ca\/#website\"},\"datePublished\":\"2015-01-04T23:10:39+00:00\",\"dateModified\":\"2015-01-09T15:28:36+00:00\",\"breadcrumb\":{\"@id\":\"https:\/\/www.katag.ca\/aventure-32\/#breadcrumb\"},\"inLanguage\":\"en-US\",\"potentialAction\":[{\"@type\":\"ReadAction\",\"target\":[\"https:\/\/www.katag.ca\/aventure-32\/\"]}]},{\"@type\":\"BreadcrumbList\",\"@id\":\"https:\/\/www.katag.ca\/aventure-32\/#breadcrumb\",\"itemListElement\":[{\"@type\":\"ListItem\",\"position\":1,\"name\":\"Accueil\",\"item\":\"https:\/\/www.katag.ca\/\"},{\"@type\":\"ListItem\",\"position\":2,\"name\":\"Aventure 32\"}]},{\"@type\":\"WebSite\",\"@id\":\"https:\/\/www.katag.ca\/#website\",\"url\":\"https:\/\/www.katag.ca\/\",\"name\":\"Katag\",\"description\":\"LE jeu d'&eacute;p&eacute;es-mousse\",\"publisher\":{\"@id\":\"https:\/\/www.katag.ca\/#organization\"},\"potentialAction\":[{\"@type\":\"SearchAction\",\"target\":{\"@type\":\"EntryPoint\",\"urlTemplate\":\"https:\/\/www.katag.ca\/?s={search_term_string}\"},\"query-input\":{\"@type\":\"PropertyValueSpecification\",\"valueRequired\":true,\"valueName\":\"search_term_string\"}}],\"inLanguage\":\"en-US\"},{\"@type\":\"Organization\",\"@id\":\"https:\/\/www.katag.ca\/#organization\",\"name\":\"Katag\",\"url\":\"https:\/\/www.katag.ca\/\",\"logo\":{\"@type\":\"ImageObject\",\"inLanguage\":\"en-US\",\"@id\":\"https:\/\/www.katag.ca\/#\/schema\/logo\/image\/\",\"url\":\"https:\/\/www.katag.ca\/wp-content\/uploads\/2021\/03\/logo-fr.png\",\"contentUrl\":\"https:\/\/www.katag.ca\/wp-content\/uploads\/2021\/03\/logo-fr.png\",\"width\":338,\"height\":173,\"caption\":\"Katag\"},\"image\":{\"@id\":\"https:\/\/www.katag.ca\/#\/schema\/logo\/image\/\"},\"sameAs\":[\"https:\/\/www.facebook.com\/Katag.ca\"]}]}<\/script>\n<!-- \/ Yoast SEO plugin. -->","yoast_head_json":{"title":"Aventure 32 | Katag","robots":{"index":"index","follow":"follow","max-snippet":"max-snippet:-1","max-image-preview":"max-image-preview:large","max-video-preview":"max-video-preview:-1"},"canonical":"https:\/\/www.katag.ca\/aventure-32\/","og_locale":"en_US","og_type":"article","og_title":"Aventure 32 | Katag","og_description":"Avant de vous \u00e9craser sur le sol, vous mettez tout votre d\u00e9sir et votre imagination \u00e0 contribution! Vous tentez de vous propulser \u00e0 nouveau dans les airs et, comme par magie, vous partez comme une fl\u00e8che en direction du ciel! Ajoutez un point \u00e0 votre total dans la section r\u00eaves. L\u2019homme qui vous regardait se dirige maintenant vers vous en vous souriant. Il vous adresse la parole en premier. \u00ab J\u2019en d\u00e9duis que c\u2019est l\u2019une de vos premi\u00e8res visites \u00e0 Manifeste! Il faut toujours \u00eatre sur ses gardes...","og_url":"https:\/\/www.katag.ca\/aventure-32\/","og_site_name":"Katag","article_publisher":"https:\/\/www.facebook.com\/Katag.ca","article_modified_time":"2015-01-09T15:28:36+00:00","twitter_card":"summary_large_image","twitter_misc":{"Est. reading time":"2 minutes"},"schema":{"@context":"https:\/\/schema.org","@graph":[{"@type":"WebPage","@id":"https:\/\/www.katag.ca\/aventure-32\/","url":"https:\/\/www.katag.ca\/aventure-32\/","name":"Aventure 32 | Katag","isPartOf":{"@id":"https:\/\/www.katag.ca\/#website"},"datePublished":"2015-01-04T23:10:39+00:00","dateModified":"2015-01-09T15:28:36+00:00","breadcrumb":{"@id":"https:\/\/www.katag.ca\/aventure-32\/#breadcrumb"},"inLanguage":"en-US","potentialAction":[{"@type":"ReadAction","target":["https:\/\/www.katag.ca\/aventure-32\/"]}]},{"@type":"BreadcrumbList","@id":"https:\/\/www.katag.ca\/aventure-32\/#breadcrumb","itemListElement":[{"@type":"ListItem","position":1,"name":"Accueil","item":"https:\/\/www.katag.ca\/"},{"@type":"ListItem","position":2,"name":"Aventure 32"}]},{"@type":"WebSite","@id":"https:\/\/www.katag.ca\/#website","url":"https:\/\/www.katag.ca\/","name":"Katag","description":"LE jeu d'&eacute;p&eacute;es-mousse","publisher":{"@id":"https:\/\/www.katag.ca\/#organization"},"potentialAction":[{"@type":"SearchAction","target":{"@type":"EntryPoint","urlTemplate":"https:\/\/www.katag.ca\/?s={search_term_string}"},"query-input":{"@type":"PropertyValueSpecification","valueRequired":true,"valueName":"search_term_string"}}],"inLanguage":"en-US"},{"@type":"Organization","@id":"https:\/\/www.katag.ca\/#organization","name":"Katag","url":"https:\/\/www.katag.ca\/","logo":{"@type":"ImageObject","inLanguage":"en-US","@id":"https:\/\/www.katag.ca\/#\/schema\/logo\/image\/","url":"https:\/\/www.katag.ca\/wp-content\/uploads\/2021\/03\/logo-fr.png","contentUrl":"https:\/\/www.katag.ca\/wp-content\/uploads\/2021\/03\/logo-fr.png","width":338,"height":173,"caption":"Katag"},"image":{"@id":"https:\/\/www.katag.ca\/#\/schema\/logo\/image\/"},"sameAs":["https:\/\/www.facebook.com\/Katag.ca"]}]}},"_links":{"self":[{"href":"https:\/\/www.katag.ca\/en\/wp-json\/wp\/v2\/pages\/1040","targetHints":{"allow":["GET"]}}],"collection":[{"href":"https:\/\/www.katag.ca\/en\/wp-json\/wp\/v2\/pages"}],"about":[{"href":"https:\/\/www.katag.ca\/en\/wp-json\/wp\/v2\/types\/page"}],"author":[{"embeddable":true,"href":"https:\/\/www.katag.ca\/en\/wp-json\/wp\/v2\/users\/2"}],"replies":[{"embeddable":true,"href":"https:\/\/www.katag.ca\/en\/wp-json\/wp\/v2\/comments?post=1040"}],"version-history":[{"count":2,"href":"https:\/\/www.katag.ca\/en\/wp-json\/wp\/v2\/pages\/1040\/revisions"}],"predecessor-version":[{"id":2127,"href":"https:\/\/www.katag.ca\/en\/wp-json\/wp\/v2\/pages\/1040\/revisions\/2127"}],"wp:attachment":[{"href":"https:\/\/www.katag.ca\/en\/wp-json\/wp\/v2\/media?parent=1040"}],"curies":[{"name":"wp","href":"https:\/\/api.w.org\/{rel}","templated":true}]}}