{"id":1052,"date":"2015-01-04T23:13:52","date_gmt":"2015-01-04T23:13:52","guid":{"rendered":"http:\/\/www.boutiquekatag.com\/?page_id=1052"},"modified":"2015-01-09T15:34:40","modified_gmt":"2015-01-09T15:34:40","slug":"aventure-38","status":"publish","type":"page","link":"https:\/\/www.katag.ca\/en\/aventure-38\/","title":{"rendered":"Aventure 38"},"content":{"rendered":"<p>Vous vous dirigez en direction du chapiteau et vous r\u00e9alisez que tous les enfants en plein r\u00eave se dirigent aussi dans cette direction! Plus vous vous approchez et plus la musique devient forte! Vous \u00eates maintenant directement au-dessus du chapiteau et r\u00e9alisez qu\u2019il y a des festivit\u00e9s tout autour \u00e9galement. Il y des grandes roues, des montagnes russes, des clowns, etc. Il y a \u00e9galement des amuseurs publics, des enfants partout qui sautent, volent et font toutes sortes d\u2019acrobaties! Vous avez vraiment envie de vous joindre \u00e0 ce cirque et en profiter vous aussi!<\/p>\n<div class=\"btn-container  align-center\"><a class=\"organic-btn  dark-blue-btn small-btn  align-center\" href=\"http:\/\/www.katag.ca\/aventure-74\/\"><span class=\"btn-holder\">Vous d\u00e9sirez vous poser pr\u00e8s du chapiteau<\/span><\/a><\/div>\n<div class=\"btn-container  align-center\"><a class=\"organic-btn  dark-blue-btn small-btn  align-center\" href=\"http:\/\/www.katag.ca\/aventure-58\/\"><span class=\"btn-holder\">Vous pr\u00e9f\u00e9rez explorer les environs du chapiteau<\/span><\/a><\/div>\n<div class=\"btn-container  align-center\"><a class=\"organic-btn  dark-blue-btn small-btn  align-center\" href=\"http:\/\/www.katag.ca\/aventure-9\/\"><span class=\"btn-holder\">Vous choisissez d&#8217;explorer d\u2019autres endroits \u00e0 Manifeste<\/span><\/a><\/div>\n","protected":false},"excerpt":{"rendered":"<p>Vous vous dirigez en direction du chapiteau et vous r\u00e9alisez que tous les enfants en plein r\u00eave se dirigent aussi dans cette direction! Plus vous vous approchez et plus la musique devient forte! Vous \u00eates maintenant directement au-dessus du chapiteau et r\u00e9alisez qu\u2019il y a des festivit\u00e9s tout autour \u00e9galement. Il y des grandes roues, des montagnes russes, des clowns, etc. Il y a \u00e9galement des amuseurs publics, des enfants partout qui sautent, volent et font toutes sortes d\u2019acrobaties! Vous avez vraiment envie de vous joindre \u00e0 ce&#8230;<\/p>\n","protected":false},"author":2,"featured_media":0,"parent":0,"menu_order":0,"comment_status":"closed","ping_status":"closed","template":"","meta":{"footnotes":""},"class_list":["post-1052","page","type-page","status-publish","hentry"],"yoast_head":"<!-- This site is optimized with the Yoast SEO plugin v26.0 - https:\/\/yoast.com\/wordpress\/plugins\/seo\/ -->\n<title>Aventure 38 | Katag<\/title>\n<meta name=\"robots\" content=\"index, follow, max-snippet:-1, max-image-preview:large, max-video-preview:-1\" \/>\n<link rel=\"canonical\" href=\"https:\/\/www.katag.ca\/aventure-38\/\" \/>\n<meta property=\"og:locale\" content=\"en_US\" \/>\n<meta property=\"og:type\" content=\"article\" \/>\n<meta property=\"og:title\" content=\"Aventure 38 | Katag\" \/>\n<meta property=\"og:description\" content=\"Vous vous dirigez en direction du chapiteau et vous r\u00e9alisez que tous les enfants en plein r\u00eave se dirigent aussi dans cette direction! Plus vous vous approchez et plus la musique devient forte! Vous \u00eates maintenant directement au-dessus du chapiteau et r\u00e9alisez qu\u2019il y a des festivit\u00e9s tout autour \u00e9galement. Il y des grandes roues, des montagnes russes, des clowns, etc. Il y a \u00e9galement des amuseurs publics, des enfants partout qui sautent, volent et font toutes sortes d\u2019acrobaties! Vous avez vraiment envie de vous joindre \u00e0 ce...\" \/>\n<meta property=\"og:url\" content=\"https:\/\/www.katag.ca\/aventure-38\/\" \/>\n<meta property=\"og:site_name\" content=\"Katag\" \/>\n<meta property=\"article:publisher\" content=\"https:\/\/www.facebook.com\/Katag.ca\" \/>\n<meta property=\"article:modified_time\" content=\"2015-01-09T15:34:40+00:00\" \/>\n<meta name=\"twitter:card\" content=\"summary_large_image\" \/>\n<meta name=\"twitter:label1\" content=\"Est. reading time\" \/>\n\t<meta name=\"twitter:data1\" content=\"1 minute\" \/>\n<script type=\"application\/ld+json\" class=\"yoast-schema-graph\">{\"@context\":\"https:\/\/schema.org\",\"@graph\":[{\"@type\":\"WebPage\",\"@id\":\"https:\/\/www.katag.ca\/aventure-38\/\",\"url\":\"https:\/\/www.katag.ca\/aventure-38\/\",\"name\":\"Aventure 38 | Katag\",\"isPartOf\":{\"@id\":\"https:\/\/www.katag.ca\/#website\"},\"datePublished\":\"2015-01-04T23:13:52+00:00\",\"dateModified\":\"2015-01-09T15:34:40+00:00\",\"breadcrumb\":{\"@id\":\"https:\/\/www.katag.ca\/aventure-38\/#breadcrumb\"},\"inLanguage\":\"en-US\",\"potentialAction\":[{\"@type\":\"ReadAction\",\"target\":[\"https:\/\/www.katag.ca\/aventure-38\/\"]}]},{\"@type\":\"BreadcrumbList\",\"@id\":\"https:\/\/www.katag.ca\/aventure-38\/#breadcrumb\",\"itemListElement\":[{\"@type\":\"ListItem\",\"position\":1,\"name\":\"Accueil\",\"item\":\"https:\/\/www.katag.ca\/\"},{\"@type\":\"ListItem\",\"position\":2,\"name\":\"Aventure 38\"}]},{\"@type\":\"WebSite\",\"@id\":\"https:\/\/www.katag.ca\/#website\",\"url\":\"https:\/\/www.katag.ca\/\",\"name\":\"Katag\",\"description\":\"LE jeu d'&eacute;p&eacute;es-mousse\",\"publisher\":{\"@id\":\"https:\/\/www.katag.ca\/#organization\"},\"potentialAction\":[{\"@type\":\"SearchAction\",\"target\":{\"@type\":\"EntryPoint\",\"urlTemplate\":\"https:\/\/www.katag.ca\/?s={search_term_string}\"},\"query-input\":{\"@type\":\"PropertyValueSpecification\",\"valueRequired\":true,\"valueName\":\"search_term_string\"}}],\"inLanguage\":\"en-US\"},{\"@type\":\"Organization\",\"@id\":\"https:\/\/www.katag.ca\/#organization\",\"name\":\"Katag\",\"url\":\"https:\/\/www.katag.ca\/\",\"logo\":{\"@type\":\"ImageObject\",\"inLanguage\":\"en-US\",\"@id\":\"https:\/\/www.katag.ca\/#\/schema\/logo\/image\/\",\"url\":\"https:\/\/www.katag.ca\/wp-content\/uploads\/2021\/03\/logo-fr.png\",\"contentUrl\":\"https:\/\/www.katag.ca\/wp-content\/uploads\/2021\/03\/logo-fr.png\",\"width\":338,\"height\":173,\"caption\":\"Katag\"},\"image\":{\"@id\":\"https:\/\/www.katag.ca\/#\/schema\/logo\/image\/\"},\"sameAs\":[\"https:\/\/www.facebook.com\/Katag.ca\"]}]}<\/script>\n<!-- \/ Yoast SEO plugin. -->","yoast_head_json":{"title":"Aventure 38 | Katag","robots":{"index":"index","follow":"follow","max-snippet":"max-snippet:-1","max-image-preview":"max-image-preview:large","max-video-preview":"max-video-preview:-1"},"canonical":"https:\/\/www.katag.ca\/aventure-38\/","og_locale":"en_US","og_type":"article","og_title":"Aventure 38 | Katag","og_description":"Vous vous dirigez en direction du chapiteau et vous r\u00e9alisez que tous les enfants en plein r\u00eave se dirigent aussi dans cette direction! Plus vous vous approchez et plus la musique devient forte! Vous \u00eates maintenant directement au-dessus du chapiteau et r\u00e9alisez qu\u2019il y a des festivit\u00e9s tout autour \u00e9galement. Il y des grandes roues, des montagnes russes, des clowns, etc. Il y a \u00e9galement des amuseurs publics, des enfants partout qui sautent, volent et font toutes sortes d\u2019acrobaties! Vous avez vraiment envie de vous joindre \u00e0 ce...","og_url":"https:\/\/www.katag.ca\/aventure-38\/","og_site_name":"Katag","article_publisher":"https:\/\/www.facebook.com\/Katag.ca","article_modified_time":"2015-01-09T15:34:40+00:00","twitter_card":"summary_large_image","twitter_misc":{"Est. reading time":"1 minute"},"schema":{"@context":"https:\/\/schema.org","@graph":[{"@type":"WebPage","@id":"https:\/\/www.katag.ca\/aventure-38\/","url":"https:\/\/www.katag.ca\/aventure-38\/","name":"Aventure 38 | Katag","isPartOf":{"@id":"https:\/\/www.katag.ca\/#website"},"datePublished":"2015-01-04T23:13:52+00:00","dateModified":"2015-01-09T15:34:40+00:00","breadcrumb":{"@id":"https:\/\/www.katag.ca\/aventure-38\/#breadcrumb"},"inLanguage":"en-US","potentialAction":[{"@type":"ReadAction","target":["https:\/\/www.katag.ca\/aventure-38\/"]}]},{"@type":"BreadcrumbList","@id":"https:\/\/www.katag.ca\/aventure-38\/#breadcrumb","itemListElement":[{"@type":"ListItem","position":1,"name":"Accueil","item":"https:\/\/www.katag.ca\/"},{"@type":"ListItem","position":2,"name":"Aventure 38"}]},{"@type":"WebSite","@id":"https:\/\/www.katag.ca\/#website","url":"https:\/\/www.katag.ca\/","name":"Katag","description":"LE jeu d'&eacute;p&eacute;es-mousse","publisher":{"@id":"https:\/\/www.katag.ca\/#organization"},"potentialAction":[{"@type":"SearchAction","target":{"@type":"EntryPoint","urlTemplate":"https:\/\/www.katag.ca\/?s={search_term_string}"},"query-input":{"@type":"PropertyValueSpecification","valueRequired":true,"valueName":"search_term_string"}}],"inLanguage":"en-US"},{"@type":"Organization","@id":"https:\/\/www.katag.ca\/#organization","name":"Katag","url":"https:\/\/www.katag.ca\/","logo":{"@type":"ImageObject","inLanguage":"en-US","@id":"https:\/\/www.katag.ca\/#\/schema\/logo\/image\/","url":"https:\/\/www.katag.ca\/wp-content\/uploads\/2021\/03\/logo-fr.png","contentUrl":"https:\/\/www.katag.ca\/wp-content\/uploads\/2021\/03\/logo-fr.png","width":338,"height":173,"caption":"Katag"},"image":{"@id":"https:\/\/www.katag.ca\/#\/schema\/logo\/image\/"},"sameAs":["https:\/\/www.facebook.com\/Katag.ca"]}]}},"_links":{"self":[{"href":"https:\/\/www.katag.ca\/en\/wp-json\/wp\/v2\/pages\/1052","targetHints":{"allow":["GET"]}}],"collection":[{"href":"https:\/\/www.katag.ca\/en\/wp-json\/wp\/v2\/pages"}],"about":[{"href":"https:\/\/www.katag.ca\/en\/wp-json\/wp\/v2\/types\/page"}],"author":[{"embeddable":true,"href":"https:\/\/www.katag.ca\/en\/wp-json\/wp\/v2\/users\/2"}],"replies":[{"embeddable":true,"href":"https:\/\/www.katag.ca\/en\/wp-json\/wp\/v2\/comments?post=1052"}],"version-history":[{"count":3,"href":"https:\/\/www.katag.ca\/en\/wp-json\/wp\/v2\/pages\/1052\/revisions"}],"predecessor-version":[{"id":2135,"href":"https:\/\/www.katag.ca\/en\/wp-json\/wp\/v2\/pages\/1052\/revisions\/2135"}],"wp:attachment":[{"href":"https:\/\/www.katag.ca\/en\/wp-json\/wp\/v2\/media?parent=1052"}],"curies":[{"name":"wp","href":"https:\/\/api.w.org\/{rel}","templated":true}]}}