{"id":1056,"date":"2015-01-04T23:15:34","date_gmt":"2015-01-04T23:15:34","guid":{"rendered":"http:\/\/www.boutiquekatag.com\/?page_id=1056"},"modified":"2015-01-09T16:40:14","modified_gmt":"2015-01-09T16:40:14","slug":"aventure-40","status":"publish","type":"page","link":"https:\/\/www.katag.ca\/en\/aventure-40\/","title":{"rendered":"Aventure 40"},"content":{"rendered":"<p>Avant de vous \u00e9craser en plein c\u0153ur du volcan, vous mettez tout votre d\u00e9sir et votre imagination \u00e0 contribution! Vous tentez de vous propulser \u00e0 nouveau dans les airs et, comme par magie, vous partez comme une fl\u00e8che en direction du ciel! Ajoutez un point \u00e0 votre total dans la cat\u00e9gorie r\u00eaves. Vous comprenez qu\u2019il est trop dangereux d\u2019atterrir pr\u00e8s du volcan et que si vous d\u00e9sirez vous poser, vous devrez le faire un peu plus loin de la montagne. <\/p>\n<div class=\"btn-container  align-center\"><a class=\"organic-btn  dark-blue-btn small-btn  align-center\" href=\"http:\/\/www.katag.ca\/aventure-23\/\"><span class=\"btn-holder\">Vous d\u00e9sirez atterrir au pied de la tour<\/span><\/a><\/div>\n<div class=\"btn-container  align-center\"><a class=\"organic-btn  dark-blue-btn small-btn  align-center\" href=\"http:\/\/www.katag.ca\/aventure-9\/\"><span class=\"btn-holder\">Vous pr\u00e9f\u00e9rez rebrousser chemin<\/span><\/a><\/div>\n","protected":false},"excerpt":{"rendered":"<p>Avant de vous \u00e9craser en plein c\u0153ur du volcan, vous mettez tout votre d\u00e9sir et votre imagination \u00e0 contribution! Vous tentez de vous propulser \u00e0 nouveau dans les airs et, comme par magie, vous partez comme une fl\u00e8che en direction du ciel! Ajoutez un point \u00e0 votre total dans la cat\u00e9gorie r\u00eaves. Vous comprenez qu\u2019il est trop dangereux d\u2019atterrir pr\u00e8s du volcan et que si vous d\u00e9sirez vous poser, vous devrez le faire un peu plus loin de la montagne.<\/p>\n","protected":false},"author":2,"featured_media":0,"parent":0,"menu_order":0,"comment_status":"closed","ping_status":"closed","template":"","meta":{"footnotes":""},"class_list":["post-1056","page","type-page","status-publish","hentry"],"yoast_head":"<!-- This site is optimized with the Yoast SEO plugin v26.0 - https:\/\/yoast.com\/wordpress\/plugins\/seo\/ -->\n<title>Aventure 40 | Katag<\/title>\n<meta name=\"robots\" content=\"index, follow, max-snippet:-1, max-image-preview:large, max-video-preview:-1\" \/>\n<link rel=\"canonical\" href=\"https:\/\/www.katag.ca\/aventure-40\/\" \/>\n<meta property=\"og:locale\" content=\"en_US\" \/>\n<meta property=\"og:type\" content=\"article\" \/>\n<meta property=\"og:title\" content=\"Aventure 40 | Katag\" \/>\n<meta property=\"og:description\" content=\"Avant de vous \u00e9craser en plein c\u0153ur du volcan, vous mettez tout votre d\u00e9sir et votre imagination \u00e0 contribution! Vous tentez de vous propulser \u00e0 nouveau dans les airs et, comme par magie, vous partez comme une fl\u00e8che en direction du ciel! Ajoutez un point \u00e0 votre total dans la cat\u00e9gorie r\u00eaves. Vous comprenez qu\u2019il est trop dangereux d\u2019atterrir pr\u00e8s du volcan et que si vous d\u00e9sirez vous poser, vous devrez le faire un peu plus loin de la montagne.\" \/>\n<meta property=\"og:url\" content=\"https:\/\/www.katag.ca\/aventure-40\/\" \/>\n<meta property=\"og:site_name\" content=\"Katag\" \/>\n<meta property=\"article:publisher\" content=\"https:\/\/www.facebook.com\/Katag.ca\" \/>\n<meta property=\"article:modified_time\" content=\"2015-01-09T16:40:14+00:00\" \/>\n<meta name=\"twitter:card\" content=\"summary_large_image\" \/>\n<meta name=\"twitter:label1\" content=\"Est. reading time\" \/>\n\t<meta name=\"twitter:data1\" content=\"1 minute\" \/>\n<script type=\"application\/ld+json\" class=\"yoast-schema-graph\">{\"@context\":\"https:\/\/schema.org\",\"@graph\":[{\"@type\":\"WebPage\",\"@id\":\"https:\/\/www.katag.ca\/aventure-40\/\",\"url\":\"https:\/\/www.katag.ca\/aventure-40\/\",\"name\":\"Aventure 40 | Katag\",\"isPartOf\":{\"@id\":\"https:\/\/www.katag.ca\/#website\"},\"datePublished\":\"2015-01-04T23:15:34+00:00\",\"dateModified\":\"2015-01-09T16:40:14+00:00\",\"breadcrumb\":{\"@id\":\"https:\/\/www.katag.ca\/aventure-40\/#breadcrumb\"},\"inLanguage\":\"en-US\",\"potentialAction\":[{\"@type\":\"ReadAction\",\"target\":[\"https:\/\/www.katag.ca\/aventure-40\/\"]}]},{\"@type\":\"BreadcrumbList\",\"@id\":\"https:\/\/www.katag.ca\/aventure-40\/#breadcrumb\",\"itemListElement\":[{\"@type\":\"ListItem\",\"position\":1,\"name\":\"Accueil\",\"item\":\"https:\/\/www.katag.ca\/\"},{\"@type\":\"ListItem\",\"position\":2,\"name\":\"Aventure 40\"}]},{\"@type\":\"WebSite\",\"@id\":\"https:\/\/www.katag.ca\/#website\",\"url\":\"https:\/\/www.katag.ca\/\",\"name\":\"Katag\",\"description\":\"LE jeu d'&eacute;p&eacute;es-mousse\",\"publisher\":{\"@id\":\"https:\/\/www.katag.ca\/#organization\"},\"potentialAction\":[{\"@type\":\"SearchAction\",\"target\":{\"@type\":\"EntryPoint\",\"urlTemplate\":\"https:\/\/www.katag.ca\/?s={search_term_string}\"},\"query-input\":{\"@type\":\"PropertyValueSpecification\",\"valueRequired\":true,\"valueName\":\"search_term_string\"}}],\"inLanguage\":\"en-US\"},{\"@type\":\"Organization\",\"@id\":\"https:\/\/www.katag.ca\/#organization\",\"name\":\"Katag\",\"url\":\"https:\/\/www.katag.ca\/\",\"logo\":{\"@type\":\"ImageObject\",\"inLanguage\":\"en-US\",\"@id\":\"https:\/\/www.katag.ca\/#\/schema\/logo\/image\/\",\"url\":\"https:\/\/www.katag.ca\/wp-content\/uploads\/2021\/03\/logo-fr.png\",\"contentUrl\":\"https:\/\/www.katag.ca\/wp-content\/uploads\/2021\/03\/logo-fr.png\",\"width\":338,\"height\":173,\"caption\":\"Katag\"},\"image\":{\"@id\":\"https:\/\/www.katag.ca\/#\/schema\/logo\/image\/\"},\"sameAs\":[\"https:\/\/www.facebook.com\/Katag.ca\"]}]}<\/script>\n<!-- \/ Yoast SEO plugin. -->","yoast_head_json":{"title":"Aventure 40 | Katag","robots":{"index":"index","follow":"follow","max-snippet":"max-snippet:-1","max-image-preview":"max-image-preview:large","max-video-preview":"max-video-preview:-1"},"canonical":"https:\/\/www.katag.ca\/aventure-40\/","og_locale":"en_US","og_type":"article","og_title":"Aventure 40 | Katag","og_description":"Avant de vous \u00e9craser en plein c\u0153ur du volcan, vous mettez tout votre d\u00e9sir et votre imagination \u00e0 contribution! Vous tentez de vous propulser \u00e0 nouveau dans les airs et, comme par magie, vous partez comme une fl\u00e8che en direction du ciel! Ajoutez un point \u00e0 votre total dans la cat\u00e9gorie r\u00eaves. Vous comprenez qu\u2019il est trop dangereux d\u2019atterrir pr\u00e8s du volcan et que si vous d\u00e9sirez vous poser, vous devrez le faire un peu plus loin de la montagne.","og_url":"https:\/\/www.katag.ca\/aventure-40\/","og_site_name":"Katag","article_publisher":"https:\/\/www.facebook.com\/Katag.ca","article_modified_time":"2015-01-09T16:40:14+00:00","twitter_card":"summary_large_image","twitter_misc":{"Est. reading time":"1 minute"},"schema":{"@context":"https:\/\/schema.org","@graph":[{"@type":"WebPage","@id":"https:\/\/www.katag.ca\/aventure-40\/","url":"https:\/\/www.katag.ca\/aventure-40\/","name":"Aventure 40 | Katag","isPartOf":{"@id":"https:\/\/www.katag.ca\/#website"},"datePublished":"2015-01-04T23:15:34+00:00","dateModified":"2015-01-09T16:40:14+00:00","breadcrumb":{"@id":"https:\/\/www.katag.ca\/aventure-40\/#breadcrumb"},"inLanguage":"en-US","potentialAction":[{"@type":"ReadAction","target":["https:\/\/www.katag.ca\/aventure-40\/"]}]},{"@type":"BreadcrumbList","@id":"https:\/\/www.katag.ca\/aventure-40\/#breadcrumb","itemListElement":[{"@type":"ListItem","position":1,"name":"Accueil","item":"https:\/\/www.katag.ca\/"},{"@type":"ListItem","position":2,"name":"Aventure 40"}]},{"@type":"WebSite","@id":"https:\/\/www.katag.ca\/#website","url":"https:\/\/www.katag.ca\/","name":"Katag","description":"LE jeu d'&eacute;p&eacute;es-mousse","publisher":{"@id":"https:\/\/www.katag.ca\/#organization"},"potentialAction":[{"@type":"SearchAction","target":{"@type":"EntryPoint","urlTemplate":"https:\/\/www.katag.ca\/?s={search_term_string}"},"query-input":{"@type":"PropertyValueSpecification","valueRequired":true,"valueName":"search_term_string"}}],"inLanguage":"en-US"},{"@type":"Organization","@id":"https:\/\/www.katag.ca\/#organization","name":"Katag","url":"https:\/\/www.katag.ca\/","logo":{"@type":"ImageObject","inLanguage":"en-US","@id":"https:\/\/www.katag.ca\/#\/schema\/logo\/image\/","url":"https:\/\/www.katag.ca\/wp-content\/uploads\/2021\/03\/logo-fr.png","contentUrl":"https:\/\/www.katag.ca\/wp-content\/uploads\/2021\/03\/logo-fr.png","width":338,"height":173,"caption":"Katag"},"image":{"@id":"https:\/\/www.katag.ca\/#\/schema\/logo\/image\/"},"sameAs":["https:\/\/www.facebook.com\/Katag.ca"]}]}},"_links":{"self":[{"href":"https:\/\/www.katag.ca\/en\/wp-json\/wp\/v2\/pages\/1056","targetHints":{"allow":["GET"]}}],"collection":[{"href":"https:\/\/www.katag.ca\/en\/wp-json\/wp\/v2\/pages"}],"about":[{"href":"https:\/\/www.katag.ca\/en\/wp-json\/wp\/v2\/types\/page"}],"author":[{"embeddable":true,"href":"https:\/\/www.katag.ca\/en\/wp-json\/wp\/v2\/users\/2"}],"replies":[{"embeddable":true,"href":"https:\/\/www.katag.ca\/en\/wp-json\/wp\/v2\/comments?post=1056"}],"version-history":[{"count":2,"href":"https:\/\/www.katag.ca\/en\/wp-json\/wp\/v2\/pages\/1056\/revisions"}],"predecessor-version":[{"id":2224,"href":"https:\/\/www.katag.ca\/en\/wp-json\/wp\/v2\/pages\/1056\/revisions\/2224"}],"wp:attachment":[{"href":"https:\/\/www.katag.ca\/en\/wp-json\/wp\/v2\/media?parent=1056"}],"curies":[{"name":"wp","href":"https:\/\/api.w.org\/{rel}","templated":true}]}}