{"id":1060,"date":"2015-01-04T23:17:11","date_gmt":"2015-01-04T23:17:11","guid":{"rendered":"http:\/\/www.boutiquekatag.com\/?page_id=1060"},"modified":"2015-01-09T16:42:04","modified_gmt":"2015-01-09T16:42:04","slug":"aventure-42","status":"publish","type":"page","link":"https:\/\/www.katag.ca\/en\/aventure-42\/","title":{"rendered":"Aventure 42"},"content":{"rendered":"<p>Vous arrivez maintenant \u00e0 proximit\u00e9 de ce qui vous avait paru \u00e0 prime abord \u00eatre un cube, mais vous constatez que ceci est en fait une immense b\u00e2tisse construite avec de tr\u00e8s grosses pierres. Vous avez une curieuse impression qu\u2019il s\u2019agit d\u2019un b\u00e2timent militaire. Soudain, vous apercevez une moto volante qui se dirige rapidement vers vous et, avant m\u00eame que vous n\u2019ayez le temps de r\u00e9agir, elle s\u2019immobilise tout pr\u00e8s de vous, flottant sur place. Le conducteur vous adresse la parole \u00ab Que faites-vous ici? Ceci est un espace a\u00e9rien militaire s\u00e9curis\u00e9 et il est interdit de s\u2019en approcher. \u00cates-vous un espion? Qui vous a envoy\u00e9 ici? Allez, r\u00e9pondez ou je vous arr\u00eate sur le champ! \u00bb Qu\u2019allez-vous faire?<\/p>\n<div class=\"btn-container  align-center\"><a class=\"organic-btn  dark-blue-btn small-btn  align-center\" href=\"http:\/\/www.katag.ca\/aventure-43\/\"><span class=\"btn-holder\">Vous d\u00e9sirez lui dire que vous n\u2019\u00eates qu\u2019un r\u00eaveur \u00e9gar\u00e9<\/span><\/a><\/div>\n<div class=\"btn-container  align-center\"><a class=\"organic-btn  dark-blue-btn small-btn  align-center\" href=\"http:\/\/www.katag.ca\/aventure-34\/\"><span class=\"btn-holder\">Vous pr\u00e9f\u00e9rez tenter de prendre la fuite<\/span><\/a><\/div>\n","protected":false},"excerpt":{"rendered":"<p>Vous arrivez maintenant \u00e0 proximit\u00e9 de ce qui vous avait paru \u00e0 prime abord \u00eatre un cube, mais vous constatez que ceci est en fait une immense b\u00e2tisse construite avec de tr\u00e8s grosses pierres. Vous avez une curieuse impression qu\u2019il s\u2019agit d\u2019un b\u00e2timent militaire. Soudain, vous apercevez une moto volante qui se dirige rapidement vers vous et, avant m\u00eame que vous n\u2019ayez le temps de r\u00e9agir, elle s\u2019immobilise tout pr\u00e8s de vous, flottant sur place. Le conducteur vous adresse la parole \u00ab Que faites-vous ici? Ceci est un&#8230;<\/p>\n","protected":false},"author":2,"featured_media":0,"parent":0,"menu_order":0,"comment_status":"closed","ping_status":"closed","template":"","meta":{"footnotes":""},"class_list":["post-1060","page","type-page","status-publish","hentry"],"yoast_head":"<!-- This site is optimized with the Yoast SEO plugin v26.0 - https:\/\/yoast.com\/wordpress\/plugins\/seo\/ -->\n<title>Aventure 42 | Katag<\/title>\n<meta name=\"robots\" content=\"index, follow, max-snippet:-1, max-image-preview:large, max-video-preview:-1\" \/>\n<link rel=\"canonical\" href=\"https:\/\/www.katag.ca\/en\/aventure-42\/\" \/>\n<meta property=\"og:locale\" content=\"en_US\" \/>\n<meta property=\"og:type\" content=\"article\" \/>\n<meta property=\"og:title\" content=\"Aventure 42 | Katag\" \/>\n<meta property=\"og:description\" content=\"Vous arrivez maintenant \u00e0 proximit\u00e9 de ce qui vous avait paru \u00e0 prime abord \u00eatre un cube, mais vous constatez que ceci est en fait une immense b\u00e2tisse construite avec de tr\u00e8s grosses pierres. Vous avez une curieuse impression qu\u2019il s\u2019agit d\u2019un b\u00e2timent militaire. Soudain, vous apercevez une moto volante qui se dirige rapidement vers vous et, avant m\u00eame que vous n\u2019ayez le temps de r\u00e9agir, elle s\u2019immobilise tout pr\u00e8s de vous, flottant sur place. Le conducteur vous adresse la parole \u00ab Que faites-vous ici? Ceci est un...\" \/>\n<meta property=\"og:url\" content=\"https:\/\/www.katag.ca\/en\/aventure-42\/\" \/>\n<meta property=\"og:site_name\" content=\"Katag\" \/>\n<meta property=\"article:publisher\" content=\"https:\/\/www.facebook.com\/Katag.ca\" \/>\n<meta property=\"article:modified_time\" content=\"2015-01-09T16:42:04+00:00\" \/>\n<meta name=\"twitter:card\" content=\"summary_large_image\" \/>\n<meta name=\"twitter:label1\" content=\"Est. reading time\" \/>\n\t<meta name=\"twitter:data1\" content=\"1 minute\" \/>\n<script type=\"application\/ld+json\" class=\"yoast-schema-graph\">{\"@context\":\"https:\/\/schema.org\",\"@graph\":[{\"@type\":\"WebPage\",\"@id\":\"https:\/\/www.katag.ca\/en\/aventure-42\/\",\"url\":\"https:\/\/www.katag.ca\/en\/aventure-42\/\",\"name\":\"Aventure 42 | Katag\",\"isPartOf\":{\"@id\":\"https:\/\/www.katag.ca\/#website\"},\"datePublished\":\"2015-01-04T23:17:11+00:00\",\"dateModified\":\"2015-01-09T16:42:04+00:00\",\"breadcrumb\":{\"@id\":\"https:\/\/www.katag.ca\/en\/aventure-42\/#breadcrumb\"},\"inLanguage\":\"en-US\",\"potentialAction\":[{\"@type\":\"ReadAction\",\"target\":[\"https:\/\/www.katag.ca\/en\/aventure-42\/\"]}]},{\"@type\":\"BreadcrumbList\",\"@id\":\"https:\/\/www.katag.ca\/en\/aventure-42\/#breadcrumb\",\"itemListElement\":[{\"@type\":\"ListItem\",\"position\":1,\"name\":\"Accueil\",\"item\":\"https:\/\/www.katag.ca\/\"},{\"@type\":\"ListItem\",\"position\":2,\"name\":\"Aventure 42\"}]},{\"@type\":\"WebSite\",\"@id\":\"https:\/\/www.katag.ca\/#website\",\"url\":\"https:\/\/www.katag.ca\/\",\"name\":\"Katag\",\"description\":\"LE jeu d'&eacute;p&eacute;es-mousse\",\"publisher\":{\"@id\":\"https:\/\/www.katag.ca\/#organization\"},\"potentialAction\":[{\"@type\":\"SearchAction\",\"target\":{\"@type\":\"EntryPoint\",\"urlTemplate\":\"https:\/\/www.katag.ca\/?s={search_term_string}\"},\"query-input\":{\"@type\":\"PropertyValueSpecification\",\"valueRequired\":true,\"valueName\":\"search_term_string\"}}],\"inLanguage\":\"en-US\"},{\"@type\":\"Organization\",\"@id\":\"https:\/\/www.katag.ca\/#organization\",\"name\":\"Katag\",\"url\":\"https:\/\/www.katag.ca\/\",\"logo\":{\"@type\":\"ImageObject\",\"inLanguage\":\"en-US\",\"@id\":\"https:\/\/www.katag.ca\/#\/schema\/logo\/image\/\",\"url\":\"https:\/\/www.katag.ca\/wp-content\/uploads\/2021\/03\/logo-fr.png\",\"contentUrl\":\"https:\/\/www.katag.ca\/wp-content\/uploads\/2021\/03\/logo-fr.png\",\"width\":338,\"height\":173,\"caption\":\"Katag\"},\"image\":{\"@id\":\"https:\/\/www.katag.ca\/#\/schema\/logo\/image\/\"},\"sameAs\":[\"https:\/\/www.facebook.com\/Katag.ca\"]}]}<\/script>\n<!-- \/ Yoast SEO plugin. -->","yoast_head_json":{"title":"Aventure 42 | Katag","robots":{"index":"index","follow":"follow","max-snippet":"max-snippet:-1","max-image-preview":"max-image-preview:large","max-video-preview":"max-video-preview:-1"},"canonical":"https:\/\/www.katag.ca\/en\/aventure-42\/","og_locale":"en_US","og_type":"article","og_title":"Aventure 42 | Katag","og_description":"Vous arrivez maintenant \u00e0 proximit\u00e9 de ce qui vous avait paru \u00e0 prime abord \u00eatre un cube, mais vous constatez que ceci est en fait une immense b\u00e2tisse construite avec de tr\u00e8s grosses pierres. Vous avez une curieuse impression qu\u2019il s\u2019agit d\u2019un b\u00e2timent militaire. Soudain, vous apercevez une moto volante qui se dirige rapidement vers vous et, avant m\u00eame que vous n\u2019ayez le temps de r\u00e9agir, elle s\u2019immobilise tout pr\u00e8s de vous, flottant sur place. Le conducteur vous adresse la parole \u00ab Que faites-vous ici? Ceci est un...","og_url":"https:\/\/www.katag.ca\/en\/aventure-42\/","og_site_name":"Katag","article_publisher":"https:\/\/www.facebook.com\/Katag.ca","article_modified_time":"2015-01-09T16:42:04+00:00","twitter_card":"summary_large_image","twitter_misc":{"Est. reading time":"1 minute"},"schema":{"@context":"https:\/\/schema.org","@graph":[{"@type":"WebPage","@id":"https:\/\/www.katag.ca\/en\/aventure-42\/","url":"https:\/\/www.katag.ca\/en\/aventure-42\/","name":"Aventure 42 | Katag","isPartOf":{"@id":"https:\/\/www.katag.ca\/#website"},"datePublished":"2015-01-04T23:17:11+00:00","dateModified":"2015-01-09T16:42:04+00:00","breadcrumb":{"@id":"https:\/\/www.katag.ca\/en\/aventure-42\/#breadcrumb"},"inLanguage":"en-US","potentialAction":[{"@type":"ReadAction","target":["https:\/\/www.katag.ca\/en\/aventure-42\/"]}]},{"@type":"BreadcrumbList","@id":"https:\/\/www.katag.ca\/en\/aventure-42\/#breadcrumb","itemListElement":[{"@type":"ListItem","position":1,"name":"Accueil","item":"https:\/\/www.katag.ca\/"},{"@type":"ListItem","position":2,"name":"Aventure 42"}]},{"@type":"WebSite","@id":"https:\/\/www.katag.ca\/#website","url":"https:\/\/www.katag.ca\/","name":"Katag","description":"LE jeu d'&eacute;p&eacute;es-mousse","publisher":{"@id":"https:\/\/www.katag.ca\/#organization"},"potentialAction":[{"@type":"SearchAction","target":{"@type":"EntryPoint","urlTemplate":"https:\/\/www.katag.ca\/?s={search_term_string}"},"query-input":{"@type":"PropertyValueSpecification","valueRequired":true,"valueName":"search_term_string"}}],"inLanguage":"en-US"},{"@type":"Organization","@id":"https:\/\/www.katag.ca\/#organization","name":"Katag","url":"https:\/\/www.katag.ca\/","logo":{"@type":"ImageObject","inLanguage":"en-US","@id":"https:\/\/www.katag.ca\/#\/schema\/logo\/image\/","url":"https:\/\/www.katag.ca\/wp-content\/uploads\/2021\/03\/logo-fr.png","contentUrl":"https:\/\/www.katag.ca\/wp-content\/uploads\/2021\/03\/logo-fr.png","width":338,"height":173,"caption":"Katag"},"image":{"@id":"https:\/\/www.katag.ca\/#\/schema\/logo\/image\/"},"sameAs":["https:\/\/www.facebook.com\/Katag.ca"]}]}},"_links":{"self":[{"href":"https:\/\/www.katag.ca\/en\/wp-json\/wp\/v2\/pages\/1060","targetHints":{"allow":["GET"]}}],"collection":[{"href":"https:\/\/www.katag.ca\/en\/wp-json\/wp\/v2\/pages"}],"about":[{"href":"https:\/\/www.katag.ca\/en\/wp-json\/wp\/v2\/types\/page"}],"author":[{"embeddable":true,"href":"https:\/\/www.katag.ca\/en\/wp-json\/wp\/v2\/users\/2"}],"replies":[{"embeddable":true,"href":"https:\/\/www.katag.ca\/en\/wp-json\/wp\/v2\/comments?post=1060"}],"version-history":[{"count":2,"href":"https:\/\/www.katag.ca\/en\/wp-json\/wp\/v2\/pages\/1060\/revisions"}],"predecessor-version":[{"id":2226,"href":"https:\/\/www.katag.ca\/en\/wp-json\/wp\/v2\/pages\/1060\/revisions\/2226"}],"wp:attachment":[{"href":"https:\/\/www.katag.ca\/en\/wp-json\/wp\/v2\/media?parent=1060"}],"curies":[{"name":"wp","href":"https:\/\/api.w.org\/{rel}","templated":true}]}}