{"id":1062,"date":"2015-01-04T23:17:57","date_gmt":"2015-01-04T23:17:57","guid":{"rendered":"http:\/\/www.boutiquekatag.com\/?page_id=1062"},"modified":"2015-01-09T16:42:55","modified_gmt":"2015-01-09T16:42:55","slug":"aventure-43","status":"publish","type":"page","link":"https:\/\/www.katag.ca\/en\/aventure-43\/","title":{"rendered":"Aventure 43"},"content":{"rendered":"<p>\u00ab Ah oui, vous r\u00e9pond-il, prouvez-le! Qui a \u00e9t\u00e9 \u00e9lu pr\u00e9sident du Canada en 1811? \u00bb Vous \u00eates bouche b\u00e9e. Vous n\u2019avez absolument aucune id\u00e9e de la r\u00e9ponse. \u00ab Il vous regarde toujours d\u2019un air louche. \u00ab Vous ne le savez pas? Alors pouvez-vous me dire comment on appelle un chien \u00e0 trois pattes? \u00bb<\/p>\n<div class=\"btn-container  align-center\"><a class=\"organic-btn  dark-blue-btn small-btn  align-center\" href=\"http:\/\/www.katag.ca\/aventure-55\/\"><span class=\"btn-holder\">Vous d\u00e9sirez lui r\u00e9pondre que vous n\u2019avez aucune id\u00e9e<\/span><\/a><\/div>\n<div class=\"btn-container  align-center\"><a class=\"organic-btn  dark-blue-btn small-btn  align-center\" href=\"http:\/\/www.katag.ca\/aventure-70\/\"><span class=\"btn-holder\">Vous pr\u00e9f\u00e9rez lui r\u00e9pondre \u00ab On ne l\u2019appelle pas, on va le chercher \u00bb<\/span><\/a><\/div>\n","protected":false},"excerpt":{"rendered":"<p>\u00ab Ah oui, vous r\u00e9pond-il, prouvez-le! Qui a \u00e9t\u00e9 \u00e9lu pr\u00e9sident du Canada en 1811? \u00bb Vous \u00eates bouche b\u00e9e. Vous n\u2019avez absolument aucune id\u00e9e de la r\u00e9ponse. \u00ab Il vous regarde toujours d\u2019un air louche. \u00ab Vous ne le savez pas? Alors pouvez-vous me dire comment on appelle un chien \u00e0 trois pattes? \u00bb<\/p>\n","protected":false},"author":2,"featured_media":0,"parent":0,"menu_order":0,"comment_status":"closed","ping_status":"closed","template":"","meta":{"footnotes":""},"class_list":["post-1062","page","type-page","status-publish","hentry"],"yoast_head":"<!-- This site is optimized with the Yoast SEO plugin v26.0 - https:\/\/yoast.com\/wordpress\/plugins\/seo\/ -->\n<title>Aventure 43 | Katag<\/title>\n<meta name=\"robots\" content=\"index, follow, max-snippet:-1, max-image-preview:large, max-video-preview:-1\" \/>\n<link rel=\"canonical\" href=\"https:\/\/www.katag.ca\/aventure-43\/\" \/>\n<meta property=\"og:locale\" content=\"en_US\" \/>\n<meta property=\"og:type\" content=\"article\" \/>\n<meta property=\"og:title\" content=\"Aventure 43 | Katag\" \/>\n<meta property=\"og:description\" content=\"\u00ab Ah oui, vous r\u00e9pond-il, prouvez-le! Qui a \u00e9t\u00e9 \u00e9lu pr\u00e9sident du Canada en 1811? \u00bb Vous \u00eates bouche b\u00e9e. Vous n\u2019avez absolument aucune id\u00e9e de la r\u00e9ponse. \u00ab Il vous regarde toujours d\u2019un air louche. \u00ab Vous ne le savez pas? Alors pouvez-vous me dire comment on appelle un chien \u00e0 trois pattes? \u00bb\" \/>\n<meta property=\"og:url\" content=\"https:\/\/www.katag.ca\/aventure-43\/\" \/>\n<meta property=\"og:site_name\" content=\"Katag\" \/>\n<meta property=\"article:publisher\" content=\"https:\/\/www.facebook.com\/Katag.ca\" \/>\n<meta property=\"article:modified_time\" content=\"2015-01-09T16:42:55+00:00\" \/>\n<meta name=\"twitter:card\" content=\"summary_large_image\" \/>\n<meta name=\"twitter:label1\" content=\"Est. reading time\" \/>\n\t<meta name=\"twitter:data1\" content=\"1 minute\" \/>\n<script type=\"application\/ld+json\" class=\"yoast-schema-graph\">{\"@context\":\"https:\/\/schema.org\",\"@graph\":[{\"@type\":\"WebPage\",\"@id\":\"https:\/\/www.katag.ca\/aventure-43\/\",\"url\":\"https:\/\/www.katag.ca\/aventure-43\/\",\"name\":\"Aventure 43 | Katag\",\"isPartOf\":{\"@id\":\"https:\/\/www.katag.ca\/#website\"},\"datePublished\":\"2015-01-04T23:17:57+00:00\",\"dateModified\":\"2015-01-09T16:42:55+00:00\",\"breadcrumb\":{\"@id\":\"https:\/\/www.katag.ca\/aventure-43\/#breadcrumb\"},\"inLanguage\":\"en-US\",\"potentialAction\":[{\"@type\":\"ReadAction\",\"target\":[\"https:\/\/www.katag.ca\/aventure-43\/\"]}]},{\"@type\":\"BreadcrumbList\",\"@id\":\"https:\/\/www.katag.ca\/aventure-43\/#breadcrumb\",\"itemListElement\":[{\"@type\":\"ListItem\",\"position\":1,\"name\":\"Accueil\",\"item\":\"https:\/\/www.katag.ca\/\"},{\"@type\":\"ListItem\",\"position\":2,\"name\":\"Aventure 43\"}]},{\"@type\":\"WebSite\",\"@id\":\"https:\/\/www.katag.ca\/#website\",\"url\":\"https:\/\/www.katag.ca\/\",\"name\":\"Katag\",\"description\":\"LE jeu d'&eacute;p&eacute;es-mousse\",\"publisher\":{\"@id\":\"https:\/\/www.katag.ca\/#organization\"},\"potentialAction\":[{\"@type\":\"SearchAction\",\"target\":{\"@type\":\"EntryPoint\",\"urlTemplate\":\"https:\/\/www.katag.ca\/?s={search_term_string}\"},\"query-input\":{\"@type\":\"PropertyValueSpecification\",\"valueRequired\":true,\"valueName\":\"search_term_string\"}}],\"inLanguage\":\"en-US\"},{\"@type\":\"Organization\",\"@id\":\"https:\/\/www.katag.ca\/#organization\",\"name\":\"Katag\",\"url\":\"https:\/\/www.katag.ca\/\",\"logo\":{\"@type\":\"ImageObject\",\"inLanguage\":\"en-US\",\"@id\":\"https:\/\/www.katag.ca\/#\/schema\/logo\/image\/\",\"url\":\"https:\/\/www.katag.ca\/wp-content\/uploads\/2021\/03\/logo-fr.png\",\"contentUrl\":\"https:\/\/www.katag.ca\/wp-content\/uploads\/2021\/03\/logo-fr.png\",\"width\":338,\"height\":173,\"caption\":\"Katag\"},\"image\":{\"@id\":\"https:\/\/www.katag.ca\/#\/schema\/logo\/image\/\"},\"sameAs\":[\"https:\/\/www.facebook.com\/Katag.ca\"]}]}<\/script>\n<!-- \/ Yoast SEO plugin. -->","yoast_head_json":{"title":"Aventure 43 | Katag","robots":{"index":"index","follow":"follow","max-snippet":"max-snippet:-1","max-image-preview":"max-image-preview:large","max-video-preview":"max-video-preview:-1"},"canonical":"https:\/\/www.katag.ca\/aventure-43\/","og_locale":"en_US","og_type":"article","og_title":"Aventure 43 | Katag","og_description":"\u00ab Ah oui, vous r\u00e9pond-il, prouvez-le! Qui a \u00e9t\u00e9 \u00e9lu pr\u00e9sident du Canada en 1811? \u00bb Vous \u00eates bouche b\u00e9e. Vous n\u2019avez absolument aucune id\u00e9e de la r\u00e9ponse. \u00ab Il vous regarde toujours d\u2019un air louche. \u00ab Vous ne le savez pas? Alors pouvez-vous me dire comment on appelle un chien \u00e0 trois pattes? \u00bb","og_url":"https:\/\/www.katag.ca\/aventure-43\/","og_site_name":"Katag","article_publisher":"https:\/\/www.facebook.com\/Katag.ca","article_modified_time":"2015-01-09T16:42:55+00:00","twitter_card":"summary_large_image","twitter_misc":{"Est. reading time":"1 minute"},"schema":{"@context":"https:\/\/schema.org","@graph":[{"@type":"WebPage","@id":"https:\/\/www.katag.ca\/aventure-43\/","url":"https:\/\/www.katag.ca\/aventure-43\/","name":"Aventure 43 | Katag","isPartOf":{"@id":"https:\/\/www.katag.ca\/#website"},"datePublished":"2015-01-04T23:17:57+00:00","dateModified":"2015-01-09T16:42:55+00:00","breadcrumb":{"@id":"https:\/\/www.katag.ca\/aventure-43\/#breadcrumb"},"inLanguage":"en-US","potentialAction":[{"@type":"ReadAction","target":["https:\/\/www.katag.ca\/aventure-43\/"]}]},{"@type":"BreadcrumbList","@id":"https:\/\/www.katag.ca\/aventure-43\/#breadcrumb","itemListElement":[{"@type":"ListItem","position":1,"name":"Accueil","item":"https:\/\/www.katag.ca\/"},{"@type":"ListItem","position":2,"name":"Aventure 43"}]},{"@type":"WebSite","@id":"https:\/\/www.katag.ca\/#website","url":"https:\/\/www.katag.ca\/","name":"Katag","description":"LE jeu d'&eacute;p&eacute;es-mousse","publisher":{"@id":"https:\/\/www.katag.ca\/#organization"},"potentialAction":[{"@type":"SearchAction","target":{"@type":"EntryPoint","urlTemplate":"https:\/\/www.katag.ca\/?s={search_term_string}"},"query-input":{"@type":"PropertyValueSpecification","valueRequired":true,"valueName":"search_term_string"}}],"inLanguage":"en-US"},{"@type":"Organization","@id":"https:\/\/www.katag.ca\/#organization","name":"Katag","url":"https:\/\/www.katag.ca\/","logo":{"@type":"ImageObject","inLanguage":"en-US","@id":"https:\/\/www.katag.ca\/#\/schema\/logo\/image\/","url":"https:\/\/www.katag.ca\/wp-content\/uploads\/2021\/03\/logo-fr.png","contentUrl":"https:\/\/www.katag.ca\/wp-content\/uploads\/2021\/03\/logo-fr.png","width":338,"height":173,"caption":"Katag"},"image":{"@id":"https:\/\/www.katag.ca\/#\/schema\/logo\/image\/"},"sameAs":["https:\/\/www.facebook.com\/Katag.ca"]}]}},"_links":{"self":[{"href":"https:\/\/www.katag.ca\/en\/wp-json\/wp\/v2\/pages\/1062","targetHints":{"allow":["GET"]}}],"collection":[{"href":"https:\/\/www.katag.ca\/en\/wp-json\/wp\/v2\/pages"}],"about":[{"href":"https:\/\/www.katag.ca\/en\/wp-json\/wp\/v2\/types\/page"}],"author":[{"embeddable":true,"href":"https:\/\/www.katag.ca\/en\/wp-json\/wp\/v2\/users\/2"}],"replies":[{"embeddable":true,"href":"https:\/\/www.katag.ca\/en\/wp-json\/wp\/v2\/comments?post=1062"}],"version-history":[{"count":3,"href":"https:\/\/www.katag.ca\/en\/wp-json\/wp\/v2\/pages\/1062\/revisions"}],"predecessor-version":[{"id":2228,"href":"https:\/\/www.katag.ca\/en\/wp-json\/wp\/v2\/pages\/1062\/revisions\/2228"}],"wp:attachment":[{"href":"https:\/\/www.katag.ca\/en\/wp-json\/wp\/v2\/media?parent=1062"}],"curies":[{"name":"wp","href":"https:\/\/api.w.org\/{rel}","templated":true}]}}