{"id":1066,"date":"2015-01-04T23:19:04","date_gmt":"2015-01-04T23:19:04","guid":{"rendered":"http:\/\/www.boutiquekatag.com\/?page_id=1066"},"modified":"2015-01-09T16:44:18","modified_gmt":"2015-01-09T16:44:18","slug":"aventure-45","status":"publish","type":"page","link":"https:\/\/www.katag.ca\/en\/aventure-45\/","title":{"rendered":"Aventure 45"},"content":{"rendered":"<p>Les hommes vous regardent filer \u00e0 toute vitesse et rient de bon c\u0153ur! Vous l\u2019avez \u00e9chapp\u00e9 belle. Aucun d\u2019eux ne vous poursuit! Ajoutez un point \u00e0 votre total dans la cat\u00e9gorie agilit\u00e9. Vous continuez et arrivez bient\u00f4t \u00e0 la fin du quai. Sur votre gauche, se trouve une rue illumin\u00e9e et, \u00e0 votre droite, vous pouvez voir un panneau sur lequel est inscrit Transkara 6.<\/p>\n<div class=\"btn-container  align-center\"><a class=\"organic-btn  dark-blue-btn small-btn  align-center\" href=\"http:\/\/www.katag.ca\/aventure-27\/\"><span class=\"btn-holder\">Vous d\u00e9sirez vous diriger vers la rue illumin\u00e9e<\/span><\/a><\/div>\n<div class=\"btn-container  align-center\"><a class=\"organic-btn  dark-blue-btn small-btn  align-center\" href=\"http:\/\/www.katag.ca\/aventure-28\/\"><span class=\"btn-holder\">Vous pr\u00e9f\u00e9rez vous diriger vers le panneau<\/span><\/a><\/div>\n","protected":false},"excerpt":{"rendered":"<p>Les hommes vous regardent filer \u00e0 toute vitesse et rient de bon c\u0153ur! Vous l\u2019avez \u00e9chapp\u00e9 belle. Aucun d\u2019eux ne vous poursuit! Ajoutez un point \u00e0 votre total dans la cat\u00e9gorie agilit\u00e9. Vous continuez et arrivez bient\u00f4t \u00e0 la fin du quai. Sur votre gauche, se trouve une rue illumin\u00e9e et, \u00e0 votre droite, vous pouvez voir un panneau sur lequel est inscrit Transkara 6.<\/p>\n","protected":false},"author":2,"featured_media":0,"parent":0,"menu_order":0,"comment_status":"closed","ping_status":"closed","template":"","meta":{"footnotes":""},"class_list":["post-1066","page","type-page","status-publish","hentry"],"yoast_head":"<!-- This site is optimized with the Yoast SEO plugin v26.0 - https:\/\/yoast.com\/wordpress\/plugins\/seo\/ -->\n<title>Aventure 45 | Katag<\/title>\n<meta name=\"robots\" content=\"index, follow, max-snippet:-1, max-image-preview:large, max-video-preview:-1\" \/>\n<link rel=\"canonical\" href=\"https:\/\/www.katag.ca\/en\/aventure-45\/\" \/>\n<meta property=\"og:locale\" content=\"en_US\" \/>\n<meta property=\"og:type\" content=\"article\" \/>\n<meta property=\"og:title\" content=\"Aventure 45 | Katag\" \/>\n<meta property=\"og:description\" content=\"Les hommes vous regardent filer \u00e0 toute vitesse et rient de bon c\u0153ur! Vous l\u2019avez \u00e9chapp\u00e9 belle. Aucun d\u2019eux ne vous poursuit! Ajoutez un point \u00e0 votre total dans la cat\u00e9gorie agilit\u00e9. Vous continuez et arrivez bient\u00f4t \u00e0 la fin du quai. Sur votre gauche, se trouve une rue illumin\u00e9e et, \u00e0 votre droite, vous pouvez voir un panneau sur lequel est inscrit Transkara 6.\" \/>\n<meta property=\"og:url\" content=\"https:\/\/www.katag.ca\/en\/aventure-45\/\" \/>\n<meta property=\"og:site_name\" content=\"Katag\" \/>\n<meta property=\"article:publisher\" content=\"https:\/\/www.facebook.com\/Katag.ca\" \/>\n<meta property=\"article:modified_time\" content=\"2015-01-09T16:44:18+00:00\" \/>\n<meta name=\"twitter:card\" content=\"summary_large_image\" \/>\n<meta name=\"twitter:label1\" content=\"Est. reading time\" \/>\n\t<meta name=\"twitter:data1\" content=\"1 minute\" \/>\n<script type=\"application\/ld+json\" class=\"yoast-schema-graph\">{\"@context\":\"https:\/\/schema.org\",\"@graph\":[{\"@type\":\"WebPage\",\"@id\":\"https:\/\/www.katag.ca\/en\/aventure-45\/\",\"url\":\"https:\/\/www.katag.ca\/en\/aventure-45\/\",\"name\":\"Aventure 45 | Katag\",\"isPartOf\":{\"@id\":\"https:\/\/www.katag.ca\/#website\"},\"datePublished\":\"2015-01-04T23:19:04+00:00\",\"dateModified\":\"2015-01-09T16:44:18+00:00\",\"breadcrumb\":{\"@id\":\"https:\/\/www.katag.ca\/en\/aventure-45\/#breadcrumb\"},\"inLanguage\":\"en-US\",\"potentialAction\":[{\"@type\":\"ReadAction\",\"target\":[\"https:\/\/www.katag.ca\/en\/aventure-45\/\"]}]},{\"@type\":\"BreadcrumbList\",\"@id\":\"https:\/\/www.katag.ca\/en\/aventure-45\/#breadcrumb\",\"itemListElement\":[{\"@type\":\"ListItem\",\"position\":1,\"name\":\"Accueil\",\"item\":\"https:\/\/www.katag.ca\/\"},{\"@type\":\"ListItem\",\"position\":2,\"name\":\"Aventure 45\"}]},{\"@type\":\"WebSite\",\"@id\":\"https:\/\/www.katag.ca\/#website\",\"url\":\"https:\/\/www.katag.ca\/\",\"name\":\"Katag\",\"description\":\"LE jeu d'&eacute;p&eacute;es-mousse\",\"publisher\":{\"@id\":\"https:\/\/www.katag.ca\/#organization\"},\"potentialAction\":[{\"@type\":\"SearchAction\",\"target\":{\"@type\":\"EntryPoint\",\"urlTemplate\":\"https:\/\/www.katag.ca\/?s={search_term_string}\"},\"query-input\":{\"@type\":\"PropertyValueSpecification\",\"valueRequired\":true,\"valueName\":\"search_term_string\"}}],\"inLanguage\":\"en-US\"},{\"@type\":\"Organization\",\"@id\":\"https:\/\/www.katag.ca\/#organization\",\"name\":\"Katag\",\"url\":\"https:\/\/www.katag.ca\/\",\"logo\":{\"@type\":\"ImageObject\",\"inLanguage\":\"en-US\",\"@id\":\"https:\/\/www.katag.ca\/#\/schema\/logo\/image\/\",\"url\":\"https:\/\/www.katag.ca\/wp-content\/uploads\/2021\/03\/logo-fr.png\",\"contentUrl\":\"https:\/\/www.katag.ca\/wp-content\/uploads\/2021\/03\/logo-fr.png\",\"width\":338,\"height\":173,\"caption\":\"Katag\"},\"image\":{\"@id\":\"https:\/\/www.katag.ca\/#\/schema\/logo\/image\/\"},\"sameAs\":[\"https:\/\/www.facebook.com\/Katag.ca\"]}]}<\/script>\n<!-- \/ Yoast SEO plugin. -->","yoast_head_json":{"title":"Aventure 45 | Katag","robots":{"index":"index","follow":"follow","max-snippet":"max-snippet:-1","max-image-preview":"max-image-preview:large","max-video-preview":"max-video-preview:-1"},"canonical":"https:\/\/www.katag.ca\/en\/aventure-45\/","og_locale":"en_US","og_type":"article","og_title":"Aventure 45 | Katag","og_description":"Les hommes vous regardent filer \u00e0 toute vitesse et rient de bon c\u0153ur! Vous l\u2019avez \u00e9chapp\u00e9 belle. Aucun d\u2019eux ne vous poursuit! Ajoutez un point \u00e0 votre total dans la cat\u00e9gorie agilit\u00e9. Vous continuez et arrivez bient\u00f4t \u00e0 la fin du quai. Sur votre gauche, se trouve une rue illumin\u00e9e et, \u00e0 votre droite, vous pouvez voir un panneau sur lequel est inscrit Transkara 6.","og_url":"https:\/\/www.katag.ca\/en\/aventure-45\/","og_site_name":"Katag","article_publisher":"https:\/\/www.facebook.com\/Katag.ca","article_modified_time":"2015-01-09T16:44:18+00:00","twitter_card":"summary_large_image","twitter_misc":{"Est. reading time":"1 minute"},"schema":{"@context":"https:\/\/schema.org","@graph":[{"@type":"WebPage","@id":"https:\/\/www.katag.ca\/en\/aventure-45\/","url":"https:\/\/www.katag.ca\/en\/aventure-45\/","name":"Aventure 45 | Katag","isPartOf":{"@id":"https:\/\/www.katag.ca\/#website"},"datePublished":"2015-01-04T23:19:04+00:00","dateModified":"2015-01-09T16:44:18+00:00","breadcrumb":{"@id":"https:\/\/www.katag.ca\/en\/aventure-45\/#breadcrumb"},"inLanguage":"en-US","potentialAction":[{"@type":"ReadAction","target":["https:\/\/www.katag.ca\/en\/aventure-45\/"]}]},{"@type":"BreadcrumbList","@id":"https:\/\/www.katag.ca\/en\/aventure-45\/#breadcrumb","itemListElement":[{"@type":"ListItem","position":1,"name":"Accueil","item":"https:\/\/www.katag.ca\/"},{"@type":"ListItem","position":2,"name":"Aventure 45"}]},{"@type":"WebSite","@id":"https:\/\/www.katag.ca\/#website","url":"https:\/\/www.katag.ca\/","name":"Katag","description":"LE jeu d'&eacute;p&eacute;es-mousse","publisher":{"@id":"https:\/\/www.katag.ca\/#organization"},"potentialAction":[{"@type":"SearchAction","target":{"@type":"EntryPoint","urlTemplate":"https:\/\/www.katag.ca\/?s={search_term_string}"},"query-input":{"@type":"PropertyValueSpecification","valueRequired":true,"valueName":"search_term_string"}}],"inLanguage":"en-US"},{"@type":"Organization","@id":"https:\/\/www.katag.ca\/#organization","name":"Katag","url":"https:\/\/www.katag.ca\/","logo":{"@type":"ImageObject","inLanguage":"en-US","@id":"https:\/\/www.katag.ca\/#\/schema\/logo\/image\/","url":"https:\/\/www.katag.ca\/wp-content\/uploads\/2021\/03\/logo-fr.png","contentUrl":"https:\/\/www.katag.ca\/wp-content\/uploads\/2021\/03\/logo-fr.png","width":338,"height":173,"caption":"Katag"},"image":{"@id":"https:\/\/www.katag.ca\/#\/schema\/logo\/image\/"},"sameAs":["https:\/\/www.facebook.com\/Katag.ca"]}]}},"_links":{"self":[{"href":"https:\/\/www.katag.ca\/en\/wp-json\/wp\/v2\/pages\/1066","targetHints":{"allow":["GET"]}}],"collection":[{"href":"https:\/\/www.katag.ca\/en\/wp-json\/wp\/v2\/pages"}],"about":[{"href":"https:\/\/www.katag.ca\/en\/wp-json\/wp\/v2\/types\/page"}],"author":[{"embeddable":true,"href":"https:\/\/www.katag.ca\/en\/wp-json\/wp\/v2\/users\/2"}],"replies":[{"embeddable":true,"href":"https:\/\/www.katag.ca\/en\/wp-json\/wp\/v2\/comments?post=1066"}],"version-history":[{"count":2,"href":"https:\/\/www.katag.ca\/en\/wp-json\/wp\/v2\/pages\/1066\/revisions"}],"predecessor-version":[{"id":2230,"href":"https:\/\/www.katag.ca\/en\/wp-json\/wp\/v2\/pages\/1066\/revisions\/2230"}],"wp:attachment":[{"href":"https:\/\/www.katag.ca\/en\/wp-json\/wp\/v2\/media?parent=1066"}],"curies":[{"name":"wp","href":"https:\/\/api.w.org\/{rel}","templated":true}]}}