{"id":1076,"date":"2015-01-04T23:23:21","date_gmt":"2015-01-04T23:23:21","guid":{"rendered":"http:\/\/www.boutiquekatag.com\/?page_id=1076"},"modified":"2015-01-09T17:32:08","modified_gmt":"2015-01-09T17:32:08","slug":"aventure-52","status":"publish","type":"page","link":"https:\/\/www.katag.ca\/en\/aventure-52\/","title":{"rendered":"Aventure 52"},"content":{"rendered":"<p>Vous atterrissez tout en douceur. Ajoutez un point \u00e0 votre total de points dans la cat\u00e9gorie r\u00eaves. Vous faites maintenant partie de la foule de spectateurs! Comme tout le monde est tellement concentr\u00e9 \u00e0 encourager son \u00e9quipe, personne n\u2019a remarqu\u00e9 votre arriv\u00e9e. Vous pouvez maintenant voir en d\u00e9tails la partie en cours. Alors que vous vous demandiez si tout se d\u00e9roulait comme dans les parties de Katag auxquelles vous avez particip\u00e9, vous remarquez qu\u2019un des joueurs de l\u2019une des \u00e9quipes va mettre sa main sur l\u2019\u00e9paule d\u2019un autre joueur et que ce dernier se rel\u00e8ve et recommence \u00e0 jouer. Vous en d\u00e9duisez qu\u2019il y a \u00e9galement des mages ici aussi! Vous entendez maintenant la foule scander : \u00ab Tangaro! Tangaro! Tangaro! \u00bb<\/p>\n<div class=\"btn-container  align-center\"><a class=\"organic-btn  dark-blue-btn small-btn  align-center\" href=\"http:\/\/www.katag.ca\/aventure-68\/\"><span class=\"btn-holder\">Vous d\u00e9sirez demander \u00e0 votre voisin de si\u00e8ge ce que cela signifie<\/span><\/a><\/div>\n<div class=\"btn-container  align-center\"><a class=\"organic-btn  dark-blue-btn small-btn  align-center\" href=\"http:\/\/www.katag.ca\/aventure-69\/\"><span class=\"btn-holder\">Vous pr\u00e9f\u00e9rez demeurer discret et continuer \u00e0 regarder la partie en cours<\/span><\/a><\/div>\n<div class=\"btn-container  align-center\"><a class=\"organic-btn  dark-blue-btn small-btn  align-center\" href=\"http:\/\/www.katag.ca\/aventure-86\/\"><span class=\"btn-holder\">Vous choisissez de reprendre votre exploration<\/span><\/a><\/div>\n","protected":false},"excerpt":{"rendered":"<p>Vous atterrissez tout en douceur. Ajoutez un point \u00e0 votre total de points dans la cat\u00e9gorie r\u00eaves. Vous faites maintenant partie de la foule de spectateurs! Comme tout le monde est tellement concentr\u00e9 \u00e0 encourager son \u00e9quipe, personne n\u2019a remarqu\u00e9 votre arriv\u00e9e. Vous pouvez maintenant voir en d\u00e9tails la partie en cours. Alors que vous vous demandiez si tout se d\u00e9roulait comme dans les parties de Katag auxquelles vous avez particip\u00e9, vous remarquez qu\u2019un des joueurs de l\u2019une des \u00e9quipes va mettre sa main sur l\u2019\u00e9paule d\u2019un autre&#8230;<\/p>\n","protected":false},"author":2,"featured_media":0,"parent":0,"menu_order":0,"comment_status":"closed","ping_status":"closed","template":"","meta":{"footnotes":""},"class_list":["post-1076","page","type-page","status-publish","hentry"],"yoast_head":"<!-- This site is optimized with the Yoast SEO plugin v26.0 - https:\/\/yoast.com\/wordpress\/plugins\/seo\/ -->\n<title>Aventure 52 | Katag<\/title>\n<meta name=\"robots\" content=\"index, follow, max-snippet:-1, max-image-preview:large, max-video-preview:-1\" \/>\n<link rel=\"canonical\" href=\"https:\/\/www.katag.ca\/en\/aventure-52\/\" \/>\n<meta property=\"og:locale\" content=\"en_US\" \/>\n<meta property=\"og:type\" content=\"article\" \/>\n<meta property=\"og:title\" content=\"Aventure 52 | Katag\" \/>\n<meta property=\"og:description\" content=\"Vous atterrissez tout en douceur. Ajoutez un point \u00e0 votre total de points dans la cat\u00e9gorie r\u00eaves. Vous faites maintenant partie de la foule de spectateurs! Comme tout le monde est tellement concentr\u00e9 \u00e0 encourager son \u00e9quipe, personne n\u2019a remarqu\u00e9 votre arriv\u00e9e. Vous pouvez maintenant voir en d\u00e9tails la partie en cours. Alors que vous vous demandiez si tout se d\u00e9roulait comme dans les parties de Katag auxquelles vous avez particip\u00e9, vous remarquez qu\u2019un des joueurs de l\u2019une des \u00e9quipes va mettre sa main sur l\u2019\u00e9paule d\u2019un autre...\" \/>\n<meta property=\"og:url\" content=\"https:\/\/www.katag.ca\/en\/aventure-52\/\" \/>\n<meta property=\"og:site_name\" content=\"Katag\" \/>\n<meta property=\"article:publisher\" content=\"https:\/\/www.facebook.com\/Katag.ca\" \/>\n<meta property=\"article:modified_time\" content=\"2015-01-09T17:32:08+00:00\" \/>\n<meta name=\"twitter:card\" content=\"summary_large_image\" \/>\n<meta name=\"twitter:label1\" content=\"Est. reading time\" \/>\n\t<meta name=\"twitter:data1\" content=\"1 minute\" \/>\n<script type=\"application\/ld+json\" class=\"yoast-schema-graph\">{\"@context\":\"https:\/\/schema.org\",\"@graph\":[{\"@type\":\"WebPage\",\"@id\":\"https:\/\/www.katag.ca\/en\/aventure-52\/\",\"url\":\"https:\/\/www.katag.ca\/en\/aventure-52\/\",\"name\":\"Aventure 52 | Katag\",\"isPartOf\":{\"@id\":\"https:\/\/www.katag.ca\/#website\"},\"datePublished\":\"2015-01-04T23:23:21+00:00\",\"dateModified\":\"2015-01-09T17:32:08+00:00\",\"breadcrumb\":{\"@id\":\"https:\/\/www.katag.ca\/en\/aventure-52\/#breadcrumb\"},\"inLanguage\":\"en-US\",\"potentialAction\":[{\"@type\":\"ReadAction\",\"target\":[\"https:\/\/www.katag.ca\/en\/aventure-52\/\"]}]},{\"@type\":\"BreadcrumbList\",\"@id\":\"https:\/\/www.katag.ca\/en\/aventure-52\/#breadcrumb\",\"itemListElement\":[{\"@type\":\"ListItem\",\"position\":1,\"name\":\"Accueil\",\"item\":\"https:\/\/www.katag.ca\/\"},{\"@type\":\"ListItem\",\"position\":2,\"name\":\"Aventure 52\"}]},{\"@type\":\"WebSite\",\"@id\":\"https:\/\/www.katag.ca\/#website\",\"url\":\"https:\/\/www.katag.ca\/\",\"name\":\"Katag\",\"description\":\"LE jeu d'&eacute;p&eacute;es-mousse\",\"publisher\":{\"@id\":\"https:\/\/www.katag.ca\/#organization\"},\"potentialAction\":[{\"@type\":\"SearchAction\",\"target\":{\"@type\":\"EntryPoint\",\"urlTemplate\":\"https:\/\/www.katag.ca\/?s={search_term_string}\"},\"query-input\":{\"@type\":\"PropertyValueSpecification\",\"valueRequired\":true,\"valueName\":\"search_term_string\"}}],\"inLanguage\":\"en-US\"},{\"@type\":\"Organization\",\"@id\":\"https:\/\/www.katag.ca\/#organization\",\"name\":\"Katag\",\"url\":\"https:\/\/www.katag.ca\/\",\"logo\":{\"@type\":\"ImageObject\",\"inLanguage\":\"en-US\",\"@id\":\"https:\/\/www.katag.ca\/#\/schema\/logo\/image\/\",\"url\":\"https:\/\/www.katag.ca\/wp-content\/uploads\/2021\/03\/logo-fr.png\",\"contentUrl\":\"https:\/\/www.katag.ca\/wp-content\/uploads\/2021\/03\/logo-fr.png\",\"width\":338,\"height\":173,\"caption\":\"Katag\"},\"image\":{\"@id\":\"https:\/\/www.katag.ca\/#\/schema\/logo\/image\/\"},\"sameAs\":[\"https:\/\/www.facebook.com\/Katag.ca\"]}]}<\/script>\n<!-- \/ Yoast SEO plugin. -->","yoast_head_json":{"title":"Aventure 52 | Katag","robots":{"index":"index","follow":"follow","max-snippet":"max-snippet:-1","max-image-preview":"max-image-preview:large","max-video-preview":"max-video-preview:-1"},"canonical":"https:\/\/www.katag.ca\/en\/aventure-52\/","og_locale":"en_US","og_type":"article","og_title":"Aventure 52 | Katag","og_description":"Vous atterrissez tout en douceur. Ajoutez un point \u00e0 votre total de points dans la cat\u00e9gorie r\u00eaves. Vous faites maintenant partie de la foule de spectateurs! Comme tout le monde est tellement concentr\u00e9 \u00e0 encourager son \u00e9quipe, personne n\u2019a remarqu\u00e9 votre arriv\u00e9e. Vous pouvez maintenant voir en d\u00e9tails la partie en cours. Alors que vous vous demandiez si tout se d\u00e9roulait comme dans les parties de Katag auxquelles vous avez particip\u00e9, vous remarquez qu\u2019un des joueurs de l\u2019une des \u00e9quipes va mettre sa main sur l\u2019\u00e9paule d\u2019un autre...","og_url":"https:\/\/www.katag.ca\/en\/aventure-52\/","og_site_name":"Katag","article_publisher":"https:\/\/www.facebook.com\/Katag.ca","article_modified_time":"2015-01-09T17:32:08+00:00","twitter_card":"summary_large_image","twitter_misc":{"Est. reading time":"1 minute"},"schema":{"@context":"https:\/\/schema.org","@graph":[{"@type":"WebPage","@id":"https:\/\/www.katag.ca\/en\/aventure-52\/","url":"https:\/\/www.katag.ca\/en\/aventure-52\/","name":"Aventure 52 | Katag","isPartOf":{"@id":"https:\/\/www.katag.ca\/#website"},"datePublished":"2015-01-04T23:23:21+00:00","dateModified":"2015-01-09T17:32:08+00:00","breadcrumb":{"@id":"https:\/\/www.katag.ca\/en\/aventure-52\/#breadcrumb"},"inLanguage":"en-US","potentialAction":[{"@type":"ReadAction","target":["https:\/\/www.katag.ca\/en\/aventure-52\/"]}]},{"@type":"BreadcrumbList","@id":"https:\/\/www.katag.ca\/en\/aventure-52\/#breadcrumb","itemListElement":[{"@type":"ListItem","position":1,"name":"Accueil","item":"https:\/\/www.katag.ca\/"},{"@type":"ListItem","position":2,"name":"Aventure 52"}]},{"@type":"WebSite","@id":"https:\/\/www.katag.ca\/#website","url":"https:\/\/www.katag.ca\/","name":"Katag","description":"LE jeu d'&eacute;p&eacute;es-mousse","publisher":{"@id":"https:\/\/www.katag.ca\/#organization"},"potentialAction":[{"@type":"SearchAction","target":{"@type":"EntryPoint","urlTemplate":"https:\/\/www.katag.ca\/?s={search_term_string}"},"query-input":{"@type":"PropertyValueSpecification","valueRequired":true,"valueName":"search_term_string"}}],"inLanguage":"en-US"},{"@type":"Organization","@id":"https:\/\/www.katag.ca\/#organization","name":"Katag","url":"https:\/\/www.katag.ca\/","logo":{"@type":"ImageObject","inLanguage":"en-US","@id":"https:\/\/www.katag.ca\/#\/schema\/logo\/image\/","url":"https:\/\/www.katag.ca\/wp-content\/uploads\/2021\/03\/logo-fr.png","contentUrl":"https:\/\/www.katag.ca\/wp-content\/uploads\/2021\/03\/logo-fr.png","width":338,"height":173,"caption":"Katag"},"image":{"@id":"https:\/\/www.katag.ca\/#\/schema\/logo\/image\/"},"sameAs":["https:\/\/www.facebook.com\/Katag.ca"]}]}},"_links":{"self":[{"href":"https:\/\/www.katag.ca\/en\/wp-json\/wp\/v2\/pages\/1076","targetHints":{"allow":["GET"]}}],"collection":[{"href":"https:\/\/www.katag.ca\/en\/wp-json\/wp\/v2\/pages"}],"about":[{"href":"https:\/\/www.katag.ca\/en\/wp-json\/wp\/v2\/types\/page"}],"author":[{"embeddable":true,"href":"https:\/\/www.katag.ca\/en\/wp-json\/wp\/v2\/users\/2"}],"replies":[{"embeddable":true,"href":"https:\/\/www.katag.ca\/en\/wp-json\/wp\/v2\/comments?post=1076"}],"version-history":[{"count":4,"href":"https:\/\/www.katag.ca\/en\/wp-json\/wp\/v2\/pages\/1076\/revisions"}],"predecessor-version":[{"id":2240,"href":"https:\/\/www.katag.ca\/en\/wp-json\/wp\/v2\/pages\/1076\/revisions\/2240"}],"wp:attachment":[{"href":"https:\/\/www.katag.ca\/en\/wp-json\/wp\/v2\/media?parent=1076"}],"curies":[{"name":"wp","href":"https:\/\/api.w.org\/{rel}","templated":true}]}}