{"id":1078,"date":"2015-01-04T23:23:58","date_gmt":"2015-01-04T23:23:58","guid":{"rendered":"http:\/\/www.boutiquekatag.com\/?page_id=1078"},"modified":"2015-01-09T17:32:46","modified_gmt":"2015-01-09T17:32:46","slug":"aventure-53","status":"publish","type":"page","link":"https:\/\/www.katag.ca\/en\/aventure-53\/","title":{"rendered":"Aventure 53"},"content":{"rendered":"<p>Vous suivez les deux motos volantes et atterrissez tout en douceur non loin du Temple de la Terre. Vous avez soudainement une curieuse impression. Vos jambes semblent \u00eatre devenues beaucoup plus puissantes. Vous venez d\u2019\u00eatre frapp\u00e9 par le pouvoir de la Terre! Vous \u00eates certain que si l\u2019on tentait de vous pousser, vous seriez beaucoup plus solide. Puisque votre instinct vous a conduit ici en premier lieu, c\u2019est que vous \u00eates sensible \u00e0 cette \u00e9nergie. Le pouvoir de la Terre vous donne un point d\u2019endurance suppl\u00e9mentaire. Veuillez l\u2019ajouter \u00e0 votre total dans la cat\u00e9gorie endurance.<\/p>\n<p>Vous vous assoyez tout pr\u00e8s de vos nouveaux amis. Axelianne vous tend un bout de pain que vous mangez sans h\u00e9siter. \u00ab Ce pain est tr\u00e8s nourrissant, il est rempli de kara. Le kara est une forme d\u2019\u00e9nergie tr\u00e8s puissante qui existe \u00e0 Manifeste. On le retrouve sous plusieurs formes \u00bb Vous pouvez ajouter un point \u00e0 votre total dans les cat\u00e9gories endurance et attaque.<\/p>\n<p>\u00ab Comme je vous disais tout \u00e0 l\u2019heure, mon fr\u00e8re n\u2019est pas tr\u00e8s bien ces temps-ci. Il dit avoir eu une vision dans laquelle les Immortels refaisaient surface. Mais aucun sage des quatre Dojos, ni ceux des Clans des \u00c9toiles et de la Nature n\u2019a pu confirmer le tout. Mais vous, que faites-vous par ici? Si nous pouvons nous parler, c\u2019est que vous \u00eates un R\u00eaveur conscient, car tous les autres se dirigent vers le grand chapiteau. Lorsque l\u2019on voit un R\u00eaveur inconscient voler dans le ciel en d\u2019autres circonstances, c\u2019est qu\u2019il a une mission \u00e0 accomplir. Est-ce le cas pour vous? \u00bb<\/p>\n<p>Vous lui expliquez que vous \u00eates \u00e0 la recherche du sage du Dojo du Feu, car il avait une mission \u00e0 vous confier.<\/p>\n<p>\u00ab Vous recherchez Ma\u00eetre Fiarrot? C\u2019est tout simple! Il passe des nuits enti\u00e8res \u00e0 observer les R\u00eaveurs inconscients non loin du chapiteau! Je peux vous conduire \u00e0 lui si vous le d\u00e9sirez. Sinon, je peux vous d\u00e9poser \u00e0 un autre endroit! \u00bb Vous vous dites que vous \u00eates bien chanceux d\u2019avoir rencontr\u00e9 Axelianne et vous acceptez son offre sans h\u00e9sitation! <\/p>\n<div class=\"btn-container  align-center\"><a class=\"organic-btn  dark-blue-btn small-btn  align-center\" href=\"http:\/\/www.katag.ca\/aventure-57\/\"><span class=\"btn-holder\">Cliquez ici pour continuer<\/span><\/a><\/div>\n","protected":false},"excerpt":{"rendered":"<p>Vous suivez les deux motos volantes et atterrissez tout en douceur non loin du Temple de la Terre. Vous avez soudainement une curieuse impression. Vos jambes semblent \u00eatre devenues beaucoup plus puissantes. Vous venez d\u2019\u00eatre frapp\u00e9 par le pouvoir de la Terre! Vous \u00eates certain que si l\u2019on tentait de vous pousser, vous seriez beaucoup plus solide. Puisque votre instinct vous a conduit ici en premier lieu, c\u2019est que vous \u00eates sensible \u00e0 cette \u00e9nergie. Le pouvoir de la Terre vous donne un point d\u2019endurance suppl\u00e9mentaire. Veuillez l\u2019ajouter&#8230;<\/p>\n","protected":false},"author":2,"featured_media":0,"parent":0,"menu_order":0,"comment_status":"closed","ping_status":"closed","template":"","meta":{"footnotes":""},"class_list":["post-1078","page","type-page","status-publish","hentry"],"yoast_head":"<!-- This site is optimized with the Yoast SEO plugin v26.0 - https:\/\/yoast.com\/wordpress\/plugins\/seo\/ -->\n<title>Aventure 53 | Katag<\/title>\n<meta name=\"robots\" content=\"index, follow, max-snippet:-1, max-image-preview:large, max-video-preview:-1\" \/>\n<link rel=\"canonical\" href=\"https:\/\/www.katag.ca\/en\/aventure-53\/\" \/>\n<meta property=\"og:locale\" content=\"en_US\" \/>\n<meta property=\"og:type\" content=\"article\" \/>\n<meta property=\"og:title\" content=\"Aventure 53 | Katag\" \/>\n<meta property=\"og:description\" content=\"Vous suivez les deux motos volantes et atterrissez tout en douceur non loin du Temple de la Terre. Vous avez soudainement une curieuse impression. Vos jambes semblent \u00eatre devenues beaucoup plus puissantes. Vous venez d\u2019\u00eatre frapp\u00e9 par le pouvoir de la Terre! Vous \u00eates certain que si l\u2019on tentait de vous pousser, vous seriez beaucoup plus solide. Puisque votre instinct vous a conduit ici en premier lieu, c\u2019est que vous \u00eates sensible \u00e0 cette \u00e9nergie. Le pouvoir de la Terre vous donne un point d\u2019endurance suppl\u00e9mentaire. Veuillez l\u2019ajouter...\" \/>\n<meta property=\"og:url\" content=\"https:\/\/www.katag.ca\/en\/aventure-53\/\" \/>\n<meta property=\"og:site_name\" content=\"Katag\" \/>\n<meta property=\"article:publisher\" content=\"https:\/\/www.facebook.com\/Katag.ca\" \/>\n<meta property=\"article:modified_time\" content=\"2015-01-09T17:32:46+00:00\" \/>\n<meta name=\"twitter:card\" content=\"summary_large_image\" \/>\n<meta name=\"twitter:label1\" content=\"Est. reading time\" \/>\n\t<meta name=\"twitter:data1\" content=\"2 minutes\" \/>\n<script type=\"application\/ld+json\" class=\"yoast-schema-graph\">{\"@context\":\"https:\/\/schema.org\",\"@graph\":[{\"@type\":\"WebPage\",\"@id\":\"https:\/\/www.katag.ca\/en\/aventure-53\/\",\"url\":\"https:\/\/www.katag.ca\/en\/aventure-53\/\",\"name\":\"Aventure 53 | Katag\",\"isPartOf\":{\"@id\":\"https:\/\/www.katag.ca\/#website\"},\"datePublished\":\"2015-01-04T23:23:58+00:00\",\"dateModified\":\"2015-01-09T17:32:46+00:00\",\"breadcrumb\":{\"@id\":\"https:\/\/www.katag.ca\/en\/aventure-53\/#breadcrumb\"},\"inLanguage\":\"en-US\",\"potentialAction\":[{\"@type\":\"ReadAction\",\"target\":[\"https:\/\/www.katag.ca\/en\/aventure-53\/\"]}]},{\"@type\":\"BreadcrumbList\",\"@id\":\"https:\/\/www.katag.ca\/en\/aventure-53\/#breadcrumb\",\"itemListElement\":[{\"@type\":\"ListItem\",\"position\":1,\"name\":\"Accueil\",\"item\":\"https:\/\/www.katag.ca\/\"},{\"@type\":\"ListItem\",\"position\":2,\"name\":\"Aventure 53\"}]},{\"@type\":\"WebSite\",\"@id\":\"https:\/\/www.katag.ca\/#website\",\"url\":\"https:\/\/www.katag.ca\/\",\"name\":\"Katag\",\"description\":\"LE jeu d'&eacute;p&eacute;es-mousse\",\"publisher\":{\"@id\":\"https:\/\/www.katag.ca\/#organization\"},\"potentialAction\":[{\"@type\":\"SearchAction\",\"target\":{\"@type\":\"EntryPoint\",\"urlTemplate\":\"https:\/\/www.katag.ca\/?s={search_term_string}\"},\"query-input\":{\"@type\":\"PropertyValueSpecification\",\"valueRequired\":true,\"valueName\":\"search_term_string\"}}],\"inLanguage\":\"en-US\"},{\"@type\":\"Organization\",\"@id\":\"https:\/\/www.katag.ca\/#organization\",\"name\":\"Katag\",\"url\":\"https:\/\/www.katag.ca\/\",\"logo\":{\"@type\":\"ImageObject\",\"inLanguage\":\"en-US\",\"@id\":\"https:\/\/www.katag.ca\/#\/schema\/logo\/image\/\",\"url\":\"https:\/\/www.katag.ca\/wp-content\/uploads\/2021\/03\/logo-fr.png\",\"contentUrl\":\"https:\/\/www.katag.ca\/wp-content\/uploads\/2021\/03\/logo-fr.png\",\"width\":338,\"height\":173,\"caption\":\"Katag\"},\"image\":{\"@id\":\"https:\/\/www.katag.ca\/#\/schema\/logo\/image\/\"},\"sameAs\":[\"https:\/\/www.facebook.com\/Katag.ca\"]}]}<\/script>\n<!-- \/ Yoast SEO plugin. -->","yoast_head_json":{"title":"Aventure 53 | Katag","robots":{"index":"index","follow":"follow","max-snippet":"max-snippet:-1","max-image-preview":"max-image-preview:large","max-video-preview":"max-video-preview:-1"},"canonical":"https:\/\/www.katag.ca\/en\/aventure-53\/","og_locale":"en_US","og_type":"article","og_title":"Aventure 53 | Katag","og_description":"Vous suivez les deux motos volantes et atterrissez tout en douceur non loin du Temple de la Terre. Vous avez soudainement une curieuse impression. Vos jambes semblent \u00eatre devenues beaucoup plus puissantes. Vous venez d\u2019\u00eatre frapp\u00e9 par le pouvoir de la Terre! Vous \u00eates certain que si l\u2019on tentait de vous pousser, vous seriez beaucoup plus solide. Puisque votre instinct vous a conduit ici en premier lieu, c\u2019est que vous \u00eates sensible \u00e0 cette \u00e9nergie. Le pouvoir de la Terre vous donne un point d\u2019endurance suppl\u00e9mentaire. Veuillez l\u2019ajouter...","og_url":"https:\/\/www.katag.ca\/en\/aventure-53\/","og_site_name":"Katag","article_publisher":"https:\/\/www.facebook.com\/Katag.ca","article_modified_time":"2015-01-09T17:32:46+00:00","twitter_card":"summary_large_image","twitter_misc":{"Est. reading time":"2 minutes"},"schema":{"@context":"https:\/\/schema.org","@graph":[{"@type":"WebPage","@id":"https:\/\/www.katag.ca\/en\/aventure-53\/","url":"https:\/\/www.katag.ca\/en\/aventure-53\/","name":"Aventure 53 | Katag","isPartOf":{"@id":"https:\/\/www.katag.ca\/#website"},"datePublished":"2015-01-04T23:23:58+00:00","dateModified":"2015-01-09T17:32:46+00:00","breadcrumb":{"@id":"https:\/\/www.katag.ca\/en\/aventure-53\/#breadcrumb"},"inLanguage":"en-US","potentialAction":[{"@type":"ReadAction","target":["https:\/\/www.katag.ca\/en\/aventure-53\/"]}]},{"@type":"BreadcrumbList","@id":"https:\/\/www.katag.ca\/en\/aventure-53\/#breadcrumb","itemListElement":[{"@type":"ListItem","position":1,"name":"Accueil","item":"https:\/\/www.katag.ca\/"},{"@type":"ListItem","position":2,"name":"Aventure 53"}]},{"@type":"WebSite","@id":"https:\/\/www.katag.ca\/#website","url":"https:\/\/www.katag.ca\/","name":"Katag","description":"LE jeu d'&eacute;p&eacute;es-mousse","publisher":{"@id":"https:\/\/www.katag.ca\/#organization"},"potentialAction":[{"@type":"SearchAction","target":{"@type":"EntryPoint","urlTemplate":"https:\/\/www.katag.ca\/?s={search_term_string}"},"query-input":{"@type":"PropertyValueSpecification","valueRequired":true,"valueName":"search_term_string"}}],"inLanguage":"en-US"},{"@type":"Organization","@id":"https:\/\/www.katag.ca\/#organization","name":"Katag","url":"https:\/\/www.katag.ca\/","logo":{"@type":"ImageObject","inLanguage":"en-US","@id":"https:\/\/www.katag.ca\/#\/schema\/logo\/image\/","url":"https:\/\/www.katag.ca\/wp-content\/uploads\/2021\/03\/logo-fr.png","contentUrl":"https:\/\/www.katag.ca\/wp-content\/uploads\/2021\/03\/logo-fr.png","width":338,"height":173,"caption":"Katag"},"image":{"@id":"https:\/\/www.katag.ca\/#\/schema\/logo\/image\/"},"sameAs":["https:\/\/www.facebook.com\/Katag.ca"]}]}},"_links":{"self":[{"href":"https:\/\/www.katag.ca\/en\/wp-json\/wp\/v2\/pages\/1078","targetHints":{"allow":["GET"]}}],"collection":[{"href":"https:\/\/www.katag.ca\/en\/wp-json\/wp\/v2\/pages"}],"about":[{"href":"https:\/\/www.katag.ca\/en\/wp-json\/wp\/v2\/types\/page"}],"author":[{"embeddable":true,"href":"https:\/\/www.katag.ca\/en\/wp-json\/wp\/v2\/users\/2"}],"replies":[{"embeddable":true,"href":"https:\/\/www.katag.ca\/en\/wp-json\/wp\/v2\/comments?post=1078"}],"version-history":[{"count":2,"href":"https:\/\/www.katag.ca\/en\/wp-json\/wp\/v2\/pages\/1078\/revisions"}],"predecessor-version":[{"id":2241,"href":"https:\/\/www.katag.ca\/en\/wp-json\/wp\/v2\/pages\/1078\/revisions\/2241"}],"wp:attachment":[{"href":"https:\/\/www.katag.ca\/en\/wp-json\/wp\/v2\/media?parent=1078"}],"curies":[{"name":"wp","href":"https:\/\/api.w.org\/{rel}","templated":true}]}}