{"id":1080,"date":"2015-01-04T23:24:29","date_gmt":"2015-01-04T23:24:29","guid":{"rendered":"http:\/\/www.boutiquekatag.com\/?page_id=1080"},"modified":"2015-01-09T17:33:58","modified_gmt":"2015-01-09T17:33:58","slug":"aventure-54","status":"publish","type":"page","link":"https:\/\/www.katag.ca\/en\/aventure-54\/","title":{"rendered":"Aventure 54"},"content":{"rendered":"<p>Vous atterrissez tout en douceur! Ajoutez un point \u00e0 votre total de points dans la cat\u00e9gorie r\u00eaves. Vous vous trouvez maintenant devant cette \u00e9norme b\u00e2tisse. Un grand escalier m\u00e8ne \u00e0 une immense entr\u00e9e sans porte et, de chaque c\u00f4t\u00e9 de l\u2019escalier, se trouve une tr\u00e8s grande statue, l\u2019une d\u2019un homme, l\u2019autre d\u2019une femme. Chacun tient une \u00e9p\u00e9e dans sa main. Au-dessus de l\u2019entr\u00e9e, se trouve l\u2019inscription Temple des \u00c9l\u00e9ments.<\/p>\n<div class=\"btn-container  align-center\"><a class=\"organic-btn  dark-blue-btn small-btn  align-center\" href=\"http:\/\/www.katag.ca\/aventure-71\/\"><span class=\"btn-holder\">Vous d\u00e9sirez monter l\u2019escalier et entrer dans le Temple<\/span><\/a><\/div>\n<div class=\"btn-container  align-center\"><a class=\"organic-btn  dark-blue-btn small-btn  align-center\" href=\"http:\/\/www.katag.ca\/aventure-56\/\"><span class=\"btn-holder\">Vous pr\u00e9f\u00e9rez vous diriger vers l&#8217;inscription<\/span><\/a><\/div>\n","protected":false},"excerpt":{"rendered":"<p>Vous atterrissez tout en douceur! Ajoutez un point \u00e0 votre total de points dans la cat\u00e9gorie r\u00eaves. Vous vous trouvez maintenant devant cette \u00e9norme b\u00e2tisse. Un grand escalier m\u00e8ne \u00e0 une immense entr\u00e9e sans porte et, de chaque c\u00f4t\u00e9 de l\u2019escalier, se trouve une tr\u00e8s grande statue, l\u2019une d\u2019un homme, l\u2019autre d\u2019une femme. Chacun tient une \u00e9p\u00e9e dans sa main. Au-dessus de l\u2019entr\u00e9e, se trouve l\u2019inscription Temple des \u00c9l\u00e9ments.<\/p>\n","protected":false},"author":2,"featured_media":0,"parent":0,"menu_order":0,"comment_status":"closed","ping_status":"closed","template":"","meta":{"footnotes":""},"class_list":["post-1080","page","type-page","status-publish","hentry"],"yoast_head":"<!-- This site is optimized with the Yoast SEO plugin v26.0 - https:\/\/yoast.com\/wordpress\/plugins\/seo\/ -->\n<title>Aventure 54 | Katag<\/title>\n<meta name=\"robots\" content=\"index, follow, max-snippet:-1, max-image-preview:large, max-video-preview:-1\" \/>\n<link rel=\"canonical\" href=\"https:\/\/www.katag.ca\/aventure-54\/\" \/>\n<meta property=\"og:locale\" content=\"en_US\" \/>\n<meta property=\"og:type\" content=\"article\" \/>\n<meta property=\"og:title\" content=\"Aventure 54 | Katag\" \/>\n<meta property=\"og:description\" content=\"Vous atterrissez tout en douceur! Ajoutez un point \u00e0 votre total de points dans la cat\u00e9gorie r\u00eaves. Vous vous trouvez maintenant devant cette \u00e9norme b\u00e2tisse. Un grand escalier m\u00e8ne \u00e0 une immense entr\u00e9e sans porte et, de chaque c\u00f4t\u00e9 de l\u2019escalier, se trouve une tr\u00e8s grande statue, l\u2019une d\u2019un homme, l\u2019autre d\u2019une femme. Chacun tient une \u00e9p\u00e9e dans sa main. Au-dessus de l\u2019entr\u00e9e, se trouve l\u2019inscription Temple des \u00c9l\u00e9ments.\" \/>\n<meta property=\"og:url\" content=\"https:\/\/www.katag.ca\/aventure-54\/\" \/>\n<meta property=\"og:site_name\" content=\"Katag\" \/>\n<meta property=\"article:publisher\" content=\"https:\/\/www.facebook.com\/Katag.ca\" \/>\n<meta property=\"article:modified_time\" content=\"2015-01-09T17:33:58+00:00\" \/>\n<meta name=\"twitter:card\" content=\"summary_large_image\" \/>\n<meta name=\"twitter:label1\" content=\"Est. reading time\" \/>\n\t<meta name=\"twitter:data1\" content=\"1 minute\" \/>\n<script type=\"application\/ld+json\" class=\"yoast-schema-graph\">{\"@context\":\"https:\/\/schema.org\",\"@graph\":[{\"@type\":\"WebPage\",\"@id\":\"https:\/\/www.katag.ca\/aventure-54\/\",\"url\":\"https:\/\/www.katag.ca\/aventure-54\/\",\"name\":\"Aventure 54 | Katag\",\"isPartOf\":{\"@id\":\"https:\/\/www.katag.ca\/#website\"},\"datePublished\":\"2015-01-04T23:24:29+00:00\",\"dateModified\":\"2015-01-09T17:33:58+00:00\",\"breadcrumb\":{\"@id\":\"https:\/\/www.katag.ca\/aventure-54\/#breadcrumb\"},\"inLanguage\":\"en-US\",\"potentialAction\":[{\"@type\":\"ReadAction\",\"target\":[\"https:\/\/www.katag.ca\/aventure-54\/\"]}]},{\"@type\":\"BreadcrumbList\",\"@id\":\"https:\/\/www.katag.ca\/aventure-54\/#breadcrumb\",\"itemListElement\":[{\"@type\":\"ListItem\",\"position\":1,\"name\":\"Accueil\",\"item\":\"https:\/\/www.katag.ca\/\"},{\"@type\":\"ListItem\",\"position\":2,\"name\":\"Aventure 54\"}]},{\"@type\":\"WebSite\",\"@id\":\"https:\/\/www.katag.ca\/#website\",\"url\":\"https:\/\/www.katag.ca\/\",\"name\":\"Katag\",\"description\":\"LE jeu d'&eacute;p&eacute;es-mousse\",\"publisher\":{\"@id\":\"https:\/\/www.katag.ca\/#organization\"},\"potentialAction\":[{\"@type\":\"SearchAction\",\"target\":{\"@type\":\"EntryPoint\",\"urlTemplate\":\"https:\/\/www.katag.ca\/?s={search_term_string}\"},\"query-input\":{\"@type\":\"PropertyValueSpecification\",\"valueRequired\":true,\"valueName\":\"search_term_string\"}}],\"inLanguage\":\"en-US\"},{\"@type\":\"Organization\",\"@id\":\"https:\/\/www.katag.ca\/#organization\",\"name\":\"Katag\",\"url\":\"https:\/\/www.katag.ca\/\",\"logo\":{\"@type\":\"ImageObject\",\"inLanguage\":\"en-US\",\"@id\":\"https:\/\/www.katag.ca\/#\/schema\/logo\/image\/\",\"url\":\"https:\/\/www.katag.ca\/wp-content\/uploads\/2021\/03\/logo-fr.png\",\"contentUrl\":\"https:\/\/www.katag.ca\/wp-content\/uploads\/2021\/03\/logo-fr.png\",\"width\":338,\"height\":173,\"caption\":\"Katag\"},\"image\":{\"@id\":\"https:\/\/www.katag.ca\/#\/schema\/logo\/image\/\"},\"sameAs\":[\"https:\/\/www.facebook.com\/Katag.ca\"]}]}<\/script>\n<!-- \/ Yoast SEO plugin. -->","yoast_head_json":{"title":"Aventure 54 | Katag","robots":{"index":"index","follow":"follow","max-snippet":"max-snippet:-1","max-image-preview":"max-image-preview:large","max-video-preview":"max-video-preview:-1"},"canonical":"https:\/\/www.katag.ca\/aventure-54\/","og_locale":"en_US","og_type":"article","og_title":"Aventure 54 | Katag","og_description":"Vous atterrissez tout en douceur! Ajoutez un point \u00e0 votre total de points dans la cat\u00e9gorie r\u00eaves. Vous vous trouvez maintenant devant cette \u00e9norme b\u00e2tisse. Un grand escalier m\u00e8ne \u00e0 une immense entr\u00e9e sans porte et, de chaque c\u00f4t\u00e9 de l\u2019escalier, se trouve une tr\u00e8s grande statue, l\u2019une d\u2019un homme, l\u2019autre d\u2019une femme. Chacun tient une \u00e9p\u00e9e dans sa main. Au-dessus de l\u2019entr\u00e9e, se trouve l\u2019inscription Temple des \u00c9l\u00e9ments.","og_url":"https:\/\/www.katag.ca\/aventure-54\/","og_site_name":"Katag","article_publisher":"https:\/\/www.facebook.com\/Katag.ca","article_modified_time":"2015-01-09T17:33:58+00:00","twitter_card":"summary_large_image","twitter_misc":{"Est. reading time":"1 minute"},"schema":{"@context":"https:\/\/schema.org","@graph":[{"@type":"WebPage","@id":"https:\/\/www.katag.ca\/aventure-54\/","url":"https:\/\/www.katag.ca\/aventure-54\/","name":"Aventure 54 | Katag","isPartOf":{"@id":"https:\/\/www.katag.ca\/#website"},"datePublished":"2015-01-04T23:24:29+00:00","dateModified":"2015-01-09T17:33:58+00:00","breadcrumb":{"@id":"https:\/\/www.katag.ca\/aventure-54\/#breadcrumb"},"inLanguage":"en-US","potentialAction":[{"@type":"ReadAction","target":["https:\/\/www.katag.ca\/aventure-54\/"]}]},{"@type":"BreadcrumbList","@id":"https:\/\/www.katag.ca\/aventure-54\/#breadcrumb","itemListElement":[{"@type":"ListItem","position":1,"name":"Accueil","item":"https:\/\/www.katag.ca\/"},{"@type":"ListItem","position":2,"name":"Aventure 54"}]},{"@type":"WebSite","@id":"https:\/\/www.katag.ca\/#website","url":"https:\/\/www.katag.ca\/","name":"Katag","description":"LE jeu d'&eacute;p&eacute;es-mousse","publisher":{"@id":"https:\/\/www.katag.ca\/#organization"},"potentialAction":[{"@type":"SearchAction","target":{"@type":"EntryPoint","urlTemplate":"https:\/\/www.katag.ca\/?s={search_term_string}"},"query-input":{"@type":"PropertyValueSpecification","valueRequired":true,"valueName":"search_term_string"}}],"inLanguage":"en-US"},{"@type":"Organization","@id":"https:\/\/www.katag.ca\/#organization","name":"Katag","url":"https:\/\/www.katag.ca\/","logo":{"@type":"ImageObject","inLanguage":"en-US","@id":"https:\/\/www.katag.ca\/#\/schema\/logo\/image\/","url":"https:\/\/www.katag.ca\/wp-content\/uploads\/2021\/03\/logo-fr.png","contentUrl":"https:\/\/www.katag.ca\/wp-content\/uploads\/2021\/03\/logo-fr.png","width":338,"height":173,"caption":"Katag"},"image":{"@id":"https:\/\/www.katag.ca\/#\/schema\/logo\/image\/"},"sameAs":["https:\/\/www.facebook.com\/Katag.ca"]}]}},"_links":{"self":[{"href":"https:\/\/www.katag.ca\/en\/wp-json\/wp\/v2\/pages\/1080","targetHints":{"allow":["GET"]}}],"collection":[{"href":"https:\/\/www.katag.ca\/en\/wp-json\/wp\/v2\/pages"}],"about":[{"href":"https:\/\/www.katag.ca\/en\/wp-json\/wp\/v2\/types\/page"}],"author":[{"embeddable":true,"href":"https:\/\/www.katag.ca\/en\/wp-json\/wp\/v2\/users\/2"}],"replies":[{"embeddable":true,"href":"https:\/\/www.katag.ca\/en\/wp-json\/wp\/v2\/comments?post=1080"}],"version-history":[{"count":2,"href":"https:\/\/www.katag.ca\/en\/wp-json\/wp\/v2\/pages\/1080\/revisions"}],"predecessor-version":[{"id":2242,"href":"https:\/\/www.katag.ca\/en\/wp-json\/wp\/v2\/pages\/1080\/revisions\/2242"}],"wp:attachment":[{"href":"https:\/\/www.katag.ca\/en\/wp-json\/wp\/v2\/media?parent=1080"}],"curies":[{"name":"wp","href":"https:\/\/api.w.org\/{rel}","templated":true}]}}