{"id":1090,"date":"2015-01-04T23:29:24","date_gmt":"2015-01-04T23:29:24","guid":{"rendered":"http:\/\/www.boutiquekatag.com\/?page_id=1090"},"modified":"2015-01-09T17:38:33","modified_gmt":"2015-01-09T17:38:33","slug":"aventure-59","status":"publish","type":"page","link":"https:\/\/www.katag.ca\/en\/aventure-59\/","title":{"rendered":"Aventure 59"},"content":{"rendered":"<p>Vous montez les escaliers et vous vous dirigez vers le garde, qui vous adresse la parole : \u00ab Bonjour \u00e0 vous! Vous excuserez mon air amus\u00e9, mais \u00e0 chaque fois que je vois un R\u00eaveur conscient arriver ici, je ne peux m\u2019en emp\u00eacher! En g\u00e9n\u00e9ral, quand les R\u00eaveurs voient le volcan, ils vont dans d\u2019autres directions! Habituellement, ils se dirigent vers les festivit\u00e9s pr\u00e8s du chapiteau! Ici, c\u2019est le Dojo du Feu et il n\u2019y a pas grand-chose \u00e0 faire pour un r\u00eaveur! Que puis-je donc pour vous? \u00bb En entendant ces paroles, vous vous dites que vous avez bien fait de suivre votre intuition, puisque vous cherchez justement le sage du Dojo du Feu! Ajoutez un point \u00e0 votre total dans la cat\u00e9gorie intuition. Vous d\u00e9cidez de l\u2019informer que vous \u00eates \u00e0 la recherche du sage du Dojo. Il vous regarde \u00e9trangement et vous r\u00e9pond : \u00ab Pourquoi le cherchez-vous? Je ne vois pas en quoi mon ma\u00eetre pourrait vous \u00eatre utile puisque vous \u00eates seulement un R\u00eaveur et non un Karatsa\u00ef. \u00bb Vous lui expliquez que vous l\u2019avez rencontr\u00e9 lors d\u2019un autre r\u00eave et qu\u2019il avait une mission \u00e0 vous confier. Le garde semble abasourdi. \u00ab Je ne vois pas pourquoi il voudrait vous confier une mission, mais bon, mon r\u00f4le n\u2019est pas de discuter ses d\u00e9cisions. Malheureusement pour vous, il n\u2019est pas ici. Comme vous devriez le savoir, puisque vous l\u2019avez d\u00e9j\u00e0 rencontr\u00e9, mon ma\u00eetre adore se promener pr\u00e8s des festivit\u00e9s une fois la nuit tomb\u00e9e. Il a un faible pour les R\u00eaveurs inconscients. Vous pourrez le trouver non loin du chapiteau, en plein c\u0153ur de la ville. Je vous souhaite bonne chance! Et, en passant, une fois que les r\u00eaveurs mettent pied \u00e0 terre, ils ne peuvent s\u2019envoler \u00e0 nouveau avant que leur nuit de sommeil ne s\u2019ach\u00e8ve\u2026 Vous n\u2019aurez donc d\u2019autre choix que de continuer en prenant le train. Ici, on l\u2019appelle le Transkara. Les wagons passent toutes les quinze minutes. Vous voyez le panneau l\u00e0-bas? Et bien, c\u2019est l\u00e0 que vous devez embarquer. Vous ne pouvez pas manquer le Transkara, c\u2019est une s\u00e9rie de sph\u00e8res voyageant d\u2019un bout \u00e0 l\u2019autre de la ville.\u00bb<\/p>\n<p>Vous \u00eates heureux d\u2019\u00eatre arr\u00eat\u00e9 ici puisque vous savez au moins o\u00f9 vous pourrez trouver le sage du Dojo du Feu. Vous vous dirigez donc vers le panneau o\u00f9 vous pouvez lire Transkara 5 et vous attendez le prochain wagon.<\/p>\n<div class=\"btn-container  align-center\"><a class=\"organic-btn  dark-blue-btn small-btn  align-center\" href=\"http:\/\/www.katag.ca\/aventure-41\/\"><span class=\"btn-holder\">Cliquez ici pour continuer<\/span><\/a><\/div>\n","protected":false},"excerpt":{"rendered":"<p>Vous montez les escaliers et vous vous dirigez vers le garde, qui vous adresse la parole : \u00ab Bonjour \u00e0 vous! Vous excuserez mon air amus\u00e9, mais \u00e0 chaque fois que je vois un R\u00eaveur conscient arriver ici, je ne peux m\u2019en emp\u00eacher! En g\u00e9n\u00e9ral, quand les R\u00eaveurs voient le volcan, ils vont dans d\u2019autres directions! Habituellement, ils se dirigent vers les festivit\u00e9s pr\u00e8s du chapiteau! Ici, c\u2019est le Dojo du Feu et il n\u2019y a pas grand-chose \u00e0 faire pour un r\u00eaveur! Que puis-je donc pour vous?&#8230;<\/p>\n","protected":false},"author":2,"featured_media":0,"parent":0,"menu_order":0,"comment_status":"closed","ping_status":"closed","template":"","meta":{"footnotes":""},"class_list":["post-1090","page","type-page","status-publish","hentry"],"yoast_head":"<!-- This site is optimized with the Yoast SEO plugin v26.0 - https:\/\/yoast.com\/wordpress\/plugins\/seo\/ -->\n<title>Aventure 59 | Katag<\/title>\n<meta name=\"robots\" content=\"index, follow, max-snippet:-1, max-image-preview:large, max-video-preview:-1\" \/>\n<link rel=\"canonical\" href=\"https:\/\/www.katag.ca\/en\/aventure-59\/\" \/>\n<meta property=\"og:locale\" content=\"en_US\" \/>\n<meta property=\"og:type\" content=\"article\" \/>\n<meta property=\"og:title\" content=\"Aventure 59 | Katag\" \/>\n<meta property=\"og:description\" content=\"Vous montez les escaliers et vous vous dirigez vers le garde, qui vous adresse la parole : \u00ab Bonjour \u00e0 vous! Vous excuserez mon air amus\u00e9, mais \u00e0 chaque fois que je vois un R\u00eaveur conscient arriver ici, je ne peux m\u2019en emp\u00eacher! En g\u00e9n\u00e9ral, quand les R\u00eaveurs voient le volcan, ils vont dans d\u2019autres directions! Habituellement, ils se dirigent vers les festivit\u00e9s pr\u00e8s du chapiteau! Ici, c\u2019est le Dojo du Feu et il n\u2019y a pas grand-chose \u00e0 faire pour un r\u00eaveur! Que puis-je donc pour vous?...\" \/>\n<meta property=\"og:url\" content=\"https:\/\/www.katag.ca\/en\/aventure-59\/\" \/>\n<meta property=\"og:site_name\" content=\"Katag\" \/>\n<meta property=\"article:publisher\" content=\"https:\/\/www.facebook.com\/Katag.ca\" \/>\n<meta property=\"article:modified_time\" content=\"2015-01-09T17:38:33+00:00\" \/>\n<meta name=\"twitter:card\" content=\"summary_large_image\" \/>\n<meta name=\"twitter:label1\" content=\"Est. reading time\" \/>\n\t<meta name=\"twitter:data1\" content=\"2 minutes\" \/>\n<script type=\"application\/ld+json\" class=\"yoast-schema-graph\">{\"@context\":\"https:\/\/schema.org\",\"@graph\":[{\"@type\":\"WebPage\",\"@id\":\"https:\/\/www.katag.ca\/en\/aventure-59\/\",\"url\":\"https:\/\/www.katag.ca\/en\/aventure-59\/\",\"name\":\"Aventure 59 | Katag\",\"isPartOf\":{\"@id\":\"https:\/\/www.katag.ca\/#website\"},\"datePublished\":\"2015-01-04T23:29:24+00:00\",\"dateModified\":\"2015-01-09T17:38:33+00:00\",\"breadcrumb\":{\"@id\":\"https:\/\/www.katag.ca\/en\/aventure-59\/#breadcrumb\"},\"inLanguage\":\"en-US\",\"potentialAction\":[{\"@type\":\"ReadAction\",\"target\":[\"https:\/\/www.katag.ca\/en\/aventure-59\/\"]}]},{\"@type\":\"BreadcrumbList\",\"@id\":\"https:\/\/www.katag.ca\/en\/aventure-59\/#breadcrumb\",\"itemListElement\":[{\"@type\":\"ListItem\",\"position\":1,\"name\":\"Accueil\",\"item\":\"https:\/\/www.katag.ca\/\"},{\"@type\":\"ListItem\",\"position\":2,\"name\":\"Aventure 59\"}]},{\"@type\":\"WebSite\",\"@id\":\"https:\/\/www.katag.ca\/#website\",\"url\":\"https:\/\/www.katag.ca\/\",\"name\":\"Katag\",\"description\":\"LE jeu d'&eacute;p&eacute;es-mousse\",\"publisher\":{\"@id\":\"https:\/\/www.katag.ca\/#organization\"},\"potentialAction\":[{\"@type\":\"SearchAction\",\"target\":{\"@type\":\"EntryPoint\",\"urlTemplate\":\"https:\/\/www.katag.ca\/?s={search_term_string}\"},\"query-input\":{\"@type\":\"PropertyValueSpecification\",\"valueRequired\":true,\"valueName\":\"search_term_string\"}}],\"inLanguage\":\"en-US\"},{\"@type\":\"Organization\",\"@id\":\"https:\/\/www.katag.ca\/#organization\",\"name\":\"Katag\",\"url\":\"https:\/\/www.katag.ca\/\",\"logo\":{\"@type\":\"ImageObject\",\"inLanguage\":\"en-US\",\"@id\":\"https:\/\/www.katag.ca\/#\/schema\/logo\/image\/\",\"url\":\"https:\/\/www.katag.ca\/wp-content\/uploads\/2021\/03\/logo-fr.png\",\"contentUrl\":\"https:\/\/www.katag.ca\/wp-content\/uploads\/2021\/03\/logo-fr.png\",\"width\":338,\"height\":173,\"caption\":\"Katag\"},\"image\":{\"@id\":\"https:\/\/www.katag.ca\/#\/schema\/logo\/image\/\"},\"sameAs\":[\"https:\/\/www.facebook.com\/Katag.ca\"]}]}<\/script>\n<!-- \/ Yoast SEO plugin. -->","yoast_head_json":{"title":"Aventure 59 | Katag","robots":{"index":"index","follow":"follow","max-snippet":"max-snippet:-1","max-image-preview":"max-image-preview:large","max-video-preview":"max-video-preview:-1"},"canonical":"https:\/\/www.katag.ca\/en\/aventure-59\/","og_locale":"en_US","og_type":"article","og_title":"Aventure 59 | Katag","og_description":"Vous montez les escaliers et vous vous dirigez vers le garde, qui vous adresse la parole : \u00ab Bonjour \u00e0 vous! Vous excuserez mon air amus\u00e9, mais \u00e0 chaque fois que je vois un R\u00eaveur conscient arriver ici, je ne peux m\u2019en emp\u00eacher! En g\u00e9n\u00e9ral, quand les R\u00eaveurs voient le volcan, ils vont dans d\u2019autres directions! Habituellement, ils se dirigent vers les festivit\u00e9s pr\u00e8s du chapiteau! Ici, c\u2019est le Dojo du Feu et il n\u2019y a pas grand-chose \u00e0 faire pour un r\u00eaveur! Que puis-je donc pour vous?...","og_url":"https:\/\/www.katag.ca\/en\/aventure-59\/","og_site_name":"Katag","article_publisher":"https:\/\/www.facebook.com\/Katag.ca","article_modified_time":"2015-01-09T17:38:33+00:00","twitter_card":"summary_large_image","twitter_misc":{"Est. reading time":"2 minutes"},"schema":{"@context":"https:\/\/schema.org","@graph":[{"@type":"WebPage","@id":"https:\/\/www.katag.ca\/en\/aventure-59\/","url":"https:\/\/www.katag.ca\/en\/aventure-59\/","name":"Aventure 59 | Katag","isPartOf":{"@id":"https:\/\/www.katag.ca\/#website"},"datePublished":"2015-01-04T23:29:24+00:00","dateModified":"2015-01-09T17:38:33+00:00","breadcrumb":{"@id":"https:\/\/www.katag.ca\/en\/aventure-59\/#breadcrumb"},"inLanguage":"en-US","potentialAction":[{"@type":"ReadAction","target":["https:\/\/www.katag.ca\/en\/aventure-59\/"]}]},{"@type":"BreadcrumbList","@id":"https:\/\/www.katag.ca\/en\/aventure-59\/#breadcrumb","itemListElement":[{"@type":"ListItem","position":1,"name":"Accueil","item":"https:\/\/www.katag.ca\/"},{"@type":"ListItem","position":2,"name":"Aventure 59"}]},{"@type":"WebSite","@id":"https:\/\/www.katag.ca\/#website","url":"https:\/\/www.katag.ca\/","name":"Katag","description":"LE jeu d'&eacute;p&eacute;es-mousse","publisher":{"@id":"https:\/\/www.katag.ca\/#organization"},"potentialAction":[{"@type":"SearchAction","target":{"@type":"EntryPoint","urlTemplate":"https:\/\/www.katag.ca\/?s={search_term_string}"},"query-input":{"@type":"PropertyValueSpecification","valueRequired":true,"valueName":"search_term_string"}}],"inLanguage":"en-US"},{"@type":"Organization","@id":"https:\/\/www.katag.ca\/#organization","name":"Katag","url":"https:\/\/www.katag.ca\/","logo":{"@type":"ImageObject","inLanguage":"en-US","@id":"https:\/\/www.katag.ca\/#\/schema\/logo\/image\/","url":"https:\/\/www.katag.ca\/wp-content\/uploads\/2021\/03\/logo-fr.png","contentUrl":"https:\/\/www.katag.ca\/wp-content\/uploads\/2021\/03\/logo-fr.png","width":338,"height":173,"caption":"Katag"},"image":{"@id":"https:\/\/www.katag.ca\/#\/schema\/logo\/image\/"},"sameAs":["https:\/\/www.facebook.com\/Katag.ca"]}]}},"_links":{"self":[{"href":"https:\/\/www.katag.ca\/en\/wp-json\/wp\/v2\/pages\/1090","targetHints":{"allow":["GET"]}}],"collection":[{"href":"https:\/\/www.katag.ca\/en\/wp-json\/wp\/v2\/pages"}],"about":[{"href":"https:\/\/www.katag.ca\/en\/wp-json\/wp\/v2\/types\/page"}],"author":[{"embeddable":true,"href":"https:\/\/www.katag.ca\/en\/wp-json\/wp\/v2\/users\/2"}],"replies":[{"embeddable":true,"href":"https:\/\/www.katag.ca\/en\/wp-json\/wp\/v2\/comments?post=1090"}],"version-history":[{"count":2,"href":"https:\/\/www.katag.ca\/en\/wp-json\/wp\/v2\/pages\/1090\/revisions"}],"predecessor-version":[{"id":2249,"href":"https:\/\/www.katag.ca\/en\/wp-json\/wp\/v2\/pages\/1090\/revisions\/2249"}],"wp:attachment":[{"href":"https:\/\/www.katag.ca\/en\/wp-json\/wp\/v2\/media?parent=1090"}],"curies":[{"name":"wp","href":"https:\/\/api.w.org\/{rel}","templated":true}]}}