{"id":1092,"date":"2015-01-04T23:30:05","date_gmt":"2015-01-04T23:30:05","guid":{"rendered":"http:\/\/www.boutiquekatag.com\/?page_id=1092"},"modified":"2015-01-09T17:39:15","modified_gmt":"2015-01-09T17:39:15","slug":"aventure-60","status":"publish","type":"page","link":"https:\/\/www.katag.ca\/en\/aventure-60\/","title":{"rendered":"Aventure 60"},"content":{"rendered":"<p>Vous traversez le pont et vous vous dirigez vers le garde, qui vous adresse la parole : \u00ab Halte-l\u00e0! Personne n\u2019a le droit d\u2019entrer dans le Dojo de l\u2019Eau sans y avoir \u00e9t\u00e9 sp\u00e9cifiquement invit\u00e9! Et puis, que faites-vous ici? Il est un peu inhabituel de voir des R\u00eaveurs d\u00e9barquer ici. En fait, cela n\u2019arrive jamais! Pourquoi ne pas faire comme tous les autres et vous diriger vers les festivit\u00e9s pr\u00e8s du chapiteau? Ici, comme je l\u2019ai d\u00e9j\u00e0 dit, c\u2019est le Dojo de l\u2019Eau et il n\u2019y a pas grand-chose \u00e0 faire pour un R\u00eaveur! D\u2019ailleurs, une fois que les R\u00eaveurs mettent pied \u00e0 terre, ils ne peuvent s\u2019envoler \u00e0 nouveau avant que leur nuit de sommeil ne s\u2019ach\u00e8ve\u2026 Vous n\u2019aurez donc d\u2019autre choix que de continuer en prenant le train. Ici, on l\u2019appelle le Transkara. Les wagons passent toutes les quinze minutes. Vous voyez le panneau l\u00e0-bas? Et bien, c\u2019est l\u00e0 que vous devez embarquer. Vous ne pouvez pas manquer le Transkara, c\u2019est une s\u00e9rie de sph\u00e8res voyageant d\u2019un bout \u00e0 l\u2019autre de la ville.\u00bb<\/p>\n<p>\u00c0 court d\u2019options, vous vous dirigez donc vers le petit panneau ou vous pouvez lire Transkara 5 et vous attendez le prochain wagon.<\/p>\n<div class=\"btn-container  align-center\"><a class=\"organic-btn  dark-blue-btn small-btn  align-center\" href=\"http:\/\/www.katag.ca\/aventure-24\/\"><span class=\"btn-holder\">Cliquez ici pour continuer<\/span><\/a><\/div>\n","protected":false},"excerpt":{"rendered":"<p>Vous traversez le pont et vous vous dirigez vers le garde, qui vous adresse la parole : \u00ab Halte-l\u00e0! Personne n\u2019a le droit d\u2019entrer dans le Dojo de l\u2019Eau sans y avoir \u00e9t\u00e9 sp\u00e9cifiquement invit\u00e9! Et puis, que faites-vous ici? Il est un peu inhabituel de voir des R\u00eaveurs d\u00e9barquer ici. En fait, cela n\u2019arrive jamais! Pourquoi ne pas faire comme tous les autres et vous diriger vers les festivit\u00e9s pr\u00e8s du chapiteau? Ici, comme je l\u2019ai d\u00e9j\u00e0 dit, c\u2019est le Dojo de l\u2019Eau et il n\u2019y a&#8230;<\/p>\n","protected":false},"author":2,"featured_media":0,"parent":0,"menu_order":0,"comment_status":"closed","ping_status":"closed","template":"","meta":{"footnotes":""},"class_list":["post-1092","page","type-page","status-publish","hentry"],"yoast_head":"<!-- This site is optimized with the Yoast SEO plugin v26.0 - https:\/\/yoast.com\/wordpress\/plugins\/seo\/ -->\n<title>Aventure 60 | Katag<\/title>\n<meta name=\"robots\" content=\"index, follow, max-snippet:-1, max-image-preview:large, max-video-preview:-1\" \/>\n<link rel=\"canonical\" href=\"https:\/\/www.katag.ca\/aventure-60\/\" \/>\n<meta property=\"og:locale\" content=\"en_US\" \/>\n<meta property=\"og:type\" content=\"article\" \/>\n<meta property=\"og:title\" content=\"Aventure 60 | Katag\" \/>\n<meta property=\"og:description\" content=\"Vous traversez le pont et vous vous dirigez vers le garde, qui vous adresse la parole : \u00ab Halte-l\u00e0! Personne n\u2019a le droit d\u2019entrer dans le Dojo de l\u2019Eau sans y avoir \u00e9t\u00e9 sp\u00e9cifiquement invit\u00e9! Et puis, que faites-vous ici? Il est un peu inhabituel de voir des R\u00eaveurs d\u00e9barquer ici. En fait, cela n\u2019arrive jamais! Pourquoi ne pas faire comme tous les autres et vous diriger vers les festivit\u00e9s pr\u00e8s du chapiteau? Ici, comme je l\u2019ai d\u00e9j\u00e0 dit, c\u2019est le Dojo de l\u2019Eau et il n\u2019y a...\" \/>\n<meta property=\"og:url\" content=\"https:\/\/www.katag.ca\/aventure-60\/\" \/>\n<meta property=\"og:site_name\" content=\"Katag\" \/>\n<meta property=\"article:publisher\" content=\"https:\/\/www.facebook.com\/Katag.ca\" \/>\n<meta property=\"article:modified_time\" content=\"2015-01-09T17:39:15+00:00\" \/>\n<meta name=\"twitter:card\" content=\"summary_large_image\" \/>\n<meta name=\"twitter:label1\" content=\"Est. reading time\" \/>\n\t<meta name=\"twitter:data1\" content=\"1 minute\" \/>\n<script type=\"application\/ld+json\" class=\"yoast-schema-graph\">{\"@context\":\"https:\/\/schema.org\",\"@graph\":[{\"@type\":\"WebPage\",\"@id\":\"https:\/\/www.katag.ca\/aventure-60\/\",\"url\":\"https:\/\/www.katag.ca\/aventure-60\/\",\"name\":\"Aventure 60 | Katag\",\"isPartOf\":{\"@id\":\"https:\/\/www.katag.ca\/#website\"},\"datePublished\":\"2015-01-04T23:30:05+00:00\",\"dateModified\":\"2015-01-09T17:39:15+00:00\",\"breadcrumb\":{\"@id\":\"https:\/\/www.katag.ca\/aventure-60\/#breadcrumb\"},\"inLanguage\":\"en-US\",\"potentialAction\":[{\"@type\":\"ReadAction\",\"target\":[\"https:\/\/www.katag.ca\/aventure-60\/\"]}]},{\"@type\":\"BreadcrumbList\",\"@id\":\"https:\/\/www.katag.ca\/aventure-60\/#breadcrumb\",\"itemListElement\":[{\"@type\":\"ListItem\",\"position\":1,\"name\":\"Accueil\",\"item\":\"https:\/\/www.katag.ca\/\"},{\"@type\":\"ListItem\",\"position\":2,\"name\":\"Aventure 60\"}]},{\"@type\":\"WebSite\",\"@id\":\"https:\/\/www.katag.ca\/#website\",\"url\":\"https:\/\/www.katag.ca\/\",\"name\":\"Katag\",\"description\":\"LE jeu d'&eacute;p&eacute;es-mousse\",\"publisher\":{\"@id\":\"https:\/\/www.katag.ca\/#organization\"},\"potentialAction\":[{\"@type\":\"SearchAction\",\"target\":{\"@type\":\"EntryPoint\",\"urlTemplate\":\"https:\/\/www.katag.ca\/?s={search_term_string}\"},\"query-input\":{\"@type\":\"PropertyValueSpecification\",\"valueRequired\":true,\"valueName\":\"search_term_string\"}}],\"inLanguage\":\"en-US\"},{\"@type\":\"Organization\",\"@id\":\"https:\/\/www.katag.ca\/#organization\",\"name\":\"Katag\",\"url\":\"https:\/\/www.katag.ca\/\",\"logo\":{\"@type\":\"ImageObject\",\"inLanguage\":\"en-US\",\"@id\":\"https:\/\/www.katag.ca\/#\/schema\/logo\/image\/\",\"url\":\"https:\/\/www.katag.ca\/wp-content\/uploads\/2021\/03\/logo-fr.png\",\"contentUrl\":\"https:\/\/www.katag.ca\/wp-content\/uploads\/2021\/03\/logo-fr.png\",\"width\":338,\"height\":173,\"caption\":\"Katag\"},\"image\":{\"@id\":\"https:\/\/www.katag.ca\/#\/schema\/logo\/image\/\"},\"sameAs\":[\"https:\/\/www.facebook.com\/Katag.ca\"]}]}<\/script>\n<!-- \/ Yoast SEO plugin. -->","yoast_head_json":{"title":"Aventure 60 | Katag","robots":{"index":"index","follow":"follow","max-snippet":"max-snippet:-1","max-image-preview":"max-image-preview:large","max-video-preview":"max-video-preview:-1"},"canonical":"https:\/\/www.katag.ca\/aventure-60\/","og_locale":"en_US","og_type":"article","og_title":"Aventure 60 | Katag","og_description":"Vous traversez le pont et vous vous dirigez vers le garde, qui vous adresse la parole : \u00ab Halte-l\u00e0! Personne n\u2019a le droit d\u2019entrer dans le Dojo de l\u2019Eau sans y avoir \u00e9t\u00e9 sp\u00e9cifiquement invit\u00e9! Et puis, que faites-vous ici? Il est un peu inhabituel de voir des R\u00eaveurs d\u00e9barquer ici. En fait, cela n\u2019arrive jamais! Pourquoi ne pas faire comme tous les autres et vous diriger vers les festivit\u00e9s pr\u00e8s du chapiteau? Ici, comme je l\u2019ai d\u00e9j\u00e0 dit, c\u2019est le Dojo de l\u2019Eau et il n\u2019y a...","og_url":"https:\/\/www.katag.ca\/aventure-60\/","og_site_name":"Katag","article_publisher":"https:\/\/www.facebook.com\/Katag.ca","article_modified_time":"2015-01-09T17:39:15+00:00","twitter_card":"summary_large_image","twitter_misc":{"Est. reading time":"1 minute"},"schema":{"@context":"https:\/\/schema.org","@graph":[{"@type":"WebPage","@id":"https:\/\/www.katag.ca\/aventure-60\/","url":"https:\/\/www.katag.ca\/aventure-60\/","name":"Aventure 60 | Katag","isPartOf":{"@id":"https:\/\/www.katag.ca\/#website"},"datePublished":"2015-01-04T23:30:05+00:00","dateModified":"2015-01-09T17:39:15+00:00","breadcrumb":{"@id":"https:\/\/www.katag.ca\/aventure-60\/#breadcrumb"},"inLanguage":"en-US","potentialAction":[{"@type":"ReadAction","target":["https:\/\/www.katag.ca\/aventure-60\/"]}]},{"@type":"BreadcrumbList","@id":"https:\/\/www.katag.ca\/aventure-60\/#breadcrumb","itemListElement":[{"@type":"ListItem","position":1,"name":"Accueil","item":"https:\/\/www.katag.ca\/"},{"@type":"ListItem","position":2,"name":"Aventure 60"}]},{"@type":"WebSite","@id":"https:\/\/www.katag.ca\/#website","url":"https:\/\/www.katag.ca\/","name":"Katag","description":"LE jeu d'&eacute;p&eacute;es-mousse","publisher":{"@id":"https:\/\/www.katag.ca\/#organization"},"potentialAction":[{"@type":"SearchAction","target":{"@type":"EntryPoint","urlTemplate":"https:\/\/www.katag.ca\/?s={search_term_string}"},"query-input":{"@type":"PropertyValueSpecification","valueRequired":true,"valueName":"search_term_string"}}],"inLanguage":"en-US"},{"@type":"Organization","@id":"https:\/\/www.katag.ca\/#organization","name":"Katag","url":"https:\/\/www.katag.ca\/","logo":{"@type":"ImageObject","inLanguage":"en-US","@id":"https:\/\/www.katag.ca\/#\/schema\/logo\/image\/","url":"https:\/\/www.katag.ca\/wp-content\/uploads\/2021\/03\/logo-fr.png","contentUrl":"https:\/\/www.katag.ca\/wp-content\/uploads\/2021\/03\/logo-fr.png","width":338,"height":173,"caption":"Katag"},"image":{"@id":"https:\/\/www.katag.ca\/#\/schema\/logo\/image\/"},"sameAs":["https:\/\/www.facebook.com\/Katag.ca"]}]}},"_links":{"self":[{"href":"https:\/\/www.katag.ca\/en\/wp-json\/wp\/v2\/pages\/1092","targetHints":{"allow":["GET"]}}],"collection":[{"href":"https:\/\/www.katag.ca\/en\/wp-json\/wp\/v2\/pages"}],"about":[{"href":"https:\/\/www.katag.ca\/en\/wp-json\/wp\/v2\/types\/page"}],"author":[{"embeddable":true,"href":"https:\/\/www.katag.ca\/en\/wp-json\/wp\/v2\/users\/2"}],"replies":[{"embeddable":true,"href":"https:\/\/www.katag.ca\/en\/wp-json\/wp\/v2\/comments?post=1092"}],"version-history":[{"count":2,"href":"https:\/\/www.katag.ca\/en\/wp-json\/wp\/v2\/pages\/1092\/revisions"}],"predecessor-version":[{"id":2250,"href":"https:\/\/www.katag.ca\/en\/wp-json\/wp\/v2\/pages\/1092\/revisions\/2250"}],"wp:attachment":[{"href":"https:\/\/www.katag.ca\/en\/wp-json\/wp\/v2\/media?parent=1092"}],"curies":[{"name":"wp","href":"https:\/\/api.w.org\/{rel}","templated":true}]}}