{"id":1096,"date":"2015-01-04T23:32:30","date_gmt":"2015-01-04T23:32:30","guid":{"rendered":"http:\/\/www.boutiquekatag.com\/?page_id=1096"},"modified":"2015-01-09T17:42:27","modified_gmt":"2015-01-09T17:42:27","slug":"aventure-62","status":"publish","type":"page","link":"https:\/\/www.katag.ca\/en\/aventure-62\/","title":{"rendered":"Aventure 62"},"content":{"rendered":"<p>Vous remarquez, \u00e0 votre descente, un grand pont, qui vous m\u00e8ne \u00e0 une petite structure au milieu du lac et, sur la structure, se trouve un garde. Une sensation bizarre s\u2019empare de vous et, soudain, vous avez l\u2019impression d\u2019\u00eatre frapp\u00e9 par une immense vague! Toutefois, vous constatez rapidement que cette vague est r\u00e9confortante et ne vous fait aucun mal. Vous venez d\u2019\u00eatre touch\u00e9 par le pouvoir de l\u2019Eau! Puisque votre instinct vous a conduit ici en premier lieu, c\u2019est que vous \u00eates sensible \u00e0 cette \u00e9nergie. Le pouvoir de l\u2019eau vous donne un point dans la cat\u00e9gorie endurance.<\/p>\n<p>Vous d\u00e9cidez donc de traverser le pont et vous vous dirigez vers le garde, qui vous adresse la parole : \u00ab Bonjour \u00e0 vous! Vous excuserez mon air amus\u00e9, mais \u00e0 chaque fois que je vois un R\u00eaveur conscient se diriger ici, j\u2019ai la m\u00eame r\u00e9action. Habituellement, quand les R\u00eaveurs voient le lac, ils vont dans d\u2019autres directions et, en g\u00e9n\u00e9ral, ils arrivent en volant et non par le Transkara. Habituellement, ils se dirigent vers les festivit\u00e9s pr\u00e8s du chapiteau! Ici, c\u2019est le Dojo de l\u2019Eau et il n\u2019y a pas grand-chose \u00e0 faire pour un R\u00eaveur! D\u00eetes-moi \u00e9tranger, que puis-je donc pour vous? \u00bb C\u2019est \u00e0 ce moment que vous r\u00e9alisez qu\u2019il n\u2019y a rien d\u2019int\u00e9ressant ici. Vous remerciez le garde et choisissez de partir. Cependant, comme vous ne savez pas comment faire pour voler \u00e0 nouveau, vous n\u2019avez d\u2019autre choix que d\u2019attendre le prochain wagon. <\/p>\n<div class=\"btn-container  align-center\"><a class=\"organic-btn  dark-blue-btn small-btn  align-center\" href=\"http:\/\/www.katag.ca\/aventure-81\/\"><span class=\"btn-holder\">Pour continuer, cliquez ici<\/span><\/a><\/div>\n","protected":false},"excerpt":{"rendered":"<p>Vous remarquez, \u00e0 votre descente, un grand pont, qui vous m\u00e8ne \u00e0 une petite structure au milieu du lac et, sur la structure, se trouve un garde. Une sensation bizarre s\u2019empare de vous et, soudain, vous avez l\u2019impression d\u2019\u00eatre frapp\u00e9 par une immense vague! Toutefois, vous constatez rapidement que cette vague est r\u00e9confortante et ne vous fait aucun mal. Vous venez d\u2019\u00eatre touch\u00e9 par le pouvoir de l\u2019Eau! Puisque votre instinct vous a conduit ici en premier lieu, c\u2019est que vous \u00eates sensible \u00e0 cette \u00e9nergie. Le pouvoir&#8230;<\/p>\n","protected":false},"author":2,"featured_media":0,"parent":0,"menu_order":0,"comment_status":"closed","ping_status":"closed","template":"","meta":{"footnotes":""},"class_list":["post-1096","page","type-page","status-publish","hentry"],"yoast_head":"<!-- This site is optimized with the Yoast SEO plugin v26.0 - https:\/\/yoast.com\/wordpress\/plugins\/seo\/ -->\n<title>Aventure 62 | Katag<\/title>\n<meta name=\"robots\" content=\"index, follow, max-snippet:-1, max-image-preview:large, max-video-preview:-1\" \/>\n<link rel=\"canonical\" href=\"https:\/\/www.katag.ca\/aventure-62\/\" \/>\n<meta property=\"og:locale\" content=\"en_US\" \/>\n<meta property=\"og:type\" content=\"article\" \/>\n<meta property=\"og:title\" content=\"Aventure 62 | Katag\" \/>\n<meta property=\"og:description\" content=\"Vous remarquez, \u00e0 votre descente, un grand pont, qui vous m\u00e8ne \u00e0 une petite structure au milieu du lac et, sur la structure, se trouve un garde. Une sensation bizarre s\u2019empare de vous et, soudain, vous avez l\u2019impression d\u2019\u00eatre frapp\u00e9 par une immense vague! Toutefois, vous constatez rapidement que cette vague est r\u00e9confortante et ne vous fait aucun mal. Vous venez d\u2019\u00eatre touch\u00e9 par le pouvoir de l\u2019Eau! Puisque votre instinct vous a conduit ici en premier lieu, c\u2019est que vous \u00eates sensible \u00e0 cette \u00e9nergie. Le pouvoir...\" \/>\n<meta property=\"og:url\" content=\"https:\/\/www.katag.ca\/aventure-62\/\" \/>\n<meta property=\"og:site_name\" content=\"Katag\" \/>\n<meta property=\"article:publisher\" content=\"https:\/\/www.facebook.com\/Katag.ca\" \/>\n<meta property=\"article:modified_time\" content=\"2015-01-09T17:42:27+00:00\" \/>\n<meta name=\"twitter:card\" content=\"summary_large_image\" \/>\n<meta name=\"twitter:label1\" content=\"Est. reading time\" \/>\n\t<meta name=\"twitter:data1\" content=\"1 minute\" \/>\n<script type=\"application\/ld+json\" class=\"yoast-schema-graph\">{\"@context\":\"https:\/\/schema.org\",\"@graph\":[{\"@type\":\"WebPage\",\"@id\":\"https:\/\/www.katag.ca\/aventure-62\/\",\"url\":\"https:\/\/www.katag.ca\/aventure-62\/\",\"name\":\"Aventure 62 | Katag\",\"isPartOf\":{\"@id\":\"https:\/\/www.katag.ca\/#website\"},\"datePublished\":\"2015-01-04T23:32:30+00:00\",\"dateModified\":\"2015-01-09T17:42:27+00:00\",\"breadcrumb\":{\"@id\":\"https:\/\/www.katag.ca\/aventure-62\/#breadcrumb\"},\"inLanguage\":\"en-US\",\"potentialAction\":[{\"@type\":\"ReadAction\",\"target\":[\"https:\/\/www.katag.ca\/aventure-62\/\"]}]},{\"@type\":\"BreadcrumbList\",\"@id\":\"https:\/\/www.katag.ca\/aventure-62\/#breadcrumb\",\"itemListElement\":[{\"@type\":\"ListItem\",\"position\":1,\"name\":\"Accueil\",\"item\":\"https:\/\/www.katag.ca\/\"},{\"@type\":\"ListItem\",\"position\":2,\"name\":\"Aventure 62\"}]},{\"@type\":\"WebSite\",\"@id\":\"https:\/\/www.katag.ca\/#website\",\"url\":\"https:\/\/www.katag.ca\/\",\"name\":\"Katag\",\"description\":\"LE jeu d'&eacute;p&eacute;es-mousse\",\"publisher\":{\"@id\":\"https:\/\/www.katag.ca\/#organization\"},\"potentialAction\":[{\"@type\":\"SearchAction\",\"target\":{\"@type\":\"EntryPoint\",\"urlTemplate\":\"https:\/\/www.katag.ca\/?s={search_term_string}\"},\"query-input\":{\"@type\":\"PropertyValueSpecification\",\"valueRequired\":true,\"valueName\":\"search_term_string\"}}],\"inLanguage\":\"en-US\"},{\"@type\":\"Organization\",\"@id\":\"https:\/\/www.katag.ca\/#organization\",\"name\":\"Katag\",\"url\":\"https:\/\/www.katag.ca\/\",\"logo\":{\"@type\":\"ImageObject\",\"inLanguage\":\"en-US\",\"@id\":\"https:\/\/www.katag.ca\/#\/schema\/logo\/image\/\",\"url\":\"https:\/\/www.katag.ca\/wp-content\/uploads\/2021\/03\/logo-fr.png\",\"contentUrl\":\"https:\/\/www.katag.ca\/wp-content\/uploads\/2021\/03\/logo-fr.png\",\"width\":338,\"height\":173,\"caption\":\"Katag\"},\"image\":{\"@id\":\"https:\/\/www.katag.ca\/#\/schema\/logo\/image\/\"},\"sameAs\":[\"https:\/\/www.facebook.com\/Katag.ca\"]}]}<\/script>\n<!-- \/ Yoast SEO plugin. -->","yoast_head_json":{"title":"Aventure 62 | Katag","robots":{"index":"index","follow":"follow","max-snippet":"max-snippet:-1","max-image-preview":"max-image-preview:large","max-video-preview":"max-video-preview:-1"},"canonical":"https:\/\/www.katag.ca\/aventure-62\/","og_locale":"en_US","og_type":"article","og_title":"Aventure 62 | Katag","og_description":"Vous remarquez, \u00e0 votre descente, un grand pont, qui vous m\u00e8ne \u00e0 une petite structure au milieu du lac et, sur la structure, se trouve un garde. Une sensation bizarre s\u2019empare de vous et, soudain, vous avez l\u2019impression d\u2019\u00eatre frapp\u00e9 par une immense vague! Toutefois, vous constatez rapidement que cette vague est r\u00e9confortante et ne vous fait aucun mal. Vous venez d\u2019\u00eatre touch\u00e9 par le pouvoir de l\u2019Eau! Puisque votre instinct vous a conduit ici en premier lieu, c\u2019est que vous \u00eates sensible \u00e0 cette \u00e9nergie. Le pouvoir...","og_url":"https:\/\/www.katag.ca\/aventure-62\/","og_site_name":"Katag","article_publisher":"https:\/\/www.facebook.com\/Katag.ca","article_modified_time":"2015-01-09T17:42:27+00:00","twitter_card":"summary_large_image","twitter_misc":{"Est. reading time":"1 minute"},"schema":{"@context":"https:\/\/schema.org","@graph":[{"@type":"WebPage","@id":"https:\/\/www.katag.ca\/aventure-62\/","url":"https:\/\/www.katag.ca\/aventure-62\/","name":"Aventure 62 | Katag","isPartOf":{"@id":"https:\/\/www.katag.ca\/#website"},"datePublished":"2015-01-04T23:32:30+00:00","dateModified":"2015-01-09T17:42:27+00:00","breadcrumb":{"@id":"https:\/\/www.katag.ca\/aventure-62\/#breadcrumb"},"inLanguage":"en-US","potentialAction":[{"@type":"ReadAction","target":["https:\/\/www.katag.ca\/aventure-62\/"]}]},{"@type":"BreadcrumbList","@id":"https:\/\/www.katag.ca\/aventure-62\/#breadcrumb","itemListElement":[{"@type":"ListItem","position":1,"name":"Accueil","item":"https:\/\/www.katag.ca\/"},{"@type":"ListItem","position":2,"name":"Aventure 62"}]},{"@type":"WebSite","@id":"https:\/\/www.katag.ca\/#website","url":"https:\/\/www.katag.ca\/","name":"Katag","description":"LE jeu d'&eacute;p&eacute;es-mousse","publisher":{"@id":"https:\/\/www.katag.ca\/#organization"},"potentialAction":[{"@type":"SearchAction","target":{"@type":"EntryPoint","urlTemplate":"https:\/\/www.katag.ca\/?s={search_term_string}"},"query-input":{"@type":"PropertyValueSpecification","valueRequired":true,"valueName":"search_term_string"}}],"inLanguage":"en-US"},{"@type":"Organization","@id":"https:\/\/www.katag.ca\/#organization","name":"Katag","url":"https:\/\/www.katag.ca\/","logo":{"@type":"ImageObject","inLanguage":"en-US","@id":"https:\/\/www.katag.ca\/#\/schema\/logo\/image\/","url":"https:\/\/www.katag.ca\/wp-content\/uploads\/2021\/03\/logo-fr.png","contentUrl":"https:\/\/www.katag.ca\/wp-content\/uploads\/2021\/03\/logo-fr.png","width":338,"height":173,"caption":"Katag"},"image":{"@id":"https:\/\/www.katag.ca\/#\/schema\/logo\/image\/"},"sameAs":["https:\/\/www.facebook.com\/Katag.ca"]}]}},"_links":{"self":[{"href":"https:\/\/www.katag.ca\/en\/wp-json\/wp\/v2\/pages\/1096","targetHints":{"allow":["GET"]}}],"collection":[{"href":"https:\/\/www.katag.ca\/en\/wp-json\/wp\/v2\/pages"}],"about":[{"href":"https:\/\/www.katag.ca\/en\/wp-json\/wp\/v2\/types\/page"}],"author":[{"embeddable":true,"href":"https:\/\/www.katag.ca\/en\/wp-json\/wp\/v2\/users\/2"}],"replies":[{"embeddable":true,"href":"https:\/\/www.katag.ca\/en\/wp-json\/wp\/v2\/comments?post=1096"}],"version-history":[{"count":2,"href":"https:\/\/www.katag.ca\/en\/wp-json\/wp\/v2\/pages\/1096\/revisions"}],"predecessor-version":[{"id":2254,"href":"https:\/\/www.katag.ca\/en\/wp-json\/wp\/v2\/pages\/1096\/revisions\/2254"}],"wp:attachment":[{"href":"https:\/\/www.katag.ca\/en\/wp-json\/wp\/v2\/media?parent=1096"}],"curies":[{"name":"wp","href":"https:\/\/api.w.org\/{rel}","templated":true}]}}