{"id":1106,"date":"2015-01-04T23:35:57","date_gmt":"2015-01-04T23:35:57","guid":{"rendered":"http:\/\/www.boutiquekatag.com\/?page_id=1106"},"modified":"2015-01-09T17:55:50","modified_gmt":"2015-01-09T17:55:50","slug":"aventure-67","status":"publish","type":"page","link":"https:\/\/www.katag.ca\/en\/aventure-67\/","title":{"rendered":"Aventure 67"},"content":{"rendered":"<p>Vous avez subitement l\u2019impression d\u2019\u00eatre au beau milieu d\u2019une grande temp\u00eate! Vous venez d\u2019\u00eatre frapp\u00e9 par le pouvoir de l\u2019Air! Vous avez le sentiment que si vous aviez \u00e0 combattre, vous pourriez vous d\u00e9placer \u00e0 une vitesse fulgurante! Puisque votre instinct vous a conduit ici en premier lieu, c\u2019est que vous \u00eates sensible \u00e0 cette \u00e9nergie. Le pouvoir de l\u2019Air vous donne un point \u00e0 ajouter \u00e0 votre total dans la cat\u00e9gorie attaque.<\/p>\n<p>Vous vous dirigez maintenant vers le garde, qui vous adresse la parole : \u00ab Bonjour \u00e0 vous! Vous \u00eates certainement perdu ou encore inconscient! Tout le monde sait qu\u2019on ne peut entrer dans les diff\u00e9rents dojos de Manifeste \u00e0 moins d\u2019y avoir \u00e9t\u00e9 invit\u00e9! Habituellement, les R\u00eaveurs se dirigent vers les festivit\u00e9s pr\u00e8s du chapiteau dans le centre-ville! Ici, c\u2019est le Dojo de l\u2019Air et il n\u2019y a pas grand-chose \u00e0 faire pour un R\u00eaveur!\u00bb Vous r\u00e9alisez que vous ne trouverez rien d\u2019int\u00e9ressant pour vous ici. Vous n\u2019avez donc d\u2019autre choix que de rebrousser chemin et aller explorer ailleurs.<\/p>\n<div class=\"btn-container  align-center\"><a class=\"organic-btn  dark-blue-btn small-btn  align-center\" href=\"http:\/\/www.katag.ca\/aventure-9\/\"><span class=\"btn-holder\">Cliquez ici pour continuer<\/span><\/a><\/div>\n","protected":false},"excerpt":{"rendered":"<p>Vous avez subitement l\u2019impression d\u2019\u00eatre au beau milieu d\u2019une grande temp\u00eate! Vous venez d\u2019\u00eatre frapp\u00e9 par le pouvoir de l\u2019Air! Vous avez le sentiment que si vous aviez \u00e0 combattre, vous pourriez vous d\u00e9placer \u00e0 une vitesse fulgurante! Puisque votre instinct vous a conduit ici en premier lieu, c\u2019est que vous \u00eates sensible \u00e0 cette \u00e9nergie. Le pouvoir de l\u2019Air vous donne un point \u00e0 ajouter \u00e0 votre total dans la cat\u00e9gorie attaque. Vous vous dirigez maintenant vers le garde, qui vous adresse la parole : \u00ab Bonjour&#8230;<\/p>\n","protected":false},"author":2,"featured_media":0,"parent":0,"menu_order":0,"comment_status":"closed","ping_status":"closed","template":"","meta":{"footnotes":""},"class_list":["post-1106","page","type-page","status-publish","hentry"],"yoast_head":"<!-- This site is optimized with the Yoast SEO plugin v26.0 - https:\/\/yoast.com\/wordpress\/plugins\/seo\/ -->\n<title>Aventure 67 | Katag<\/title>\n<meta name=\"robots\" content=\"index, follow, max-snippet:-1, max-image-preview:large, max-video-preview:-1\" \/>\n<link rel=\"canonical\" href=\"https:\/\/www.katag.ca\/aventure-67\/\" \/>\n<meta property=\"og:locale\" content=\"en_US\" \/>\n<meta property=\"og:type\" content=\"article\" \/>\n<meta property=\"og:title\" content=\"Aventure 67 | Katag\" \/>\n<meta property=\"og:description\" content=\"Vous avez subitement l\u2019impression d\u2019\u00eatre au beau milieu d\u2019une grande temp\u00eate! Vous venez d\u2019\u00eatre frapp\u00e9 par le pouvoir de l\u2019Air! Vous avez le sentiment que si vous aviez \u00e0 combattre, vous pourriez vous d\u00e9placer \u00e0 une vitesse fulgurante! Puisque votre instinct vous a conduit ici en premier lieu, c\u2019est que vous \u00eates sensible \u00e0 cette \u00e9nergie. Le pouvoir de l\u2019Air vous donne un point \u00e0 ajouter \u00e0 votre total dans la cat\u00e9gorie attaque. Vous vous dirigez maintenant vers le garde, qui vous adresse la parole : \u00ab Bonjour...\" \/>\n<meta property=\"og:url\" content=\"https:\/\/www.katag.ca\/aventure-67\/\" \/>\n<meta property=\"og:site_name\" content=\"Katag\" \/>\n<meta property=\"article:publisher\" content=\"https:\/\/www.facebook.com\/Katag.ca\" \/>\n<meta property=\"article:modified_time\" content=\"2015-01-09T17:55:50+00:00\" \/>\n<meta name=\"twitter:card\" content=\"summary_large_image\" \/>\n<meta name=\"twitter:label1\" content=\"Est. reading time\" \/>\n\t<meta name=\"twitter:data1\" content=\"1 minute\" \/>\n<script type=\"application\/ld+json\" class=\"yoast-schema-graph\">{\"@context\":\"https:\/\/schema.org\",\"@graph\":[{\"@type\":\"WebPage\",\"@id\":\"https:\/\/www.katag.ca\/aventure-67\/\",\"url\":\"https:\/\/www.katag.ca\/aventure-67\/\",\"name\":\"Aventure 67 | Katag\",\"isPartOf\":{\"@id\":\"https:\/\/www.katag.ca\/#website\"},\"datePublished\":\"2015-01-04T23:35:57+00:00\",\"dateModified\":\"2015-01-09T17:55:50+00:00\",\"breadcrumb\":{\"@id\":\"https:\/\/www.katag.ca\/aventure-67\/#breadcrumb\"},\"inLanguage\":\"en-US\",\"potentialAction\":[{\"@type\":\"ReadAction\",\"target\":[\"https:\/\/www.katag.ca\/aventure-67\/\"]}]},{\"@type\":\"BreadcrumbList\",\"@id\":\"https:\/\/www.katag.ca\/aventure-67\/#breadcrumb\",\"itemListElement\":[{\"@type\":\"ListItem\",\"position\":1,\"name\":\"Accueil\",\"item\":\"https:\/\/www.katag.ca\/\"},{\"@type\":\"ListItem\",\"position\":2,\"name\":\"Aventure 67\"}]},{\"@type\":\"WebSite\",\"@id\":\"https:\/\/www.katag.ca\/#website\",\"url\":\"https:\/\/www.katag.ca\/\",\"name\":\"Katag\",\"description\":\"LE jeu d'&eacute;p&eacute;es-mousse\",\"publisher\":{\"@id\":\"https:\/\/www.katag.ca\/#organization\"},\"potentialAction\":[{\"@type\":\"SearchAction\",\"target\":{\"@type\":\"EntryPoint\",\"urlTemplate\":\"https:\/\/www.katag.ca\/?s={search_term_string}\"},\"query-input\":{\"@type\":\"PropertyValueSpecification\",\"valueRequired\":true,\"valueName\":\"search_term_string\"}}],\"inLanguage\":\"en-US\"},{\"@type\":\"Organization\",\"@id\":\"https:\/\/www.katag.ca\/#organization\",\"name\":\"Katag\",\"url\":\"https:\/\/www.katag.ca\/\",\"logo\":{\"@type\":\"ImageObject\",\"inLanguage\":\"en-US\",\"@id\":\"https:\/\/www.katag.ca\/#\/schema\/logo\/image\/\",\"url\":\"https:\/\/www.katag.ca\/wp-content\/uploads\/2021\/03\/logo-fr.png\",\"contentUrl\":\"https:\/\/www.katag.ca\/wp-content\/uploads\/2021\/03\/logo-fr.png\",\"width\":338,\"height\":173,\"caption\":\"Katag\"},\"image\":{\"@id\":\"https:\/\/www.katag.ca\/#\/schema\/logo\/image\/\"},\"sameAs\":[\"https:\/\/www.facebook.com\/Katag.ca\"]}]}<\/script>\n<!-- \/ Yoast SEO plugin. -->","yoast_head_json":{"title":"Aventure 67 | Katag","robots":{"index":"index","follow":"follow","max-snippet":"max-snippet:-1","max-image-preview":"max-image-preview:large","max-video-preview":"max-video-preview:-1"},"canonical":"https:\/\/www.katag.ca\/aventure-67\/","og_locale":"en_US","og_type":"article","og_title":"Aventure 67 | Katag","og_description":"Vous avez subitement l\u2019impression d\u2019\u00eatre au beau milieu d\u2019une grande temp\u00eate! Vous venez d\u2019\u00eatre frapp\u00e9 par le pouvoir de l\u2019Air! Vous avez le sentiment que si vous aviez \u00e0 combattre, vous pourriez vous d\u00e9placer \u00e0 une vitesse fulgurante! Puisque votre instinct vous a conduit ici en premier lieu, c\u2019est que vous \u00eates sensible \u00e0 cette \u00e9nergie. Le pouvoir de l\u2019Air vous donne un point \u00e0 ajouter \u00e0 votre total dans la cat\u00e9gorie attaque. Vous vous dirigez maintenant vers le garde, qui vous adresse la parole : \u00ab Bonjour...","og_url":"https:\/\/www.katag.ca\/aventure-67\/","og_site_name":"Katag","article_publisher":"https:\/\/www.facebook.com\/Katag.ca","article_modified_time":"2015-01-09T17:55:50+00:00","twitter_card":"summary_large_image","twitter_misc":{"Est. reading time":"1 minute"},"schema":{"@context":"https:\/\/schema.org","@graph":[{"@type":"WebPage","@id":"https:\/\/www.katag.ca\/aventure-67\/","url":"https:\/\/www.katag.ca\/aventure-67\/","name":"Aventure 67 | Katag","isPartOf":{"@id":"https:\/\/www.katag.ca\/#website"},"datePublished":"2015-01-04T23:35:57+00:00","dateModified":"2015-01-09T17:55:50+00:00","breadcrumb":{"@id":"https:\/\/www.katag.ca\/aventure-67\/#breadcrumb"},"inLanguage":"en-US","potentialAction":[{"@type":"ReadAction","target":["https:\/\/www.katag.ca\/aventure-67\/"]}]},{"@type":"BreadcrumbList","@id":"https:\/\/www.katag.ca\/aventure-67\/#breadcrumb","itemListElement":[{"@type":"ListItem","position":1,"name":"Accueil","item":"https:\/\/www.katag.ca\/"},{"@type":"ListItem","position":2,"name":"Aventure 67"}]},{"@type":"WebSite","@id":"https:\/\/www.katag.ca\/#website","url":"https:\/\/www.katag.ca\/","name":"Katag","description":"LE jeu d'&eacute;p&eacute;es-mousse","publisher":{"@id":"https:\/\/www.katag.ca\/#organization"},"potentialAction":[{"@type":"SearchAction","target":{"@type":"EntryPoint","urlTemplate":"https:\/\/www.katag.ca\/?s={search_term_string}"},"query-input":{"@type":"PropertyValueSpecification","valueRequired":true,"valueName":"search_term_string"}}],"inLanguage":"en-US"},{"@type":"Organization","@id":"https:\/\/www.katag.ca\/#organization","name":"Katag","url":"https:\/\/www.katag.ca\/","logo":{"@type":"ImageObject","inLanguage":"en-US","@id":"https:\/\/www.katag.ca\/#\/schema\/logo\/image\/","url":"https:\/\/www.katag.ca\/wp-content\/uploads\/2021\/03\/logo-fr.png","contentUrl":"https:\/\/www.katag.ca\/wp-content\/uploads\/2021\/03\/logo-fr.png","width":338,"height":173,"caption":"Katag"},"image":{"@id":"https:\/\/www.katag.ca\/#\/schema\/logo\/image\/"},"sameAs":["https:\/\/www.facebook.com\/Katag.ca"]}]}},"_links":{"self":[{"href":"https:\/\/www.katag.ca\/en\/wp-json\/wp\/v2\/pages\/1106","targetHints":{"allow":["GET"]}}],"collection":[{"href":"https:\/\/www.katag.ca\/en\/wp-json\/wp\/v2\/pages"}],"about":[{"href":"https:\/\/www.katag.ca\/en\/wp-json\/wp\/v2\/types\/page"}],"author":[{"embeddable":true,"href":"https:\/\/www.katag.ca\/en\/wp-json\/wp\/v2\/users\/2"}],"replies":[{"embeddable":true,"href":"https:\/\/www.katag.ca\/en\/wp-json\/wp\/v2\/comments?post=1106"}],"version-history":[{"count":2,"href":"https:\/\/www.katag.ca\/en\/wp-json\/wp\/v2\/pages\/1106\/revisions"}],"predecessor-version":[{"id":2260,"href":"https:\/\/www.katag.ca\/en\/wp-json\/wp\/v2\/pages\/1106\/revisions\/2260"}],"wp:attachment":[{"href":"https:\/\/www.katag.ca\/en\/wp-json\/wp\/v2\/media?parent=1106"}],"curies":[{"name":"wp","href":"https:\/\/api.w.org\/{rel}","templated":true}]}}