{"id":1108,"date":"2015-01-04T23:36:33","date_gmt":"2015-01-04T23:36:33","guid":{"rendered":"http:\/\/www.boutiquekatag.com\/?page_id=1108"},"modified":"2015-01-09T17:56:45","modified_gmt":"2015-01-09T17:56:45","slug":"aventure-68","status":"publish","type":"page","link":"https:\/\/www.katag.ca\/en\/aventure-68\/","title":{"rendered":"Aventure 68"},"content":{"rendered":"<p>\u00ab Qu\u2019est-ce que \u00e7a signifie? Mais voyons, tout le monde conna\u00eet Tangaro! C\u2019est le meilleur joueur des Fines Lames \u00bb, vous r\u00e9pond l\u2019homme. \u00ab H\u00e9 Mad\u00e9no! Peux-tu croire que ce jeunot ne sait pas qui est Tangaro? \u00bb, dit ensuite l\u2019homme \u00e0 son voisin de si\u00e8ge afin de lui rendre compte de votre ignorance. Cela vous met un peu mal \u00e0 l\u2019aise et vous d\u00e9cidez qu\u2019il est peut-\u00eatre temps pour vous de partir et de continuer votre exploration. Mais c\u2019est votre choix! Vous pouvez tout de m\u00eame d\u00e9cider de rester ici plus longtemps.<\/p>\n<div class=\"btn-container  align-center\"><a class=\"organic-btn  dark-blue-btn small-btn  align-center\" href=\"http:\/\/www.katag.ca\/aventure-69\/\"><span class=\"btn-holder\">Vous d\u00e9sirez continuer \u00e0 regarder la partie<\/span><\/a><\/div>\n<div class=\"btn-container  align-center\"><a class=\"organic-btn  dark-blue-btn small-btn  align-center\" href=\"http:\/\/www.katag.ca\/aventure-86\/\"><span class=\"btn-holder\">Vous pr\u00e9f\u00e9rez reprendre votre exploration<\/span><\/a><\/div>\n","protected":false},"excerpt":{"rendered":"<p>\u00ab Qu\u2019est-ce que \u00e7a signifie? Mais voyons, tout le monde conna\u00eet Tangaro! C\u2019est le meilleur joueur des Fines Lames \u00bb, vous r\u00e9pond l\u2019homme. \u00ab H\u00e9 Mad\u00e9no! Peux-tu croire que ce jeunot ne sait pas qui est Tangaro? \u00bb, dit ensuite l\u2019homme \u00e0 son voisin de si\u00e8ge afin de lui rendre compte de votre ignorance. Cela vous met un peu mal \u00e0 l\u2019aise et vous d\u00e9cidez qu\u2019il est peut-\u00eatre temps pour vous de partir et de continuer votre exploration. Mais c\u2019est votre choix! Vous pouvez tout de m\u00eame d\u00e9cider&#8230;<\/p>\n","protected":false},"author":2,"featured_media":0,"parent":0,"menu_order":0,"comment_status":"closed","ping_status":"closed","template":"","meta":{"footnotes":""},"class_list":["post-1108","page","type-page","status-publish","hentry"],"yoast_head":"<!-- This site is optimized with the Yoast SEO plugin v26.0 - https:\/\/yoast.com\/wordpress\/plugins\/seo\/ -->\n<title>Aventure 68 | Katag<\/title>\n<meta name=\"robots\" content=\"index, follow, max-snippet:-1, max-image-preview:large, max-video-preview:-1\" \/>\n<link rel=\"canonical\" href=\"https:\/\/www.katag.ca\/aventure-68\/\" \/>\n<meta property=\"og:locale\" content=\"en_US\" \/>\n<meta property=\"og:type\" content=\"article\" \/>\n<meta property=\"og:title\" content=\"Aventure 68 | Katag\" \/>\n<meta property=\"og:description\" content=\"\u00ab Qu\u2019est-ce que \u00e7a signifie? Mais voyons, tout le monde conna\u00eet Tangaro! C\u2019est le meilleur joueur des Fines Lames \u00bb, vous r\u00e9pond l\u2019homme. \u00ab H\u00e9 Mad\u00e9no! Peux-tu croire que ce jeunot ne sait pas qui est Tangaro? \u00bb, dit ensuite l\u2019homme \u00e0 son voisin de si\u00e8ge afin de lui rendre compte de votre ignorance. Cela vous met un peu mal \u00e0 l\u2019aise et vous d\u00e9cidez qu\u2019il est peut-\u00eatre temps pour vous de partir et de continuer votre exploration. Mais c\u2019est votre choix! Vous pouvez tout de m\u00eame d\u00e9cider...\" \/>\n<meta property=\"og:url\" content=\"https:\/\/www.katag.ca\/aventure-68\/\" \/>\n<meta property=\"og:site_name\" content=\"Katag\" \/>\n<meta property=\"article:publisher\" content=\"https:\/\/www.facebook.com\/Katag.ca\" \/>\n<meta property=\"article:modified_time\" content=\"2015-01-09T17:56:45+00:00\" \/>\n<meta name=\"twitter:card\" content=\"summary_large_image\" \/>\n<meta name=\"twitter:label1\" content=\"Est. reading time\" \/>\n\t<meta name=\"twitter:data1\" content=\"1 minute\" \/>\n<script type=\"application\/ld+json\" class=\"yoast-schema-graph\">{\"@context\":\"https:\/\/schema.org\",\"@graph\":[{\"@type\":\"WebPage\",\"@id\":\"https:\/\/www.katag.ca\/aventure-68\/\",\"url\":\"https:\/\/www.katag.ca\/aventure-68\/\",\"name\":\"Aventure 68 | Katag\",\"isPartOf\":{\"@id\":\"https:\/\/www.katag.ca\/#website\"},\"datePublished\":\"2015-01-04T23:36:33+00:00\",\"dateModified\":\"2015-01-09T17:56:45+00:00\",\"breadcrumb\":{\"@id\":\"https:\/\/www.katag.ca\/aventure-68\/#breadcrumb\"},\"inLanguage\":\"en-US\",\"potentialAction\":[{\"@type\":\"ReadAction\",\"target\":[\"https:\/\/www.katag.ca\/aventure-68\/\"]}]},{\"@type\":\"BreadcrumbList\",\"@id\":\"https:\/\/www.katag.ca\/aventure-68\/#breadcrumb\",\"itemListElement\":[{\"@type\":\"ListItem\",\"position\":1,\"name\":\"Accueil\",\"item\":\"https:\/\/www.katag.ca\/\"},{\"@type\":\"ListItem\",\"position\":2,\"name\":\"Aventure 68\"}]},{\"@type\":\"WebSite\",\"@id\":\"https:\/\/www.katag.ca\/#website\",\"url\":\"https:\/\/www.katag.ca\/\",\"name\":\"Katag\",\"description\":\"LE jeu d'&eacute;p&eacute;es-mousse\",\"publisher\":{\"@id\":\"https:\/\/www.katag.ca\/#organization\"},\"potentialAction\":[{\"@type\":\"SearchAction\",\"target\":{\"@type\":\"EntryPoint\",\"urlTemplate\":\"https:\/\/www.katag.ca\/?s={search_term_string}\"},\"query-input\":{\"@type\":\"PropertyValueSpecification\",\"valueRequired\":true,\"valueName\":\"search_term_string\"}}],\"inLanguage\":\"en-US\"},{\"@type\":\"Organization\",\"@id\":\"https:\/\/www.katag.ca\/#organization\",\"name\":\"Katag\",\"url\":\"https:\/\/www.katag.ca\/\",\"logo\":{\"@type\":\"ImageObject\",\"inLanguage\":\"en-US\",\"@id\":\"https:\/\/www.katag.ca\/#\/schema\/logo\/image\/\",\"url\":\"https:\/\/www.katag.ca\/wp-content\/uploads\/2021\/03\/logo-fr.png\",\"contentUrl\":\"https:\/\/www.katag.ca\/wp-content\/uploads\/2021\/03\/logo-fr.png\",\"width\":338,\"height\":173,\"caption\":\"Katag\"},\"image\":{\"@id\":\"https:\/\/www.katag.ca\/#\/schema\/logo\/image\/\"},\"sameAs\":[\"https:\/\/www.facebook.com\/Katag.ca\"]}]}<\/script>\n<!-- \/ Yoast SEO plugin. -->","yoast_head_json":{"title":"Aventure 68 | Katag","robots":{"index":"index","follow":"follow","max-snippet":"max-snippet:-1","max-image-preview":"max-image-preview:large","max-video-preview":"max-video-preview:-1"},"canonical":"https:\/\/www.katag.ca\/aventure-68\/","og_locale":"en_US","og_type":"article","og_title":"Aventure 68 | Katag","og_description":"\u00ab Qu\u2019est-ce que \u00e7a signifie? Mais voyons, tout le monde conna\u00eet Tangaro! C\u2019est le meilleur joueur des Fines Lames \u00bb, vous r\u00e9pond l\u2019homme. \u00ab H\u00e9 Mad\u00e9no! Peux-tu croire que ce jeunot ne sait pas qui est Tangaro? \u00bb, dit ensuite l\u2019homme \u00e0 son voisin de si\u00e8ge afin de lui rendre compte de votre ignorance. Cela vous met un peu mal \u00e0 l\u2019aise et vous d\u00e9cidez qu\u2019il est peut-\u00eatre temps pour vous de partir et de continuer votre exploration. Mais c\u2019est votre choix! Vous pouvez tout de m\u00eame d\u00e9cider...","og_url":"https:\/\/www.katag.ca\/aventure-68\/","og_site_name":"Katag","article_publisher":"https:\/\/www.facebook.com\/Katag.ca","article_modified_time":"2015-01-09T17:56:45+00:00","twitter_card":"summary_large_image","twitter_misc":{"Est. reading time":"1 minute"},"schema":{"@context":"https:\/\/schema.org","@graph":[{"@type":"WebPage","@id":"https:\/\/www.katag.ca\/aventure-68\/","url":"https:\/\/www.katag.ca\/aventure-68\/","name":"Aventure 68 | Katag","isPartOf":{"@id":"https:\/\/www.katag.ca\/#website"},"datePublished":"2015-01-04T23:36:33+00:00","dateModified":"2015-01-09T17:56:45+00:00","breadcrumb":{"@id":"https:\/\/www.katag.ca\/aventure-68\/#breadcrumb"},"inLanguage":"en-US","potentialAction":[{"@type":"ReadAction","target":["https:\/\/www.katag.ca\/aventure-68\/"]}]},{"@type":"BreadcrumbList","@id":"https:\/\/www.katag.ca\/aventure-68\/#breadcrumb","itemListElement":[{"@type":"ListItem","position":1,"name":"Accueil","item":"https:\/\/www.katag.ca\/"},{"@type":"ListItem","position":2,"name":"Aventure 68"}]},{"@type":"WebSite","@id":"https:\/\/www.katag.ca\/#website","url":"https:\/\/www.katag.ca\/","name":"Katag","description":"LE jeu d'&eacute;p&eacute;es-mousse","publisher":{"@id":"https:\/\/www.katag.ca\/#organization"},"potentialAction":[{"@type":"SearchAction","target":{"@type":"EntryPoint","urlTemplate":"https:\/\/www.katag.ca\/?s={search_term_string}"},"query-input":{"@type":"PropertyValueSpecification","valueRequired":true,"valueName":"search_term_string"}}],"inLanguage":"en-US"},{"@type":"Organization","@id":"https:\/\/www.katag.ca\/#organization","name":"Katag","url":"https:\/\/www.katag.ca\/","logo":{"@type":"ImageObject","inLanguage":"en-US","@id":"https:\/\/www.katag.ca\/#\/schema\/logo\/image\/","url":"https:\/\/www.katag.ca\/wp-content\/uploads\/2021\/03\/logo-fr.png","contentUrl":"https:\/\/www.katag.ca\/wp-content\/uploads\/2021\/03\/logo-fr.png","width":338,"height":173,"caption":"Katag"},"image":{"@id":"https:\/\/www.katag.ca\/#\/schema\/logo\/image\/"},"sameAs":["https:\/\/www.facebook.com\/Katag.ca"]}]}},"_links":{"self":[{"href":"https:\/\/www.katag.ca\/en\/wp-json\/wp\/v2\/pages\/1108","targetHints":{"allow":["GET"]}}],"collection":[{"href":"https:\/\/www.katag.ca\/en\/wp-json\/wp\/v2\/pages"}],"about":[{"href":"https:\/\/www.katag.ca\/en\/wp-json\/wp\/v2\/types\/page"}],"author":[{"embeddable":true,"href":"https:\/\/www.katag.ca\/en\/wp-json\/wp\/v2\/users\/2"}],"replies":[{"embeddable":true,"href":"https:\/\/www.katag.ca\/en\/wp-json\/wp\/v2\/comments?post=1108"}],"version-history":[{"count":2,"href":"https:\/\/www.katag.ca\/en\/wp-json\/wp\/v2\/pages\/1108\/revisions"}],"predecessor-version":[{"id":2261,"href":"https:\/\/www.katag.ca\/en\/wp-json\/wp\/v2\/pages\/1108\/revisions\/2261"}],"wp:attachment":[{"href":"https:\/\/www.katag.ca\/en\/wp-json\/wp\/v2\/media?parent=1108"}],"curies":[{"name":"wp","href":"https:\/\/api.w.org\/{rel}","templated":true}]}}