{"id":1110,"date":"2015-01-04T23:37:09","date_gmt":"2015-01-04T23:37:09","guid":{"rendered":"http:\/\/www.boutiquekatag.com\/?page_id=1110"},"modified":"2015-01-09T18:05:31","modified_gmt":"2015-01-09T18:05:31","slug":"aventure-69","status":"publish","type":"page","link":"https:\/\/www.katag.ca\/en\/aventure-69\/","title":{"rendered":"Aventure 69"},"content":{"rendered":"<p>Vous demeurez en place et continuez \u00e0 regarder la partie. Les deux \u00e9quipes semblent \u00eatre de forces plus ou moins \u00e9gales. D\u2019o\u00f9 vous \u00eates, vous avez du mal \u00e0 bien distinguer les d\u00e9tails, mais vous remarquez que les \u00e9p\u00e9es des joueurs semblent un peu diff\u00e9rentes de celles que vous avez utilis\u00e9es lors des sessions de Katag auxquelles vous avez particip\u00e9. <\/p>\n<div class=\"btn-container  align-center\"><a class=\"organic-btn  dark-blue-btn small-btn  align-center\" href=\"http:\/\/www.katag.ca\/aventure-87\/\"><span class=\"btn-holder\">Vous d\u00e9sirez descendre plus bas dans les estrades pour voir cela de plus pr\u00e8s<\/span><\/a><\/div>\n<div class=\"btn-container  align-center\"><a class=\"organic-btn  dark-blue-btn small-btn  align-center\" href=\"http:\/\/www.katag.ca\/aventure-88\/\"><span class=\"btn-holder\">Vous pr\u00e9f\u00e9rez continuer \u00e0 regarder la partie d\u2019o\u00f9 vous \u00eates<\/span><\/a><\/div>\n<div class=\"btn-container  align-center\"><a class=\"organic-btn  dark-blue-btn small-btn  align-center\" href=\"http:\/\/www.katag.ca\/aventure-86\/\"><span class=\"btn-holder\">Vous choisissez de reprendre votre exploration<\/span><\/a><\/div>\n","protected":false},"excerpt":{"rendered":"<p>Vous demeurez en place et continuez \u00e0 regarder la partie. Les deux \u00e9quipes semblent \u00eatre de forces plus ou moins \u00e9gales. D\u2019o\u00f9 vous \u00eates, vous avez du mal \u00e0 bien distinguer les d\u00e9tails, mais vous remarquez que les \u00e9p\u00e9es des joueurs semblent un peu diff\u00e9rentes de celles que vous avez utilis\u00e9es lors des sessions de Katag auxquelles vous avez particip\u00e9.<\/p>\n","protected":false},"author":2,"featured_media":0,"parent":0,"menu_order":0,"comment_status":"closed","ping_status":"closed","template":"","meta":{"footnotes":""},"class_list":["post-1110","page","type-page","status-publish","hentry"],"yoast_head":"<!-- This site is optimized with the Yoast SEO plugin v26.0 - https:\/\/yoast.com\/wordpress\/plugins\/seo\/ -->\n<title>Aventure 69 | Katag<\/title>\n<meta name=\"robots\" content=\"index, follow, max-snippet:-1, max-image-preview:large, max-video-preview:-1\" \/>\n<link rel=\"canonical\" href=\"https:\/\/www.katag.ca\/aventure-69\/\" \/>\n<meta property=\"og:locale\" content=\"en_US\" \/>\n<meta property=\"og:type\" content=\"article\" \/>\n<meta property=\"og:title\" content=\"Aventure 69 | Katag\" \/>\n<meta property=\"og:description\" content=\"Vous demeurez en place et continuez \u00e0 regarder la partie. Les deux \u00e9quipes semblent \u00eatre de forces plus ou moins \u00e9gales. D\u2019o\u00f9 vous \u00eates, vous avez du mal \u00e0 bien distinguer les d\u00e9tails, mais vous remarquez que les \u00e9p\u00e9es des joueurs semblent un peu diff\u00e9rentes de celles que vous avez utilis\u00e9es lors des sessions de Katag auxquelles vous avez particip\u00e9.\" \/>\n<meta property=\"og:url\" content=\"https:\/\/www.katag.ca\/aventure-69\/\" \/>\n<meta property=\"og:site_name\" content=\"Katag\" \/>\n<meta property=\"article:publisher\" content=\"https:\/\/www.facebook.com\/Katag.ca\" \/>\n<meta property=\"article:modified_time\" content=\"2015-01-09T18:05:31+00:00\" \/>\n<meta name=\"twitter:card\" content=\"summary_large_image\" \/>\n<meta name=\"twitter:label1\" content=\"Est. reading time\" \/>\n\t<meta name=\"twitter:data1\" content=\"1 minute\" \/>\n<script type=\"application\/ld+json\" class=\"yoast-schema-graph\">{\"@context\":\"https:\/\/schema.org\",\"@graph\":[{\"@type\":\"WebPage\",\"@id\":\"https:\/\/www.katag.ca\/aventure-69\/\",\"url\":\"https:\/\/www.katag.ca\/aventure-69\/\",\"name\":\"Aventure 69 | Katag\",\"isPartOf\":{\"@id\":\"https:\/\/www.katag.ca\/#website\"},\"datePublished\":\"2015-01-04T23:37:09+00:00\",\"dateModified\":\"2015-01-09T18:05:31+00:00\",\"breadcrumb\":{\"@id\":\"https:\/\/www.katag.ca\/aventure-69\/#breadcrumb\"},\"inLanguage\":\"en-US\",\"potentialAction\":[{\"@type\":\"ReadAction\",\"target\":[\"https:\/\/www.katag.ca\/aventure-69\/\"]}]},{\"@type\":\"BreadcrumbList\",\"@id\":\"https:\/\/www.katag.ca\/aventure-69\/#breadcrumb\",\"itemListElement\":[{\"@type\":\"ListItem\",\"position\":1,\"name\":\"Accueil\",\"item\":\"https:\/\/www.katag.ca\/\"},{\"@type\":\"ListItem\",\"position\":2,\"name\":\"Aventure 69\"}]},{\"@type\":\"WebSite\",\"@id\":\"https:\/\/www.katag.ca\/#website\",\"url\":\"https:\/\/www.katag.ca\/\",\"name\":\"Katag\",\"description\":\"LE jeu d'&eacute;p&eacute;es-mousse\",\"publisher\":{\"@id\":\"https:\/\/www.katag.ca\/#organization\"},\"potentialAction\":[{\"@type\":\"SearchAction\",\"target\":{\"@type\":\"EntryPoint\",\"urlTemplate\":\"https:\/\/www.katag.ca\/?s={search_term_string}\"},\"query-input\":{\"@type\":\"PropertyValueSpecification\",\"valueRequired\":true,\"valueName\":\"search_term_string\"}}],\"inLanguage\":\"en-US\"},{\"@type\":\"Organization\",\"@id\":\"https:\/\/www.katag.ca\/#organization\",\"name\":\"Katag\",\"url\":\"https:\/\/www.katag.ca\/\",\"logo\":{\"@type\":\"ImageObject\",\"inLanguage\":\"en-US\",\"@id\":\"https:\/\/www.katag.ca\/#\/schema\/logo\/image\/\",\"url\":\"https:\/\/www.katag.ca\/wp-content\/uploads\/2021\/03\/logo-fr.png\",\"contentUrl\":\"https:\/\/www.katag.ca\/wp-content\/uploads\/2021\/03\/logo-fr.png\",\"width\":338,\"height\":173,\"caption\":\"Katag\"},\"image\":{\"@id\":\"https:\/\/www.katag.ca\/#\/schema\/logo\/image\/\"},\"sameAs\":[\"https:\/\/www.facebook.com\/Katag.ca\"]}]}<\/script>\n<!-- \/ Yoast SEO plugin. -->","yoast_head_json":{"title":"Aventure 69 | Katag","robots":{"index":"index","follow":"follow","max-snippet":"max-snippet:-1","max-image-preview":"max-image-preview:large","max-video-preview":"max-video-preview:-1"},"canonical":"https:\/\/www.katag.ca\/aventure-69\/","og_locale":"en_US","og_type":"article","og_title":"Aventure 69 | Katag","og_description":"Vous demeurez en place et continuez \u00e0 regarder la partie. Les deux \u00e9quipes semblent \u00eatre de forces plus ou moins \u00e9gales. D\u2019o\u00f9 vous \u00eates, vous avez du mal \u00e0 bien distinguer les d\u00e9tails, mais vous remarquez que les \u00e9p\u00e9es des joueurs semblent un peu diff\u00e9rentes de celles que vous avez utilis\u00e9es lors des sessions de Katag auxquelles vous avez particip\u00e9.","og_url":"https:\/\/www.katag.ca\/aventure-69\/","og_site_name":"Katag","article_publisher":"https:\/\/www.facebook.com\/Katag.ca","article_modified_time":"2015-01-09T18:05:31+00:00","twitter_card":"summary_large_image","twitter_misc":{"Est. reading time":"1 minute"},"schema":{"@context":"https:\/\/schema.org","@graph":[{"@type":"WebPage","@id":"https:\/\/www.katag.ca\/aventure-69\/","url":"https:\/\/www.katag.ca\/aventure-69\/","name":"Aventure 69 | Katag","isPartOf":{"@id":"https:\/\/www.katag.ca\/#website"},"datePublished":"2015-01-04T23:37:09+00:00","dateModified":"2015-01-09T18:05:31+00:00","breadcrumb":{"@id":"https:\/\/www.katag.ca\/aventure-69\/#breadcrumb"},"inLanguage":"en-US","potentialAction":[{"@type":"ReadAction","target":["https:\/\/www.katag.ca\/aventure-69\/"]}]},{"@type":"BreadcrumbList","@id":"https:\/\/www.katag.ca\/aventure-69\/#breadcrumb","itemListElement":[{"@type":"ListItem","position":1,"name":"Accueil","item":"https:\/\/www.katag.ca\/"},{"@type":"ListItem","position":2,"name":"Aventure 69"}]},{"@type":"WebSite","@id":"https:\/\/www.katag.ca\/#website","url":"https:\/\/www.katag.ca\/","name":"Katag","description":"LE jeu d'&eacute;p&eacute;es-mousse","publisher":{"@id":"https:\/\/www.katag.ca\/#organization"},"potentialAction":[{"@type":"SearchAction","target":{"@type":"EntryPoint","urlTemplate":"https:\/\/www.katag.ca\/?s={search_term_string}"},"query-input":{"@type":"PropertyValueSpecification","valueRequired":true,"valueName":"search_term_string"}}],"inLanguage":"en-US"},{"@type":"Organization","@id":"https:\/\/www.katag.ca\/#organization","name":"Katag","url":"https:\/\/www.katag.ca\/","logo":{"@type":"ImageObject","inLanguage":"en-US","@id":"https:\/\/www.katag.ca\/#\/schema\/logo\/image\/","url":"https:\/\/www.katag.ca\/wp-content\/uploads\/2021\/03\/logo-fr.png","contentUrl":"https:\/\/www.katag.ca\/wp-content\/uploads\/2021\/03\/logo-fr.png","width":338,"height":173,"caption":"Katag"},"image":{"@id":"https:\/\/www.katag.ca\/#\/schema\/logo\/image\/"},"sameAs":["https:\/\/www.facebook.com\/Katag.ca"]}]}},"_links":{"self":[{"href":"https:\/\/www.katag.ca\/en\/wp-json\/wp\/v2\/pages\/1110","targetHints":{"allow":["GET"]}}],"collection":[{"href":"https:\/\/www.katag.ca\/en\/wp-json\/wp\/v2\/pages"}],"about":[{"href":"https:\/\/www.katag.ca\/en\/wp-json\/wp\/v2\/types\/page"}],"author":[{"embeddable":true,"href":"https:\/\/www.katag.ca\/en\/wp-json\/wp\/v2\/users\/2"}],"replies":[{"embeddable":true,"href":"https:\/\/www.katag.ca\/en\/wp-json\/wp\/v2\/comments?post=1110"}],"version-history":[{"count":3,"href":"https:\/\/www.katag.ca\/en\/wp-json\/wp\/v2\/pages\/1110\/revisions"}],"predecessor-version":[{"id":2263,"href":"https:\/\/www.katag.ca\/en\/wp-json\/wp\/v2\/pages\/1110\/revisions\/2263"}],"wp:attachment":[{"href":"https:\/\/www.katag.ca\/en\/wp-json\/wp\/v2\/media?parent=1110"}],"curies":[{"name":"wp","href":"https:\/\/api.w.org\/{rel}","templated":true}]}}