{"id":1112,"date":"2015-01-04T23:37:55","date_gmt":"2015-01-04T23:37:55","guid":{"rendered":"http:\/\/www.boutiquekatag.com\/?page_id=1112"},"modified":"2015-01-09T18:07:29","modified_gmt":"2015-01-09T18:07:29","slug":"aventure-70","status":"publish","type":"page","link":"https:\/\/www.katag.ca\/en\/aventure-70\/","title":{"rendered":"Aventure 70"},"content":{"rendered":"<p>Apr\u00e8s avoir entendu votre r\u00e9ponse, il vous regarde et rit de bon c\u0153ur. \u00ab Vous \u00eates certainement un R\u00eaveur \u00e9gar\u00e9 puisqu\u2019ici, les chiens \u00e7a n\u2019existe tout simplement pas! \u00bb Tout \u00e0 coup, une deuxi\u00e8me moto volante se dirige vers vous! Elle s\u2019immobilise \u00e9galement tout pr\u00e8s de vous, flottant sur place. Le conducteur remonte sa visi\u00e8re et vous constatez qu\u2019il s\u2019agit d\u2019une femme. Elle s\u2019adresse au conducteur de l\u2019autre moto volante. \u00ab Marquisse, combien de fois dois-je te dire de ne pas importuner les pauvres R\u00eaveurs avec tes inventions? Tu sais tr\u00e8s bien que Manifeste ne poss\u00e8de pas d\u2019arm\u00e9e et que nous ne sommes pas en guerre!\u00bb Elle se tourne ensuite vers vous et vous adresse la parole : \u00ab Veuillez excuser mon fr\u00e8re, mais depuis un certain temps il divague un peu. J\u2019esp\u00e8re qu\u2019il ne vous a pas fait trop peur! Mon nom est Axelianne et je suis du Dojo de la Terre. En guise de compensation pour ce que vous venez de vivre, je vous invite \u00e0 vous poser un instant. Je m\u2019appr\u00eatais \u00e0 prendre une collation que nous pourrions partager avec vous! Qu\u2019en dites-vous?<\/p>\n<div class=\"btn-container  align-center\"><a class=\"organic-btn  dark-blue-btn small-btn  align-center\" href=\"http:\/\/www.katag.ca\/aventure-53\/\"><span class=\"btn-holder\">Vous d\u00e9sirez accepter l\u2019invitation<\/span><\/a><\/div>\n<div class=\"btn-container  align-center\"><a class=\"organic-btn  dark-blue-btn small-btn  align-center\" href=\"http:\/\/www.katag.ca\/aventure-9\/\"><span class=\"btn-holder\">Vous pr\u00e9f\u00e9rez la remercier et continuer votre exploration<\/span><\/a><\/div>\n","protected":false},"excerpt":{"rendered":"<p>Apr\u00e8s avoir entendu votre r\u00e9ponse, il vous regarde et rit de bon c\u0153ur. \u00ab Vous \u00eates certainement un R\u00eaveur \u00e9gar\u00e9 puisqu\u2019ici, les chiens \u00e7a n\u2019existe tout simplement pas! \u00bb Tout \u00e0 coup, une deuxi\u00e8me moto volante se dirige vers vous! Elle s\u2019immobilise \u00e9galement tout pr\u00e8s de vous, flottant sur place. Le conducteur remonte sa visi\u00e8re et vous constatez qu\u2019il s\u2019agit d\u2019une femme. Elle s\u2019adresse au conducteur de l\u2019autre moto volante. \u00ab Marquisse, combien de fois dois-je te dire de ne pas importuner les pauvres R\u00eaveurs avec tes inventions?&#8230;<\/p>\n","protected":false},"author":2,"featured_media":0,"parent":0,"menu_order":0,"comment_status":"closed","ping_status":"closed","template":"","meta":{"footnotes":""},"class_list":["post-1112","page","type-page","status-publish","hentry"],"yoast_head":"<!-- This site is optimized with the Yoast SEO plugin v26.0 - https:\/\/yoast.com\/wordpress\/plugins\/seo\/ -->\n<title>Aventure 70 | Katag<\/title>\n<meta name=\"robots\" content=\"index, follow, max-snippet:-1, max-image-preview:large, max-video-preview:-1\" \/>\n<link rel=\"canonical\" href=\"https:\/\/www.katag.ca\/aventure-70\/\" \/>\n<meta property=\"og:locale\" content=\"en_US\" \/>\n<meta property=\"og:type\" content=\"article\" \/>\n<meta property=\"og:title\" content=\"Aventure 70 | Katag\" \/>\n<meta property=\"og:description\" content=\"Apr\u00e8s avoir entendu votre r\u00e9ponse, il vous regarde et rit de bon c\u0153ur. \u00ab Vous \u00eates certainement un R\u00eaveur \u00e9gar\u00e9 puisqu\u2019ici, les chiens \u00e7a n\u2019existe tout simplement pas! \u00bb Tout \u00e0 coup, une deuxi\u00e8me moto volante se dirige vers vous! Elle s\u2019immobilise \u00e9galement tout pr\u00e8s de vous, flottant sur place. Le conducteur remonte sa visi\u00e8re et vous constatez qu\u2019il s\u2019agit d\u2019une femme. Elle s\u2019adresse au conducteur de l\u2019autre moto volante. \u00ab Marquisse, combien de fois dois-je te dire de ne pas importuner les pauvres R\u00eaveurs avec tes inventions?...\" \/>\n<meta property=\"og:url\" content=\"https:\/\/www.katag.ca\/aventure-70\/\" \/>\n<meta property=\"og:site_name\" content=\"Katag\" \/>\n<meta property=\"article:publisher\" content=\"https:\/\/www.facebook.com\/Katag.ca\" \/>\n<meta property=\"article:modified_time\" content=\"2015-01-09T18:07:29+00:00\" \/>\n<meta name=\"twitter:card\" content=\"summary_large_image\" \/>\n<meta name=\"twitter:label1\" content=\"Est. reading time\" \/>\n\t<meta name=\"twitter:data1\" content=\"1 minute\" \/>\n<script type=\"application\/ld+json\" class=\"yoast-schema-graph\">{\"@context\":\"https:\/\/schema.org\",\"@graph\":[{\"@type\":\"WebPage\",\"@id\":\"https:\/\/www.katag.ca\/aventure-70\/\",\"url\":\"https:\/\/www.katag.ca\/aventure-70\/\",\"name\":\"Aventure 70 | Katag\",\"isPartOf\":{\"@id\":\"https:\/\/www.katag.ca\/#website\"},\"datePublished\":\"2015-01-04T23:37:55+00:00\",\"dateModified\":\"2015-01-09T18:07:29+00:00\",\"breadcrumb\":{\"@id\":\"https:\/\/www.katag.ca\/aventure-70\/#breadcrumb\"},\"inLanguage\":\"en-US\",\"potentialAction\":[{\"@type\":\"ReadAction\",\"target\":[\"https:\/\/www.katag.ca\/aventure-70\/\"]}]},{\"@type\":\"BreadcrumbList\",\"@id\":\"https:\/\/www.katag.ca\/aventure-70\/#breadcrumb\",\"itemListElement\":[{\"@type\":\"ListItem\",\"position\":1,\"name\":\"Accueil\",\"item\":\"https:\/\/www.katag.ca\/\"},{\"@type\":\"ListItem\",\"position\":2,\"name\":\"Aventure 70\"}]},{\"@type\":\"WebSite\",\"@id\":\"https:\/\/www.katag.ca\/#website\",\"url\":\"https:\/\/www.katag.ca\/\",\"name\":\"Katag\",\"description\":\"LE jeu d'&eacute;p&eacute;es-mousse\",\"publisher\":{\"@id\":\"https:\/\/www.katag.ca\/#organization\"},\"potentialAction\":[{\"@type\":\"SearchAction\",\"target\":{\"@type\":\"EntryPoint\",\"urlTemplate\":\"https:\/\/www.katag.ca\/?s={search_term_string}\"},\"query-input\":{\"@type\":\"PropertyValueSpecification\",\"valueRequired\":true,\"valueName\":\"search_term_string\"}}],\"inLanguage\":\"en-US\"},{\"@type\":\"Organization\",\"@id\":\"https:\/\/www.katag.ca\/#organization\",\"name\":\"Katag\",\"url\":\"https:\/\/www.katag.ca\/\",\"logo\":{\"@type\":\"ImageObject\",\"inLanguage\":\"en-US\",\"@id\":\"https:\/\/www.katag.ca\/#\/schema\/logo\/image\/\",\"url\":\"https:\/\/www.katag.ca\/wp-content\/uploads\/2021\/03\/logo-fr.png\",\"contentUrl\":\"https:\/\/www.katag.ca\/wp-content\/uploads\/2021\/03\/logo-fr.png\",\"width\":338,\"height\":173,\"caption\":\"Katag\"},\"image\":{\"@id\":\"https:\/\/www.katag.ca\/#\/schema\/logo\/image\/\"},\"sameAs\":[\"https:\/\/www.facebook.com\/Katag.ca\"]}]}<\/script>\n<!-- \/ Yoast SEO plugin. -->","yoast_head_json":{"title":"Aventure 70 | Katag","robots":{"index":"index","follow":"follow","max-snippet":"max-snippet:-1","max-image-preview":"max-image-preview:large","max-video-preview":"max-video-preview:-1"},"canonical":"https:\/\/www.katag.ca\/aventure-70\/","og_locale":"en_US","og_type":"article","og_title":"Aventure 70 | Katag","og_description":"Apr\u00e8s avoir entendu votre r\u00e9ponse, il vous regarde et rit de bon c\u0153ur. \u00ab Vous \u00eates certainement un R\u00eaveur \u00e9gar\u00e9 puisqu\u2019ici, les chiens \u00e7a n\u2019existe tout simplement pas! \u00bb Tout \u00e0 coup, une deuxi\u00e8me moto volante se dirige vers vous! Elle s\u2019immobilise \u00e9galement tout pr\u00e8s de vous, flottant sur place. Le conducteur remonte sa visi\u00e8re et vous constatez qu\u2019il s\u2019agit d\u2019une femme. Elle s\u2019adresse au conducteur de l\u2019autre moto volante. \u00ab Marquisse, combien de fois dois-je te dire de ne pas importuner les pauvres R\u00eaveurs avec tes inventions?...","og_url":"https:\/\/www.katag.ca\/aventure-70\/","og_site_name":"Katag","article_publisher":"https:\/\/www.facebook.com\/Katag.ca","article_modified_time":"2015-01-09T18:07:29+00:00","twitter_card":"summary_large_image","twitter_misc":{"Est. reading time":"1 minute"},"schema":{"@context":"https:\/\/schema.org","@graph":[{"@type":"WebPage","@id":"https:\/\/www.katag.ca\/aventure-70\/","url":"https:\/\/www.katag.ca\/aventure-70\/","name":"Aventure 70 | Katag","isPartOf":{"@id":"https:\/\/www.katag.ca\/#website"},"datePublished":"2015-01-04T23:37:55+00:00","dateModified":"2015-01-09T18:07:29+00:00","breadcrumb":{"@id":"https:\/\/www.katag.ca\/aventure-70\/#breadcrumb"},"inLanguage":"en-US","potentialAction":[{"@type":"ReadAction","target":["https:\/\/www.katag.ca\/aventure-70\/"]}]},{"@type":"BreadcrumbList","@id":"https:\/\/www.katag.ca\/aventure-70\/#breadcrumb","itemListElement":[{"@type":"ListItem","position":1,"name":"Accueil","item":"https:\/\/www.katag.ca\/"},{"@type":"ListItem","position":2,"name":"Aventure 70"}]},{"@type":"WebSite","@id":"https:\/\/www.katag.ca\/#website","url":"https:\/\/www.katag.ca\/","name":"Katag","description":"LE jeu d'&eacute;p&eacute;es-mousse","publisher":{"@id":"https:\/\/www.katag.ca\/#organization"},"potentialAction":[{"@type":"SearchAction","target":{"@type":"EntryPoint","urlTemplate":"https:\/\/www.katag.ca\/?s={search_term_string}"},"query-input":{"@type":"PropertyValueSpecification","valueRequired":true,"valueName":"search_term_string"}}],"inLanguage":"en-US"},{"@type":"Organization","@id":"https:\/\/www.katag.ca\/#organization","name":"Katag","url":"https:\/\/www.katag.ca\/","logo":{"@type":"ImageObject","inLanguage":"en-US","@id":"https:\/\/www.katag.ca\/#\/schema\/logo\/image\/","url":"https:\/\/www.katag.ca\/wp-content\/uploads\/2021\/03\/logo-fr.png","contentUrl":"https:\/\/www.katag.ca\/wp-content\/uploads\/2021\/03\/logo-fr.png","width":338,"height":173,"caption":"Katag"},"image":{"@id":"https:\/\/www.katag.ca\/#\/schema\/logo\/image\/"},"sameAs":["https:\/\/www.facebook.com\/Katag.ca"]}]}},"_links":{"self":[{"href":"https:\/\/www.katag.ca\/en\/wp-json\/wp\/v2\/pages\/1112","targetHints":{"allow":["GET"]}}],"collection":[{"href":"https:\/\/www.katag.ca\/en\/wp-json\/wp\/v2\/pages"}],"about":[{"href":"https:\/\/www.katag.ca\/en\/wp-json\/wp\/v2\/types\/page"}],"author":[{"embeddable":true,"href":"https:\/\/www.katag.ca\/en\/wp-json\/wp\/v2\/users\/2"}],"replies":[{"embeddable":true,"href":"https:\/\/www.katag.ca\/en\/wp-json\/wp\/v2\/comments?post=1112"}],"version-history":[{"count":3,"href":"https:\/\/www.katag.ca\/en\/wp-json\/wp\/v2\/pages\/1112\/revisions"}],"predecessor-version":[{"id":2265,"href":"https:\/\/www.katag.ca\/en\/wp-json\/wp\/v2\/pages\/1112\/revisions\/2265"}],"wp:attachment":[{"href":"https:\/\/www.katag.ca\/en\/wp-json\/wp\/v2\/media?parent=1112"}],"curies":[{"name":"wp","href":"https:\/\/api.w.org\/{rel}","templated":true}]}}