{"id":1114,"date":"2015-01-04T23:40:01","date_gmt":"2015-01-04T23:40:01","guid":{"rendered":"http:\/\/www.boutiquekatag.com\/?page_id=1114"},"modified":"2015-01-09T18:08:41","modified_gmt":"2015-01-09T18:08:41","slug":"aventure-71","status":"publish","type":"page","link":"https:\/\/www.katag.ca\/en\/aventure-71\/","title":{"rendered":"Aventure 71"},"content":{"rendered":"<p>Vous montez les escaliers et entrez dans le temple. Vous vous retrouvez dans une large pi\u00e8ce et devant vous se trouve une \u00e9norme statue d\u2019un homme. Il porte une barbe et se tient avec un genou par terre et une \u00e9p\u00e9e appuy\u00e9e dessus. Plus pr\u00e8s de vous se trouvent les restes d\u2019une autre statue dont on ne peut que distinguer les pieds. Deux entr\u00e9es se trouvent \u00e0 chaque extr\u00e9mit\u00e9 de la pi\u00e8ce.<\/p>\n<div class=\"btn-container  align-center\"><a class=\"organic-btn  dark-blue-btn small-btn  align-center\" href=\"http:\/\/www.katag.ca\/aventure-89\/\"><span class=\"btn-holder\">Vous d\u00e9sirez aller jeter un coup d\u2019\u0153il sur la grande statue<\/span><\/a><\/div>\n<div class=\"btn-container  align-center\"><a class=\"organic-btn  dark-blue-btn small-btn  align-center\" href=\"http:\/\/www.katag.ca\/aventure-90\/\"><span class=\"btn-holder\">Vous pr\u00e9f\u00e9rez aller voir les restes de l\u2019autre statue<\/span><\/a><\/div>\n<div class=\"btn-container  align-center\"><a class=\"organic-btn  dark-blue-btn small-btn  align-center\" href=\"http:\/\/www.katag.ca\/aventure-91\/\"><span class=\"btn-holder\">Vous choisissez de vous engager dans l\u2019entr\u00e9e se situant \u00e0 votre gauche<\/span><\/a><\/div>\n<div class=\"btn-container  align-center\"><a class=\"organic-btn  dark-blue-btn small-btn  align-center\" href=\"http:\/\/www.katag.ca\/aventure-92\/\"><span class=\"btn-holder\">Vous jugez pr\u00e9f\u00e9rable de vous engager dans l\u2019entr\u00e9e se situant \u00e0 votre droite<\/span><\/a><\/div>\n<div class=\"btn-container  align-center\"><a class=\"organic-btn  dark-blue-btn small-btn  align-center\" href=\"http:\/\/www.katag.ca\/aventure-93\/\"><span class=\"btn-holder\">Vous rebroussez chemin et reprenez votre exploration<\/span><\/a><\/div>\n","protected":false},"excerpt":{"rendered":"<p>Vous montez les escaliers et entrez dans le temple. Vous vous retrouvez dans une large pi\u00e8ce et devant vous se trouve une \u00e9norme statue d\u2019un homme. Il porte une barbe et se tient avec un genou par terre et une \u00e9p\u00e9e appuy\u00e9e dessus. Plus pr\u00e8s de vous se trouvent les restes d\u2019une autre statue dont on ne peut que distinguer les pieds. Deux entr\u00e9es se trouvent \u00e0 chaque extr\u00e9mit\u00e9 de la pi\u00e8ce.<\/p>\n","protected":false},"author":2,"featured_media":0,"parent":0,"menu_order":0,"comment_status":"closed","ping_status":"closed","template":"","meta":{"footnotes":""},"class_list":["post-1114","page","type-page","status-publish","hentry"],"yoast_head":"<!-- This site is optimized with the Yoast SEO plugin v26.0 - https:\/\/yoast.com\/wordpress\/plugins\/seo\/ -->\n<title>Aventure 71 | Katag<\/title>\n<meta name=\"robots\" content=\"index, follow, max-snippet:-1, max-image-preview:large, max-video-preview:-1\" \/>\n<link rel=\"canonical\" href=\"https:\/\/www.katag.ca\/aventure-71\/\" \/>\n<meta property=\"og:locale\" content=\"en_US\" \/>\n<meta property=\"og:type\" content=\"article\" \/>\n<meta property=\"og:title\" content=\"Aventure 71 | Katag\" \/>\n<meta property=\"og:description\" content=\"Vous montez les escaliers et entrez dans le temple. Vous vous retrouvez dans une large pi\u00e8ce et devant vous se trouve une \u00e9norme statue d\u2019un homme. Il porte une barbe et se tient avec un genou par terre et une \u00e9p\u00e9e appuy\u00e9e dessus. Plus pr\u00e8s de vous se trouvent les restes d\u2019une autre statue dont on ne peut que distinguer les pieds. Deux entr\u00e9es se trouvent \u00e0 chaque extr\u00e9mit\u00e9 de la pi\u00e8ce.\" \/>\n<meta property=\"og:url\" content=\"https:\/\/www.katag.ca\/aventure-71\/\" \/>\n<meta property=\"og:site_name\" content=\"Katag\" \/>\n<meta property=\"article:publisher\" content=\"https:\/\/www.facebook.com\/Katag.ca\" \/>\n<meta property=\"article:modified_time\" content=\"2015-01-09T18:08:41+00:00\" \/>\n<meta name=\"twitter:card\" content=\"summary_large_image\" \/>\n<meta name=\"twitter:label1\" content=\"Est. reading time\" \/>\n\t<meta name=\"twitter:data1\" content=\"1 minute\" \/>\n<script type=\"application\/ld+json\" class=\"yoast-schema-graph\">{\"@context\":\"https:\/\/schema.org\",\"@graph\":[{\"@type\":\"WebPage\",\"@id\":\"https:\/\/www.katag.ca\/aventure-71\/\",\"url\":\"https:\/\/www.katag.ca\/aventure-71\/\",\"name\":\"Aventure 71 | Katag\",\"isPartOf\":{\"@id\":\"https:\/\/www.katag.ca\/#website\"},\"datePublished\":\"2015-01-04T23:40:01+00:00\",\"dateModified\":\"2015-01-09T18:08:41+00:00\",\"breadcrumb\":{\"@id\":\"https:\/\/www.katag.ca\/aventure-71\/#breadcrumb\"},\"inLanguage\":\"en-US\",\"potentialAction\":[{\"@type\":\"ReadAction\",\"target\":[\"https:\/\/www.katag.ca\/aventure-71\/\"]}]},{\"@type\":\"BreadcrumbList\",\"@id\":\"https:\/\/www.katag.ca\/aventure-71\/#breadcrumb\",\"itemListElement\":[{\"@type\":\"ListItem\",\"position\":1,\"name\":\"Accueil\",\"item\":\"https:\/\/www.katag.ca\/\"},{\"@type\":\"ListItem\",\"position\":2,\"name\":\"Aventure 71\"}]},{\"@type\":\"WebSite\",\"@id\":\"https:\/\/www.katag.ca\/#website\",\"url\":\"https:\/\/www.katag.ca\/\",\"name\":\"Katag\",\"description\":\"LE jeu d'&eacute;p&eacute;es-mousse\",\"publisher\":{\"@id\":\"https:\/\/www.katag.ca\/#organization\"},\"potentialAction\":[{\"@type\":\"SearchAction\",\"target\":{\"@type\":\"EntryPoint\",\"urlTemplate\":\"https:\/\/www.katag.ca\/?s={search_term_string}\"},\"query-input\":{\"@type\":\"PropertyValueSpecification\",\"valueRequired\":true,\"valueName\":\"search_term_string\"}}],\"inLanguage\":\"en-US\"},{\"@type\":\"Organization\",\"@id\":\"https:\/\/www.katag.ca\/#organization\",\"name\":\"Katag\",\"url\":\"https:\/\/www.katag.ca\/\",\"logo\":{\"@type\":\"ImageObject\",\"inLanguage\":\"en-US\",\"@id\":\"https:\/\/www.katag.ca\/#\/schema\/logo\/image\/\",\"url\":\"https:\/\/www.katag.ca\/wp-content\/uploads\/2021\/03\/logo-fr.png\",\"contentUrl\":\"https:\/\/www.katag.ca\/wp-content\/uploads\/2021\/03\/logo-fr.png\",\"width\":338,\"height\":173,\"caption\":\"Katag\"},\"image\":{\"@id\":\"https:\/\/www.katag.ca\/#\/schema\/logo\/image\/\"},\"sameAs\":[\"https:\/\/www.facebook.com\/Katag.ca\"]}]}<\/script>\n<!-- \/ Yoast SEO plugin. -->","yoast_head_json":{"title":"Aventure 71 | Katag","robots":{"index":"index","follow":"follow","max-snippet":"max-snippet:-1","max-image-preview":"max-image-preview:large","max-video-preview":"max-video-preview:-1"},"canonical":"https:\/\/www.katag.ca\/aventure-71\/","og_locale":"en_US","og_type":"article","og_title":"Aventure 71 | Katag","og_description":"Vous montez les escaliers et entrez dans le temple. Vous vous retrouvez dans une large pi\u00e8ce et devant vous se trouve une \u00e9norme statue d\u2019un homme. Il porte une barbe et se tient avec un genou par terre et une \u00e9p\u00e9e appuy\u00e9e dessus. Plus pr\u00e8s de vous se trouvent les restes d\u2019une autre statue dont on ne peut que distinguer les pieds. Deux entr\u00e9es se trouvent \u00e0 chaque extr\u00e9mit\u00e9 de la pi\u00e8ce.","og_url":"https:\/\/www.katag.ca\/aventure-71\/","og_site_name":"Katag","article_publisher":"https:\/\/www.facebook.com\/Katag.ca","article_modified_time":"2015-01-09T18:08:41+00:00","twitter_card":"summary_large_image","twitter_misc":{"Est. reading time":"1 minute"},"schema":{"@context":"https:\/\/schema.org","@graph":[{"@type":"WebPage","@id":"https:\/\/www.katag.ca\/aventure-71\/","url":"https:\/\/www.katag.ca\/aventure-71\/","name":"Aventure 71 | Katag","isPartOf":{"@id":"https:\/\/www.katag.ca\/#website"},"datePublished":"2015-01-04T23:40:01+00:00","dateModified":"2015-01-09T18:08:41+00:00","breadcrumb":{"@id":"https:\/\/www.katag.ca\/aventure-71\/#breadcrumb"},"inLanguage":"en-US","potentialAction":[{"@type":"ReadAction","target":["https:\/\/www.katag.ca\/aventure-71\/"]}]},{"@type":"BreadcrumbList","@id":"https:\/\/www.katag.ca\/aventure-71\/#breadcrumb","itemListElement":[{"@type":"ListItem","position":1,"name":"Accueil","item":"https:\/\/www.katag.ca\/"},{"@type":"ListItem","position":2,"name":"Aventure 71"}]},{"@type":"WebSite","@id":"https:\/\/www.katag.ca\/#website","url":"https:\/\/www.katag.ca\/","name":"Katag","description":"LE jeu d'&eacute;p&eacute;es-mousse","publisher":{"@id":"https:\/\/www.katag.ca\/#organization"},"potentialAction":[{"@type":"SearchAction","target":{"@type":"EntryPoint","urlTemplate":"https:\/\/www.katag.ca\/?s={search_term_string}"},"query-input":{"@type":"PropertyValueSpecification","valueRequired":true,"valueName":"search_term_string"}}],"inLanguage":"en-US"},{"@type":"Organization","@id":"https:\/\/www.katag.ca\/#organization","name":"Katag","url":"https:\/\/www.katag.ca\/","logo":{"@type":"ImageObject","inLanguage":"en-US","@id":"https:\/\/www.katag.ca\/#\/schema\/logo\/image\/","url":"https:\/\/www.katag.ca\/wp-content\/uploads\/2021\/03\/logo-fr.png","contentUrl":"https:\/\/www.katag.ca\/wp-content\/uploads\/2021\/03\/logo-fr.png","width":338,"height":173,"caption":"Katag"},"image":{"@id":"https:\/\/www.katag.ca\/#\/schema\/logo\/image\/"},"sameAs":["https:\/\/www.facebook.com\/Katag.ca"]}]}},"_links":{"self":[{"href":"https:\/\/www.katag.ca\/en\/wp-json\/wp\/v2\/pages\/1114","targetHints":{"allow":["GET"]}}],"collection":[{"href":"https:\/\/www.katag.ca\/en\/wp-json\/wp\/v2\/pages"}],"about":[{"href":"https:\/\/www.katag.ca\/en\/wp-json\/wp\/v2\/types\/page"}],"author":[{"embeddable":true,"href":"https:\/\/www.katag.ca\/en\/wp-json\/wp\/v2\/users\/2"}],"replies":[{"embeddable":true,"href":"https:\/\/www.katag.ca\/en\/wp-json\/wp\/v2\/comments?post=1114"}],"version-history":[{"count":3,"href":"https:\/\/www.katag.ca\/en\/wp-json\/wp\/v2\/pages\/1114\/revisions"}],"predecessor-version":[{"id":2267,"href":"https:\/\/www.katag.ca\/en\/wp-json\/wp\/v2\/pages\/1114\/revisions\/2267"}],"wp:attachment":[{"href":"https:\/\/www.katag.ca\/en\/wp-json\/wp\/v2\/media?parent=1114"}],"curies":[{"name":"wp","href":"https:\/\/api.w.org\/{rel}","templated":true}]}}