{"id":1132,"date":"2015-01-04T23:47:06","date_gmt":"2015-01-04T23:47:06","guid":{"rendered":"http:\/\/www.boutiquekatag.com\/?page_id=1132"},"modified":"2015-01-09T18:19:19","modified_gmt":"2015-01-09T18:19:19","slug":"aventure-80","status":"publish","type":"page","link":"https:\/\/www.katag.ca\/en\/aventure-80\/","title":{"rendered":"Aventure 80"},"content":{"rendered":"<p>Vous entrez dans sa boutique et commencez \u00e0 regarder sa marchandise. Il y a des \u00e9p\u00e9es de toutes les formes et de toutes les grandeurs, des armures, des boucliers. Il y a \u00e9galement des objets \u00e9quip\u00e9s de boules et d\u2019une ceinture qui ressemblent aux carquois que vous avez vus lors des joutes de Katag auxquelles vous avez particip\u00e9. L\u2019homme vous adresse la parole : \u00ab Peut-\u00eatre aimeriez-vous acheter une \u00e9p\u00e9e ou un bouclier? On ne sait jamais quand on peut en avoir besoin, surtout lorsque l\u2019on circule dans un quartier comme ici! \u00bb Vous vous rappelez soudain qu\u2019\u00e0 Manifeste, tout se paye en r\u00eaves et que peut-\u00eatre vous pourriez vous offrir un de ces articles! Vous d\u00e9cidez donc de lui demander le prix de ses \u00e9p\u00e9es. \u00ab Normalement, je vends mes \u00e9p\u00e9es \u00e0 un prix plus \u00e9lev\u00e9, mais pour un R\u00eaveur \u00e9gar\u00e9, je ne peux m\u2019emp\u00eacher de les offrir \u00e0 moindre co\u00fbt : un r\u00eave pour deux dagues, deux r\u00eaves pour une \u00e9p\u00e9e moyenne, deux \u00e9p\u00e9es courtes ou pour un bouclier, trois r\u00eaves pour une longue \u00e9p\u00e9e, quatre r\u00eaves pour une double lame ou une lance et cinq r\u00eaves pour un carquois et quatre balles. Prenez note que mes armes sont toutes de qualit\u00e9 sup\u00e9rieure! \u00bb Que d\u00e9sirez-vous faire?<\/p>\n<div class=\"btn-container  align-center\"><a class=\"organic-btn  dark-blue-btn small-btn  align-center\" href=\"http:\/\/www.katag.ca\/aventure-99\/\"><span class=\"btn-holder\">Vous d\u00e9sirez acheter deux dagues<\/span><\/a><\/div>\n<div class=\"btn-container  align-center\"><a class=\"organic-btn  dark-blue-btn small-btn  align-center\" href=\"http:\/\/www.katag.ca\/aventure-100\/\"><span class=\"btn-holder\">Vous d\u00e9sirez acheter deux \u00e9p\u00e9es courtes<\/span><\/a><\/div>\n<div class=\"btn-container  align-center\"><a class=\"organic-btn  dark-blue-btn small-btn  align-center\" href=\"http:\/\/www.katag.ca\/aventure-101\/\"><span class=\"btn-holder\">Vous d\u00e9sirez acheter une \u00e9p\u00e9e moyenne<\/span><\/a><\/div>\n<div class=\"btn-container  align-center\"><a class=\"organic-btn  dark-blue-btn small-btn  align-center\" href=\"http:\/\/www.katag.ca\/aventure-102\/\"><span class=\"btn-holder\">Vous d\u00e9sirez acheter un bouclier<\/span><\/a><\/div>\n<div class=\"btn-container  align-center\"><a class=\"organic-btn  dark-blue-btn small-btn  align-center\" href=\"http:\/\/www.katag.ca\/aventure-103\/\"><span class=\"btn-holder\">Vous d\u00e9sirez acheter une longue \u00e9p\u00e9e<\/span><\/a><\/div>\n<div class=\"btn-container  align-center\"><a class=\"organic-btn  dark-blue-btn small-btn  align-center\" href=\"http:\/\/www.katag.ca\/aventure-104\/\"><span class=\"btn-holder\">Vous d\u00e9sirez acheter une double lame<\/span><\/a><\/div>\n<div class=\"btn-container  align-center\"><a class=\"organic-btn  dark-blue-btn small-btn  align-center\" href=\"http:\/\/www.katag.ca\/aventure-105\/\"><span class=\"btn-holder\">Vous d\u00e9sirez acheter une lance<\/span><\/a><\/div>\n<div class=\"btn-container  align-center\"><a class=\"organic-btn  dark-blue-btn small-btn  align-center\" href=\"http:\/\/www.katag.ca\/aventure-106\/\"><span class=\"btn-holder\">Vous d\u00e9sirez acheter un carquois et ses balles<\/span><\/a><\/div>\n<div class=\"btn-container  align-center\"><a class=\"organic-btn  dark-blue-btn small-btn  align-center\" href=\"http:\/\/www.katag.ca\/aventure-28\/\"><span class=\"btn-holder\">Vous pr\u00e9f\u00e9rez ne rien acheter, rebrousser chemin et vous diriger vers le panneau que vous aviez vu auparavant<\/span><\/a><\/div>\n","protected":false},"excerpt":{"rendered":"<p>Vous entrez dans sa boutique et commencez \u00e0 regarder sa marchandise. Il y a des \u00e9p\u00e9es de toutes les formes et de toutes les grandeurs, des armures, des boucliers. Il y a \u00e9galement des objets \u00e9quip\u00e9s de boules et d\u2019une ceinture qui ressemblent aux carquois que vous avez vus lors des joutes de Katag auxquelles vous avez particip\u00e9. L\u2019homme vous adresse la parole : \u00ab Peut-\u00eatre aimeriez-vous acheter une \u00e9p\u00e9e ou un bouclier? On ne sait jamais quand on peut en avoir besoin, surtout lorsque l\u2019on circule dans&#8230;<\/p>\n","protected":false},"author":2,"featured_media":0,"parent":0,"menu_order":0,"comment_status":"closed","ping_status":"closed","template":"","meta":{"footnotes":""},"class_list":["post-1132","page","type-page","status-publish","hentry"],"yoast_head":"<!-- This site is optimized with the Yoast SEO plugin v27.5 - https:\/\/yoast.com\/product\/yoast-seo-wordpress\/ -->\n<title>Aventure 80 | Katag<\/title>\n<meta name=\"robots\" content=\"index, follow, max-snippet:-1, max-image-preview:large, max-video-preview:-1\" \/>\n<link rel=\"canonical\" href=\"https:\/\/www.katag.ca\/aventure-80\/\" \/>\n<meta property=\"og:locale\" content=\"en_US\" \/>\n<meta property=\"og:type\" content=\"article\" \/>\n<meta property=\"og:title\" content=\"Aventure 80 | Katag\" \/>\n<meta property=\"og:description\" content=\"Vous entrez dans sa boutique et commencez \u00e0 regarder sa marchandise. Il y a des \u00e9p\u00e9es de toutes les formes et de toutes les grandeurs, des armures, des boucliers. Il y a \u00e9galement des objets \u00e9quip\u00e9s de boules et d\u2019une ceinture qui ressemblent aux carquois que vous avez vus lors des joutes de Katag auxquelles vous avez particip\u00e9. L\u2019homme vous adresse la parole : \u00ab Peut-\u00eatre aimeriez-vous acheter une \u00e9p\u00e9e ou un bouclier? On ne sait jamais quand on peut en avoir besoin, surtout lorsque l\u2019on circule dans...\" \/>\n<meta property=\"og:url\" content=\"https:\/\/www.katag.ca\/aventure-80\/\" \/>\n<meta property=\"og:site_name\" content=\"Katag\" \/>\n<meta property=\"article:publisher\" content=\"https:\/\/www.facebook.com\/Katag.ca\" \/>\n<meta property=\"article:modified_time\" content=\"2015-01-09T18:19:19+00:00\" \/>\n<meta name=\"twitter:card\" content=\"summary_large_image\" \/>\n<meta name=\"twitter:label1\" content=\"Est. reading time\" \/>\n\t<meta name=\"twitter:data1\" content=\"2 minutes\" \/>\n<script type=\"application\/ld+json\" class=\"yoast-schema-graph\">{\"@context\":\"https:\\\/\\\/schema.org\",\"@graph\":[{\"@type\":\"WebPage\",\"@id\":\"https:\\\/\\\/www.katag.ca\\\/aventure-80\\\/\",\"url\":\"https:\\\/\\\/www.katag.ca\\\/aventure-80\\\/\",\"name\":\"Aventure 80 | Katag\",\"isPartOf\":{\"@id\":\"https:\\\/\\\/www.katag.ca\\\/#website\"},\"datePublished\":\"2015-01-04T23:47:06+00:00\",\"dateModified\":\"2015-01-09T18:19:19+00:00\",\"breadcrumb\":{\"@id\":\"https:\\\/\\\/www.katag.ca\\\/aventure-80\\\/#breadcrumb\"},\"inLanguage\":\"en-US\",\"potentialAction\":[{\"@type\":\"ReadAction\",\"target\":[\"https:\\\/\\\/www.katag.ca\\\/aventure-80\\\/\"]}]},{\"@type\":\"BreadcrumbList\",\"@id\":\"https:\\\/\\\/www.katag.ca\\\/aventure-80\\\/#breadcrumb\",\"itemListElement\":[{\"@type\":\"ListItem\",\"position\":1,\"name\":\"Accueil\",\"item\":\"https:\\\/\\\/www.katag.ca\\\/\"},{\"@type\":\"ListItem\",\"position\":2,\"name\":\"Aventure 80\"}]},{\"@type\":\"WebSite\",\"@id\":\"https:\\\/\\\/www.katag.ca\\\/#website\",\"url\":\"https:\\\/\\\/www.katag.ca\\\/\",\"name\":\"Katag\",\"description\":\"LE jeu d'&eacute;p&eacute;es-mousse\",\"publisher\":{\"@id\":\"https:\\\/\\\/www.katag.ca\\\/#organization\"},\"potentialAction\":[{\"@type\":\"SearchAction\",\"target\":{\"@type\":\"EntryPoint\",\"urlTemplate\":\"https:\\\/\\\/www.katag.ca\\\/?s={search_term_string}\"},\"query-input\":{\"@type\":\"PropertyValueSpecification\",\"valueRequired\":true,\"valueName\":\"search_term_string\"}}],\"inLanguage\":\"en-US\"},{\"@type\":\"Organization\",\"@id\":\"https:\\\/\\\/www.katag.ca\\\/#organization\",\"name\":\"Katag\",\"url\":\"https:\\\/\\\/www.katag.ca\\\/\",\"logo\":{\"@type\":\"ImageObject\",\"inLanguage\":\"en-US\",\"@id\":\"https:\\\/\\\/www.katag.ca\\\/#\\\/schema\\\/logo\\\/image\\\/\",\"url\":\"https:\\\/\\\/www.katag.ca\\\/wp-content\\\/uploads\\\/2021\\\/03\\\/logo-fr.png\",\"contentUrl\":\"https:\\\/\\\/www.katag.ca\\\/wp-content\\\/uploads\\\/2021\\\/03\\\/logo-fr.png\",\"width\":338,\"height\":173,\"caption\":\"Katag\"},\"image\":{\"@id\":\"https:\\\/\\\/www.katag.ca\\\/#\\\/schema\\\/logo\\\/image\\\/\"},\"sameAs\":[\"https:\\\/\\\/www.facebook.com\\\/Katag.ca\"]}]}<\/script>\n<!-- \/ Yoast SEO plugin. -->","yoast_head_json":{"title":"Aventure 80 | Katag","robots":{"index":"index","follow":"follow","max-snippet":"max-snippet:-1","max-image-preview":"max-image-preview:large","max-video-preview":"max-video-preview:-1"},"canonical":"https:\/\/www.katag.ca\/aventure-80\/","og_locale":"en_US","og_type":"article","og_title":"Aventure 80 | Katag","og_description":"Vous entrez dans sa boutique et commencez \u00e0 regarder sa marchandise. Il y a des \u00e9p\u00e9es de toutes les formes et de toutes les grandeurs, des armures, des boucliers. Il y a \u00e9galement des objets \u00e9quip\u00e9s de boules et d\u2019une ceinture qui ressemblent aux carquois que vous avez vus lors des joutes de Katag auxquelles vous avez particip\u00e9. L\u2019homme vous adresse la parole : \u00ab Peut-\u00eatre aimeriez-vous acheter une \u00e9p\u00e9e ou un bouclier? On ne sait jamais quand on peut en avoir besoin, surtout lorsque l\u2019on circule dans...","og_url":"https:\/\/www.katag.ca\/aventure-80\/","og_site_name":"Katag","article_publisher":"https:\/\/www.facebook.com\/Katag.ca","article_modified_time":"2015-01-09T18:19:19+00:00","twitter_card":"summary_large_image","twitter_misc":{"Est. reading time":"2 minutes"},"schema":{"@context":"https:\/\/schema.org","@graph":[{"@type":"WebPage","@id":"https:\/\/www.katag.ca\/aventure-80\/","url":"https:\/\/www.katag.ca\/aventure-80\/","name":"Aventure 80 | Katag","isPartOf":{"@id":"https:\/\/www.katag.ca\/#website"},"datePublished":"2015-01-04T23:47:06+00:00","dateModified":"2015-01-09T18:19:19+00:00","breadcrumb":{"@id":"https:\/\/www.katag.ca\/aventure-80\/#breadcrumb"},"inLanguage":"en-US","potentialAction":[{"@type":"ReadAction","target":["https:\/\/www.katag.ca\/aventure-80\/"]}]},{"@type":"BreadcrumbList","@id":"https:\/\/www.katag.ca\/aventure-80\/#breadcrumb","itemListElement":[{"@type":"ListItem","position":1,"name":"Accueil","item":"https:\/\/www.katag.ca\/"},{"@type":"ListItem","position":2,"name":"Aventure 80"}]},{"@type":"WebSite","@id":"https:\/\/www.katag.ca\/#website","url":"https:\/\/www.katag.ca\/","name":"Katag","description":"LE jeu d'&eacute;p&eacute;es-mousse","publisher":{"@id":"https:\/\/www.katag.ca\/#organization"},"potentialAction":[{"@type":"SearchAction","target":{"@type":"EntryPoint","urlTemplate":"https:\/\/www.katag.ca\/?s={search_term_string}"},"query-input":{"@type":"PropertyValueSpecification","valueRequired":true,"valueName":"search_term_string"}}],"inLanguage":"en-US"},{"@type":"Organization","@id":"https:\/\/www.katag.ca\/#organization","name":"Katag","url":"https:\/\/www.katag.ca\/","logo":{"@type":"ImageObject","inLanguage":"en-US","@id":"https:\/\/www.katag.ca\/#\/schema\/logo\/image\/","url":"https:\/\/www.katag.ca\/wp-content\/uploads\/2021\/03\/logo-fr.png","contentUrl":"https:\/\/www.katag.ca\/wp-content\/uploads\/2021\/03\/logo-fr.png","width":338,"height":173,"caption":"Katag"},"image":{"@id":"https:\/\/www.katag.ca\/#\/schema\/logo\/image\/"},"sameAs":["https:\/\/www.facebook.com\/Katag.ca"]}]}},"_links":{"self":[{"href":"https:\/\/www.katag.ca\/en\/wp-json\/wp\/v2\/pages\/1132","targetHints":{"allow":["GET"]}}],"collection":[{"href":"https:\/\/www.katag.ca\/en\/wp-json\/wp\/v2\/pages"}],"about":[{"href":"https:\/\/www.katag.ca\/en\/wp-json\/wp\/v2\/types\/page"}],"author":[{"embeddable":true,"href":"https:\/\/www.katag.ca\/en\/wp-json\/wp\/v2\/users\/2"}],"replies":[{"embeddable":true,"href":"https:\/\/www.katag.ca\/en\/wp-json\/wp\/v2\/comments?post=1132"}],"version-history":[{"count":3,"href":"https:\/\/www.katag.ca\/en\/wp-json\/wp\/v2\/pages\/1132\/revisions"}],"predecessor-version":[{"id":2279,"href":"https:\/\/www.katag.ca\/en\/wp-json\/wp\/v2\/pages\/1132\/revisions\/2279"}],"wp:attachment":[{"href":"https:\/\/www.katag.ca\/en\/wp-json\/wp\/v2\/media?parent=1132"}],"curies":[{"name":"wp","href":"https:\/\/api.w.org\/{rel}","templated":true}]}}