{"id":1142,"date":"2015-01-04T23:50:35","date_gmt":"2015-01-04T23:50:35","guid":{"rendered":"http:\/\/www.boutiquekatag.com\/?page_id=1142"},"modified":"2015-01-09T18:38:47","modified_gmt":"2015-01-09T18:38:47","slug":"aventure-87","status":"publish","type":"page","link":"https:\/\/www.katag.ca\/en\/aventure-87\/","title":{"rendered":"Aventure 87"},"content":{"rendered":"<p>Vous d\u00e9cidez de descendre les escaliers pour aller voir les \u00e9p\u00e9es de plus pr\u00e8s. Tout en descendant, vous remarquez un ticket par terre que vous ramassez. Le ticket indique Section 17, Si\u00e8ge 4B. Vous regardez autour de vous et personne ne vous a vu faire. Vous rep\u00e9rez facilement la section et d\u00e9cidez d\u2019aller vous asseoir sur le si\u00e8ge en question. Vous \u00eates maintenant assis \u00e0 une place de choix, tout au centre, \u00e0 seulement quatre rang\u00e9es du terrain. Vous pouvez maintenant voir les joueurs de pr\u00e8s! Leurs \u00e9p\u00e9es ont une apparence fantastique et vous remarquez que le manche semble poss\u00e9der quelque chose de sp\u00e9cial, mais vous n\u2019arrivez pas \u00e0 voir ce que c\u2019est exactement. Soudain, une sir\u00e8ne retentit, annon\u00e7ant la fin de la premi\u00e8re demie.<\/p>\n<div class=\"btn-container  align-center\"><a class=\"organic-btn  dark-blue-btn small-btn  align-center\" href=\"http:\/\/www.katag.ca\/aventure-121\/\"><span class=\"btn-holder\">Vous d\u00e9sirez rester et attendre la deuxi\u00e8me demie<\/span><\/a><\/div>\n<div class=\"btn-container  align-center\"><a class=\"organic-btn  dark-blue-btn small-btn  align-center\" href=\"http:\/\/www.katag.ca\/aventure-117\/\"><span class=\"btn-holder\">Vous pr\u00e9f\u00e9rez sortir du stade<\/span><\/a><\/div>\n","protected":false},"excerpt":{"rendered":"<p>Vous d\u00e9cidez de descendre les escaliers pour aller voir les \u00e9p\u00e9es de plus pr\u00e8s. Tout en descendant, vous remarquez un ticket par terre que vous ramassez. Le ticket indique Section 17, Si\u00e8ge 4B. Vous regardez autour de vous et personne ne vous a vu faire. Vous rep\u00e9rez facilement la section et d\u00e9cidez d\u2019aller vous asseoir sur le si\u00e8ge en question. Vous \u00eates maintenant assis \u00e0 une place de choix, tout au centre, \u00e0 seulement quatre rang\u00e9es du terrain. Vous pouvez maintenant voir les joueurs de pr\u00e8s! Leurs \u00e9p\u00e9es&#8230;<\/p>\n","protected":false},"author":2,"featured_media":0,"parent":0,"menu_order":0,"comment_status":"closed","ping_status":"closed","template":"","meta":{"footnotes":""},"class_list":["post-1142","page","type-page","status-publish","hentry"],"yoast_head":"<!-- This site is optimized with the Yoast SEO plugin v26.0 - https:\/\/yoast.com\/wordpress\/plugins\/seo\/ -->\n<title>Aventure 87 | Katag<\/title>\n<meta name=\"robots\" content=\"index, follow, max-snippet:-1, max-image-preview:large, max-video-preview:-1\" \/>\n<link rel=\"canonical\" href=\"https:\/\/www.katag.ca\/aventure-87\/\" \/>\n<meta property=\"og:locale\" content=\"en_US\" \/>\n<meta property=\"og:type\" content=\"article\" \/>\n<meta property=\"og:title\" content=\"Aventure 87 | Katag\" \/>\n<meta property=\"og:description\" content=\"Vous d\u00e9cidez de descendre les escaliers pour aller voir les \u00e9p\u00e9es de plus pr\u00e8s. Tout en descendant, vous remarquez un ticket par terre que vous ramassez. Le ticket indique Section 17, Si\u00e8ge 4B. Vous regardez autour de vous et personne ne vous a vu faire. Vous rep\u00e9rez facilement la section et d\u00e9cidez d\u2019aller vous asseoir sur le si\u00e8ge en question. Vous \u00eates maintenant assis \u00e0 une place de choix, tout au centre, \u00e0 seulement quatre rang\u00e9es du terrain. Vous pouvez maintenant voir les joueurs de pr\u00e8s! Leurs \u00e9p\u00e9es...\" \/>\n<meta property=\"og:url\" content=\"https:\/\/www.katag.ca\/aventure-87\/\" \/>\n<meta property=\"og:site_name\" content=\"Katag\" \/>\n<meta property=\"article:publisher\" content=\"https:\/\/www.facebook.com\/Katag.ca\" \/>\n<meta property=\"article:modified_time\" content=\"2015-01-09T18:38:47+00:00\" \/>\n<meta name=\"twitter:card\" content=\"summary_large_image\" \/>\n<meta name=\"twitter:label1\" content=\"Est. reading time\" \/>\n\t<meta name=\"twitter:data1\" content=\"1 minute\" \/>\n<script type=\"application\/ld+json\" class=\"yoast-schema-graph\">{\"@context\":\"https:\/\/schema.org\",\"@graph\":[{\"@type\":\"WebPage\",\"@id\":\"https:\/\/www.katag.ca\/aventure-87\/\",\"url\":\"https:\/\/www.katag.ca\/aventure-87\/\",\"name\":\"Aventure 87 | Katag\",\"isPartOf\":{\"@id\":\"https:\/\/www.katag.ca\/#website\"},\"datePublished\":\"2015-01-04T23:50:35+00:00\",\"dateModified\":\"2015-01-09T18:38:47+00:00\",\"breadcrumb\":{\"@id\":\"https:\/\/www.katag.ca\/aventure-87\/#breadcrumb\"},\"inLanguage\":\"en-US\",\"potentialAction\":[{\"@type\":\"ReadAction\",\"target\":[\"https:\/\/www.katag.ca\/aventure-87\/\"]}]},{\"@type\":\"BreadcrumbList\",\"@id\":\"https:\/\/www.katag.ca\/aventure-87\/#breadcrumb\",\"itemListElement\":[{\"@type\":\"ListItem\",\"position\":1,\"name\":\"Accueil\",\"item\":\"https:\/\/www.katag.ca\/\"},{\"@type\":\"ListItem\",\"position\":2,\"name\":\"Aventure 87\"}]},{\"@type\":\"WebSite\",\"@id\":\"https:\/\/www.katag.ca\/#website\",\"url\":\"https:\/\/www.katag.ca\/\",\"name\":\"Katag\",\"description\":\"LE jeu d'&eacute;p&eacute;es-mousse\",\"publisher\":{\"@id\":\"https:\/\/www.katag.ca\/#organization\"},\"potentialAction\":[{\"@type\":\"SearchAction\",\"target\":{\"@type\":\"EntryPoint\",\"urlTemplate\":\"https:\/\/www.katag.ca\/?s={search_term_string}\"},\"query-input\":{\"@type\":\"PropertyValueSpecification\",\"valueRequired\":true,\"valueName\":\"search_term_string\"}}],\"inLanguage\":\"en-US\"},{\"@type\":\"Organization\",\"@id\":\"https:\/\/www.katag.ca\/#organization\",\"name\":\"Katag\",\"url\":\"https:\/\/www.katag.ca\/\",\"logo\":{\"@type\":\"ImageObject\",\"inLanguage\":\"en-US\",\"@id\":\"https:\/\/www.katag.ca\/#\/schema\/logo\/image\/\",\"url\":\"https:\/\/www.katag.ca\/wp-content\/uploads\/2021\/03\/logo-fr.png\",\"contentUrl\":\"https:\/\/www.katag.ca\/wp-content\/uploads\/2021\/03\/logo-fr.png\",\"width\":338,\"height\":173,\"caption\":\"Katag\"},\"image\":{\"@id\":\"https:\/\/www.katag.ca\/#\/schema\/logo\/image\/\"},\"sameAs\":[\"https:\/\/www.facebook.com\/Katag.ca\"]}]}<\/script>\n<!-- \/ Yoast SEO plugin. -->","yoast_head_json":{"title":"Aventure 87 | Katag","robots":{"index":"index","follow":"follow","max-snippet":"max-snippet:-1","max-image-preview":"max-image-preview:large","max-video-preview":"max-video-preview:-1"},"canonical":"https:\/\/www.katag.ca\/aventure-87\/","og_locale":"en_US","og_type":"article","og_title":"Aventure 87 | Katag","og_description":"Vous d\u00e9cidez de descendre les escaliers pour aller voir les \u00e9p\u00e9es de plus pr\u00e8s. Tout en descendant, vous remarquez un ticket par terre que vous ramassez. Le ticket indique Section 17, Si\u00e8ge 4B. Vous regardez autour de vous et personne ne vous a vu faire. Vous rep\u00e9rez facilement la section et d\u00e9cidez d\u2019aller vous asseoir sur le si\u00e8ge en question. Vous \u00eates maintenant assis \u00e0 une place de choix, tout au centre, \u00e0 seulement quatre rang\u00e9es du terrain. Vous pouvez maintenant voir les joueurs de pr\u00e8s! Leurs \u00e9p\u00e9es...","og_url":"https:\/\/www.katag.ca\/aventure-87\/","og_site_name":"Katag","article_publisher":"https:\/\/www.facebook.com\/Katag.ca","article_modified_time":"2015-01-09T18:38:47+00:00","twitter_card":"summary_large_image","twitter_misc":{"Est. reading time":"1 minute"},"schema":{"@context":"https:\/\/schema.org","@graph":[{"@type":"WebPage","@id":"https:\/\/www.katag.ca\/aventure-87\/","url":"https:\/\/www.katag.ca\/aventure-87\/","name":"Aventure 87 | Katag","isPartOf":{"@id":"https:\/\/www.katag.ca\/#website"},"datePublished":"2015-01-04T23:50:35+00:00","dateModified":"2015-01-09T18:38:47+00:00","breadcrumb":{"@id":"https:\/\/www.katag.ca\/aventure-87\/#breadcrumb"},"inLanguage":"en-US","potentialAction":[{"@type":"ReadAction","target":["https:\/\/www.katag.ca\/aventure-87\/"]}]},{"@type":"BreadcrumbList","@id":"https:\/\/www.katag.ca\/aventure-87\/#breadcrumb","itemListElement":[{"@type":"ListItem","position":1,"name":"Accueil","item":"https:\/\/www.katag.ca\/"},{"@type":"ListItem","position":2,"name":"Aventure 87"}]},{"@type":"WebSite","@id":"https:\/\/www.katag.ca\/#website","url":"https:\/\/www.katag.ca\/","name":"Katag","description":"LE jeu d'&eacute;p&eacute;es-mousse","publisher":{"@id":"https:\/\/www.katag.ca\/#organization"},"potentialAction":[{"@type":"SearchAction","target":{"@type":"EntryPoint","urlTemplate":"https:\/\/www.katag.ca\/?s={search_term_string}"},"query-input":{"@type":"PropertyValueSpecification","valueRequired":true,"valueName":"search_term_string"}}],"inLanguage":"en-US"},{"@type":"Organization","@id":"https:\/\/www.katag.ca\/#organization","name":"Katag","url":"https:\/\/www.katag.ca\/","logo":{"@type":"ImageObject","inLanguage":"en-US","@id":"https:\/\/www.katag.ca\/#\/schema\/logo\/image\/","url":"https:\/\/www.katag.ca\/wp-content\/uploads\/2021\/03\/logo-fr.png","contentUrl":"https:\/\/www.katag.ca\/wp-content\/uploads\/2021\/03\/logo-fr.png","width":338,"height":173,"caption":"Katag"},"image":{"@id":"https:\/\/www.katag.ca\/#\/schema\/logo\/image\/"},"sameAs":["https:\/\/www.facebook.com\/Katag.ca"]}]}},"_links":{"self":[{"href":"https:\/\/www.katag.ca\/en\/wp-json\/wp\/v2\/pages\/1142","targetHints":{"allow":["GET"]}}],"collection":[{"href":"https:\/\/www.katag.ca\/en\/wp-json\/wp\/v2\/pages"}],"about":[{"href":"https:\/\/www.katag.ca\/en\/wp-json\/wp\/v2\/types\/page"}],"author":[{"embeddable":true,"href":"https:\/\/www.katag.ca\/en\/wp-json\/wp\/v2\/users\/2"}],"replies":[{"embeddable":true,"href":"https:\/\/www.katag.ca\/en\/wp-json\/wp\/v2\/comments?post=1142"}],"version-history":[{"count":2,"href":"https:\/\/www.katag.ca\/en\/wp-json\/wp\/v2\/pages\/1142\/revisions"}],"predecessor-version":[{"id":2289,"href":"https:\/\/www.katag.ca\/en\/wp-json\/wp\/v2\/pages\/1142\/revisions\/2289"}],"wp:attachment":[{"href":"https:\/\/www.katag.ca\/en\/wp-json\/wp\/v2\/media?parent=1142"}],"curies":[{"name":"wp","href":"https:\/\/api.w.org\/{rel}","templated":true}]}}