{"id":1144,"date":"2015-01-04T23:51:14","date_gmt":"2015-01-04T23:51:14","guid":{"rendered":"http:\/\/www.boutiquekatag.com\/?page_id=1144"},"modified":"2015-01-09T18:39:33","modified_gmt":"2015-01-09T18:39:33","slug":"aventure-88","status":"publish","type":"page","link":"https:\/\/www.katag.ca\/en\/aventure-88\/","title":{"rendered":"Aventure 88"},"content":{"rendered":"<p>Vous continuez \u00e0 regarder la partie et, d\u2019o\u00f9 vous \u00eates, vous avez du mal \u00e0 distinguer tous les d\u00e9tails qui vous int\u00e9resseraient vraiment. Mais bon, vous \u00eates tout de m\u00eame heureux d\u2019assister \u00e0 une partie r\u00e9elle de Katag! Soudain, une sir\u00e8ne retentit, annon\u00e7ant la fin de la premi\u00e8re demie.<\/p>\n<div class=\"btn-container  align-center\"><a class=\"organic-btn  dark-blue-btn small-btn  align-center\" href=\"http:\/\/www.katag.ca\/aventure-122\/\"><span class=\"btn-holder\">Vous d\u00e9sirez rester et attendre la deuxi\u00e8me demie<\/span><\/a><\/div>\n<div class=\"btn-container  align-center\"><a class=\"organic-btn  dark-blue-btn small-btn  align-center\" href=\"http:\/\/www.katag.ca\/aventure-117\/\"><span class=\"btn-holder\">Vous pr\u00e9f\u00e9rez sortir du stade pour reprendre votre exploration<\/span><\/a><\/div>\n","protected":false},"excerpt":{"rendered":"<p>Vous continuez \u00e0 regarder la partie et, d\u2019o\u00f9 vous \u00eates, vous avez du mal \u00e0 distinguer tous les d\u00e9tails qui vous int\u00e9resseraient vraiment. Mais bon, vous \u00eates tout de m\u00eame heureux d\u2019assister \u00e0 une partie r\u00e9elle de Katag! Soudain, une sir\u00e8ne retentit, annon\u00e7ant la fin de la premi\u00e8re demie.<\/p>\n","protected":false},"author":2,"featured_media":0,"parent":0,"menu_order":0,"comment_status":"closed","ping_status":"closed","template":"","meta":{"footnotes":""},"class_list":["post-1144","page","type-page","status-publish","hentry"],"yoast_head":"<!-- This site is optimized with the Yoast SEO plugin v26.0 - https:\/\/yoast.com\/wordpress\/plugins\/seo\/ -->\n<title>Aventure 88 | Katag<\/title>\n<meta name=\"robots\" content=\"index, follow, max-snippet:-1, max-image-preview:large, max-video-preview:-1\" \/>\n<link rel=\"canonical\" href=\"https:\/\/www.katag.ca\/aventure-88\/\" \/>\n<meta property=\"og:locale\" content=\"en_US\" \/>\n<meta property=\"og:type\" content=\"article\" \/>\n<meta property=\"og:title\" content=\"Aventure 88 | Katag\" \/>\n<meta property=\"og:description\" content=\"Vous continuez \u00e0 regarder la partie et, d\u2019o\u00f9 vous \u00eates, vous avez du mal \u00e0 distinguer tous les d\u00e9tails qui vous int\u00e9resseraient vraiment. Mais bon, vous \u00eates tout de m\u00eame heureux d\u2019assister \u00e0 une partie r\u00e9elle de Katag! Soudain, une sir\u00e8ne retentit, annon\u00e7ant la fin de la premi\u00e8re demie.\" \/>\n<meta property=\"og:url\" content=\"https:\/\/www.katag.ca\/aventure-88\/\" \/>\n<meta property=\"og:site_name\" content=\"Katag\" \/>\n<meta property=\"article:publisher\" content=\"https:\/\/www.facebook.com\/Katag.ca\" \/>\n<meta property=\"article:modified_time\" content=\"2015-01-09T18:39:33+00:00\" \/>\n<meta name=\"twitter:card\" content=\"summary_large_image\" \/>\n<meta name=\"twitter:label1\" content=\"Est. reading time\" \/>\n\t<meta name=\"twitter:data1\" content=\"1 minute\" \/>\n<script type=\"application\/ld+json\" class=\"yoast-schema-graph\">{\"@context\":\"https:\/\/schema.org\",\"@graph\":[{\"@type\":\"WebPage\",\"@id\":\"https:\/\/www.katag.ca\/aventure-88\/\",\"url\":\"https:\/\/www.katag.ca\/aventure-88\/\",\"name\":\"Aventure 88 | Katag\",\"isPartOf\":{\"@id\":\"https:\/\/www.katag.ca\/#website\"},\"datePublished\":\"2015-01-04T23:51:14+00:00\",\"dateModified\":\"2015-01-09T18:39:33+00:00\",\"breadcrumb\":{\"@id\":\"https:\/\/www.katag.ca\/aventure-88\/#breadcrumb\"},\"inLanguage\":\"en-US\",\"potentialAction\":[{\"@type\":\"ReadAction\",\"target\":[\"https:\/\/www.katag.ca\/aventure-88\/\"]}]},{\"@type\":\"BreadcrumbList\",\"@id\":\"https:\/\/www.katag.ca\/aventure-88\/#breadcrumb\",\"itemListElement\":[{\"@type\":\"ListItem\",\"position\":1,\"name\":\"Accueil\",\"item\":\"https:\/\/www.katag.ca\/\"},{\"@type\":\"ListItem\",\"position\":2,\"name\":\"Aventure 88\"}]},{\"@type\":\"WebSite\",\"@id\":\"https:\/\/www.katag.ca\/#website\",\"url\":\"https:\/\/www.katag.ca\/\",\"name\":\"Katag\",\"description\":\"LE jeu d'&eacute;p&eacute;es-mousse\",\"publisher\":{\"@id\":\"https:\/\/www.katag.ca\/#organization\"},\"potentialAction\":[{\"@type\":\"SearchAction\",\"target\":{\"@type\":\"EntryPoint\",\"urlTemplate\":\"https:\/\/www.katag.ca\/?s={search_term_string}\"},\"query-input\":{\"@type\":\"PropertyValueSpecification\",\"valueRequired\":true,\"valueName\":\"search_term_string\"}}],\"inLanguage\":\"en-US\"},{\"@type\":\"Organization\",\"@id\":\"https:\/\/www.katag.ca\/#organization\",\"name\":\"Katag\",\"url\":\"https:\/\/www.katag.ca\/\",\"logo\":{\"@type\":\"ImageObject\",\"inLanguage\":\"en-US\",\"@id\":\"https:\/\/www.katag.ca\/#\/schema\/logo\/image\/\",\"url\":\"https:\/\/www.katag.ca\/wp-content\/uploads\/2021\/03\/logo-fr.png\",\"contentUrl\":\"https:\/\/www.katag.ca\/wp-content\/uploads\/2021\/03\/logo-fr.png\",\"width\":338,\"height\":173,\"caption\":\"Katag\"},\"image\":{\"@id\":\"https:\/\/www.katag.ca\/#\/schema\/logo\/image\/\"},\"sameAs\":[\"https:\/\/www.facebook.com\/Katag.ca\"]}]}<\/script>\n<!-- \/ Yoast SEO plugin. -->","yoast_head_json":{"title":"Aventure 88 | Katag","robots":{"index":"index","follow":"follow","max-snippet":"max-snippet:-1","max-image-preview":"max-image-preview:large","max-video-preview":"max-video-preview:-1"},"canonical":"https:\/\/www.katag.ca\/aventure-88\/","og_locale":"en_US","og_type":"article","og_title":"Aventure 88 | Katag","og_description":"Vous continuez \u00e0 regarder la partie et, d\u2019o\u00f9 vous \u00eates, vous avez du mal \u00e0 distinguer tous les d\u00e9tails qui vous int\u00e9resseraient vraiment. Mais bon, vous \u00eates tout de m\u00eame heureux d\u2019assister \u00e0 une partie r\u00e9elle de Katag! Soudain, une sir\u00e8ne retentit, annon\u00e7ant la fin de la premi\u00e8re demie.","og_url":"https:\/\/www.katag.ca\/aventure-88\/","og_site_name":"Katag","article_publisher":"https:\/\/www.facebook.com\/Katag.ca","article_modified_time":"2015-01-09T18:39:33+00:00","twitter_card":"summary_large_image","twitter_misc":{"Est. reading time":"1 minute"},"schema":{"@context":"https:\/\/schema.org","@graph":[{"@type":"WebPage","@id":"https:\/\/www.katag.ca\/aventure-88\/","url":"https:\/\/www.katag.ca\/aventure-88\/","name":"Aventure 88 | Katag","isPartOf":{"@id":"https:\/\/www.katag.ca\/#website"},"datePublished":"2015-01-04T23:51:14+00:00","dateModified":"2015-01-09T18:39:33+00:00","breadcrumb":{"@id":"https:\/\/www.katag.ca\/aventure-88\/#breadcrumb"},"inLanguage":"en-US","potentialAction":[{"@type":"ReadAction","target":["https:\/\/www.katag.ca\/aventure-88\/"]}]},{"@type":"BreadcrumbList","@id":"https:\/\/www.katag.ca\/aventure-88\/#breadcrumb","itemListElement":[{"@type":"ListItem","position":1,"name":"Accueil","item":"https:\/\/www.katag.ca\/"},{"@type":"ListItem","position":2,"name":"Aventure 88"}]},{"@type":"WebSite","@id":"https:\/\/www.katag.ca\/#website","url":"https:\/\/www.katag.ca\/","name":"Katag","description":"LE jeu d'&eacute;p&eacute;es-mousse","publisher":{"@id":"https:\/\/www.katag.ca\/#organization"},"potentialAction":[{"@type":"SearchAction","target":{"@type":"EntryPoint","urlTemplate":"https:\/\/www.katag.ca\/?s={search_term_string}"},"query-input":{"@type":"PropertyValueSpecification","valueRequired":true,"valueName":"search_term_string"}}],"inLanguage":"en-US"},{"@type":"Organization","@id":"https:\/\/www.katag.ca\/#organization","name":"Katag","url":"https:\/\/www.katag.ca\/","logo":{"@type":"ImageObject","inLanguage":"en-US","@id":"https:\/\/www.katag.ca\/#\/schema\/logo\/image\/","url":"https:\/\/www.katag.ca\/wp-content\/uploads\/2021\/03\/logo-fr.png","contentUrl":"https:\/\/www.katag.ca\/wp-content\/uploads\/2021\/03\/logo-fr.png","width":338,"height":173,"caption":"Katag"},"image":{"@id":"https:\/\/www.katag.ca\/#\/schema\/logo\/image\/"},"sameAs":["https:\/\/www.facebook.com\/Katag.ca"]}]}},"_links":{"self":[{"href":"https:\/\/www.katag.ca\/en\/wp-json\/wp\/v2\/pages\/1144","targetHints":{"allow":["GET"]}}],"collection":[{"href":"https:\/\/www.katag.ca\/en\/wp-json\/wp\/v2\/pages"}],"about":[{"href":"https:\/\/www.katag.ca\/en\/wp-json\/wp\/v2\/types\/page"}],"author":[{"embeddable":true,"href":"https:\/\/www.katag.ca\/en\/wp-json\/wp\/v2\/users\/2"}],"replies":[{"embeddable":true,"href":"https:\/\/www.katag.ca\/en\/wp-json\/wp\/v2\/comments?post=1144"}],"version-history":[{"count":2,"href":"https:\/\/www.katag.ca\/en\/wp-json\/wp\/v2\/pages\/1144\/revisions"}],"predecessor-version":[{"id":2290,"href":"https:\/\/www.katag.ca\/en\/wp-json\/wp\/v2\/pages\/1144\/revisions\/2290"}],"wp:attachment":[{"href":"https:\/\/www.katag.ca\/en\/wp-json\/wp\/v2\/media?parent=1144"}],"curies":[{"name":"wp","href":"https:\/\/api.w.org\/{rel}","templated":true}]}}