{"id":1152,"date":"2015-01-06T16:54:10","date_gmt":"2015-01-06T16:54:10","guid":{"rendered":"http:\/\/www.boutiquekatag.com\/?page_id=1152"},"modified":"2015-01-09T18:42:10","modified_gmt":"2015-01-09T18:42:10","slug":"aventure-91","status":"publish","type":"page","link":"https:\/\/www.katag.ca\/en\/aventure-91\/","title":{"rendered":"Aventure 91"},"content":{"rendered":"<p>Vous d\u00e9cidez de vous engager dans la sortie se situant \u00e0 votre gauche et, juste avant de tourner le coin, votre bras bouscule un buste log\u00e9 sur un socle que vous n\u2019aviez pas vu. Le buste tombe en faisant un \u00e9norme vacarme. Un garde arrive \u00e0 toute allure, \u00e9p\u00e9e \u00e0 la main, et la pointe directement vers votre torse. \u00ab On ne bouge plus! \u00bb, vous crie-t-il tout en panique. Vous le regardez, un peu apeur\u00e9, et vous vous excusez. \u00ab Que faites-vous ici \u00e0 une heure si tardive? Les R\u00eaveurs ne sont pas admis ici, ne le savez-vous donc pas! Vous avez presque cass\u00e9 le buste d\u2019Alcithore! D\u00e9guerpissez avant que je ne vous boucle en cellule pour le reste de la nuit! \u00bb<\/p>\n<div class=\"btn-container  align-center\"><a class=\"organic-btn  dark-blue-btn small-btn  align-center\" href=\"http:\/\/www.katag.ca\/aventure-93\/\"><span class=\"btn-holder\">Vous d\u00e9cidez donc de sortir du temple en vitesse et aller vers le panneau.<\/span><\/a><\/div>\n","protected":false},"excerpt":{"rendered":"<p>Vous d\u00e9cidez de vous engager dans la sortie se situant \u00e0 votre gauche et, juste avant de tourner le coin, votre bras bouscule un buste log\u00e9 sur un socle que vous n\u2019aviez pas vu. Le buste tombe en faisant un \u00e9norme vacarme. Un garde arrive \u00e0 toute allure, \u00e9p\u00e9e \u00e0 la main, et la pointe directement vers votre torse. \u00ab On ne bouge plus! \u00bb, vous crie-t-il tout en panique. Vous le regardez, un peu apeur\u00e9, et vous vous excusez. \u00ab Que faites-vous ici \u00e0 une heure si&#8230;<\/p>\n","protected":false},"author":2,"featured_media":0,"parent":0,"menu_order":0,"comment_status":"closed","ping_status":"closed","template":"","meta":{"footnotes":""},"class_list":["post-1152","page","type-page","status-publish","hentry"],"yoast_head":"<!-- This site is optimized with the Yoast SEO plugin v26.0 - https:\/\/yoast.com\/wordpress\/plugins\/seo\/ -->\n<title>Aventure 91 | Katag<\/title>\n<meta name=\"robots\" content=\"index, follow, max-snippet:-1, max-image-preview:large, max-video-preview:-1\" \/>\n<link rel=\"canonical\" href=\"https:\/\/www.katag.ca\/aventure-91\/\" \/>\n<meta property=\"og:locale\" content=\"en_US\" \/>\n<meta property=\"og:type\" content=\"article\" \/>\n<meta property=\"og:title\" content=\"Aventure 91 | Katag\" \/>\n<meta property=\"og:description\" content=\"Vous d\u00e9cidez de vous engager dans la sortie se situant \u00e0 votre gauche et, juste avant de tourner le coin, votre bras bouscule un buste log\u00e9 sur un socle que vous n\u2019aviez pas vu. Le buste tombe en faisant un \u00e9norme vacarme. Un garde arrive \u00e0 toute allure, \u00e9p\u00e9e \u00e0 la main, et la pointe directement vers votre torse. \u00ab On ne bouge plus! \u00bb, vous crie-t-il tout en panique. Vous le regardez, un peu apeur\u00e9, et vous vous excusez. \u00ab Que faites-vous ici \u00e0 une heure si...\" \/>\n<meta property=\"og:url\" content=\"https:\/\/www.katag.ca\/aventure-91\/\" \/>\n<meta property=\"og:site_name\" content=\"Katag\" \/>\n<meta property=\"article:publisher\" content=\"https:\/\/www.facebook.com\/Katag.ca\" \/>\n<meta property=\"article:modified_time\" content=\"2015-01-09T18:42:10+00:00\" \/>\n<meta name=\"twitter:card\" content=\"summary_large_image\" \/>\n<meta name=\"twitter:label1\" content=\"Est. reading time\" \/>\n\t<meta name=\"twitter:data1\" content=\"1 minute\" \/>\n<script type=\"application\/ld+json\" class=\"yoast-schema-graph\">{\"@context\":\"https:\/\/schema.org\",\"@graph\":[{\"@type\":\"WebPage\",\"@id\":\"https:\/\/www.katag.ca\/aventure-91\/\",\"url\":\"https:\/\/www.katag.ca\/aventure-91\/\",\"name\":\"Aventure 91 | Katag\",\"isPartOf\":{\"@id\":\"https:\/\/www.katag.ca\/#website\"},\"datePublished\":\"2015-01-06T16:54:10+00:00\",\"dateModified\":\"2015-01-09T18:42:10+00:00\",\"breadcrumb\":{\"@id\":\"https:\/\/www.katag.ca\/aventure-91\/#breadcrumb\"},\"inLanguage\":\"en-US\",\"potentialAction\":[{\"@type\":\"ReadAction\",\"target\":[\"https:\/\/www.katag.ca\/aventure-91\/\"]}]},{\"@type\":\"BreadcrumbList\",\"@id\":\"https:\/\/www.katag.ca\/aventure-91\/#breadcrumb\",\"itemListElement\":[{\"@type\":\"ListItem\",\"position\":1,\"name\":\"Accueil\",\"item\":\"https:\/\/www.katag.ca\/\"},{\"@type\":\"ListItem\",\"position\":2,\"name\":\"Aventure 91\"}]},{\"@type\":\"WebSite\",\"@id\":\"https:\/\/www.katag.ca\/#website\",\"url\":\"https:\/\/www.katag.ca\/\",\"name\":\"Katag\",\"description\":\"LE jeu d'&eacute;p&eacute;es-mousse\",\"publisher\":{\"@id\":\"https:\/\/www.katag.ca\/#organization\"},\"potentialAction\":[{\"@type\":\"SearchAction\",\"target\":{\"@type\":\"EntryPoint\",\"urlTemplate\":\"https:\/\/www.katag.ca\/?s={search_term_string}\"},\"query-input\":{\"@type\":\"PropertyValueSpecification\",\"valueRequired\":true,\"valueName\":\"search_term_string\"}}],\"inLanguage\":\"en-US\"},{\"@type\":\"Organization\",\"@id\":\"https:\/\/www.katag.ca\/#organization\",\"name\":\"Katag\",\"url\":\"https:\/\/www.katag.ca\/\",\"logo\":{\"@type\":\"ImageObject\",\"inLanguage\":\"en-US\",\"@id\":\"https:\/\/www.katag.ca\/#\/schema\/logo\/image\/\",\"url\":\"https:\/\/www.katag.ca\/wp-content\/uploads\/2021\/03\/logo-fr.png\",\"contentUrl\":\"https:\/\/www.katag.ca\/wp-content\/uploads\/2021\/03\/logo-fr.png\",\"width\":338,\"height\":173,\"caption\":\"Katag\"},\"image\":{\"@id\":\"https:\/\/www.katag.ca\/#\/schema\/logo\/image\/\"},\"sameAs\":[\"https:\/\/www.facebook.com\/Katag.ca\"]}]}<\/script>\n<!-- \/ Yoast SEO plugin. -->","yoast_head_json":{"title":"Aventure 91 | Katag","robots":{"index":"index","follow":"follow","max-snippet":"max-snippet:-1","max-image-preview":"max-image-preview:large","max-video-preview":"max-video-preview:-1"},"canonical":"https:\/\/www.katag.ca\/aventure-91\/","og_locale":"en_US","og_type":"article","og_title":"Aventure 91 | Katag","og_description":"Vous d\u00e9cidez de vous engager dans la sortie se situant \u00e0 votre gauche et, juste avant de tourner le coin, votre bras bouscule un buste log\u00e9 sur un socle que vous n\u2019aviez pas vu. Le buste tombe en faisant un \u00e9norme vacarme. Un garde arrive \u00e0 toute allure, \u00e9p\u00e9e \u00e0 la main, et la pointe directement vers votre torse. \u00ab On ne bouge plus! \u00bb, vous crie-t-il tout en panique. Vous le regardez, un peu apeur\u00e9, et vous vous excusez. \u00ab Que faites-vous ici \u00e0 une heure si...","og_url":"https:\/\/www.katag.ca\/aventure-91\/","og_site_name":"Katag","article_publisher":"https:\/\/www.facebook.com\/Katag.ca","article_modified_time":"2015-01-09T18:42:10+00:00","twitter_card":"summary_large_image","twitter_misc":{"Est. reading time":"1 minute"},"schema":{"@context":"https:\/\/schema.org","@graph":[{"@type":"WebPage","@id":"https:\/\/www.katag.ca\/aventure-91\/","url":"https:\/\/www.katag.ca\/aventure-91\/","name":"Aventure 91 | Katag","isPartOf":{"@id":"https:\/\/www.katag.ca\/#website"},"datePublished":"2015-01-06T16:54:10+00:00","dateModified":"2015-01-09T18:42:10+00:00","breadcrumb":{"@id":"https:\/\/www.katag.ca\/aventure-91\/#breadcrumb"},"inLanguage":"en-US","potentialAction":[{"@type":"ReadAction","target":["https:\/\/www.katag.ca\/aventure-91\/"]}]},{"@type":"BreadcrumbList","@id":"https:\/\/www.katag.ca\/aventure-91\/#breadcrumb","itemListElement":[{"@type":"ListItem","position":1,"name":"Accueil","item":"https:\/\/www.katag.ca\/"},{"@type":"ListItem","position":2,"name":"Aventure 91"}]},{"@type":"WebSite","@id":"https:\/\/www.katag.ca\/#website","url":"https:\/\/www.katag.ca\/","name":"Katag","description":"LE jeu d'&eacute;p&eacute;es-mousse","publisher":{"@id":"https:\/\/www.katag.ca\/#organization"},"potentialAction":[{"@type":"SearchAction","target":{"@type":"EntryPoint","urlTemplate":"https:\/\/www.katag.ca\/?s={search_term_string}"},"query-input":{"@type":"PropertyValueSpecification","valueRequired":true,"valueName":"search_term_string"}}],"inLanguage":"en-US"},{"@type":"Organization","@id":"https:\/\/www.katag.ca\/#organization","name":"Katag","url":"https:\/\/www.katag.ca\/","logo":{"@type":"ImageObject","inLanguage":"en-US","@id":"https:\/\/www.katag.ca\/#\/schema\/logo\/image\/","url":"https:\/\/www.katag.ca\/wp-content\/uploads\/2021\/03\/logo-fr.png","contentUrl":"https:\/\/www.katag.ca\/wp-content\/uploads\/2021\/03\/logo-fr.png","width":338,"height":173,"caption":"Katag"},"image":{"@id":"https:\/\/www.katag.ca\/#\/schema\/logo\/image\/"},"sameAs":["https:\/\/www.facebook.com\/Katag.ca"]}]}},"_links":{"self":[{"href":"https:\/\/www.katag.ca\/en\/wp-json\/wp\/v2\/pages\/1152","targetHints":{"allow":["GET"]}}],"collection":[{"href":"https:\/\/www.katag.ca\/en\/wp-json\/wp\/v2\/pages"}],"about":[{"href":"https:\/\/www.katag.ca\/en\/wp-json\/wp\/v2\/types\/page"}],"author":[{"embeddable":true,"href":"https:\/\/www.katag.ca\/en\/wp-json\/wp\/v2\/users\/2"}],"replies":[{"embeddable":true,"href":"https:\/\/www.katag.ca\/en\/wp-json\/wp\/v2\/comments?post=1152"}],"version-history":[{"count":2,"href":"https:\/\/www.katag.ca\/en\/wp-json\/wp\/v2\/pages\/1152\/revisions"}],"predecessor-version":[{"id":2293,"href":"https:\/\/www.katag.ca\/en\/wp-json\/wp\/v2\/pages\/1152\/revisions\/2293"}],"wp:attachment":[{"href":"https:\/\/www.katag.ca\/en\/wp-json\/wp\/v2\/media?parent=1152"}],"curies":[{"name":"wp","href":"https:\/\/api.w.org\/{rel}","templated":true}]}}