{"id":1156,"date":"2015-01-06T16:55:34","date_gmt":"2015-01-06T16:55:34","guid":{"rendered":"http:\/\/www.boutiquekatag.com\/?page_id=1156"},"modified":"2015-01-09T18:43:42","modified_gmt":"2015-01-09T18:43:42","slug":"aventure-93","status":"publish","type":"page","link":"https:\/\/www.katag.ca\/en\/aventure-93\/","title":{"rendered":"Aventure 93"},"content":{"rendered":"<p>Alors que vous sortez du Temple des \u00c9l\u00e9ments, vous apercevez un petit sac au bas des escaliers. Vous regardez autour de vous, mais il n\u2019y a personne. Vous d\u00e9cidez donc de regarder son contenu. Vous y trouvez une miche de pain ainsi qu\u2019une bouteille contenant un liquide bleut\u00e9. Comme vous aviez justement une petite fringale, vous mangez le pain et buvez le liquide. Ce go\u00fbter vous donne un maximum d\u2019\u00e9nergie! Vous pouvez ajouter un point \u00e0 votre total dans la cat\u00e9gorie attaque et un point dans la cat\u00e9gorie endurance de votre feuille de route.<\/p>\n<p>Vous \u00eates maintenant devant le panneau indiquant Transkara 3 et vous voyez quelques personnes qui sont assises sur des bancs et, devant elles, se trouve une inscription plus petite : Embarquement des passagers. Vous comprenez alors que vous \u00eates arriv\u00e9 \u00e0 une station de transport quelconque. Puis, vous entendez un grondement et voyez les gens se lever et approcher de l\u2019inscription. Vous d\u00e9cidez de vous approcher \u00e9galement. Le grondement s\u2019arr\u00eate et ce que vous voyez ne vous est pas du tout familier. En effet, une s\u00e9rie de sph\u00e8res transparentes se suivant les unes derri\u00e8re les autres passe devant vous. Des porti\u00e8res coulissantes allant vers le haut s\u2019ouvrent et des passagers en sortent. Vous comprenez que ceci semble \u00eatre le transport en commun \u00e0 Manifeste. Qu\u2019allez-vous faire?<\/p>\n<div class=\"btn-container  align-center\"><a class=\"organic-btn  dark-blue-btn small-btn  align-center\" href=\"http:\/\/www.katag.ca\/aventure-72\/\"><span class=\"btn-holder\">Vous d\u00e9sirez embarquer dans l\u2019une des sph\u00e8res<\/span><\/a><\/div>\n<div class=\"btn-container  align-center\"><a class=\"organic-btn  dark-blue-btn small-btn  align-center\" href=\"http:\/\/www.katag.ca\/aventure-73\/\"><span class=\"btn-holder\">Vous pr\u00e9f\u00e9rez retourner au Temple des \u00c9l\u00e9ments<\/span><\/a><\/div>\n","protected":false},"excerpt":{"rendered":"<p>Alors que vous sortez du Temple des \u00c9l\u00e9ments, vous apercevez un petit sac au bas des escaliers. Vous regardez autour de vous, mais il n\u2019y a personne. Vous d\u00e9cidez donc de regarder son contenu. Vous y trouvez une miche de pain ainsi qu\u2019une bouteille contenant un liquide bleut\u00e9. Comme vous aviez justement une petite fringale, vous mangez le pain et buvez le liquide. Ce go\u00fbter vous donne un maximum d\u2019\u00e9nergie! Vous pouvez ajouter un point \u00e0 votre total dans la cat\u00e9gorie attaque et un point dans la cat\u00e9gorie&#8230;<\/p>\n","protected":false},"author":2,"featured_media":0,"parent":0,"menu_order":0,"comment_status":"closed","ping_status":"closed","template":"","meta":{"footnotes":""},"class_list":["post-1156","page","type-page","status-publish","hentry"],"yoast_head":"<!-- This site is optimized with the Yoast SEO plugin v26.0 - https:\/\/yoast.com\/wordpress\/plugins\/seo\/ -->\n<title>Aventure 93 | Katag<\/title>\n<meta name=\"robots\" content=\"index, follow, max-snippet:-1, max-image-preview:large, max-video-preview:-1\" \/>\n<link rel=\"canonical\" href=\"https:\/\/www.katag.ca\/aventure-93\/\" \/>\n<meta property=\"og:locale\" content=\"en_US\" \/>\n<meta property=\"og:type\" content=\"article\" \/>\n<meta property=\"og:title\" content=\"Aventure 93 | Katag\" \/>\n<meta property=\"og:description\" content=\"Alors que vous sortez du Temple des \u00c9l\u00e9ments, vous apercevez un petit sac au bas des escaliers. Vous regardez autour de vous, mais il n\u2019y a personne. Vous d\u00e9cidez donc de regarder son contenu. Vous y trouvez une miche de pain ainsi qu\u2019une bouteille contenant un liquide bleut\u00e9. Comme vous aviez justement une petite fringale, vous mangez le pain et buvez le liquide. Ce go\u00fbter vous donne un maximum d\u2019\u00e9nergie! Vous pouvez ajouter un point \u00e0 votre total dans la cat\u00e9gorie attaque et un point dans la cat\u00e9gorie...\" \/>\n<meta property=\"og:url\" content=\"https:\/\/www.katag.ca\/aventure-93\/\" \/>\n<meta property=\"og:site_name\" content=\"Katag\" \/>\n<meta property=\"article:publisher\" content=\"https:\/\/www.facebook.com\/Katag.ca\" \/>\n<meta property=\"article:modified_time\" content=\"2015-01-09T18:43:42+00:00\" \/>\n<meta name=\"twitter:card\" content=\"summary_large_image\" \/>\n<meta name=\"twitter:label1\" content=\"Est. reading time\" \/>\n\t<meta name=\"twitter:data1\" content=\"1 minute\" \/>\n<script type=\"application\/ld+json\" class=\"yoast-schema-graph\">{\"@context\":\"https:\/\/schema.org\",\"@graph\":[{\"@type\":\"WebPage\",\"@id\":\"https:\/\/www.katag.ca\/aventure-93\/\",\"url\":\"https:\/\/www.katag.ca\/aventure-93\/\",\"name\":\"Aventure 93 | Katag\",\"isPartOf\":{\"@id\":\"https:\/\/www.katag.ca\/#website\"},\"datePublished\":\"2015-01-06T16:55:34+00:00\",\"dateModified\":\"2015-01-09T18:43:42+00:00\",\"breadcrumb\":{\"@id\":\"https:\/\/www.katag.ca\/aventure-93\/#breadcrumb\"},\"inLanguage\":\"en-US\",\"potentialAction\":[{\"@type\":\"ReadAction\",\"target\":[\"https:\/\/www.katag.ca\/aventure-93\/\"]}]},{\"@type\":\"BreadcrumbList\",\"@id\":\"https:\/\/www.katag.ca\/aventure-93\/#breadcrumb\",\"itemListElement\":[{\"@type\":\"ListItem\",\"position\":1,\"name\":\"Accueil\",\"item\":\"https:\/\/www.katag.ca\/\"},{\"@type\":\"ListItem\",\"position\":2,\"name\":\"Aventure 93\"}]},{\"@type\":\"WebSite\",\"@id\":\"https:\/\/www.katag.ca\/#website\",\"url\":\"https:\/\/www.katag.ca\/\",\"name\":\"Katag\",\"description\":\"LE jeu d'&eacute;p&eacute;es-mousse\",\"publisher\":{\"@id\":\"https:\/\/www.katag.ca\/#organization\"},\"potentialAction\":[{\"@type\":\"SearchAction\",\"target\":{\"@type\":\"EntryPoint\",\"urlTemplate\":\"https:\/\/www.katag.ca\/?s={search_term_string}\"},\"query-input\":{\"@type\":\"PropertyValueSpecification\",\"valueRequired\":true,\"valueName\":\"search_term_string\"}}],\"inLanguage\":\"en-US\"},{\"@type\":\"Organization\",\"@id\":\"https:\/\/www.katag.ca\/#organization\",\"name\":\"Katag\",\"url\":\"https:\/\/www.katag.ca\/\",\"logo\":{\"@type\":\"ImageObject\",\"inLanguage\":\"en-US\",\"@id\":\"https:\/\/www.katag.ca\/#\/schema\/logo\/image\/\",\"url\":\"https:\/\/www.katag.ca\/wp-content\/uploads\/2021\/03\/logo-fr.png\",\"contentUrl\":\"https:\/\/www.katag.ca\/wp-content\/uploads\/2021\/03\/logo-fr.png\",\"width\":338,\"height\":173,\"caption\":\"Katag\"},\"image\":{\"@id\":\"https:\/\/www.katag.ca\/#\/schema\/logo\/image\/\"},\"sameAs\":[\"https:\/\/www.facebook.com\/Katag.ca\"]}]}<\/script>\n<!-- \/ Yoast SEO plugin. -->","yoast_head_json":{"title":"Aventure 93 | Katag","robots":{"index":"index","follow":"follow","max-snippet":"max-snippet:-1","max-image-preview":"max-image-preview:large","max-video-preview":"max-video-preview:-1"},"canonical":"https:\/\/www.katag.ca\/aventure-93\/","og_locale":"en_US","og_type":"article","og_title":"Aventure 93 | Katag","og_description":"Alors que vous sortez du Temple des \u00c9l\u00e9ments, vous apercevez un petit sac au bas des escaliers. Vous regardez autour de vous, mais il n\u2019y a personne. Vous d\u00e9cidez donc de regarder son contenu. Vous y trouvez une miche de pain ainsi qu\u2019une bouteille contenant un liquide bleut\u00e9. Comme vous aviez justement une petite fringale, vous mangez le pain et buvez le liquide. Ce go\u00fbter vous donne un maximum d\u2019\u00e9nergie! Vous pouvez ajouter un point \u00e0 votre total dans la cat\u00e9gorie attaque et un point dans la cat\u00e9gorie...","og_url":"https:\/\/www.katag.ca\/aventure-93\/","og_site_name":"Katag","article_publisher":"https:\/\/www.facebook.com\/Katag.ca","article_modified_time":"2015-01-09T18:43:42+00:00","twitter_card":"summary_large_image","twitter_misc":{"Est. reading time":"1 minute"},"schema":{"@context":"https:\/\/schema.org","@graph":[{"@type":"WebPage","@id":"https:\/\/www.katag.ca\/aventure-93\/","url":"https:\/\/www.katag.ca\/aventure-93\/","name":"Aventure 93 | Katag","isPartOf":{"@id":"https:\/\/www.katag.ca\/#website"},"datePublished":"2015-01-06T16:55:34+00:00","dateModified":"2015-01-09T18:43:42+00:00","breadcrumb":{"@id":"https:\/\/www.katag.ca\/aventure-93\/#breadcrumb"},"inLanguage":"en-US","potentialAction":[{"@type":"ReadAction","target":["https:\/\/www.katag.ca\/aventure-93\/"]}]},{"@type":"BreadcrumbList","@id":"https:\/\/www.katag.ca\/aventure-93\/#breadcrumb","itemListElement":[{"@type":"ListItem","position":1,"name":"Accueil","item":"https:\/\/www.katag.ca\/"},{"@type":"ListItem","position":2,"name":"Aventure 93"}]},{"@type":"WebSite","@id":"https:\/\/www.katag.ca\/#website","url":"https:\/\/www.katag.ca\/","name":"Katag","description":"LE jeu d'&eacute;p&eacute;es-mousse","publisher":{"@id":"https:\/\/www.katag.ca\/#organization"},"potentialAction":[{"@type":"SearchAction","target":{"@type":"EntryPoint","urlTemplate":"https:\/\/www.katag.ca\/?s={search_term_string}"},"query-input":{"@type":"PropertyValueSpecification","valueRequired":true,"valueName":"search_term_string"}}],"inLanguage":"en-US"},{"@type":"Organization","@id":"https:\/\/www.katag.ca\/#organization","name":"Katag","url":"https:\/\/www.katag.ca\/","logo":{"@type":"ImageObject","inLanguage":"en-US","@id":"https:\/\/www.katag.ca\/#\/schema\/logo\/image\/","url":"https:\/\/www.katag.ca\/wp-content\/uploads\/2021\/03\/logo-fr.png","contentUrl":"https:\/\/www.katag.ca\/wp-content\/uploads\/2021\/03\/logo-fr.png","width":338,"height":173,"caption":"Katag"},"image":{"@id":"https:\/\/www.katag.ca\/#\/schema\/logo\/image\/"},"sameAs":["https:\/\/www.facebook.com\/Katag.ca"]}]}},"_links":{"self":[{"href":"https:\/\/www.katag.ca\/en\/wp-json\/wp\/v2\/pages\/1156","targetHints":{"allow":["GET"]}}],"collection":[{"href":"https:\/\/www.katag.ca\/en\/wp-json\/wp\/v2\/pages"}],"about":[{"href":"https:\/\/www.katag.ca\/en\/wp-json\/wp\/v2\/types\/page"}],"author":[{"embeddable":true,"href":"https:\/\/www.katag.ca\/en\/wp-json\/wp\/v2\/users\/2"}],"replies":[{"embeddable":true,"href":"https:\/\/www.katag.ca\/en\/wp-json\/wp\/v2\/comments?post=1156"}],"version-history":[{"count":2,"href":"https:\/\/www.katag.ca\/en\/wp-json\/wp\/v2\/pages\/1156\/revisions"}],"predecessor-version":[{"id":2295,"href":"https:\/\/www.katag.ca\/en\/wp-json\/wp\/v2\/pages\/1156\/revisions\/2295"}],"wp:attachment":[{"href":"https:\/\/www.katag.ca\/en\/wp-json\/wp\/v2\/media?parent=1156"}],"curies":[{"name":"wp","href":"https:\/\/api.w.org\/{rel}","templated":true}]}}