{"id":1160,"date":"2015-01-06T16:56:28","date_gmt":"2015-01-06T16:56:28","guid":{"rendered":"http:\/\/www.boutiquekatag.com\/?page_id=1160"},"modified":"2015-01-09T18:44:41","modified_gmt":"2015-01-09T18:44:41","slug":"aventure-95","status":"publish","type":"page","link":"https:\/\/www.katag.ca\/en\/aventure-95\/","title":{"rendered":"Aventure 95"},"content":{"rendered":"<p>Vous restez bien assis et les wagons sph\u00e9riques reprennent leur chemin. Vous arrivez bient\u00f4t \u00e0 une autre station ou vous pouvez y lire Transkara 1 fin de la ligne. Vous remarquez en regardant aux alentours que vous \u00eates au centre-ville et vous pouvez voir tout pr\u00e8s un \u00e9norme chapiteau. Comme c\u2019est la fin de la ligne, vous n\u2019avez d\u2019autre choix que de sortir. Vous avancez rapidement en direction du chapiteau et vous y arrivez finalement, alors que la musique devient de plus en plus forte.<\/p>\n<div class=\"btn-container  align-center\"><a class=\"organic-btn  dark-blue-btn small-btn  align-center\" href=\"http:\/\/www.katag.ca\/aventure-123\/\"><span class=\"btn-holder\">Cliquez ici pour continuer<\/span><\/a><\/div>\n","protected":false},"excerpt":{"rendered":"<p>Vous restez bien assis et les wagons sph\u00e9riques reprennent leur chemin. Vous arrivez bient\u00f4t \u00e0 une autre station ou vous pouvez y lire Transkara 1 fin de la ligne. Vous remarquez en regardant aux alentours que vous \u00eates au centre-ville et vous pouvez voir tout pr\u00e8s un \u00e9norme chapiteau. Comme c\u2019est la fin de la ligne, vous n\u2019avez d\u2019autre choix que de sortir. Vous avancez rapidement en direction du chapiteau et vous y arrivez finalement, alors que la musique devient de plus en plus forte.<\/p>\n","protected":false},"author":2,"featured_media":0,"parent":0,"menu_order":0,"comment_status":"closed","ping_status":"closed","template":"","meta":{"footnotes":""},"class_list":["post-1160","page","type-page","status-publish","hentry"],"yoast_head":"<!-- This site is optimized with the Yoast SEO plugin v26.0 - https:\/\/yoast.com\/wordpress\/plugins\/seo\/ -->\n<title>Aventure 95 | Katag<\/title>\n<meta name=\"robots\" content=\"index, follow, max-snippet:-1, max-image-preview:large, max-video-preview:-1\" \/>\n<link rel=\"canonical\" href=\"https:\/\/www.katag.ca\/aventure-95\/\" \/>\n<meta property=\"og:locale\" content=\"en_US\" \/>\n<meta property=\"og:type\" content=\"article\" \/>\n<meta property=\"og:title\" content=\"Aventure 95 | Katag\" \/>\n<meta property=\"og:description\" content=\"Vous restez bien assis et les wagons sph\u00e9riques reprennent leur chemin. Vous arrivez bient\u00f4t \u00e0 une autre station ou vous pouvez y lire Transkara 1 fin de la ligne. Vous remarquez en regardant aux alentours que vous \u00eates au centre-ville et vous pouvez voir tout pr\u00e8s un \u00e9norme chapiteau. Comme c\u2019est la fin de la ligne, vous n\u2019avez d\u2019autre choix que de sortir. Vous avancez rapidement en direction du chapiteau et vous y arrivez finalement, alors que la musique devient de plus en plus forte.\" \/>\n<meta property=\"og:url\" content=\"https:\/\/www.katag.ca\/aventure-95\/\" \/>\n<meta property=\"og:site_name\" content=\"Katag\" \/>\n<meta property=\"article:publisher\" content=\"https:\/\/www.facebook.com\/Katag.ca\" \/>\n<meta property=\"article:modified_time\" content=\"2015-01-09T18:44:41+00:00\" \/>\n<meta name=\"twitter:card\" content=\"summary_large_image\" \/>\n<meta name=\"twitter:label1\" content=\"Est. reading time\" \/>\n\t<meta name=\"twitter:data1\" content=\"1 minute\" \/>\n<script type=\"application\/ld+json\" class=\"yoast-schema-graph\">{\"@context\":\"https:\/\/schema.org\",\"@graph\":[{\"@type\":\"WebPage\",\"@id\":\"https:\/\/www.katag.ca\/aventure-95\/\",\"url\":\"https:\/\/www.katag.ca\/aventure-95\/\",\"name\":\"Aventure 95 | Katag\",\"isPartOf\":{\"@id\":\"https:\/\/www.katag.ca\/#website\"},\"datePublished\":\"2015-01-06T16:56:28+00:00\",\"dateModified\":\"2015-01-09T18:44:41+00:00\",\"breadcrumb\":{\"@id\":\"https:\/\/www.katag.ca\/aventure-95\/#breadcrumb\"},\"inLanguage\":\"en-US\",\"potentialAction\":[{\"@type\":\"ReadAction\",\"target\":[\"https:\/\/www.katag.ca\/aventure-95\/\"]}]},{\"@type\":\"BreadcrumbList\",\"@id\":\"https:\/\/www.katag.ca\/aventure-95\/#breadcrumb\",\"itemListElement\":[{\"@type\":\"ListItem\",\"position\":1,\"name\":\"Accueil\",\"item\":\"https:\/\/www.katag.ca\/\"},{\"@type\":\"ListItem\",\"position\":2,\"name\":\"Aventure 95\"}]},{\"@type\":\"WebSite\",\"@id\":\"https:\/\/www.katag.ca\/#website\",\"url\":\"https:\/\/www.katag.ca\/\",\"name\":\"Katag\",\"description\":\"LE jeu d'&eacute;p&eacute;es-mousse\",\"publisher\":{\"@id\":\"https:\/\/www.katag.ca\/#organization\"},\"potentialAction\":[{\"@type\":\"SearchAction\",\"target\":{\"@type\":\"EntryPoint\",\"urlTemplate\":\"https:\/\/www.katag.ca\/?s={search_term_string}\"},\"query-input\":{\"@type\":\"PropertyValueSpecification\",\"valueRequired\":true,\"valueName\":\"search_term_string\"}}],\"inLanguage\":\"en-US\"},{\"@type\":\"Organization\",\"@id\":\"https:\/\/www.katag.ca\/#organization\",\"name\":\"Katag\",\"url\":\"https:\/\/www.katag.ca\/\",\"logo\":{\"@type\":\"ImageObject\",\"inLanguage\":\"en-US\",\"@id\":\"https:\/\/www.katag.ca\/#\/schema\/logo\/image\/\",\"url\":\"https:\/\/www.katag.ca\/wp-content\/uploads\/2021\/03\/logo-fr.png\",\"contentUrl\":\"https:\/\/www.katag.ca\/wp-content\/uploads\/2021\/03\/logo-fr.png\",\"width\":338,\"height\":173,\"caption\":\"Katag\"},\"image\":{\"@id\":\"https:\/\/www.katag.ca\/#\/schema\/logo\/image\/\"},\"sameAs\":[\"https:\/\/www.facebook.com\/Katag.ca\"]}]}<\/script>\n<!-- \/ Yoast SEO plugin. -->","yoast_head_json":{"title":"Aventure 95 | Katag","robots":{"index":"index","follow":"follow","max-snippet":"max-snippet:-1","max-image-preview":"max-image-preview:large","max-video-preview":"max-video-preview:-1"},"canonical":"https:\/\/www.katag.ca\/aventure-95\/","og_locale":"en_US","og_type":"article","og_title":"Aventure 95 | Katag","og_description":"Vous restez bien assis et les wagons sph\u00e9riques reprennent leur chemin. Vous arrivez bient\u00f4t \u00e0 une autre station ou vous pouvez y lire Transkara 1 fin de la ligne. Vous remarquez en regardant aux alentours que vous \u00eates au centre-ville et vous pouvez voir tout pr\u00e8s un \u00e9norme chapiteau. Comme c\u2019est la fin de la ligne, vous n\u2019avez d\u2019autre choix que de sortir. Vous avancez rapidement en direction du chapiteau et vous y arrivez finalement, alors que la musique devient de plus en plus forte.","og_url":"https:\/\/www.katag.ca\/aventure-95\/","og_site_name":"Katag","article_publisher":"https:\/\/www.facebook.com\/Katag.ca","article_modified_time":"2015-01-09T18:44:41+00:00","twitter_card":"summary_large_image","twitter_misc":{"Est. reading time":"1 minute"},"schema":{"@context":"https:\/\/schema.org","@graph":[{"@type":"WebPage","@id":"https:\/\/www.katag.ca\/aventure-95\/","url":"https:\/\/www.katag.ca\/aventure-95\/","name":"Aventure 95 | Katag","isPartOf":{"@id":"https:\/\/www.katag.ca\/#website"},"datePublished":"2015-01-06T16:56:28+00:00","dateModified":"2015-01-09T18:44:41+00:00","breadcrumb":{"@id":"https:\/\/www.katag.ca\/aventure-95\/#breadcrumb"},"inLanguage":"en-US","potentialAction":[{"@type":"ReadAction","target":["https:\/\/www.katag.ca\/aventure-95\/"]}]},{"@type":"BreadcrumbList","@id":"https:\/\/www.katag.ca\/aventure-95\/#breadcrumb","itemListElement":[{"@type":"ListItem","position":1,"name":"Accueil","item":"https:\/\/www.katag.ca\/"},{"@type":"ListItem","position":2,"name":"Aventure 95"}]},{"@type":"WebSite","@id":"https:\/\/www.katag.ca\/#website","url":"https:\/\/www.katag.ca\/","name":"Katag","description":"LE jeu d'&eacute;p&eacute;es-mousse","publisher":{"@id":"https:\/\/www.katag.ca\/#organization"},"potentialAction":[{"@type":"SearchAction","target":{"@type":"EntryPoint","urlTemplate":"https:\/\/www.katag.ca\/?s={search_term_string}"},"query-input":{"@type":"PropertyValueSpecification","valueRequired":true,"valueName":"search_term_string"}}],"inLanguage":"en-US"},{"@type":"Organization","@id":"https:\/\/www.katag.ca\/#organization","name":"Katag","url":"https:\/\/www.katag.ca\/","logo":{"@type":"ImageObject","inLanguage":"en-US","@id":"https:\/\/www.katag.ca\/#\/schema\/logo\/image\/","url":"https:\/\/www.katag.ca\/wp-content\/uploads\/2021\/03\/logo-fr.png","contentUrl":"https:\/\/www.katag.ca\/wp-content\/uploads\/2021\/03\/logo-fr.png","width":338,"height":173,"caption":"Katag"},"image":{"@id":"https:\/\/www.katag.ca\/#\/schema\/logo\/image\/"},"sameAs":["https:\/\/www.facebook.com\/Katag.ca"]}]}},"_links":{"self":[{"href":"https:\/\/www.katag.ca\/en\/wp-json\/wp\/v2\/pages\/1160","targetHints":{"allow":["GET"]}}],"collection":[{"href":"https:\/\/www.katag.ca\/en\/wp-json\/wp\/v2\/pages"}],"about":[{"href":"https:\/\/www.katag.ca\/en\/wp-json\/wp\/v2\/types\/page"}],"author":[{"embeddable":true,"href":"https:\/\/www.katag.ca\/en\/wp-json\/wp\/v2\/users\/2"}],"replies":[{"embeddable":true,"href":"https:\/\/www.katag.ca\/en\/wp-json\/wp\/v2\/comments?post=1160"}],"version-history":[{"count":2,"href":"https:\/\/www.katag.ca\/en\/wp-json\/wp\/v2\/pages\/1160\/revisions"}],"predecessor-version":[{"id":2297,"href":"https:\/\/www.katag.ca\/en\/wp-json\/wp\/v2\/pages\/1160\/revisions\/2297"}],"wp:attachment":[{"href":"https:\/\/www.katag.ca\/en\/wp-json\/wp\/v2\/media?parent=1160"}],"curies":[{"name":"wp","href":"https:\/\/api.w.org\/{rel}","templated":true}]}}