{"id":1162,"date":"2015-01-06T16:56:55","date_gmt":"2015-01-06T16:56:55","guid":{"rendered":"http:\/\/www.boutiquekatag.com\/?page_id=1162"},"modified":"2015-01-09T18:45:10","modified_gmt":"2015-01-09T18:45:10","slug":"aventure-96","status":"publish","type":"page","link":"https:\/\/www.katag.ca\/en\/aventure-96\/","title":{"rendered":"Aventure 96"},"content":{"rendered":"<p>Vous avez beau tenter de vous rappeler ce que vous cherchiez, vous n\u2019y arrivez plus tant vous \u00eates passionn\u00e9 par le spectacle auquel vous assistez. Vous passez de longues heures sur votre si\u00e8ge et c\u2019est le bonheur parfait. Un des clowns vient m\u00eame vous chercher et vous fait participer au spectacle! Vous vous ex\u00e9cutez et faites toutes sortes de culbutes et sauts p\u00e9rilleux. Vous commencez toutefois \u00e0 vous sentir tr\u00e8s agit\u00e9.<\/p>\n<div class=\"btn-container  align-center\"><a class=\"organic-btn  dark-blue-btn small-btn  align-center\" href=\"http:\/\/www.katag.ca\/aventure-11\/\"><span class=\"btn-holder\">Cliquez ici pour continuer<\/span><\/a><\/div>\n","protected":false},"excerpt":{"rendered":"<p>Vous avez beau tenter de vous rappeler ce que vous cherchiez, vous n\u2019y arrivez plus tant vous \u00eates passionn\u00e9 par le spectacle auquel vous assistez. Vous passez de longues heures sur votre si\u00e8ge et c\u2019est le bonheur parfait. Un des clowns vient m\u00eame vous chercher et vous fait participer au spectacle! Vous vous ex\u00e9cutez et faites toutes sortes de culbutes et sauts p\u00e9rilleux. Vous commencez toutefois \u00e0 vous sentir tr\u00e8s agit\u00e9.<\/p>\n","protected":false},"author":2,"featured_media":0,"parent":0,"menu_order":0,"comment_status":"closed","ping_status":"closed","template":"","meta":{"footnotes":""},"class_list":["post-1162","page","type-page","status-publish","hentry"],"yoast_head":"<!-- This site is optimized with the Yoast SEO plugin v26.0 - https:\/\/yoast.com\/wordpress\/plugins\/seo\/ -->\n<title>Aventure 96 | Katag<\/title>\n<meta name=\"robots\" content=\"index, follow, max-snippet:-1, max-image-preview:large, max-video-preview:-1\" \/>\n<link rel=\"canonical\" href=\"https:\/\/www.katag.ca\/aventure-96\/\" \/>\n<meta property=\"og:locale\" content=\"en_US\" \/>\n<meta property=\"og:type\" content=\"article\" \/>\n<meta property=\"og:title\" content=\"Aventure 96 | Katag\" \/>\n<meta property=\"og:description\" content=\"Vous avez beau tenter de vous rappeler ce que vous cherchiez, vous n\u2019y arrivez plus tant vous \u00eates passionn\u00e9 par le spectacle auquel vous assistez. Vous passez de longues heures sur votre si\u00e8ge et c\u2019est le bonheur parfait. Un des clowns vient m\u00eame vous chercher et vous fait participer au spectacle! Vous vous ex\u00e9cutez et faites toutes sortes de culbutes et sauts p\u00e9rilleux. Vous commencez toutefois \u00e0 vous sentir tr\u00e8s agit\u00e9.\" \/>\n<meta property=\"og:url\" content=\"https:\/\/www.katag.ca\/aventure-96\/\" \/>\n<meta property=\"og:site_name\" content=\"Katag\" \/>\n<meta property=\"article:publisher\" content=\"https:\/\/www.facebook.com\/Katag.ca\" \/>\n<meta property=\"article:modified_time\" content=\"2015-01-09T18:45:10+00:00\" \/>\n<meta name=\"twitter:card\" content=\"summary_large_image\" \/>\n<script type=\"application\/ld+json\" class=\"yoast-schema-graph\">{\"@context\":\"https:\/\/schema.org\",\"@graph\":[{\"@type\":\"WebPage\",\"@id\":\"https:\/\/www.katag.ca\/aventure-96\/\",\"url\":\"https:\/\/www.katag.ca\/aventure-96\/\",\"name\":\"Aventure 96 | Katag\",\"isPartOf\":{\"@id\":\"https:\/\/www.katag.ca\/#website\"},\"datePublished\":\"2015-01-06T16:56:55+00:00\",\"dateModified\":\"2015-01-09T18:45:10+00:00\",\"breadcrumb\":{\"@id\":\"https:\/\/www.katag.ca\/aventure-96\/#breadcrumb\"},\"inLanguage\":\"en-US\",\"potentialAction\":[{\"@type\":\"ReadAction\",\"target\":[\"https:\/\/www.katag.ca\/aventure-96\/\"]}]},{\"@type\":\"BreadcrumbList\",\"@id\":\"https:\/\/www.katag.ca\/aventure-96\/#breadcrumb\",\"itemListElement\":[{\"@type\":\"ListItem\",\"position\":1,\"name\":\"Accueil\",\"item\":\"https:\/\/www.katag.ca\/\"},{\"@type\":\"ListItem\",\"position\":2,\"name\":\"Aventure 96\"}]},{\"@type\":\"WebSite\",\"@id\":\"https:\/\/www.katag.ca\/#website\",\"url\":\"https:\/\/www.katag.ca\/\",\"name\":\"Katag\",\"description\":\"LE jeu d'&eacute;p&eacute;es-mousse\",\"publisher\":{\"@id\":\"https:\/\/www.katag.ca\/#organization\"},\"potentialAction\":[{\"@type\":\"SearchAction\",\"target\":{\"@type\":\"EntryPoint\",\"urlTemplate\":\"https:\/\/www.katag.ca\/?s={search_term_string}\"},\"query-input\":{\"@type\":\"PropertyValueSpecification\",\"valueRequired\":true,\"valueName\":\"search_term_string\"}}],\"inLanguage\":\"en-US\"},{\"@type\":\"Organization\",\"@id\":\"https:\/\/www.katag.ca\/#organization\",\"name\":\"Katag\",\"url\":\"https:\/\/www.katag.ca\/\",\"logo\":{\"@type\":\"ImageObject\",\"inLanguage\":\"en-US\",\"@id\":\"https:\/\/www.katag.ca\/#\/schema\/logo\/image\/\",\"url\":\"https:\/\/www.katag.ca\/wp-content\/uploads\/2021\/03\/logo-fr.png\",\"contentUrl\":\"https:\/\/www.katag.ca\/wp-content\/uploads\/2021\/03\/logo-fr.png\",\"width\":338,\"height\":173,\"caption\":\"Katag\"},\"image\":{\"@id\":\"https:\/\/www.katag.ca\/#\/schema\/logo\/image\/\"},\"sameAs\":[\"https:\/\/www.facebook.com\/Katag.ca\"]}]}<\/script>\n<!-- \/ Yoast SEO plugin. -->","yoast_head_json":{"title":"Aventure 96 | Katag","robots":{"index":"index","follow":"follow","max-snippet":"max-snippet:-1","max-image-preview":"max-image-preview:large","max-video-preview":"max-video-preview:-1"},"canonical":"https:\/\/www.katag.ca\/aventure-96\/","og_locale":"en_US","og_type":"article","og_title":"Aventure 96 | Katag","og_description":"Vous avez beau tenter de vous rappeler ce que vous cherchiez, vous n\u2019y arrivez plus tant vous \u00eates passionn\u00e9 par le spectacle auquel vous assistez. Vous passez de longues heures sur votre si\u00e8ge et c\u2019est le bonheur parfait. Un des clowns vient m\u00eame vous chercher et vous fait participer au spectacle! Vous vous ex\u00e9cutez et faites toutes sortes de culbutes et sauts p\u00e9rilleux. Vous commencez toutefois \u00e0 vous sentir tr\u00e8s agit\u00e9.","og_url":"https:\/\/www.katag.ca\/aventure-96\/","og_site_name":"Katag","article_publisher":"https:\/\/www.facebook.com\/Katag.ca","article_modified_time":"2015-01-09T18:45:10+00:00","twitter_card":"summary_large_image","schema":{"@context":"https:\/\/schema.org","@graph":[{"@type":"WebPage","@id":"https:\/\/www.katag.ca\/aventure-96\/","url":"https:\/\/www.katag.ca\/aventure-96\/","name":"Aventure 96 | Katag","isPartOf":{"@id":"https:\/\/www.katag.ca\/#website"},"datePublished":"2015-01-06T16:56:55+00:00","dateModified":"2015-01-09T18:45:10+00:00","breadcrumb":{"@id":"https:\/\/www.katag.ca\/aventure-96\/#breadcrumb"},"inLanguage":"en-US","potentialAction":[{"@type":"ReadAction","target":["https:\/\/www.katag.ca\/aventure-96\/"]}]},{"@type":"BreadcrumbList","@id":"https:\/\/www.katag.ca\/aventure-96\/#breadcrumb","itemListElement":[{"@type":"ListItem","position":1,"name":"Accueil","item":"https:\/\/www.katag.ca\/"},{"@type":"ListItem","position":2,"name":"Aventure 96"}]},{"@type":"WebSite","@id":"https:\/\/www.katag.ca\/#website","url":"https:\/\/www.katag.ca\/","name":"Katag","description":"LE jeu d'&eacute;p&eacute;es-mousse","publisher":{"@id":"https:\/\/www.katag.ca\/#organization"},"potentialAction":[{"@type":"SearchAction","target":{"@type":"EntryPoint","urlTemplate":"https:\/\/www.katag.ca\/?s={search_term_string}"},"query-input":{"@type":"PropertyValueSpecification","valueRequired":true,"valueName":"search_term_string"}}],"inLanguage":"en-US"},{"@type":"Organization","@id":"https:\/\/www.katag.ca\/#organization","name":"Katag","url":"https:\/\/www.katag.ca\/","logo":{"@type":"ImageObject","inLanguage":"en-US","@id":"https:\/\/www.katag.ca\/#\/schema\/logo\/image\/","url":"https:\/\/www.katag.ca\/wp-content\/uploads\/2021\/03\/logo-fr.png","contentUrl":"https:\/\/www.katag.ca\/wp-content\/uploads\/2021\/03\/logo-fr.png","width":338,"height":173,"caption":"Katag"},"image":{"@id":"https:\/\/www.katag.ca\/#\/schema\/logo\/image\/"},"sameAs":["https:\/\/www.facebook.com\/Katag.ca"]}]}},"_links":{"self":[{"href":"https:\/\/www.katag.ca\/en\/wp-json\/wp\/v2\/pages\/1162","targetHints":{"allow":["GET"]}}],"collection":[{"href":"https:\/\/www.katag.ca\/en\/wp-json\/wp\/v2\/pages"}],"about":[{"href":"https:\/\/www.katag.ca\/en\/wp-json\/wp\/v2\/types\/page"}],"author":[{"embeddable":true,"href":"https:\/\/www.katag.ca\/en\/wp-json\/wp\/v2\/users\/2"}],"replies":[{"embeddable":true,"href":"https:\/\/www.katag.ca\/en\/wp-json\/wp\/v2\/comments?post=1162"}],"version-history":[{"count":2,"href":"https:\/\/www.katag.ca\/en\/wp-json\/wp\/v2\/pages\/1162\/revisions"}],"predecessor-version":[{"id":2298,"href":"https:\/\/www.katag.ca\/en\/wp-json\/wp\/v2\/pages\/1162\/revisions\/2298"}],"wp:attachment":[{"href":"https:\/\/www.katag.ca\/en\/wp-json\/wp\/v2\/media?parent=1162"}],"curies":[{"name":"wp","href":"https:\/\/api.w.org\/{rel}","templated":true}]}}