{"id":1164,"date":"2015-01-06T16:58:54","date_gmt":"2015-01-06T16:58:54","guid":{"rendered":"http:\/\/www.boutiquekatag.com\/?page_id=1164"},"modified":"2015-01-09T18:46:12","modified_gmt":"2015-01-09T18:46:12","slug":"aventure-97","status":"publish","type":"page","link":"https:\/\/www.katag.ca\/en\/aventure-97\/","title":{"rendered":"Aventure 97"},"content":{"rendered":"<p>Vous r\u00e9fl\u00e9chissez un moment et puis soudain \u00e7a vous revient! Vous cherchiez le sage du Dojo du Feu parce qu\u2019il avait une mission \u00e0 vous confier! Vous n\u2019avez plus de temps \u00e0 perdre! Vous sortez donc du chapiteau et vous vous mettez \u00e0 sa recherche, ce qui n\u2019est pas t\u00e2che facile avec tous ces R\u00eaveurs qui font des cabrioles! Vous regardez partout et, soudain, assis sur un banc \u00e0 quelques m\u00e8tres de vous, vous l\u2019apercevez et vous vous dirigez vers lui. Il vous regarde arriver en souriant : \u00ab Je vous attendais et commen\u00e7ais \u00e0 me demander si j\u2019avais fait un bon choix en pla\u00e7ant ma confiance en vous! F\u00e9licitations! Vous avez r\u00e9ussi \u00e0 revenir en tant que R\u00eaveur conscient. Vous venez juste de faire un petit pas dans un grand univers! Nous n\u2019avons plus de temps \u00e0 perdre, nous devons nous diriger vers le Temple des \u00c9l\u00e9ments o\u00f9 votre mission vous sera expliqu\u00e9e \u00bb. Vous le suivez et arrivez bient\u00f4t \u00e0 ce qui semble \u00eatre un stationnement o\u00f9 deux serviteurs vous attendent. On vous pr\u00eate un casque et on vous demande de vous installer sur le si\u00e8ge arri\u00e8re d\u2019une moto volante, alors que le sage fait de m\u00eame. \u00ab Si vous \u00e9tiez arriv\u00e9 plus t\u00f4t, nous aurions pris le Transkara, mais maintenant nous n\u2019avons plus le temps. Tenez-vous bien, car ces bolides se d\u00e9placent \u00e0 une vitesse folle! \u00bb<\/p>\n<p>Vous vous installez et tenez bien le conducteur afin de ne pas tomber. Le sage avait raison, ces bolides sont vraiment rapides! Vous survolez la ville et vous vous dirigez en direction du stade. Les motos descendent et atterrissent dans le stationnement situ\u00e9 entre le stade et le temple. Vous d\u00e9barquez et suivez le sage dans le temple. Vous vous retrouvez dans une large pi\u00e8ce et devant vous se trouve une \u00e9norme statue d\u2019un homme. Il porte une barbe et se tient avec un genou par terre et une \u00e9p\u00e9e appuy\u00e9e dessus. Plus pr\u00e8s de vous se trouvent les restes d\u2019une autre statue dont on ne peut distinguer que les pieds. Deux entr\u00e9es se trouvent \u00e0 chaque extr\u00e9mit\u00e9 de la pi\u00e8ce. Vous suivez le sage dans l\u2019entr\u00e9e situ\u00e9e \u00e0 votre droite et vous vous retrouvez rapidement devant une porte portant l\u2019inscription Justice. Un garde ouvre la porte et vous entrez \u00e0 l\u2019int\u00e9rieur.<\/p>\n<p>Vous vous retrouvez dans une grande pi\u00e8ce circulaire et cinq hommes assez \u00e2g\u00e9s sont assis sur des si\u00e8ges dispos\u00e9s autour de la pi\u00e8ce. L\u2019un des hommes adresse la parole au sage qui vous accompagne :<\/p>\n<p>&#8211; Finalement! Un peu plus et j\u2019allais m\u2019endormir sur place! C\u2019est donc lui. Il n\u2019a pas l\u2019air tr\u00e8s robuste! Vous croyez vraiment qu\u2019il peut faire l\u2019affaire? <\/p>\n<p>&#8211; Je le cautionne pleinement et je suis certain qu\u2019il pourra accomplir cette mission, affirme sans h\u00e9siter le sage.<\/p>\n<p>On vous demande de vous placer au centre de la pi\u00e8ce et vous avez l\u2019impression qu\u2019on vous observe sous toutes vos coutures, ce qui vous rend un peu mal \u00e0 l\u2019aise. Le sage du Dojo du Feu prend la parole :<\/p>\n<p>&#8211; J\u2019observe cet enfant depuis un bon bout de temps d\u00e9j\u00e0 et, comme je vous l\u2019ai mentionn\u00e9, il est tr\u00e8s dou\u00e9.<\/p>\n<p>&#8211; Il est peut \u00eatre dou\u00e9 en tant que R\u00eaveur inconscient, mais en tant que R\u00eaveur conscient, vous croyez vraiment qu\u2019il le sera autant? Je propose qu\u2019on le teste avant de lui donner cette importante mission, lui r\u00e9pond un des hommes.<\/p>\n<p>Vous observez la sc\u00e8ne nerveusement. De quel genre de test parle-t-on au juste? Le sage du Dojo du Feu vient rapidement \u00e0 votre d\u00e9fense \u00ab Il n\u2019est pas question de perdre notre temps \u00e0 faire des tests inutiles. Est-ce que vous remettez mon jugement en question Ma\u00eetre Arinamon, sage du Dojo de l\u2019Air? \u00bb Le sage du Dojo de l\u2019Air pr\u00e9f\u00e8re toutefois se taire plut\u00f4t que de confronter Ma\u00eetre Fiarrot, sage du Dojo du Feu. \u00ab Parfait! C\u2019est donc r\u00e9gl\u00e9! Nous pouvons maintenant lui confier sa mission \u00bb, termine-t-il.<\/p>\n<p>On vous explique que vous \u00eates ici en pr\u00e9sence des Sages des quatre Dojos et des deux Clans qui r\u00e9gissent Manifeste. Il y a, bien s\u00fbr, Ma\u00eetre Fiarrot, sage du Dojo du Feu, Ma\u00eetre Arinamon, sage du Dojo de l\u2019Air, Ma\u00eetre Saraminorr, sage du Dojo de la Terre, Ma\u00eetre Aquaginam, sage du Dojo de l\u2019Eau, ainsi que Ma\u00eetre Th\u00e9osphore, sage du Clan de la Nature et Constellar, sage du Clan des \u00c9toiles.<\/p>\n<p>Ma\u00eetre Fiarrot prend la parole : \u00ab Voil\u00e0, je vous explique la mission que nous avons \u00e0 vous confier. Vous voyez, les cauchemars des R\u00eaveurs terriens arrivent \u00e0 Manifeste un peu de la m\u00eame mani\u00e8re que les R\u00eaveurs. Toutefois, ils sont g\u00e9n\u00e9ralement attir\u00e9s vers l\u2019une des zones, \u00e0 l\u2019ext\u00e9rieur de la ville, que l\u2019on appelle l\u2019Antre de la Folie. Ils sont alors chass\u00e9s comme des proies par les Capteurs de R\u00eaves, membres du Clan de la Nature. Parfois, certains de ces cauchemars sont plut\u00f4t f\u00e9roces et osent s\u2019aventurer dans la ville pour terroriser les Natifs. Lorsqu\u2019ils sont captur\u00e9s et cristallis\u00e9s, ils sont introduits et rel\u00e2ch\u00e9s dans le Labyrinthe d\u2019Ulkima, qui est en soi une sorte de prison vivante. Aucun Natif saint d\u2019esprit n\u2019oserait s\u2019aventurer dans l\u2019Antre de la Folie, de peur d\u2019en devenir fou! Mais vous, je vous observe depuis un certain temps et j\u2019ai pu constater avec quel courage vous affrontez vos propres cauchemars. R\u00e9cemment, un tas de cauchemars particuli\u00e8rement malins sont arriv\u00e9s \u00e0 Manifeste et l\u2019un d\u2019eux ose se promener au c\u0153ur de la ville, avant de repartir se r\u00e9fugier dans l\u2019Antre de la Folie. Nous sommes pr\u00e9sentement \u00e0 court de ressources, les Capteurs de R\u00eaves \u00e9tant surcharg\u00e9s de travail et \u00e9tant pr\u00e9sentement loin dans les terres de l\u2019Antre de la Folie, nous avons donc besoin d\u2019aide. Il est trop long de former un nouveau Capteur de R\u00eaves et nous devons r\u00e9agir rapidement. Il serait \u00e9galement imprudent de notre part en tant que Natifs d\u2019envoyer un Karatsa\u00ef, car il pourrait perdre la vie au combat, alors que vous, m\u00eame si le cauchemar arrivait \u00e0 vous battre, dans le pire des cas, vous en garderiez un terrible souvenir et vous r\u00e9veilleriez dans votre lit en sueur\u2026 C\u2019est pourquoi nous avons d\u00e9cid\u00e9 de faire appel \u00e0 votre aide. Vous croyez-vous assez courageux et fort pour cette mission? \u00bb<\/p>\n<div class=\"btn-container  align-center\"><a class=\"organic-btn  dark-blue-btn small-btn  align-center\" href=\"http:\/\/www.katag.ca\/aventure-125\/\"><span class=\"btn-holder\">Vous d\u00e9cidez d\u2019accepter la mission<\/span><\/a><\/div>\n<div class=\"btn-container  align-center\"><a class=\"organic-btn  dark-blue-btn small-btn  align-center\" href=\"http:\/\/www.katag.ca\/aventure-11\/\"><span class=\"btn-holder\">Vous consid\u00e9rez la mission trop dangereuse<\/span><\/a><\/div>\n","protected":false},"excerpt":{"rendered":"<p>Vous r\u00e9fl\u00e9chissez un moment et puis soudain \u00e7a vous revient! Vous cherchiez le sage du Dojo du Feu parce qu\u2019il avait une mission \u00e0 vous confier! Vous n\u2019avez plus de temps \u00e0 perdre! Vous sortez donc du chapiteau et vous vous mettez \u00e0 sa recherche, ce qui n\u2019est pas t\u00e2che facile avec tous ces R\u00eaveurs qui font des cabrioles! Vous regardez partout et, soudain, assis sur un banc \u00e0 quelques m\u00e8tres de vous, vous l\u2019apercevez et vous vous dirigez vers lui. Il vous regarde arriver en souriant :&#8230;<\/p>\n","protected":false},"author":2,"featured_media":0,"parent":0,"menu_order":0,"comment_status":"closed","ping_status":"closed","template":"","meta":{"footnotes":""},"class_list":["post-1164","page","type-page","status-publish","hentry"],"yoast_head":"<!-- This site is optimized with the Yoast SEO plugin v26.0 - https:\/\/yoast.com\/wordpress\/plugins\/seo\/ -->\n<title>Aventure 97 | Katag<\/title>\n<meta name=\"robots\" content=\"index, follow, max-snippet:-1, max-image-preview:large, max-video-preview:-1\" \/>\n<link rel=\"canonical\" href=\"https:\/\/www.katag.ca\/en\/aventure-97\/\" \/>\n<meta property=\"og:locale\" content=\"en_US\" \/>\n<meta property=\"og:type\" content=\"article\" \/>\n<meta property=\"og:title\" content=\"Aventure 97 | Katag\" \/>\n<meta property=\"og:description\" content=\"Vous r\u00e9fl\u00e9chissez un moment et puis soudain \u00e7a vous revient! Vous cherchiez le sage du Dojo du Feu parce qu\u2019il avait une mission \u00e0 vous confier! Vous n\u2019avez plus de temps \u00e0 perdre! Vous sortez donc du chapiteau et vous vous mettez \u00e0 sa recherche, ce qui n\u2019est pas t\u00e2che facile avec tous ces R\u00eaveurs qui font des cabrioles! Vous regardez partout et, soudain, assis sur un banc \u00e0 quelques m\u00e8tres de vous, vous l\u2019apercevez et vous vous dirigez vers lui. Il vous regarde arriver en souriant :...\" \/>\n<meta property=\"og:url\" content=\"https:\/\/www.katag.ca\/en\/aventure-97\/\" \/>\n<meta property=\"og:site_name\" content=\"Katag\" \/>\n<meta property=\"article:publisher\" content=\"https:\/\/www.facebook.com\/Katag.ca\" \/>\n<meta property=\"article:modified_time\" content=\"2015-01-09T18:46:12+00:00\" \/>\n<meta name=\"twitter:card\" content=\"summary_large_image\" \/>\n<meta name=\"twitter:label1\" content=\"Est. reading time\" \/>\n\t<meta name=\"twitter:data1\" content=\"6 minutes\" \/>\n<script type=\"application\/ld+json\" class=\"yoast-schema-graph\">{\"@context\":\"https:\/\/schema.org\",\"@graph\":[{\"@type\":\"WebPage\",\"@id\":\"https:\/\/www.katag.ca\/en\/aventure-97\/\",\"url\":\"https:\/\/www.katag.ca\/en\/aventure-97\/\",\"name\":\"Aventure 97 | Katag\",\"isPartOf\":{\"@id\":\"https:\/\/www.katag.ca\/#website\"},\"datePublished\":\"2015-01-06T16:58:54+00:00\",\"dateModified\":\"2015-01-09T18:46:12+00:00\",\"breadcrumb\":{\"@id\":\"https:\/\/www.katag.ca\/en\/aventure-97\/#breadcrumb\"},\"inLanguage\":\"en-US\",\"potentialAction\":[{\"@type\":\"ReadAction\",\"target\":[\"https:\/\/www.katag.ca\/en\/aventure-97\/\"]}]},{\"@type\":\"BreadcrumbList\",\"@id\":\"https:\/\/www.katag.ca\/en\/aventure-97\/#breadcrumb\",\"itemListElement\":[{\"@type\":\"ListItem\",\"position\":1,\"name\":\"Accueil\",\"item\":\"https:\/\/www.katag.ca\/\"},{\"@type\":\"ListItem\",\"position\":2,\"name\":\"Aventure 97\"}]},{\"@type\":\"WebSite\",\"@id\":\"https:\/\/www.katag.ca\/#website\",\"url\":\"https:\/\/www.katag.ca\/\",\"name\":\"Katag\",\"description\":\"LE jeu d'&eacute;p&eacute;es-mousse\",\"publisher\":{\"@id\":\"https:\/\/www.katag.ca\/#organization\"},\"potentialAction\":[{\"@type\":\"SearchAction\",\"target\":{\"@type\":\"EntryPoint\",\"urlTemplate\":\"https:\/\/www.katag.ca\/?s={search_term_string}\"},\"query-input\":{\"@type\":\"PropertyValueSpecification\",\"valueRequired\":true,\"valueName\":\"search_term_string\"}}],\"inLanguage\":\"en-US\"},{\"@type\":\"Organization\",\"@id\":\"https:\/\/www.katag.ca\/#organization\",\"name\":\"Katag\",\"url\":\"https:\/\/www.katag.ca\/\",\"logo\":{\"@type\":\"ImageObject\",\"inLanguage\":\"en-US\",\"@id\":\"https:\/\/www.katag.ca\/#\/schema\/logo\/image\/\",\"url\":\"https:\/\/www.katag.ca\/wp-content\/uploads\/2021\/03\/logo-fr.png\",\"contentUrl\":\"https:\/\/www.katag.ca\/wp-content\/uploads\/2021\/03\/logo-fr.png\",\"width\":338,\"height\":173,\"caption\":\"Katag\"},\"image\":{\"@id\":\"https:\/\/www.katag.ca\/#\/schema\/logo\/image\/\"},\"sameAs\":[\"https:\/\/www.facebook.com\/Katag.ca\"]}]}<\/script>\n<!-- \/ Yoast SEO plugin. -->","yoast_head_json":{"title":"Aventure 97 | Katag","robots":{"index":"index","follow":"follow","max-snippet":"max-snippet:-1","max-image-preview":"max-image-preview:large","max-video-preview":"max-video-preview:-1"},"canonical":"https:\/\/www.katag.ca\/en\/aventure-97\/","og_locale":"en_US","og_type":"article","og_title":"Aventure 97 | Katag","og_description":"Vous r\u00e9fl\u00e9chissez un moment et puis soudain \u00e7a vous revient! Vous cherchiez le sage du Dojo du Feu parce qu\u2019il avait une mission \u00e0 vous confier! Vous n\u2019avez plus de temps \u00e0 perdre! Vous sortez donc du chapiteau et vous vous mettez \u00e0 sa recherche, ce qui n\u2019est pas t\u00e2che facile avec tous ces R\u00eaveurs qui font des cabrioles! Vous regardez partout et, soudain, assis sur un banc \u00e0 quelques m\u00e8tres de vous, vous l\u2019apercevez et vous vous dirigez vers lui. Il vous regarde arriver en souriant :...","og_url":"https:\/\/www.katag.ca\/en\/aventure-97\/","og_site_name":"Katag","article_publisher":"https:\/\/www.facebook.com\/Katag.ca","article_modified_time":"2015-01-09T18:46:12+00:00","twitter_card":"summary_large_image","twitter_misc":{"Est. reading time":"6 minutes"},"schema":{"@context":"https:\/\/schema.org","@graph":[{"@type":"WebPage","@id":"https:\/\/www.katag.ca\/en\/aventure-97\/","url":"https:\/\/www.katag.ca\/en\/aventure-97\/","name":"Aventure 97 | Katag","isPartOf":{"@id":"https:\/\/www.katag.ca\/#website"},"datePublished":"2015-01-06T16:58:54+00:00","dateModified":"2015-01-09T18:46:12+00:00","breadcrumb":{"@id":"https:\/\/www.katag.ca\/en\/aventure-97\/#breadcrumb"},"inLanguage":"en-US","potentialAction":[{"@type":"ReadAction","target":["https:\/\/www.katag.ca\/en\/aventure-97\/"]}]},{"@type":"BreadcrumbList","@id":"https:\/\/www.katag.ca\/en\/aventure-97\/#breadcrumb","itemListElement":[{"@type":"ListItem","position":1,"name":"Accueil","item":"https:\/\/www.katag.ca\/"},{"@type":"ListItem","position":2,"name":"Aventure 97"}]},{"@type":"WebSite","@id":"https:\/\/www.katag.ca\/#website","url":"https:\/\/www.katag.ca\/","name":"Katag","description":"LE jeu d'&eacute;p&eacute;es-mousse","publisher":{"@id":"https:\/\/www.katag.ca\/#organization"},"potentialAction":[{"@type":"SearchAction","target":{"@type":"EntryPoint","urlTemplate":"https:\/\/www.katag.ca\/?s={search_term_string}"},"query-input":{"@type":"PropertyValueSpecification","valueRequired":true,"valueName":"search_term_string"}}],"inLanguage":"en-US"},{"@type":"Organization","@id":"https:\/\/www.katag.ca\/#organization","name":"Katag","url":"https:\/\/www.katag.ca\/","logo":{"@type":"ImageObject","inLanguage":"en-US","@id":"https:\/\/www.katag.ca\/#\/schema\/logo\/image\/","url":"https:\/\/www.katag.ca\/wp-content\/uploads\/2021\/03\/logo-fr.png","contentUrl":"https:\/\/www.katag.ca\/wp-content\/uploads\/2021\/03\/logo-fr.png","width":338,"height":173,"caption":"Katag"},"image":{"@id":"https:\/\/www.katag.ca\/#\/schema\/logo\/image\/"},"sameAs":["https:\/\/www.facebook.com\/Katag.ca"]}]}},"_links":{"self":[{"href":"https:\/\/www.katag.ca\/en\/wp-json\/wp\/v2\/pages\/1164","targetHints":{"allow":["GET"]}}],"collection":[{"href":"https:\/\/www.katag.ca\/en\/wp-json\/wp\/v2\/pages"}],"about":[{"href":"https:\/\/www.katag.ca\/en\/wp-json\/wp\/v2\/types\/page"}],"author":[{"embeddable":true,"href":"https:\/\/www.katag.ca\/en\/wp-json\/wp\/v2\/users\/2"}],"replies":[{"embeddable":true,"href":"https:\/\/www.katag.ca\/en\/wp-json\/wp\/v2\/comments?post=1164"}],"version-history":[{"count":2,"href":"https:\/\/www.katag.ca\/en\/wp-json\/wp\/v2\/pages\/1164\/revisions"}],"predecessor-version":[{"id":2299,"href":"https:\/\/www.katag.ca\/en\/wp-json\/wp\/v2\/pages\/1164\/revisions\/2299"}],"wp:attachment":[{"href":"https:\/\/www.katag.ca\/en\/wp-json\/wp\/v2\/media?parent=1164"}],"curies":[{"name":"wp","href":"https:\/\/api.w.org\/{rel}","templated":true}]}}