{"id":1198,"date":"2015-01-06T17:07:51","date_gmt":"2015-01-06T17:07:51","guid":{"rendered":"http:\/\/www.boutiquekatag.com\/?page_id=1198"},"modified":"2015-01-08T18:29:34","modified_gmt":"2015-01-08T18:29:34","slug":"aventure-114","status":"publish","type":"page","link":"https:\/\/www.katag.ca\/en\/aventure-114\/","title":{"rendered":"Aventure 114"},"content":{"rendered":"<p>Vous d\u00e9gainez votre \u00e9p\u00e9e double lame et commencez \u00e0 la manier dans le vide et dans toutes les directions, en esp\u00e9rant que ceci effraie la b\u00eate qui vous attaque. Les grognements diminuent et la b\u00eate s\u2019\u00e9loigne. Votre connaissance du maniement des armes semble l\u2019avoir effray\u00e9! Vous comprenez que vous n\u2019avez rien de bon \u00e0 faire par ici et retournez vers l\u2019affiche indiquant Transkara 7.<\/p>\n<div class=\"btn-container  align-center\"><a class=\"organic-btn  dark-blue-btn small-btn  align-center\" href=\"http:\/\/www.katag.ca\/aventure-28\/\"><span class=\"btn-holder\">Cliquez ici pour continuer<\/span><\/a><\/div>\n","protected":false},"excerpt":{"rendered":"<p>Vous d\u00e9gainez votre \u00e9p\u00e9e double lame et commencez \u00e0 la manier dans le vide et dans toutes les directions, en esp\u00e9rant que ceci effraie la b\u00eate qui vous attaque. Les grognements diminuent et la b\u00eate s\u2019\u00e9loigne. Votre connaissance du maniement des armes semble l\u2019avoir effray\u00e9! Vous comprenez que vous n\u2019avez rien de bon \u00e0 faire par ici et retournez vers l\u2019affiche indiquant Transkara 7.<\/p>\n","protected":false},"author":2,"featured_media":0,"parent":0,"menu_order":0,"comment_status":"closed","ping_status":"closed","template":"","meta":{"footnotes":""},"class_list":["post-1198","page","type-page","status-publish","hentry"],"yoast_head":"<!-- This site is optimized with the Yoast SEO plugin v26.0 - https:\/\/yoast.com\/wordpress\/plugins\/seo\/ -->\n<title>Aventure 114 | Katag<\/title>\n<meta name=\"robots\" content=\"index, follow, max-snippet:-1, max-image-preview:large, max-video-preview:-1\" \/>\n<link rel=\"canonical\" href=\"https:\/\/www.katag.ca\/aventure-114\/\" \/>\n<meta property=\"og:locale\" content=\"en_US\" \/>\n<meta property=\"og:type\" content=\"article\" \/>\n<meta property=\"og:title\" content=\"Aventure 114 | Katag\" \/>\n<meta property=\"og:description\" content=\"Vous d\u00e9gainez votre \u00e9p\u00e9e double lame et commencez \u00e0 la manier dans le vide et dans toutes les directions, en esp\u00e9rant que ceci effraie la b\u00eate qui vous attaque. Les grognements diminuent et la b\u00eate s\u2019\u00e9loigne. Votre connaissance du maniement des armes semble l\u2019avoir effray\u00e9! Vous comprenez que vous n\u2019avez rien de bon \u00e0 faire par ici et retournez vers l\u2019affiche indiquant Transkara 7.\" \/>\n<meta property=\"og:url\" content=\"https:\/\/www.katag.ca\/aventure-114\/\" \/>\n<meta property=\"og:site_name\" content=\"Katag\" \/>\n<meta property=\"article:publisher\" content=\"https:\/\/www.facebook.com\/Katag.ca\" \/>\n<meta property=\"article:modified_time\" content=\"2015-01-08T18:29:34+00:00\" \/>\n<meta name=\"twitter:card\" content=\"summary_large_image\" \/>\n<script type=\"application\/ld+json\" class=\"yoast-schema-graph\">{\"@context\":\"https:\/\/schema.org\",\"@graph\":[{\"@type\":\"WebPage\",\"@id\":\"https:\/\/www.katag.ca\/aventure-114\/\",\"url\":\"https:\/\/www.katag.ca\/aventure-114\/\",\"name\":\"Aventure 114 | Katag\",\"isPartOf\":{\"@id\":\"https:\/\/www.katag.ca\/#website\"},\"datePublished\":\"2015-01-06T17:07:51+00:00\",\"dateModified\":\"2015-01-08T18:29:34+00:00\",\"breadcrumb\":{\"@id\":\"https:\/\/www.katag.ca\/aventure-114\/#breadcrumb\"},\"inLanguage\":\"en-US\",\"potentialAction\":[{\"@type\":\"ReadAction\",\"target\":[\"https:\/\/www.katag.ca\/aventure-114\/\"]}]},{\"@type\":\"BreadcrumbList\",\"@id\":\"https:\/\/www.katag.ca\/aventure-114\/#breadcrumb\",\"itemListElement\":[{\"@type\":\"ListItem\",\"position\":1,\"name\":\"Accueil\",\"item\":\"https:\/\/www.katag.ca\/\"},{\"@type\":\"ListItem\",\"position\":2,\"name\":\"Aventure 114\"}]},{\"@type\":\"WebSite\",\"@id\":\"https:\/\/www.katag.ca\/#website\",\"url\":\"https:\/\/www.katag.ca\/\",\"name\":\"Katag\",\"description\":\"LE jeu d'&eacute;p&eacute;es-mousse\",\"publisher\":{\"@id\":\"https:\/\/www.katag.ca\/#organization\"},\"potentialAction\":[{\"@type\":\"SearchAction\",\"target\":{\"@type\":\"EntryPoint\",\"urlTemplate\":\"https:\/\/www.katag.ca\/?s={search_term_string}\"},\"query-input\":{\"@type\":\"PropertyValueSpecification\",\"valueRequired\":true,\"valueName\":\"search_term_string\"}}],\"inLanguage\":\"en-US\"},{\"@type\":\"Organization\",\"@id\":\"https:\/\/www.katag.ca\/#organization\",\"name\":\"Katag\",\"url\":\"https:\/\/www.katag.ca\/\",\"logo\":{\"@type\":\"ImageObject\",\"inLanguage\":\"en-US\",\"@id\":\"https:\/\/www.katag.ca\/#\/schema\/logo\/image\/\",\"url\":\"https:\/\/www.katag.ca\/wp-content\/uploads\/2021\/03\/logo-fr.png\",\"contentUrl\":\"https:\/\/www.katag.ca\/wp-content\/uploads\/2021\/03\/logo-fr.png\",\"width\":338,\"height\":173,\"caption\":\"Katag\"},\"image\":{\"@id\":\"https:\/\/www.katag.ca\/#\/schema\/logo\/image\/\"},\"sameAs\":[\"https:\/\/www.facebook.com\/Katag.ca\"]}]}<\/script>\n<!-- \/ Yoast SEO plugin. -->","yoast_head_json":{"title":"Aventure 114 | Katag","robots":{"index":"index","follow":"follow","max-snippet":"max-snippet:-1","max-image-preview":"max-image-preview:large","max-video-preview":"max-video-preview:-1"},"canonical":"https:\/\/www.katag.ca\/aventure-114\/","og_locale":"en_US","og_type":"article","og_title":"Aventure 114 | Katag","og_description":"Vous d\u00e9gainez votre \u00e9p\u00e9e double lame et commencez \u00e0 la manier dans le vide et dans toutes les directions, en esp\u00e9rant que ceci effraie la b\u00eate qui vous attaque. Les grognements diminuent et la b\u00eate s\u2019\u00e9loigne. Votre connaissance du maniement des armes semble l\u2019avoir effray\u00e9! Vous comprenez que vous n\u2019avez rien de bon \u00e0 faire par ici et retournez vers l\u2019affiche indiquant Transkara 7.","og_url":"https:\/\/www.katag.ca\/aventure-114\/","og_site_name":"Katag","article_publisher":"https:\/\/www.facebook.com\/Katag.ca","article_modified_time":"2015-01-08T18:29:34+00:00","twitter_card":"summary_large_image","schema":{"@context":"https:\/\/schema.org","@graph":[{"@type":"WebPage","@id":"https:\/\/www.katag.ca\/aventure-114\/","url":"https:\/\/www.katag.ca\/aventure-114\/","name":"Aventure 114 | Katag","isPartOf":{"@id":"https:\/\/www.katag.ca\/#website"},"datePublished":"2015-01-06T17:07:51+00:00","dateModified":"2015-01-08T18:29:34+00:00","breadcrumb":{"@id":"https:\/\/www.katag.ca\/aventure-114\/#breadcrumb"},"inLanguage":"en-US","potentialAction":[{"@type":"ReadAction","target":["https:\/\/www.katag.ca\/aventure-114\/"]}]},{"@type":"BreadcrumbList","@id":"https:\/\/www.katag.ca\/aventure-114\/#breadcrumb","itemListElement":[{"@type":"ListItem","position":1,"name":"Accueil","item":"https:\/\/www.katag.ca\/"},{"@type":"ListItem","position":2,"name":"Aventure 114"}]},{"@type":"WebSite","@id":"https:\/\/www.katag.ca\/#website","url":"https:\/\/www.katag.ca\/","name":"Katag","description":"LE jeu d'&eacute;p&eacute;es-mousse","publisher":{"@id":"https:\/\/www.katag.ca\/#organization"},"potentialAction":[{"@type":"SearchAction","target":{"@type":"EntryPoint","urlTemplate":"https:\/\/www.katag.ca\/?s={search_term_string}"},"query-input":{"@type":"PropertyValueSpecification","valueRequired":true,"valueName":"search_term_string"}}],"inLanguage":"en-US"},{"@type":"Organization","@id":"https:\/\/www.katag.ca\/#organization","name":"Katag","url":"https:\/\/www.katag.ca\/","logo":{"@type":"ImageObject","inLanguage":"en-US","@id":"https:\/\/www.katag.ca\/#\/schema\/logo\/image\/","url":"https:\/\/www.katag.ca\/wp-content\/uploads\/2021\/03\/logo-fr.png","contentUrl":"https:\/\/www.katag.ca\/wp-content\/uploads\/2021\/03\/logo-fr.png","width":338,"height":173,"caption":"Katag"},"image":{"@id":"https:\/\/www.katag.ca\/#\/schema\/logo\/image\/"},"sameAs":["https:\/\/www.facebook.com\/Katag.ca"]}]}},"_links":{"self":[{"href":"https:\/\/www.katag.ca\/en\/wp-json\/wp\/v2\/pages\/1198","targetHints":{"allow":["GET"]}}],"collection":[{"href":"https:\/\/www.katag.ca\/en\/wp-json\/wp\/v2\/pages"}],"about":[{"href":"https:\/\/www.katag.ca\/en\/wp-json\/wp\/v2\/types\/page"}],"author":[{"embeddable":true,"href":"https:\/\/www.katag.ca\/en\/wp-json\/wp\/v2\/users\/2"}],"replies":[{"embeddable":true,"href":"https:\/\/www.katag.ca\/en\/wp-json\/wp\/v2\/comments?post=1198"}],"version-history":[{"count":2,"href":"https:\/\/www.katag.ca\/en\/wp-json\/wp\/v2\/pages\/1198\/revisions"}],"predecessor-version":[{"id":1827,"href":"https:\/\/www.katag.ca\/en\/wp-json\/wp\/v2\/pages\/1198\/revisions\/1827"}],"wp:attachment":[{"href":"https:\/\/www.katag.ca\/en\/wp-json\/wp\/v2\/media?parent=1198"}],"curies":[{"name":"wp","href":"https:\/\/api.w.org\/{rel}","templated":true}]}}