{"id":1213,"date":"2015-01-06T17:59:16","date_gmt":"2015-01-06T17:59:16","guid":{"rendered":"http:\/\/www.boutiquekatag.com\/?page_id=1213"},"modified":"2015-01-08T18:38:07","modified_gmt":"2015-01-08T18:38:07","slug":"aventure-121","status":"publish","type":"page","link":"https:\/\/www.katag.ca\/en\/aventure-121\/","title":{"rendered":"Aventure 121"},"content":{"rendered":"<p>Vous attendez sagement \u00e0 votre si\u00e8ge et vous assistez \u00e0 un spectacle de musique qui se d\u00e9roule pendant l\u2019entracte. Puis, \u00e0 la fin du spectacle, un annonceur prend la parole : \u00ab Mesdames et messieurs, Bonsoir. Il est maintenant temps de proc\u00e9der au tirage. Le gagnant de ce soir remporte une r\u00e9plique de l\u2019\u00e9p\u00e9e qu\u2019utilise le joueur \u00e9toiles des Traqueurs, le num\u00e9ro 7, j\u2019ai nomm\u00e9 Tangaroooooo! Le gagnant est assis dans la Section 17, Si\u00e8ge 4B. Nous le prions de venir r\u00e9clamer son prix au centre du terrain. La remise sera faite par nul autre que le capitaine des Traqueurs, Tangaro! Il sera accompagn\u00e9 de ses deux assistants capitaines, Dryal et T\u00e9m\u00e9rock! \u00bb Vous regardez votre billet et n\u2019en croyez pas vos yeux, c\u2019est vous le gagnant! Vous descendez nerveusement les escaliers et rep\u00e9rez l\u2019entr\u00e9e du terrain. Vous vous approchez des trois joueurs des Traqueurs pendant que la foule hurle. Une fois arriv\u00e9 devant eux, vous n\u2019avez aucun mal \u00e0 les identifier puisque ceux-ci saluent la foule en se retournant et vous pouvez voir leurs noms dans leurs dos sur leurs chandails. T\u00e9m\u00e9rock est tr\u00e8s costaud et semble tr\u00e8s fort. Dryal vous donne l\u2019impression d\u2019une jeune fille \u00e0 la fois douce et audacieuse. Quant \u00e0 Tangaro, il poss\u00e8de une aura de vedette! Ils se tournent tous vers vous et vous serrent tous la main. Vous vous sentez \u00e0 la fois tr\u00e8s excit\u00e9 et survolt\u00e9 par les cris de la foule! Tangaro vous tend l\u2019\u00e9p\u00e9e en question, tout en se fermant les yeux. Il vous adresse la parole alors que les photographes s\u2019acharnent \u00e0 prendre des clich\u00e9s de tous les angles possibles. \u00ab F\u00e9licitations jeune r\u00eaveur! Le destin arrange bien les choses! Mon ma\u00eetre m\u2019a parl\u00e9 de vous et de la mission qu\u2019il avait \u00e0 vous confier, ne le faites pas trop attendre, je crois que c\u2019est urgent et il fonde sur vous de grands espoirs\u2026 Je crois que cette \u00e9p\u00e9e n\u2019aurait pu \u00eatre gagn\u00e9e par quelqu\u2019un qui en aura plus besoin que vous! Lorsque vous sortirez du stade, prenez le Transkara jusqu\u2019au grand chapiteau, c\u2019est l\u00e0 qu\u2019il vous attend. Bonne chance dans votre qu\u00eate!\u00bb<\/p>\n<p>Vous n\u2019en revenez tout simplement pas! Quelle chance! Et comment Tangaro a-t-il fait pour deviner qui vous \u00e9tiez? Vous l\u2019avez vu fermer les yeux quelques secondes, mais cela ne vous explique toujours pas comment il a fait! Vous observez l\u2019\u00e9p\u00e9e sous toutes ses coutures. Elle est d\u2019un bleu m\u00e9tallique avec un \u00e9trange symbole que vous ne pouvez identifier sur la lame. Le manche, quant \u00e0 lui, est plus que sp\u00e9cial. Il semble \u00eatre muni d\u2019un dispositif de chargement quelconque. Vous ignorez toutefois \u00e0 quoi ce dispositif peut servir. Vous devez donc inscrire, sur votre feuille de route, dans la cat\u00e9gorie armes, que vous poss\u00e9dez l\u2019\u00e9p\u00e9e de Tangaro. Vous pourrez une fois par combat ajouter trois \u00e0 votre total dans la cat\u00e9gorie attaque et trois \u00e0 votre total dans la cat\u00e9gorie endurance. Vous devez finalement ajouter un point \u00e0 votre total dans la cat\u00e9gorie intuition pour avoir pers\u00e9v\u00e9r\u00e9 si longtemps \u00e0 observer cette partie. Vous r\u00e9alisez que vous n\u2019avez plus rien \u00e0 faire ici. Vous descendez les estrades et voyez une inscription sur laquelle vous pouvez lire Sortie du stade.<\/p>\n<div class=\"btn-container  align-center\"><a class=\"organic-btn  dark-blue-btn small-btn  align-center\" href=\"http:\/\/www.katag.ca\/aventure-117\/\"><span class=\"btn-holder\">Cliquez ici pour continuer<\/span><\/a><\/div>\n","protected":false},"excerpt":{"rendered":"<p>Vous attendez sagement \u00e0 votre si\u00e8ge et vous assistez \u00e0 un spectacle de musique qui se d\u00e9roule pendant l\u2019entracte. Puis, \u00e0 la fin du spectacle, un annonceur prend la parole : \u00ab Mesdames et messieurs, Bonsoir. Il est maintenant temps de proc\u00e9der au tirage. Le gagnant de ce soir remporte une r\u00e9plique de l\u2019\u00e9p\u00e9e qu\u2019utilise le joueur \u00e9toiles des Traqueurs, le num\u00e9ro 7, j\u2019ai nomm\u00e9 Tangaroooooo! Le gagnant est assis dans la Section 17, Si\u00e8ge 4B. Nous le prions de venir r\u00e9clamer son prix au centre du terrain&#8230;.<\/p>\n","protected":false},"author":2,"featured_media":0,"parent":0,"menu_order":0,"comment_status":"closed","ping_status":"closed","template":"","meta":{"footnotes":""},"class_list":["post-1213","page","type-page","status-publish","hentry"],"yoast_head":"<!-- This site is optimized with the Yoast SEO plugin v26.0 - https:\/\/yoast.com\/wordpress\/plugins\/seo\/ -->\n<title>Aventure 121 | Katag<\/title>\n<meta name=\"robots\" content=\"index, follow, max-snippet:-1, max-image-preview:large, max-video-preview:-1\" \/>\n<link rel=\"canonical\" href=\"https:\/\/www.katag.ca\/en\/aventure-121\/\" \/>\n<meta property=\"og:locale\" content=\"en_US\" \/>\n<meta property=\"og:type\" content=\"article\" \/>\n<meta property=\"og:title\" content=\"Aventure 121 | Katag\" \/>\n<meta property=\"og:description\" content=\"Vous attendez sagement \u00e0 votre si\u00e8ge et vous assistez \u00e0 un spectacle de musique qui se d\u00e9roule pendant l\u2019entracte. Puis, \u00e0 la fin du spectacle, un annonceur prend la parole : \u00ab Mesdames et messieurs, Bonsoir. Il est maintenant temps de proc\u00e9der au tirage. Le gagnant de ce soir remporte une r\u00e9plique de l\u2019\u00e9p\u00e9e qu\u2019utilise le joueur \u00e9toiles des Traqueurs, le num\u00e9ro 7, j\u2019ai nomm\u00e9 Tangaroooooo! Le gagnant est assis dans la Section 17, Si\u00e8ge 4B. Nous le prions de venir r\u00e9clamer son prix au centre du terrain....\" \/>\n<meta property=\"og:url\" content=\"https:\/\/www.katag.ca\/en\/aventure-121\/\" \/>\n<meta property=\"og:site_name\" content=\"Katag\" \/>\n<meta property=\"article:publisher\" content=\"https:\/\/www.facebook.com\/Katag.ca\" \/>\n<meta property=\"article:modified_time\" content=\"2015-01-08T18:38:07+00:00\" \/>\n<meta name=\"twitter:card\" content=\"summary_large_image\" \/>\n<meta name=\"twitter:label1\" content=\"Est. reading time\" \/>\n\t<meta name=\"twitter:data1\" content=\"3 minutes\" \/>\n<script type=\"application\/ld+json\" class=\"yoast-schema-graph\">{\"@context\":\"https:\/\/schema.org\",\"@graph\":[{\"@type\":\"WebPage\",\"@id\":\"https:\/\/www.katag.ca\/en\/aventure-121\/\",\"url\":\"https:\/\/www.katag.ca\/en\/aventure-121\/\",\"name\":\"Aventure 121 | Katag\",\"isPartOf\":{\"@id\":\"https:\/\/www.katag.ca\/#website\"},\"datePublished\":\"2015-01-06T17:59:16+00:00\",\"dateModified\":\"2015-01-08T18:38:07+00:00\",\"breadcrumb\":{\"@id\":\"https:\/\/www.katag.ca\/en\/aventure-121\/#breadcrumb\"},\"inLanguage\":\"en-US\",\"potentialAction\":[{\"@type\":\"ReadAction\",\"target\":[\"https:\/\/www.katag.ca\/en\/aventure-121\/\"]}]},{\"@type\":\"BreadcrumbList\",\"@id\":\"https:\/\/www.katag.ca\/en\/aventure-121\/#breadcrumb\",\"itemListElement\":[{\"@type\":\"ListItem\",\"position\":1,\"name\":\"Accueil\",\"item\":\"https:\/\/www.katag.ca\/\"},{\"@type\":\"ListItem\",\"position\":2,\"name\":\"Aventure 121\"}]},{\"@type\":\"WebSite\",\"@id\":\"https:\/\/www.katag.ca\/#website\",\"url\":\"https:\/\/www.katag.ca\/\",\"name\":\"Katag\",\"description\":\"LE jeu d'&eacute;p&eacute;es-mousse\",\"publisher\":{\"@id\":\"https:\/\/www.katag.ca\/#organization\"},\"potentialAction\":[{\"@type\":\"SearchAction\",\"target\":{\"@type\":\"EntryPoint\",\"urlTemplate\":\"https:\/\/www.katag.ca\/?s={search_term_string}\"},\"query-input\":{\"@type\":\"PropertyValueSpecification\",\"valueRequired\":true,\"valueName\":\"search_term_string\"}}],\"inLanguage\":\"en-US\"},{\"@type\":\"Organization\",\"@id\":\"https:\/\/www.katag.ca\/#organization\",\"name\":\"Katag\",\"url\":\"https:\/\/www.katag.ca\/\",\"logo\":{\"@type\":\"ImageObject\",\"inLanguage\":\"en-US\",\"@id\":\"https:\/\/www.katag.ca\/#\/schema\/logo\/image\/\",\"url\":\"https:\/\/www.katag.ca\/wp-content\/uploads\/2021\/03\/logo-fr.png\",\"contentUrl\":\"https:\/\/www.katag.ca\/wp-content\/uploads\/2021\/03\/logo-fr.png\",\"width\":338,\"height\":173,\"caption\":\"Katag\"},\"image\":{\"@id\":\"https:\/\/www.katag.ca\/#\/schema\/logo\/image\/\"},\"sameAs\":[\"https:\/\/www.facebook.com\/Katag.ca\"]}]}<\/script>\n<!-- \/ Yoast SEO plugin. -->","yoast_head_json":{"title":"Aventure 121 | Katag","robots":{"index":"index","follow":"follow","max-snippet":"max-snippet:-1","max-image-preview":"max-image-preview:large","max-video-preview":"max-video-preview:-1"},"canonical":"https:\/\/www.katag.ca\/en\/aventure-121\/","og_locale":"en_US","og_type":"article","og_title":"Aventure 121 | Katag","og_description":"Vous attendez sagement \u00e0 votre si\u00e8ge et vous assistez \u00e0 un spectacle de musique qui se d\u00e9roule pendant l\u2019entracte. Puis, \u00e0 la fin du spectacle, un annonceur prend la parole : \u00ab Mesdames et messieurs, Bonsoir. Il est maintenant temps de proc\u00e9der au tirage. Le gagnant de ce soir remporte une r\u00e9plique de l\u2019\u00e9p\u00e9e qu\u2019utilise le joueur \u00e9toiles des Traqueurs, le num\u00e9ro 7, j\u2019ai nomm\u00e9 Tangaroooooo! Le gagnant est assis dans la Section 17, Si\u00e8ge 4B. Nous le prions de venir r\u00e9clamer son prix au centre du terrain....","og_url":"https:\/\/www.katag.ca\/en\/aventure-121\/","og_site_name":"Katag","article_publisher":"https:\/\/www.facebook.com\/Katag.ca","article_modified_time":"2015-01-08T18:38:07+00:00","twitter_card":"summary_large_image","twitter_misc":{"Est. reading time":"3 minutes"},"schema":{"@context":"https:\/\/schema.org","@graph":[{"@type":"WebPage","@id":"https:\/\/www.katag.ca\/en\/aventure-121\/","url":"https:\/\/www.katag.ca\/en\/aventure-121\/","name":"Aventure 121 | Katag","isPartOf":{"@id":"https:\/\/www.katag.ca\/#website"},"datePublished":"2015-01-06T17:59:16+00:00","dateModified":"2015-01-08T18:38:07+00:00","breadcrumb":{"@id":"https:\/\/www.katag.ca\/en\/aventure-121\/#breadcrumb"},"inLanguage":"en-US","potentialAction":[{"@type":"ReadAction","target":["https:\/\/www.katag.ca\/en\/aventure-121\/"]}]},{"@type":"BreadcrumbList","@id":"https:\/\/www.katag.ca\/en\/aventure-121\/#breadcrumb","itemListElement":[{"@type":"ListItem","position":1,"name":"Accueil","item":"https:\/\/www.katag.ca\/"},{"@type":"ListItem","position":2,"name":"Aventure 121"}]},{"@type":"WebSite","@id":"https:\/\/www.katag.ca\/#website","url":"https:\/\/www.katag.ca\/","name":"Katag","description":"LE jeu d'&eacute;p&eacute;es-mousse","publisher":{"@id":"https:\/\/www.katag.ca\/#organization"},"potentialAction":[{"@type":"SearchAction","target":{"@type":"EntryPoint","urlTemplate":"https:\/\/www.katag.ca\/?s={search_term_string}"},"query-input":{"@type":"PropertyValueSpecification","valueRequired":true,"valueName":"search_term_string"}}],"inLanguage":"en-US"},{"@type":"Organization","@id":"https:\/\/www.katag.ca\/#organization","name":"Katag","url":"https:\/\/www.katag.ca\/","logo":{"@type":"ImageObject","inLanguage":"en-US","@id":"https:\/\/www.katag.ca\/#\/schema\/logo\/image\/","url":"https:\/\/www.katag.ca\/wp-content\/uploads\/2021\/03\/logo-fr.png","contentUrl":"https:\/\/www.katag.ca\/wp-content\/uploads\/2021\/03\/logo-fr.png","width":338,"height":173,"caption":"Katag"},"image":{"@id":"https:\/\/www.katag.ca\/#\/schema\/logo\/image\/"},"sameAs":["https:\/\/www.facebook.com\/Katag.ca"]}]}},"_links":{"self":[{"href":"https:\/\/www.katag.ca\/en\/wp-json\/wp\/v2\/pages\/1213","targetHints":{"allow":["GET"]}}],"collection":[{"href":"https:\/\/www.katag.ca\/en\/wp-json\/wp\/v2\/pages"}],"about":[{"href":"https:\/\/www.katag.ca\/en\/wp-json\/wp\/v2\/types\/page"}],"author":[{"embeddable":true,"href":"https:\/\/www.katag.ca\/en\/wp-json\/wp\/v2\/users\/2"}],"replies":[{"embeddable":true,"href":"https:\/\/www.katag.ca\/en\/wp-json\/wp\/v2\/comments?post=1213"}],"version-history":[{"count":2,"href":"https:\/\/www.katag.ca\/en\/wp-json\/wp\/v2\/pages\/1213\/revisions"}],"predecessor-version":[{"id":1838,"href":"https:\/\/www.katag.ca\/en\/wp-json\/wp\/v2\/pages\/1213\/revisions\/1838"}],"wp:attachment":[{"href":"https:\/\/www.katag.ca\/en\/wp-json\/wp\/v2\/media?parent=1213"}],"curies":[{"name":"wp","href":"https:\/\/api.w.org\/{rel}","templated":true}]}}