{"id":1215,"date":"2015-01-06T17:59:44","date_gmt":"2015-01-06T17:59:44","guid":{"rendered":"http:\/\/www.boutiquekatag.com\/?page_id=1215"},"modified":"2015-01-08T18:38:59","modified_gmt":"2015-01-08T18:38:59","slug":"aventure-122","status":"publish","type":"page","link":"https:\/\/www.katag.ca\/en\/aventure-122\/","title":{"rendered":"Aventure 122"},"content":{"rendered":"<p>Vous attendez sagement et assistez \u00e0 un spectacle de musique qui se d\u00e9roule pendant l\u2019entracte. Puis, \u00e0 la fin du spectacle, un annonceur prend la parole : \u00ab Mesdames et messieurs Bonsoir! Il est maintenant temps de proc\u00e9der au tirage. Le gagnant de ce soir remporte une r\u00e9plique de l\u2019\u00e9p\u00e9e qu\u2019utilise le joueur \u00e9toiles des Traqueurs, le num\u00e9ro 7, j\u2019ai nomm\u00e9 Tangaroooooo! Le gagnant est assis dans la section 17, si\u00e8ge 4B. Nous le prions de venir r\u00e9clamer son prix au centre du terrain \u2026\u00bb Vous vous dites qu\u2019un chanceux vient de gagner une \u00e9p\u00e9e et que vous seriez bien heureux d\u2019en avoir une aussi! Et \u00e0 bien y penser, vous vous dites que vous aviez s\u00fbrement quelque chose d\u2019autre \u00e0 faire en venant \u00e0 Manifeste que de passer votre nuit \u00e0 regarder cette partie! Ah oui\u2026 il y avait cette musique! Vous d\u00e9cidez qu\u2019il est temps de partir. Vous descendez les estrades et voyez une inscription sur laquelle vous pouvez lire Sortie du stade.<\/p>\n<div class=\"btn-container  align-center\"><a class=\"organic-btn  dark-blue-btn small-btn  align-center\" href=\"http:\/\/www.katag.ca\/aventure-117\/\"><span class=\"btn-holder\">Cliquez ici pour continuer<\/span><\/a><\/div>\n","protected":false},"excerpt":{"rendered":"<p>Vous attendez sagement et assistez \u00e0 un spectacle de musique qui se d\u00e9roule pendant l\u2019entracte. Puis, \u00e0 la fin du spectacle, un annonceur prend la parole : \u00ab Mesdames et messieurs Bonsoir! Il est maintenant temps de proc\u00e9der au tirage. Le gagnant de ce soir remporte une r\u00e9plique de l\u2019\u00e9p\u00e9e qu\u2019utilise le joueur \u00e9toiles des Traqueurs, le num\u00e9ro 7, j\u2019ai nomm\u00e9 Tangaroooooo! Le gagnant est assis dans la section 17, si\u00e8ge 4B. Nous le prions de venir r\u00e9clamer son prix au centre du terrain \u2026\u00bb Vous vous dites&#8230;<\/p>\n","protected":false},"author":2,"featured_media":0,"parent":0,"menu_order":0,"comment_status":"closed","ping_status":"closed","template":"","meta":{"footnotes":""},"class_list":["post-1215","page","type-page","status-publish","hentry"],"yoast_head":"<!-- This site is optimized with the Yoast SEO plugin v26.0 - https:\/\/yoast.com\/wordpress\/plugins\/seo\/ -->\n<title>Aventure 122 | Katag<\/title>\n<meta name=\"robots\" content=\"index, follow, max-snippet:-1, max-image-preview:large, max-video-preview:-1\" \/>\n<link rel=\"canonical\" href=\"https:\/\/www.katag.ca\/aventure-122\/\" \/>\n<meta property=\"og:locale\" content=\"en_US\" \/>\n<meta property=\"og:type\" content=\"article\" \/>\n<meta property=\"og:title\" content=\"Aventure 122 | Katag\" \/>\n<meta property=\"og:description\" content=\"Vous attendez sagement et assistez \u00e0 un spectacle de musique qui se d\u00e9roule pendant l\u2019entracte. Puis, \u00e0 la fin du spectacle, un annonceur prend la parole : \u00ab Mesdames et messieurs Bonsoir! Il est maintenant temps de proc\u00e9der au tirage. Le gagnant de ce soir remporte une r\u00e9plique de l\u2019\u00e9p\u00e9e qu\u2019utilise le joueur \u00e9toiles des Traqueurs, le num\u00e9ro 7, j\u2019ai nomm\u00e9 Tangaroooooo! Le gagnant est assis dans la section 17, si\u00e8ge 4B. Nous le prions de venir r\u00e9clamer son prix au centre du terrain \u2026\u00bb Vous vous dites...\" \/>\n<meta property=\"og:url\" content=\"https:\/\/www.katag.ca\/aventure-122\/\" \/>\n<meta property=\"og:site_name\" content=\"Katag\" \/>\n<meta property=\"article:publisher\" content=\"https:\/\/www.facebook.com\/Katag.ca\" \/>\n<meta property=\"article:modified_time\" content=\"2015-01-08T18:38:59+00:00\" \/>\n<meta name=\"twitter:card\" content=\"summary_large_image\" \/>\n<meta name=\"twitter:label1\" content=\"Est. reading time\" \/>\n\t<meta name=\"twitter:data1\" content=\"1 minute\" \/>\n<script type=\"application\/ld+json\" class=\"yoast-schema-graph\">{\"@context\":\"https:\/\/schema.org\",\"@graph\":[{\"@type\":\"WebPage\",\"@id\":\"https:\/\/www.katag.ca\/aventure-122\/\",\"url\":\"https:\/\/www.katag.ca\/aventure-122\/\",\"name\":\"Aventure 122 | Katag\",\"isPartOf\":{\"@id\":\"https:\/\/www.katag.ca\/#website\"},\"datePublished\":\"2015-01-06T17:59:44+00:00\",\"dateModified\":\"2015-01-08T18:38:59+00:00\",\"breadcrumb\":{\"@id\":\"https:\/\/www.katag.ca\/aventure-122\/#breadcrumb\"},\"inLanguage\":\"en-US\",\"potentialAction\":[{\"@type\":\"ReadAction\",\"target\":[\"https:\/\/www.katag.ca\/aventure-122\/\"]}]},{\"@type\":\"BreadcrumbList\",\"@id\":\"https:\/\/www.katag.ca\/aventure-122\/#breadcrumb\",\"itemListElement\":[{\"@type\":\"ListItem\",\"position\":1,\"name\":\"Accueil\",\"item\":\"https:\/\/www.katag.ca\/\"},{\"@type\":\"ListItem\",\"position\":2,\"name\":\"Aventure 122\"}]},{\"@type\":\"WebSite\",\"@id\":\"https:\/\/www.katag.ca\/#website\",\"url\":\"https:\/\/www.katag.ca\/\",\"name\":\"Katag\",\"description\":\"LE jeu d'&eacute;p&eacute;es-mousse\",\"publisher\":{\"@id\":\"https:\/\/www.katag.ca\/#organization\"},\"potentialAction\":[{\"@type\":\"SearchAction\",\"target\":{\"@type\":\"EntryPoint\",\"urlTemplate\":\"https:\/\/www.katag.ca\/?s={search_term_string}\"},\"query-input\":{\"@type\":\"PropertyValueSpecification\",\"valueRequired\":true,\"valueName\":\"search_term_string\"}}],\"inLanguage\":\"en-US\"},{\"@type\":\"Organization\",\"@id\":\"https:\/\/www.katag.ca\/#organization\",\"name\":\"Katag\",\"url\":\"https:\/\/www.katag.ca\/\",\"logo\":{\"@type\":\"ImageObject\",\"inLanguage\":\"en-US\",\"@id\":\"https:\/\/www.katag.ca\/#\/schema\/logo\/image\/\",\"url\":\"https:\/\/www.katag.ca\/wp-content\/uploads\/2021\/03\/logo-fr.png\",\"contentUrl\":\"https:\/\/www.katag.ca\/wp-content\/uploads\/2021\/03\/logo-fr.png\",\"width\":338,\"height\":173,\"caption\":\"Katag\"},\"image\":{\"@id\":\"https:\/\/www.katag.ca\/#\/schema\/logo\/image\/\"},\"sameAs\":[\"https:\/\/www.facebook.com\/Katag.ca\"]}]}<\/script>\n<!-- \/ Yoast SEO plugin. -->","yoast_head_json":{"title":"Aventure 122 | Katag","robots":{"index":"index","follow":"follow","max-snippet":"max-snippet:-1","max-image-preview":"max-image-preview:large","max-video-preview":"max-video-preview:-1"},"canonical":"https:\/\/www.katag.ca\/aventure-122\/","og_locale":"en_US","og_type":"article","og_title":"Aventure 122 | Katag","og_description":"Vous attendez sagement et assistez \u00e0 un spectacle de musique qui se d\u00e9roule pendant l\u2019entracte. Puis, \u00e0 la fin du spectacle, un annonceur prend la parole : \u00ab Mesdames et messieurs Bonsoir! Il est maintenant temps de proc\u00e9der au tirage. Le gagnant de ce soir remporte une r\u00e9plique de l\u2019\u00e9p\u00e9e qu\u2019utilise le joueur \u00e9toiles des Traqueurs, le num\u00e9ro 7, j\u2019ai nomm\u00e9 Tangaroooooo! Le gagnant est assis dans la section 17, si\u00e8ge 4B. Nous le prions de venir r\u00e9clamer son prix au centre du terrain \u2026\u00bb Vous vous dites...","og_url":"https:\/\/www.katag.ca\/aventure-122\/","og_site_name":"Katag","article_publisher":"https:\/\/www.facebook.com\/Katag.ca","article_modified_time":"2015-01-08T18:38:59+00:00","twitter_card":"summary_large_image","twitter_misc":{"Est. reading time":"1 minute"},"schema":{"@context":"https:\/\/schema.org","@graph":[{"@type":"WebPage","@id":"https:\/\/www.katag.ca\/aventure-122\/","url":"https:\/\/www.katag.ca\/aventure-122\/","name":"Aventure 122 | Katag","isPartOf":{"@id":"https:\/\/www.katag.ca\/#website"},"datePublished":"2015-01-06T17:59:44+00:00","dateModified":"2015-01-08T18:38:59+00:00","breadcrumb":{"@id":"https:\/\/www.katag.ca\/aventure-122\/#breadcrumb"},"inLanguage":"en-US","potentialAction":[{"@type":"ReadAction","target":["https:\/\/www.katag.ca\/aventure-122\/"]}]},{"@type":"BreadcrumbList","@id":"https:\/\/www.katag.ca\/aventure-122\/#breadcrumb","itemListElement":[{"@type":"ListItem","position":1,"name":"Accueil","item":"https:\/\/www.katag.ca\/"},{"@type":"ListItem","position":2,"name":"Aventure 122"}]},{"@type":"WebSite","@id":"https:\/\/www.katag.ca\/#website","url":"https:\/\/www.katag.ca\/","name":"Katag","description":"LE jeu d'&eacute;p&eacute;es-mousse","publisher":{"@id":"https:\/\/www.katag.ca\/#organization"},"potentialAction":[{"@type":"SearchAction","target":{"@type":"EntryPoint","urlTemplate":"https:\/\/www.katag.ca\/?s={search_term_string}"},"query-input":{"@type":"PropertyValueSpecification","valueRequired":true,"valueName":"search_term_string"}}],"inLanguage":"en-US"},{"@type":"Organization","@id":"https:\/\/www.katag.ca\/#organization","name":"Katag","url":"https:\/\/www.katag.ca\/","logo":{"@type":"ImageObject","inLanguage":"en-US","@id":"https:\/\/www.katag.ca\/#\/schema\/logo\/image\/","url":"https:\/\/www.katag.ca\/wp-content\/uploads\/2021\/03\/logo-fr.png","contentUrl":"https:\/\/www.katag.ca\/wp-content\/uploads\/2021\/03\/logo-fr.png","width":338,"height":173,"caption":"Katag"},"image":{"@id":"https:\/\/www.katag.ca\/#\/schema\/logo\/image\/"},"sameAs":["https:\/\/www.facebook.com\/Katag.ca"]}]}},"_links":{"self":[{"href":"https:\/\/www.katag.ca\/en\/wp-json\/wp\/v2\/pages\/1215","targetHints":{"allow":["GET"]}}],"collection":[{"href":"https:\/\/www.katag.ca\/en\/wp-json\/wp\/v2\/pages"}],"about":[{"href":"https:\/\/www.katag.ca\/en\/wp-json\/wp\/v2\/types\/page"}],"author":[{"embeddable":true,"href":"https:\/\/www.katag.ca\/en\/wp-json\/wp\/v2\/users\/2"}],"replies":[{"embeddable":true,"href":"https:\/\/www.katag.ca\/en\/wp-json\/wp\/v2\/comments?post=1215"}],"version-history":[{"count":2,"href":"https:\/\/www.katag.ca\/en\/wp-json\/wp\/v2\/pages\/1215\/revisions"}],"predecessor-version":[{"id":1839,"href":"https:\/\/www.katag.ca\/en\/wp-json\/wp\/v2\/pages\/1215\/revisions\/1839"}],"wp:attachment":[{"href":"https:\/\/www.katag.ca\/en\/wp-json\/wp\/v2\/media?parent=1215"}],"curies":[{"name":"wp","href":"https:\/\/api.w.org\/{rel}","templated":true}]}}