{"id":1217,"date":"2015-01-06T18:00:24","date_gmt":"2015-01-06T18:00:24","guid":{"rendered":"http:\/\/www.boutiquekatag.com\/?page_id=1217"},"modified":"2015-01-08T18:40:25","modified_gmt":"2015-01-08T18:40:25","slug":"aventure-123","status":"publish","type":"page","link":"https:\/\/www.katag.ca\/en\/aventure-123\/","title":{"rendered":"Aventure 123"},"content":{"rendered":"<p>Vous regardez autour de vous et vous ne savez plus o\u00f9 donner de la t\u00eate! Il y a tellement de choses \u00e0 faire ici. Vous commencez par imiter les autres et faites toutes sortes d\u2019acrobaties et de pirouettes. Vous vous dirigez ensuite vers les man\u00e8ges et faites plusieurs tours de montagnes russes et de grande roue. Vous d\u00e9cidez ensuite de vous diriger \u00e0 l\u2019int\u00e9rieur du chapiteau. La place est remplie d\u2019enfants et il y a m\u00eame quelques adultes \u00e0 travers la foule, s\u00fbrement ceux qui ont gard\u00e9 l\u2019esprit jeune et qui adorent s\u2019amuser! Toutefois, votre petite voix int\u00e9rieure semble vous dire de ne pas vous attarder trop longtemps par ici car vous perdez du temps. Par contre, vous avez une envie folle de continuer \u00e0 vous amuser et vous aimeriez bien regarder le spectacle du cirque. Vous devez faire un choix.<\/p>\n<div class=\"btn-container  align-center\"><a class=\"organic-btn  dark-blue-btn small-btn  align-center\" href=\"http:\/\/www.katag.ca\/aventure-75\/\"><span class=\"btn-holder\">Vous d\u00e9cidez de tenter de vous rappeler ce que vous cherchiez<\/span><\/a><\/div>\n<div class=\"btn-container  align-center\"><a class=\"organic-btn  dark-blue-btn small-btn  align-center\" href=\"http:\/\/www.katag.ca\/aventure-76\/\"><span class=\"btn-holder\">Vous pr\u00e9f\u00e9rez rester et assister au spectacle<\/span><\/a><\/div>\n","protected":false},"excerpt":{"rendered":"<p>Vous regardez autour de vous et vous ne savez plus o\u00f9 donner de la t\u00eate! Il y a tellement de choses \u00e0 faire ici. Vous commencez par imiter les autres et faites toutes sortes d\u2019acrobaties et de pirouettes. Vous vous dirigez ensuite vers les man\u00e8ges et faites plusieurs tours de montagnes russes et de grande roue. Vous d\u00e9cidez ensuite de vous diriger \u00e0 l\u2019int\u00e9rieur du chapiteau. La place est remplie d\u2019enfants et il y a m\u00eame quelques adultes \u00e0 travers la foule, s\u00fbrement ceux qui ont gard\u00e9 l\u2019esprit&#8230;<\/p>\n","protected":false},"author":2,"featured_media":0,"parent":0,"menu_order":0,"comment_status":"closed","ping_status":"closed","template":"","meta":{"footnotes":""},"class_list":["post-1217","page","type-page","status-publish","hentry"],"yoast_head":"<!-- This site is optimized with the Yoast SEO plugin v26.0 - https:\/\/yoast.com\/wordpress\/plugins\/seo\/ -->\n<title>Aventure 123 | Katag<\/title>\n<meta name=\"robots\" content=\"index, follow, max-snippet:-1, max-image-preview:large, max-video-preview:-1\" \/>\n<link rel=\"canonical\" href=\"https:\/\/www.katag.ca\/en\/aventure-123\/\" \/>\n<meta property=\"og:locale\" content=\"en_US\" \/>\n<meta property=\"og:type\" content=\"article\" \/>\n<meta property=\"og:title\" content=\"Aventure 123 | Katag\" \/>\n<meta property=\"og:description\" content=\"Vous regardez autour de vous et vous ne savez plus o\u00f9 donner de la t\u00eate! Il y a tellement de choses \u00e0 faire ici. Vous commencez par imiter les autres et faites toutes sortes d\u2019acrobaties et de pirouettes. Vous vous dirigez ensuite vers les man\u00e8ges et faites plusieurs tours de montagnes russes et de grande roue. Vous d\u00e9cidez ensuite de vous diriger \u00e0 l\u2019int\u00e9rieur du chapiteau. La place est remplie d\u2019enfants et il y a m\u00eame quelques adultes \u00e0 travers la foule, s\u00fbrement ceux qui ont gard\u00e9 l\u2019esprit...\" \/>\n<meta property=\"og:url\" content=\"https:\/\/www.katag.ca\/en\/aventure-123\/\" \/>\n<meta property=\"og:site_name\" content=\"Katag\" \/>\n<meta property=\"article:publisher\" content=\"https:\/\/www.facebook.com\/Katag.ca\" \/>\n<meta property=\"article:modified_time\" content=\"2015-01-08T18:40:25+00:00\" \/>\n<meta name=\"twitter:card\" content=\"summary_large_image\" \/>\n<meta name=\"twitter:label1\" content=\"Est. reading time\" \/>\n\t<meta name=\"twitter:data1\" content=\"1 minute\" \/>\n<script type=\"application\/ld+json\" class=\"yoast-schema-graph\">{\"@context\":\"https:\/\/schema.org\",\"@graph\":[{\"@type\":\"WebPage\",\"@id\":\"https:\/\/www.katag.ca\/en\/aventure-123\/\",\"url\":\"https:\/\/www.katag.ca\/en\/aventure-123\/\",\"name\":\"Aventure 123 | Katag\",\"isPartOf\":{\"@id\":\"https:\/\/www.katag.ca\/#website\"},\"datePublished\":\"2015-01-06T18:00:24+00:00\",\"dateModified\":\"2015-01-08T18:40:25+00:00\",\"breadcrumb\":{\"@id\":\"https:\/\/www.katag.ca\/en\/aventure-123\/#breadcrumb\"},\"inLanguage\":\"en-US\",\"potentialAction\":[{\"@type\":\"ReadAction\",\"target\":[\"https:\/\/www.katag.ca\/en\/aventure-123\/\"]}]},{\"@type\":\"BreadcrumbList\",\"@id\":\"https:\/\/www.katag.ca\/en\/aventure-123\/#breadcrumb\",\"itemListElement\":[{\"@type\":\"ListItem\",\"position\":1,\"name\":\"Accueil\",\"item\":\"https:\/\/www.katag.ca\/\"},{\"@type\":\"ListItem\",\"position\":2,\"name\":\"Aventure 123\"}]},{\"@type\":\"WebSite\",\"@id\":\"https:\/\/www.katag.ca\/#website\",\"url\":\"https:\/\/www.katag.ca\/\",\"name\":\"Katag\",\"description\":\"LE jeu d'&eacute;p&eacute;es-mousse\",\"publisher\":{\"@id\":\"https:\/\/www.katag.ca\/#organization\"},\"potentialAction\":[{\"@type\":\"SearchAction\",\"target\":{\"@type\":\"EntryPoint\",\"urlTemplate\":\"https:\/\/www.katag.ca\/?s={search_term_string}\"},\"query-input\":{\"@type\":\"PropertyValueSpecification\",\"valueRequired\":true,\"valueName\":\"search_term_string\"}}],\"inLanguage\":\"en-US\"},{\"@type\":\"Organization\",\"@id\":\"https:\/\/www.katag.ca\/#organization\",\"name\":\"Katag\",\"url\":\"https:\/\/www.katag.ca\/\",\"logo\":{\"@type\":\"ImageObject\",\"inLanguage\":\"en-US\",\"@id\":\"https:\/\/www.katag.ca\/#\/schema\/logo\/image\/\",\"url\":\"https:\/\/www.katag.ca\/wp-content\/uploads\/2021\/03\/logo-fr.png\",\"contentUrl\":\"https:\/\/www.katag.ca\/wp-content\/uploads\/2021\/03\/logo-fr.png\",\"width\":338,\"height\":173,\"caption\":\"Katag\"},\"image\":{\"@id\":\"https:\/\/www.katag.ca\/#\/schema\/logo\/image\/\"},\"sameAs\":[\"https:\/\/www.facebook.com\/Katag.ca\"]}]}<\/script>\n<!-- \/ Yoast SEO plugin. -->","yoast_head_json":{"title":"Aventure 123 | Katag","robots":{"index":"index","follow":"follow","max-snippet":"max-snippet:-1","max-image-preview":"max-image-preview:large","max-video-preview":"max-video-preview:-1"},"canonical":"https:\/\/www.katag.ca\/en\/aventure-123\/","og_locale":"en_US","og_type":"article","og_title":"Aventure 123 | Katag","og_description":"Vous regardez autour de vous et vous ne savez plus o\u00f9 donner de la t\u00eate! Il y a tellement de choses \u00e0 faire ici. Vous commencez par imiter les autres et faites toutes sortes d\u2019acrobaties et de pirouettes. Vous vous dirigez ensuite vers les man\u00e8ges et faites plusieurs tours de montagnes russes et de grande roue. Vous d\u00e9cidez ensuite de vous diriger \u00e0 l\u2019int\u00e9rieur du chapiteau. La place est remplie d\u2019enfants et il y a m\u00eame quelques adultes \u00e0 travers la foule, s\u00fbrement ceux qui ont gard\u00e9 l\u2019esprit...","og_url":"https:\/\/www.katag.ca\/en\/aventure-123\/","og_site_name":"Katag","article_publisher":"https:\/\/www.facebook.com\/Katag.ca","article_modified_time":"2015-01-08T18:40:25+00:00","twitter_card":"summary_large_image","twitter_misc":{"Est. reading time":"1 minute"},"schema":{"@context":"https:\/\/schema.org","@graph":[{"@type":"WebPage","@id":"https:\/\/www.katag.ca\/en\/aventure-123\/","url":"https:\/\/www.katag.ca\/en\/aventure-123\/","name":"Aventure 123 | Katag","isPartOf":{"@id":"https:\/\/www.katag.ca\/#website"},"datePublished":"2015-01-06T18:00:24+00:00","dateModified":"2015-01-08T18:40:25+00:00","breadcrumb":{"@id":"https:\/\/www.katag.ca\/en\/aventure-123\/#breadcrumb"},"inLanguage":"en-US","potentialAction":[{"@type":"ReadAction","target":["https:\/\/www.katag.ca\/en\/aventure-123\/"]}]},{"@type":"BreadcrumbList","@id":"https:\/\/www.katag.ca\/en\/aventure-123\/#breadcrumb","itemListElement":[{"@type":"ListItem","position":1,"name":"Accueil","item":"https:\/\/www.katag.ca\/"},{"@type":"ListItem","position":2,"name":"Aventure 123"}]},{"@type":"WebSite","@id":"https:\/\/www.katag.ca\/#website","url":"https:\/\/www.katag.ca\/","name":"Katag","description":"LE jeu d'&eacute;p&eacute;es-mousse","publisher":{"@id":"https:\/\/www.katag.ca\/#organization"},"potentialAction":[{"@type":"SearchAction","target":{"@type":"EntryPoint","urlTemplate":"https:\/\/www.katag.ca\/?s={search_term_string}"},"query-input":{"@type":"PropertyValueSpecification","valueRequired":true,"valueName":"search_term_string"}}],"inLanguage":"en-US"},{"@type":"Organization","@id":"https:\/\/www.katag.ca\/#organization","name":"Katag","url":"https:\/\/www.katag.ca\/","logo":{"@type":"ImageObject","inLanguage":"en-US","@id":"https:\/\/www.katag.ca\/#\/schema\/logo\/image\/","url":"https:\/\/www.katag.ca\/wp-content\/uploads\/2021\/03\/logo-fr.png","contentUrl":"https:\/\/www.katag.ca\/wp-content\/uploads\/2021\/03\/logo-fr.png","width":338,"height":173,"caption":"Katag"},"image":{"@id":"https:\/\/www.katag.ca\/#\/schema\/logo\/image\/"},"sameAs":["https:\/\/www.facebook.com\/Katag.ca"]}]}},"_links":{"self":[{"href":"https:\/\/www.katag.ca\/en\/wp-json\/wp\/v2\/pages\/1217","targetHints":{"allow":["GET"]}}],"collection":[{"href":"https:\/\/www.katag.ca\/en\/wp-json\/wp\/v2\/pages"}],"about":[{"href":"https:\/\/www.katag.ca\/en\/wp-json\/wp\/v2\/types\/page"}],"author":[{"embeddable":true,"href":"https:\/\/www.katag.ca\/en\/wp-json\/wp\/v2\/users\/2"}],"replies":[{"embeddable":true,"href":"https:\/\/www.katag.ca\/en\/wp-json\/wp\/v2\/comments?post=1217"}],"version-history":[{"count":3,"href":"https:\/\/www.katag.ca\/en\/wp-json\/wp\/v2\/pages\/1217\/revisions"}],"predecessor-version":[{"id":1841,"href":"https:\/\/www.katag.ca\/en\/wp-json\/wp\/v2\/pages\/1217\/revisions\/1841"}],"wp:attachment":[{"href":"https:\/\/www.katag.ca\/en\/wp-json\/wp\/v2\/media?parent=1217"}],"curies":[{"name":"wp","href":"https:\/\/api.w.org\/{rel}","templated":true}]}}