{"id":1223,"date":"2015-01-06T18:02:42","date_gmt":"2015-01-06T18:02:42","guid":{"rendered":"http:\/\/www.boutiquekatag.com\/?page_id=1223"},"modified":"2015-01-08T18:42:32","modified_gmt":"2015-01-08T18:42:32","slug":"aventure-126","status":"publish","type":"page","link":"https:\/\/www.katag.ca\/en\/aventure-126\/","title":{"rendered":"Aventure 126"},"content":{"rendered":"<p>Vous attendez quelques minutes et puis un nouveau wagon arrive. Vous embarquez, vous vous assoyez et les wagons sph\u00e9riques reprennent leur chemin. Vous arrivez bient\u00f4t \u00e0 une autre station o\u00f9 vous pouvez y lire Transkara 1 fin de la ligne. En regardant aux alentours, vous pouvez voir un \u00e9norme chapiteau. Comme c\u2019est la fin de la ligne, vous n\u2019avez d\u2019autre choix que de sortir. Vous avancez rapidement en direction du chapiteau et vous y arrivez alors que la musique devient de plus en plus forte.<\/p>\n<div class=\"btn-container  align-center\"><a class=\"organic-btn  dark-blue-btn small-btn  align-center\" href=\"http:\/\/www.katag.ca\/aventure-123\/\"><span class=\"btn-holder\">Cliquez ici pour continuer<\/span><\/a><\/div>\n","protected":false},"excerpt":{"rendered":"<p>Vous attendez quelques minutes et puis un nouveau wagon arrive. Vous embarquez, vous vous assoyez et les wagons sph\u00e9riques reprennent leur chemin. Vous arrivez bient\u00f4t \u00e0 une autre station o\u00f9 vous pouvez y lire Transkara 1 fin de la ligne. En regardant aux alentours, vous pouvez voir un \u00e9norme chapiteau. Comme c\u2019est la fin de la ligne, vous n\u2019avez d\u2019autre choix que de sortir. Vous avancez rapidement en direction du chapiteau et vous y arrivez alors que la musique devient de plus en plus forte.<\/p>\n","protected":false},"author":2,"featured_media":0,"parent":0,"menu_order":0,"comment_status":"closed","ping_status":"closed","template":"","meta":{"footnotes":""},"class_list":["post-1223","page","type-page","status-publish","hentry"],"yoast_head":"<!-- This site is optimized with the Yoast SEO plugin v26.0 - https:\/\/yoast.com\/wordpress\/plugins\/seo\/ -->\n<title>Aventure 126 | Katag<\/title>\n<meta name=\"robots\" content=\"index, follow, max-snippet:-1, max-image-preview:large, max-video-preview:-1\" \/>\n<link rel=\"canonical\" href=\"https:\/\/www.katag.ca\/aventure-126\/\" \/>\n<meta property=\"og:locale\" content=\"en_US\" \/>\n<meta property=\"og:type\" content=\"article\" \/>\n<meta property=\"og:title\" content=\"Aventure 126 | Katag\" \/>\n<meta property=\"og:description\" content=\"Vous attendez quelques minutes et puis un nouveau wagon arrive. Vous embarquez, vous vous assoyez et les wagons sph\u00e9riques reprennent leur chemin. Vous arrivez bient\u00f4t \u00e0 une autre station o\u00f9 vous pouvez y lire Transkara 1 fin de la ligne. En regardant aux alentours, vous pouvez voir un \u00e9norme chapiteau. Comme c\u2019est la fin de la ligne, vous n\u2019avez d\u2019autre choix que de sortir. Vous avancez rapidement en direction du chapiteau et vous y arrivez alors que la musique devient de plus en plus forte.\" \/>\n<meta property=\"og:url\" content=\"https:\/\/www.katag.ca\/aventure-126\/\" \/>\n<meta property=\"og:site_name\" content=\"Katag\" \/>\n<meta property=\"article:publisher\" content=\"https:\/\/www.facebook.com\/Katag.ca\" \/>\n<meta property=\"article:modified_time\" content=\"2015-01-08T18:42:32+00:00\" \/>\n<meta name=\"twitter:card\" content=\"summary_large_image\" \/>\n<meta name=\"twitter:label1\" content=\"Est. reading time\" \/>\n\t<meta name=\"twitter:data1\" content=\"1 minute\" \/>\n<script type=\"application\/ld+json\" class=\"yoast-schema-graph\">{\"@context\":\"https:\/\/schema.org\",\"@graph\":[{\"@type\":\"WebPage\",\"@id\":\"https:\/\/www.katag.ca\/aventure-126\/\",\"url\":\"https:\/\/www.katag.ca\/aventure-126\/\",\"name\":\"Aventure 126 | Katag\",\"isPartOf\":{\"@id\":\"https:\/\/www.katag.ca\/#website\"},\"datePublished\":\"2015-01-06T18:02:42+00:00\",\"dateModified\":\"2015-01-08T18:42:32+00:00\",\"breadcrumb\":{\"@id\":\"https:\/\/www.katag.ca\/aventure-126\/#breadcrumb\"},\"inLanguage\":\"en-US\",\"potentialAction\":[{\"@type\":\"ReadAction\",\"target\":[\"https:\/\/www.katag.ca\/aventure-126\/\"]}]},{\"@type\":\"BreadcrumbList\",\"@id\":\"https:\/\/www.katag.ca\/aventure-126\/#breadcrumb\",\"itemListElement\":[{\"@type\":\"ListItem\",\"position\":1,\"name\":\"Accueil\",\"item\":\"https:\/\/www.katag.ca\/\"},{\"@type\":\"ListItem\",\"position\":2,\"name\":\"Aventure 126\"}]},{\"@type\":\"WebSite\",\"@id\":\"https:\/\/www.katag.ca\/#website\",\"url\":\"https:\/\/www.katag.ca\/\",\"name\":\"Katag\",\"description\":\"LE jeu d'&eacute;p&eacute;es-mousse\",\"publisher\":{\"@id\":\"https:\/\/www.katag.ca\/#organization\"},\"potentialAction\":[{\"@type\":\"SearchAction\",\"target\":{\"@type\":\"EntryPoint\",\"urlTemplate\":\"https:\/\/www.katag.ca\/?s={search_term_string}\"},\"query-input\":{\"@type\":\"PropertyValueSpecification\",\"valueRequired\":true,\"valueName\":\"search_term_string\"}}],\"inLanguage\":\"en-US\"},{\"@type\":\"Organization\",\"@id\":\"https:\/\/www.katag.ca\/#organization\",\"name\":\"Katag\",\"url\":\"https:\/\/www.katag.ca\/\",\"logo\":{\"@type\":\"ImageObject\",\"inLanguage\":\"en-US\",\"@id\":\"https:\/\/www.katag.ca\/#\/schema\/logo\/image\/\",\"url\":\"https:\/\/www.katag.ca\/wp-content\/uploads\/2021\/03\/logo-fr.png\",\"contentUrl\":\"https:\/\/www.katag.ca\/wp-content\/uploads\/2021\/03\/logo-fr.png\",\"width\":338,\"height\":173,\"caption\":\"Katag\"},\"image\":{\"@id\":\"https:\/\/www.katag.ca\/#\/schema\/logo\/image\/\"},\"sameAs\":[\"https:\/\/www.facebook.com\/Katag.ca\"]}]}<\/script>\n<!-- \/ Yoast SEO plugin. -->","yoast_head_json":{"title":"Aventure 126 | Katag","robots":{"index":"index","follow":"follow","max-snippet":"max-snippet:-1","max-image-preview":"max-image-preview:large","max-video-preview":"max-video-preview:-1"},"canonical":"https:\/\/www.katag.ca\/aventure-126\/","og_locale":"en_US","og_type":"article","og_title":"Aventure 126 | Katag","og_description":"Vous attendez quelques minutes et puis un nouveau wagon arrive. Vous embarquez, vous vous assoyez et les wagons sph\u00e9riques reprennent leur chemin. Vous arrivez bient\u00f4t \u00e0 une autre station o\u00f9 vous pouvez y lire Transkara 1 fin de la ligne. En regardant aux alentours, vous pouvez voir un \u00e9norme chapiteau. Comme c\u2019est la fin de la ligne, vous n\u2019avez d\u2019autre choix que de sortir. Vous avancez rapidement en direction du chapiteau et vous y arrivez alors que la musique devient de plus en plus forte.","og_url":"https:\/\/www.katag.ca\/aventure-126\/","og_site_name":"Katag","article_publisher":"https:\/\/www.facebook.com\/Katag.ca","article_modified_time":"2015-01-08T18:42:32+00:00","twitter_card":"summary_large_image","twitter_misc":{"Est. reading time":"1 minute"},"schema":{"@context":"https:\/\/schema.org","@graph":[{"@type":"WebPage","@id":"https:\/\/www.katag.ca\/aventure-126\/","url":"https:\/\/www.katag.ca\/aventure-126\/","name":"Aventure 126 | Katag","isPartOf":{"@id":"https:\/\/www.katag.ca\/#website"},"datePublished":"2015-01-06T18:02:42+00:00","dateModified":"2015-01-08T18:42:32+00:00","breadcrumb":{"@id":"https:\/\/www.katag.ca\/aventure-126\/#breadcrumb"},"inLanguage":"en-US","potentialAction":[{"@type":"ReadAction","target":["https:\/\/www.katag.ca\/aventure-126\/"]}]},{"@type":"BreadcrumbList","@id":"https:\/\/www.katag.ca\/aventure-126\/#breadcrumb","itemListElement":[{"@type":"ListItem","position":1,"name":"Accueil","item":"https:\/\/www.katag.ca\/"},{"@type":"ListItem","position":2,"name":"Aventure 126"}]},{"@type":"WebSite","@id":"https:\/\/www.katag.ca\/#website","url":"https:\/\/www.katag.ca\/","name":"Katag","description":"LE jeu d'&eacute;p&eacute;es-mousse","publisher":{"@id":"https:\/\/www.katag.ca\/#organization"},"potentialAction":[{"@type":"SearchAction","target":{"@type":"EntryPoint","urlTemplate":"https:\/\/www.katag.ca\/?s={search_term_string}"},"query-input":{"@type":"PropertyValueSpecification","valueRequired":true,"valueName":"search_term_string"}}],"inLanguage":"en-US"},{"@type":"Organization","@id":"https:\/\/www.katag.ca\/#organization","name":"Katag","url":"https:\/\/www.katag.ca\/","logo":{"@type":"ImageObject","inLanguage":"en-US","@id":"https:\/\/www.katag.ca\/#\/schema\/logo\/image\/","url":"https:\/\/www.katag.ca\/wp-content\/uploads\/2021\/03\/logo-fr.png","contentUrl":"https:\/\/www.katag.ca\/wp-content\/uploads\/2021\/03\/logo-fr.png","width":338,"height":173,"caption":"Katag"},"image":{"@id":"https:\/\/www.katag.ca\/#\/schema\/logo\/image\/"},"sameAs":["https:\/\/www.facebook.com\/Katag.ca"]}]}},"_links":{"self":[{"href":"https:\/\/www.katag.ca\/en\/wp-json\/wp\/v2\/pages\/1223","targetHints":{"allow":["GET"]}}],"collection":[{"href":"https:\/\/www.katag.ca\/en\/wp-json\/wp\/v2\/pages"}],"about":[{"href":"https:\/\/www.katag.ca\/en\/wp-json\/wp\/v2\/types\/page"}],"author":[{"embeddable":true,"href":"https:\/\/www.katag.ca\/en\/wp-json\/wp\/v2\/users\/2"}],"replies":[{"embeddable":true,"href":"https:\/\/www.katag.ca\/en\/wp-json\/wp\/v2\/comments?post=1223"}],"version-history":[{"count":2,"href":"https:\/\/www.katag.ca\/en\/wp-json\/wp\/v2\/pages\/1223\/revisions"}],"predecessor-version":[{"id":1844,"href":"https:\/\/www.katag.ca\/en\/wp-json\/wp\/v2\/pages\/1223\/revisions\/1844"}],"wp:attachment":[{"href":"https:\/\/www.katag.ca\/en\/wp-json\/wp\/v2\/media?parent=1223"}],"curies":[{"name":"wp","href":"https:\/\/api.w.org\/{rel}","templated":true}]}}