{"id":1239,"date":"2015-01-06T18:07:27","date_gmt":"2015-01-06T18:07:27","guid":{"rendered":"http:\/\/www.boutiquekatag.com\/?page_id=1239"},"modified":"2015-01-08T18:51:56","modified_gmt":"2015-01-08T18:51:56","slug":"aventure-136","status":"publish","type":"page","link":"https:\/\/www.katag.ca\/en\/aventure-136\/","title":{"rendered":"Aventure 136"},"content":{"rendered":"<p>Les ossements tombent sur le sol avec fracas. Vous ne comprenez pas tr\u00e8s bien comment le squelette pouvait tenir debout. En regardant les ossements, vous d\u00e9couvrez qu\u2019ils \u00e9taient retenus en place par des ficelles. Vous avez donc affront\u00e9 une cr\u00e9ature inanim\u00e9e probablement destin\u00e9e \u00e0 intimider les petits curieux comme vous. En faisant le tour de la pi\u00e8ce, vous d\u00e9duisez d\u2019ailleurs facilement \u00e0 quoi servait le squelette. Le tr\u00e9sor des pirates se trouve ici! Il y a autour de vous abondance de richesses, mais, conscient que vous n\u2019\u00eates pas un voleur, vous d\u00e9cidez de ne rien toucher et quittez le navire pour vous diriger vers la bande d\u2019adolescents que vous aviez aper\u00e7us lors de votre arriv\u00e9e.<\/p>\n<div class=\"btn-container  align-center\"><a class=\"organic-btn  dark-blue-btn small-btn  align-center\" href=\"http:\/\/www.katag.ca\/aventure-193\/\"><span class=\"btn-holder\">Cliquez ici pour continuer<\/span><\/a><\/div>\n","protected":false},"excerpt":{"rendered":"<p>Les ossements tombent sur le sol avec fracas. Vous ne comprenez pas tr\u00e8s bien comment le squelette pouvait tenir debout. En regardant les ossements, vous d\u00e9couvrez qu\u2019ils \u00e9taient retenus en place par des ficelles. Vous avez donc affront\u00e9 une cr\u00e9ature inanim\u00e9e probablement destin\u00e9e \u00e0 intimider les petits curieux comme vous. En faisant le tour de la pi\u00e8ce, vous d\u00e9duisez d\u2019ailleurs facilement \u00e0 quoi servait le squelette. Le tr\u00e9sor des pirates se trouve ici! Il y a autour de vous abondance de richesses, mais, conscient que vous n\u2019\u00eates pas&#8230;<\/p>\n","protected":false},"author":2,"featured_media":0,"parent":0,"menu_order":0,"comment_status":"closed","ping_status":"closed","template":"","meta":{"footnotes":""},"class_list":["post-1239","page","type-page","status-publish","hentry"],"yoast_head":"<!-- This site is optimized with the Yoast SEO plugin v27.5 - https:\/\/yoast.com\/product\/yoast-seo-wordpress\/ -->\n<title>Aventure 136 | Katag<\/title>\n<meta name=\"robots\" content=\"index, follow, max-snippet:-1, max-image-preview:large, max-video-preview:-1\" \/>\n<link rel=\"canonical\" href=\"https:\/\/www.katag.ca\/aventure-136\/\" \/>\n<meta property=\"og:locale\" content=\"en_US\" \/>\n<meta property=\"og:type\" content=\"article\" \/>\n<meta property=\"og:title\" content=\"Aventure 136 | Katag\" \/>\n<meta property=\"og:description\" content=\"Les ossements tombent sur le sol avec fracas. Vous ne comprenez pas tr\u00e8s bien comment le squelette pouvait tenir debout. En regardant les ossements, vous d\u00e9couvrez qu\u2019ils \u00e9taient retenus en place par des ficelles. Vous avez donc affront\u00e9 une cr\u00e9ature inanim\u00e9e probablement destin\u00e9e \u00e0 intimider les petits curieux comme vous. En faisant le tour de la pi\u00e8ce, vous d\u00e9duisez d\u2019ailleurs facilement \u00e0 quoi servait le squelette. Le tr\u00e9sor des pirates se trouve ici! Il y a autour de vous abondance de richesses, mais, conscient que vous n\u2019\u00eates pas...\" \/>\n<meta property=\"og:url\" content=\"https:\/\/www.katag.ca\/aventure-136\/\" \/>\n<meta property=\"og:site_name\" content=\"Katag\" \/>\n<meta property=\"article:publisher\" content=\"https:\/\/www.facebook.com\/Katag.ca\" \/>\n<meta property=\"article:modified_time\" content=\"2015-01-08T18:51:56+00:00\" \/>\n<meta name=\"twitter:card\" content=\"summary_large_image\" \/>\n<meta name=\"twitter:label1\" content=\"Est. reading time\" \/>\n\t<meta name=\"twitter:data1\" content=\"1 minute\" \/>\n<script type=\"application\/ld+json\" class=\"yoast-schema-graph\">{\"@context\":\"https:\\\/\\\/schema.org\",\"@graph\":[{\"@type\":\"WebPage\",\"@id\":\"https:\\\/\\\/www.katag.ca\\\/aventure-136\\\/\",\"url\":\"https:\\\/\\\/www.katag.ca\\\/aventure-136\\\/\",\"name\":\"Aventure 136 | Katag\",\"isPartOf\":{\"@id\":\"https:\\\/\\\/www.katag.ca\\\/#website\"},\"datePublished\":\"2015-01-06T18:07:27+00:00\",\"dateModified\":\"2015-01-08T18:51:56+00:00\",\"breadcrumb\":{\"@id\":\"https:\\\/\\\/www.katag.ca\\\/aventure-136\\\/#breadcrumb\"},\"inLanguage\":\"en-US\",\"potentialAction\":[{\"@type\":\"ReadAction\",\"target\":[\"https:\\\/\\\/www.katag.ca\\\/aventure-136\\\/\"]}]},{\"@type\":\"BreadcrumbList\",\"@id\":\"https:\\\/\\\/www.katag.ca\\\/aventure-136\\\/#breadcrumb\",\"itemListElement\":[{\"@type\":\"ListItem\",\"position\":1,\"name\":\"Accueil\",\"item\":\"https:\\\/\\\/www.katag.ca\\\/\"},{\"@type\":\"ListItem\",\"position\":2,\"name\":\"Aventure 136\"}]},{\"@type\":\"WebSite\",\"@id\":\"https:\\\/\\\/www.katag.ca\\\/#website\",\"url\":\"https:\\\/\\\/www.katag.ca\\\/\",\"name\":\"Katag\",\"description\":\"LE jeu d'&eacute;p&eacute;es-mousse\",\"publisher\":{\"@id\":\"https:\\\/\\\/www.katag.ca\\\/#organization\"},\"potentialAction\":[{\"@type\":\"SearchAction\",\"target\":{\"@type\":\"EntryPoint\",\"urlTemplate\":\"https:\\\/\\\/www.katag.ca\\\/?s={search_term_string}\"},\"query-input\":{\"@type\":\"PropertyValueSpecification\",\"valueRequired\":true,\"valueName\":\"search_term_string\"}}],\"inLanguage\":\"en-US\"},{\"@type\":\"Organization\",\"@id\":\"https:\\\/\\\/www.katag.ca\\\/#organization\",\"name\":\"Katag\",\"url\":\"https:\\\/\\\/www.katag.ca\\\/\",\"logo\":{\"@type\":\"ImageObject\",\"inLanguage\":\"en-US\",\"@id\":\"https:\\\/\\\/www.katag.ca\\\/#\\\/schema\\\/logo\\\/image\\\/\",\"url\":\"https:\\\/\\\/www.katag.ca\\\/wp-content\\\/uploads\\\/2021\\\/03\\\/logo-fr.png\",\"contentUrl\":\"https:\\\/\\\/www.katag.ca\\\/wp-content\\\/uploads\\\/2021\\\/03\\\/logo-fr.png\",\"width\":338,\"height\":173,\"caption\":\"Katag\"},\"image\":{\"@id\":\"https:\\\/\\\/www.katag.ca\\\/#\\\/schema\\\/logo\\\/image\\\/\"},\"sameAs\":[\"https:\\\/\\\/www.facebook.com\\\/Katag.ca\"]}]}<\/script>\n<!-- \/ Yoast SEO plugin. -->","yoast_head_json":{"title":"Aventure 136 | Katag","robots":{"index":"index","follow":"follow","max-snippet":"max-snippet:-1","max-image-preview":"max-image-preview:large","max-video-preview":"max-video-preview:-1"},"canonical":"https:\/\/www.katag.ca\/aventure-136\/","og_locale":"en_US","og_type":"article","og_title":"Aventure 136 | Katag","og_description":"Les ossements tombent sur le sol avec fracas. Vous ne comprenez pas tr\u00e8s bien comment le squelette pouvait tenir debout. En regardant les ossements, vous d\u00e9couvrez qu\u2019ils \u00e9taient retenus en place par des ficelles. Vous avez donc affront\u00e9 une cr\u00e9ature inanim\u00e9e probablement destin\u00e9e \u00e0 intimider les petits curieux comme vous. En faisant le tour de la pi\u00e8ce, vous d\u00e9duisez d\u2019ailleurs facilement \u00e0 quoi servait le squelette. Le tr\u00e9sor des pirates se trouve ici! Il y a autour de vous abondance de richesses, mais, conscient que vous n\u2019\u00eates pas...","og_url":"https:\/\/www.katag.ca\/aventure-136\/","og_site_name":"Katag","article_publisher":"https:\/\/www.facebook.com\/Katag.ca","article_modified_time":"2015-01-08T18:51:56+00:00","twitter_card":"summary_large_image","twitter_misc":{"Est. reading time":"1 minute"},"schema":{"@context":"https:\/\/schema.org","@graph":[{"@type":"WebPage","@id":"https:\/\/www.katag.ca\/aventure-136\/","url":"https:\/\/www.katag.ca\/aventure-136\/","name":"Aventure 136 | Katag","isPartOf":{"@id":"https:\/\/www.katag.ca\/#website"},"datePublished":"2015-01-06T18:07:27+00:00","dateModified":"2015-01-08T18:51:56+00:00","breadcrumb":{"@id":"https:\/\/www.katag.ca\/aventure-136\/#breadcrumb"},"inLanguage":"en-US","potentialAction":[{"@type":"ReadAction","target":["https:\/\/www.katag.ca\/aventure-136\/"]}]},{"@type":"BreadcrumbList","@id":"https:\/\/www.katag.ca\/aventure-136\/#breadcrumb","itemListElement":[{"@type":"ListItem","position":1,"name":"Accueil","item":"https:\/\/www.katag.ca\/"},{"@type":"ListItem","position":2,"name":"Aventure 136"}]},{"@type":"WebSite","@id":"https:\/\/www.katag.ca\/#website","url":"https:\/\/www.katag.ca\/","name":"Katag","description":"LE jeu d'&eacute;p&eacute;es-mousse","publisher":{"@id":"https:\/\/www.katag.ca\/#organization"},"potentialAction":[{"@type":"SearchAction","target":{"@type":"EntryPoint","urlTemplate":"https:\/\/www.katag.ca\/?s={search_term_string}"},"query-input":{"@type":"PropertyValueSpecification","valueRequired":true,"valueName":"search_term_string"}}],"inLanguage":"en-US"},{"@type":"Organization","@id":"https:\/\/www.katag.ca\/#organization","name":"Katag","url":"https:\/\/www.katag.ca\/","logo":{"@type":"ImageObject","inLanguage":"en-US","@id":"https:\/\/www.katag.ca\/#\/schema\/logo\/image\/","url":"https:\/\/www.katag.ca\/wp-content\/uploads\/2021\/03\/logo-fr.png","contentUrl":"https:\/\/www.katag.ca\/wp-content\/uploads\/2021\/03\/logo-fr.png","width":338,"height":173,"caption":"Katag"},"image":{"@id":"https:\/\/www.katag.ca\/#\/schema\/logo\/image\/"},"sameAs":["https:\/\/www.facebook.com\/Katag.ca"]}]}},"_links":{"self":[{"href":"https:\/\/www.katag.ca\/en\/wp-json\/wp\/v2\/pages\/1239","targetHints":{"allow":["GET"]}}],"collection":[{"href":"https:\/\/www.katag.ca\/en\/wp-json\/wp\/v2\/pages"}],"about":[{"href":"https:\/\/www.katag.ca\/en\/wp-json\/wp\/v2\/types\/page"}],"author":[{"embeddable":true,"href":"https:\/\/www.katag.ca\/en\/wp-json\/wp\/v2\/users\/2"}],"replies":[{"embeddable":true,"href":"https:\/\/www.katag.ca\/en\/wp-json\/wp\/v2\/comments?post=1239"}],"version-history":[{"count":2,"href":"https:\/\/www.katag.ca\/en\/wp-json\/wp\/v2\/pages\/1239\/revisions"}],"predecessor-version":[{"id":1854,"href":"https:\/\/www.katag.ca\/en\/wp-json\/wp\/v2\/pages\/1239\/revisions\/1854"}],"wp:attachment":[{"href":"https:\/\/www.katag.ca\/en\/wp-json\/wp\/v2\/media?parent=1239"}],"curies":[{"name":"wp","href":"https:\/\/api.w.org\/{rel}","templated":true}]}}