{"id":1245,"date":"2015-01-06T18:12:20","date_gmt":"2015-01-06T18:12:20","guid":{"rendered":"http:\/\/www.boutiquekatag.com\/?page_id=1245"},"modified":"2015-01-08T18:57:24","modified_gmt":"2015-01-08T18:57:24","slug":"aventure-139","status":"publish","type":"page","link":"https:\/\/www.katag.ca\/en\/aventure-139\/","title":{"rendered":"Aventure 139"},"content":{"rendered":"<p>\u00ab Je savais que nous pourrions compter sur vous! Sachez que nous appr\u00e9cions grandement ce que vous faites et que nous saurons vous remercier en cons\u00e9quence si vous r\u00e9ussissez votre mission. De plus, vous serez toujours le bienvenu \u00e0 Manifeste! \u00c0 partir de maintenant, vous pourrez acc\u00e9der \u00e0 tous les endroits que vous jugerez n\u00e9cessaires de visiter dans la poursuite de votre qu\u00eate. Toutefois, soyez conscient que des dangers vous guetteront partout. Il est possible que des agents des Immortels aient \u00e9t\u00e9 avertis de votre arriv\u00e9e et qu\u2019ils tentent de vous mettre des b\u00e2tons dans les roues. Ils tenteront parfois de vous mettre sur de fausses pistes. D\u2019autres fois, ils tenteront de vous barrer la route. Finalement, il est possible qu\u2019ils vous m\u00e8nent directement vers des cauchemars en libert\u00e9. Vous devrez donc faire preuve de courage et de sang-froid. Nous vous remettons \u00e9galement un manocom sp\u00e9cial que vous porterez \u00e0 votre poignet. Celui-ci vous permettra parfois de communiquer avec nous, mais il vous permettra surtout de pouvoir demeurer \u00e0 Manifeste pour une plus longue p\u00e9riode de temps, le temps \u00e9tant relatif par ici. En effet, sans ce dispositif, vous ne seriez jamais en mesure de terminer votre qu\u00eate \u00e0 l\u2019int\u00e9rieur d\u2019une seule nuit! Finalement, vous pourrez l\u2019utiliser pour d\u2019autres t\u00e2ches, qui vous seront transmises au fur et \u00e0 mesure que votre qu\u00eate progressera. Et maintenant, avant de commencer, vous devrez faire votre choix d\u2019armes. Voici les choix qui s\u2019offrent \u00e0 vous ainsi que les avantages qu\u2019ils vous donnent :<\/p>\n<ul>\n<li><strong>Dagues :<\/strong> +1 attaque, -1 contre des cr\u00e9atures volantes.<\/li>\n<li><strong>\u00c9p\u00e9es courtes :<\/strong> + 2 attaque, -1 contre des cr\u00e9atures volantes.<\/li>\n<li><strong>\u00c9p\u00e9e moyenne :<\/strong> + 2 attaque.<\/li>\n<li><strong>Grande \u00e9p\u00e9e :<\/strong> +2 attaque, +2 endurance.<\/li>\n<li><strong>Double lame :<\/strong> +1 attaque, +1 endurance.<\/li>\n<li><strong>Lance :<\/strong> +3 attaque.<\/li>\n<\/ul>\n<p>Prenez note que chaque \u00e9p\u00e9e poss\u00e8de ses avantages et ses inconv\u00e9nients. Essayez de faire un choix judicieux! \u00bb<\/p>\n<p>Vous devez donc faire votre choix et l\u2019inscrire sur votre feuille de route dans la cat\u00e9gorie armes avec ses attributs.<\/p>\n<p>&nbsp;<\/p>\n<div class=\"btn-container  align-center\"><a class=\"organic-btn  dark-blue-btn small-btn  align-center\" href=\"http:\/\/www.katag.ca\/aventure-125\/\"><span class=\"btn-holder\">Lorsque vous aurez s\u00e9lectionn\u00e9 votre arme, cliquez ici pour continuer<\/span><\/a><\/div>\n","protected":false},"excerpt":{"rendered":"<p>\u00ab Je savais que nous pourrions compter sur vous! Sachez que nous appr\u00e9cions grandement ce que vous faites et que nous saurons vous remercier en cons\u00e9quence si vous r\u00e9ussissez votre mission. De plus, vous serez toujours le bienvenu \u00e0 Manifeste! \u00c0 partir de maintenant, vous pourrez acc\u00e9der \u00e0 tous les endroits que vous jugerez n\u00e9cessaires de visiter dans la poursuite de votre qu\u00eate. Toutefois, soyez conscient que des dangers vous guetteront partout. Il est possible que des agents des Immortels aient \u00e9t\u00e9 avertis de votre arriv\u00e9e et qu\u2019ils&#8230;<\/p>\n","protected":false},"author":2,"featured_media":0,"parent":0,"menu_order":0,"comment_status":"closed","ping_status":"closed","template":"","meta":{"footnotes":""},"class_list":["post-1245","page","type-page","status-publish","hentry"],"yoast_head":"<!-- This site is optimized with the Yoast SEO plugin v27.5 - https:\/\/yoast.com\/product\/yoast-seo-wordpress\/ -->\n<title>Aventure 139 | Katag<\/title>\n<meta name=\"robots\" content=\"index, follow, max-snippet:-1, max-image-preview:large, max-video-preview:-1\" \/>\n<link rel=\"canonical\" href=\"https:\/\/www.katag.ca\/aventure-139\/\" \/>\n<meta property=\"og:locale\" content=\"en_US\" \/>\n<meta property=\"og:type\" content=\"article\" \/>\n<meta property=\"og:title\" content=\"Aventure 139 | Katag\" \/>\n<meta property=\"og:description\" content=\"\u00ab Je savais que nous pourrions compter sur vous! Sachez que nous appr\u00e9cions grandement ce que vous faites et que nous saurons vous remercier en cons\u00e9quence si vous r\u00e9ussissez votre mission. De plus, vous serez toujours le bienvenu \u00e0 Manifeste! \u00c0 partir de maintenant, vous pourrez acc\u00e9der \u00e0 tous les endroits que vous jugerez n\u00e9cessaires de visiter dans la poursuite de votre qu\u00eate. Toutefois, soyez conscient que des dangers vous guetteront partout. Il est possible que des agents des Immortels aient \u00e9t\u00e9 avertis de votre arriv\u00e9e et qu\u2019ils...\" \/>\n<meta property=\"og:url\" content=\"https:\/\/www.katag.ca\/aventure-139\/\" \/>\n<meta property=\"og:site_name\" content=\"Katag\" \/>\n<meta property=\"article:publisher\" content=\"https:\/\/www.facebook.com\/Katag.ca\" \/>\n<meta property=\"article:modified_time\" content=\"2015-01-08T18:57:24+00:00\" \/>\n<meta name=\"twitter:card\" content=\"summary_large_image\" \/>\n<meta name=\"twitter:label1\" content=\"Est. reading time\" \/>\n\t<meta name=\"twitter:data1\" content=\"2 minutes\" \/>\n<script type=\"application\/ld+json\" class=\"yoast-schema-graph\">{\"@context\":\"https:\\\/\\\/schema.org\",\"@graph\":[{\"@type\":\"WebPage\",\"@id\":\"https:\\\/\\\/www.katag.ca\\\/aventure-139\\\/\",\"url\":\"https:\\\/\\\/www.katag.ca\\\/aventure-139\\\/\",\"name\":\"Aventure 139 | Katag\",\"isPartOf\":{\"@id\":\"https:\\\/\\\/www.katag.ca\\\/#website\"},\"datePublished\":\"2015-01-06T18:12:20+00:00\",\"dateModified\":\"2015-01-08T18:57:24+00:00\",\"breadcrumb\":{\"@id\":\"https:\\\/\\\/www.katag.ca\\\/aventure-139\\\/#breadcrumb\"},\"inLanguage\":\"en-US\",\"potentialAction\":[{\"@type\":\"ReadAction\",\"target\":[\"https:\\\/\\\/www.katag.ca\\\/aventure-139\\\/\"]}]},{\"@type\":\"BreadcrumbList\",\"@id\":\"https:\\\/\\\/www.katag.ca\\\/aventure-139\\\/#breadcrumb\",\"itemListElement\":[{\"@type\":\"ListItem\",\"position\":1,\"name\":\"Accueil\",\"item\":\"https:\\\/\\\/www.katag.ca\\\/\"},{\"@type\":\"ListItem\",\"position\":2,\"name\":\"Aventure 139\"}]},{\"@type\":\"WebSite\",\"@id\":\"https:\\\/\\\/www.katag.ca\\\/#website\",\"url\":\"https:\\\/\\\/www.katag.ca\\\/\",\"name\":\"Katag\",\"description\":\"LE jeu d'&eacute;p&eacute;es-mousse\",\"publisher\":{\"@id\":\"https:\\\/\\\/www.katag.ca\\\/#organization\"},\"potentialAction\":[{\"@type\":\"SearchAction\",\"target\":{\"@type\":\"EntryPoint\",\"urlTemplate\":\"https:\\\/\\\/www.katag.ca\\\/?s={search_term_string}\"},\"query-input\":{\"@type\":\"PropertyValueSpecification\",\"valueRequired\":true,\"valueName\":\"search_term_string\"}}],\"inLanguage\":\"en-US\"},{\"@type\":\"Organization\",\"@id\":\"https:\\\/\\\/www.katag.ca\\\/#organization\",\"name\":\"Katag\",\"url\":\"https:\\\/\\\/www.katag.ca\\\/\",\"logo\":{\"@type\":\"ImageObject\",\"inLanguage\":\"en-US\",\"@id\":\"https:\\\/\\\/www.katag.ca\\\/#\\\/schema\\\/logo\\\/image\\\/\",\"url\":\"https:\\\/\\\/www.katag.ca\\\/wp-content\\\/uploads\\\/2021\\\/03\\\/logo-fr.png\",\"contentUrl\":\"https:\\\/\\\/www.katag.ca\\\/wp-content\\\/uploads\\\/2021\\\/03\\\/logo-fr.png\",\"width\":338,\"height\":173,\"caption\":\"Katag\"},\"image\":{\"@id\":\"https:\\\/\\\/www.katag.ca\\\/#\\\/schema\\\/logo\\\/image\\\/\"},\"sameAs\":[\"https:\\\/\\\/www.facebook.com\\\/Katag.ca\"]}]}<\/script>\n<!-- \/ Yoast SEO plugin. -->","yoast_head_json":{"title":"Aventure 139 | Katag","robots":{"index":"index","follow":"follow","max-snippet":"max-snippet:-1","max-image-preview":"max-image-preview:large","max-video-preview":"max-video-preview:-1"},"canonical":"https:\/\/www.katag.ca\/aventure-139\/","og_locale":"en_US","og_type":"article","og_title":"Aventure 139 | Katag","og_description":"\u00ab Je savais que nous pourrions compter sur vous! Sachez que nous appr\u00e9cions grandement ce que vous faites et que nous saurons vous remercier en cons\u00e9quence si vous r\u00e9ussissez votre mission. De plus, vous serez toujours le bienvenu \u00e0 Manifeste! \u00c0 partir de maintenant, vous pourrez acc\u00e9der \u00e0 tous les endroits que vous jugerez n\u00e9cessaires de visiter dans la poursuite de votre qu\u00eate. Toutefois, soyez conscient que des dangers vous guetteront partout. Il est possible que des agents des Immortels aient \u00e9t\u00e9 avertis de votre arriv\u00e9e et qu\u2019ils...","og_url":"https:\/\/www.katag.ca\/aventure-139\/","og_site_name":"Katag","article_publisher":"https:\/\/www.facebook.com\/Katag.ca","article_modified_time":"2015-01-08T18:57:24+00:00","twitter_card":"summary_large_image","twitter_misc":{"Est. reading time":"2 minutes"},"schema":{"@context":"https:\/\/schema.org","@graph":[{"@type":"WebPage","@id":"https:\/\/www.katag.ca\/aventure-139\/","url":"https:\/\/www.katag.ca\/aventure-139\/","name":"Aventure 139 | Katag","isPartOf":{"@id":"https:\/\/www.katag.ca\/#website"},"datePublished":"2015-01-06T18:12:20+00:00","dateModified":"2015-01-08T18:57:24+00:00","breadcrumb":{"@id":"https:\/\/www.katag.ca\/aventure-139\/#breadcrumb"},"inLanguage":"en-US","potentialAction":[{"@type":"ReadAction","target":["https:\/\/www.katag.ca\/aventure-139\/"]}]},{"@type":"BreadcrumbList","@id":"https:\/\/www.katag.ca\/aventure-139\/#breadcrumb","itemListElement":[{"@type":"ListItem","position":1,"name":"Accueil","item":"https:\/\/www.katag.ca\/"},{"@type":"ListItem","position":2,"name":"Aventure 139"}]},{"@type":"WebSite","@id":"https:\/\/www.katag.ca\/#website","url":"https:\/\/www.katag.ca\/","name":"Katag","description":"LE jeu d'&eacute;p&eacute;es-mousse","publisher":{"@id":"https:\/\/www.katag.ca\/#organization"},"potentialAction":[{"@type":"SearchAction","target":{"@type":"EntryPoint","urlTemplate":"https:\/\/www.katag.ca\/?s={search_term_string}"},"query-input":{"@type":"PropertyValueSpecification","valueRequired":true,"valueName":"search_term_string"}}],"inLanguage":"en-US"},{"@type":"Organization","@id":"https:\/\/www.katag.ca\/#organization","name":"Katag","url":"https:\/\/www.katag.ca\/","logo":{"@type":"ImageObject","inLanguage":"en-US","@id":"https:\/\/www.katag.ca\/#\/schema\/logo\/image\/","url":"https:\/\/www.katag.ca\/wp-content\/uploads\/2021\/03\/logo-fr.png","contentUrl":"https:\/\/www.katag.ca\/wp-content\/uploads\/2021\/03\/logo-fr.png","width":338,"height":173,"caption":"Katag"},"image":{"@id":"https:\/\/www.katag.ca\/#\/schema\/logo\/image\/"},"sameAs":["https:\/\/www.facebook.com\/Katag.ca"]}]}},"_links":{"self":[{"href":"https:\/\/www.katag.ca\/en\/wp-json\/wp\/v2\/pages\/1245","targetHints":{"allow":["GET"]}}],"collection":[{"href":"https:\/\/www.katag.ca\/en\/wp-json\/wp\/v2\/pages"}],"about":[{"href":"https:\/\/www.katag.ca\/en\/wp-json\/wp\/v2\/types\/page"}],"author":[{"embeddable":true,"href":"https:\/\/www.katag.ca\/en\/wp-json\/wp\/v2\/users\/2"}],"replies":[{"embeddable":true,"href":"https:\/\/www.katag.ca\/en\/wp-json\/wp\/v2\/comments?post=1245"}],"version-history":[{"count":2,"href":"https:\/\/www.katag.ca\/en\/wp-json\/wp\/v2\/pages\/1245\/revisions"}],"predecessor-version":[{"id":1858,"href":"https:\/\/www.katag.ca\/en\/wp-json\/wp\/v2\/pages\/1245\/revisions\/1858"}],"wp:attachment":[{"href":"https:\/\/www.katag.ca\/en\/wp-json\/wp\/v2\/media?parent=1245"}],"curies":[{"name":"wp","href":"https:\/\/api.w.org\/{rel}","templated":true}]}}