{"id":1247,"date":"2015-01-06T18:13:11","date_gmt":"2015-01-06T18:13:11","guid":{"rendered":"http:\/\/www.boutiquekatag.com\/?page_id=1247"},"modified":"2015-01-08T19:01:46","modified_gmt":"2015-01-08T19:01:46","slug":"aventure-140","status":"publish","type":"page","link":"https:\/\/www.katag.ca\/en\/aventure-140\/","title":{"rendered":"Aventure 140"},"content":{"rendered":"<p>Vous atterrissez en douceur. \u00ab Je te trouve tr\u00e8s brave d\u2019accepter une telle mission, je ne suis pas certain que j\u2019aurais ton courage! \u00bb, vous dit Maxlax apr\u00e8s vous avoir d\u00e9pos\u00e9 pr\u00e8s de l\u2019entrep\u00f4t. Vous constatez rapidement que l\u2019endroit semble \u00eatre d\u00e9saffect\u00e9. Toutefois, en vous approchant de la porte d\u2019entr\u00e9e, vous surprenez une conversation qui se tient \u00e0 l\u2019int\u00e9rieur : \u00ab Je ne comprends simplement pas comment peut-on avoir confi\u00e9 \u00e0 un enfant une mission aussi dangereuse! Nous, au moins, en tant que Katsa\u00ef, nous pourrions avoir une r\u00e9elle chance de capturer ce fichu cauchemar! \u00bb \u00ab Peut-\u00eatre Flando, mais tu sais qu\u2019au moins, lui, il ne risque pas sa vie, alors que nous, oui! \u00c7a ne sert \u00e0 rien de t\u2019\u00e9nerver comme \u00e7a, nous aurons nous aussi notre chance un jour. \u00bb<\/p>\n<p>Vous vous sentez un peu vex\u00e9 par les commentaires que vous venez d\u2019entendre, mais comprenez quand m\u00eame leurs opinions.<\/p>\n<div class=\"btn-container  align-center\"><a class=\"organic-btn  dark-blue-btn small-btn  align-center\" href=\"http:\/\/www.katag.ca\/aventure-143\/\"><span class=\"btn-holder\">Vous d\u00e9sirez entrer leur parler<\/span><\/a><\/div>\n<div class=\"btn-container  align-center\"><a class=\"organic-btn  dark-blue-btn small-btn  align-center\" href=\"http:\/\/www.katag.ca\/aventure-194\/\"><span class=\"btn-holder\">Vous pr\u00e9f\u00e9rez vous diriger vers le navire<\/span><\/a><\/div>\n<div class=\"btn-container  align-center\"><a class=\"organic-btn  dark-blue-btn small-btn  align-center\" href=\"http:\/\/www.katag.ca\/aventure-193\/\"><span class=\"btn-holder\">Vous choisissez de vous diriger vers la bande d\u2019adolescents<\/span><\/a><\/div>\n","protected":false},"excerpt":{"rendered":"<p>Vous atterrissez en douceur. \u00ab Je te trouve tr\u00e8s brave d\u2019accepter une telle mission, je ne suis pas certain que j\u2019aurais ton courage! \u00bb, vous dit Maxlax apr\u00e8s vous avoir d\u00e9pos\u00e9 pr\u00e8s de l\u2019entrep\u00f4t. Vous constatez rapidement que l\u2019endroit semble \u00eatre d\u00e9saffect\u00e9. Toutefois, en vous approchant de la porte d\u2019entr\u00e9e, vous surprenez une conversation qui se tient \u00e0 l\u2019int\u00e9rieur : \u00ab Je ne comprends simplement pas comment peut-on avoir confi\u00e9 \u00e0 un enfant une mission aussi dangereuse! Nous, au moins, en tant que Katsa\u00ef, nous pourrions avoir une&#8230;<\/p>\n","protected":false},"author":2,"featured_media":0,"parent":0,"menu_order":0,"comment_status":"closed","ping_status":"closed","template":"","meta":{"footnotes":""},"class_list":["post-1247","page","type-page","status-publish","hentry"],"yoast_head":"<!-- This site is optimized with the Yoast SEO plugin v27.5 - https:\/\/yoast.com\/product\/yoast-seo-wordpress\/ -->\n<title>Aventure 140 | Katag<\/title>\n<meta name=\"robots\" content=\"index, follow, max-snippet:-1, max-image-preview:large, max-video-preview:-1\" \/>\n<link rel=\"canonical\" href=\"https:\/\/www.katag.ca\/aventure-140\/\" \/>\n<meta property=\"og:locale\" content=\"en_US\" \/>\n<meta property=\"og:type\" content=\"article\" \/>\n<meta property=\"og:title\" content=\"Aventure 140 | Katag\" \/>\n<meta property=\"og:description\" content=\"Vous atterrissez en douceur. \u00ab Je te trouve tr\u00e8s brave d\u2019accepter une telle mission, je ne suis pas certain que j\u2019aurais ton courage! \u00bb, vous dit Maxlax apr\u00e8s vous avoir d\u00e9pos\u00e9 pr\u00e8s de l\u2019entrep\u00f4t. Vous constatez rapidement que l\u2019endroit semble \u00eatre d\u00e9saffect\u00e9. Toutefois, en vous approchant de la porte d\u2019entr\u00e9e, vous surprenez une conversation qui se tient \u00e0 l\u2019int\u00e9rieur : \u00ab Je ne comprends simplement pas comment peut-on avoir confi\u00e9 \u00e0 un enfant une mission aussi dangereuse! Nous, au moins, en tant que Katsa\u00ef, nous pourrions avoir une...\" \/>\n<meta property=\"og:url\" content=\"https:\/\/www.katag.ca\/aventure-140\/\" \/>\n<meta property=\"og:site_name\" content=\"Katag\" \/>\n<meta property=\"article:publisher\" content=\"https:\/\/www.facebook.com\/Katag.ca\" \/>\n<meta property=\"article:modified_time\" content=\"2015-01-08T19:01:46+00:00\" \/>\n<meta name=\"twitter:card\" content=\"summary_large_image\" \/>\n<meta name=\"twitter:label1\" content=\"Est. reading time\" \/>\n\t<meta name=\"twitter:data1\" content=\"1 minute\" \/>\n<script type=\"application\/ld+json\" class=\"yoast-schema-graph\">{\"@context\":\"https:\\\/\\\/schema.org\",\"@graph\":[{\"@type\":\"WebPage\",\"@id\":\"https:\\\/\\\/www.katag.ca\\\/aventure-140\\\/\",\"url\":\"https:\\\/\\\/www.katag.ca\\\/aventure-140\\\/\",\"name\":\"Aventure 140 | Katag\",\"isPartOf\":{\"@id\":\"https:\\\/\\\/www.katag.ca\\\/#website\"},\"datePublished\":\"2015-01-06T18:13:11+00:00\",\"dateModified\":\"2015-01-08T19:01:46+00:00\",\"breadcrumb\":{\"@id\":\"https:\\\/\\\/www.katag.ca\\\/aventure-140\\\/#breadcrumb\"},\"inLanguage\":\"en-US\",\"potentialAction\":[{\"@type\":\"ReadAction\",\"target\":[\"https:\\\/\\\/www.katag.ca\\\/aventure-140\\\/\"]}]},{\"@type\":\"BreadcrumbList\",\"@id\":\"https:\\\/\\\/www.katag.ca\\\/aventure-140\\\/#breadcrumb\",\"itemListElement\":[{\"@type\":\"ListItem\",\"position\":1,\"name\":\"Accueil\",\"item\":\"https:\\\/\\\/www.katag.ca\\\/\"},{\"@type\":\"ListItem\",\"position\":2,\"name\":\"Aventure 140\"}]},{\"@type\":\"WebSite\",\"@id\":\"https:\\\/\\\/www.katag.ca\\\/#website\",\"url\":\"https:\\\/\\\/www.katag.ca\\\/\",\"name\":\"Katag\",\"description\":\"LE jeu d'&eacute;p&eacute;es-mousse\",\"publisher\":{\"@id\":\"https:\\\/\\\/www.katag.ca\\\/#organization\"},\"potentialAction\":[{\"@type\":\"SearchAction\",\"target\":{\"@type\":\"EntryPoint\",\"urlTemplate\":\"https:\\\/\\\/www.katag.ca\\\/?s={search_term_string}\"},\"query-input\":{\"@type\":\"PropertyValueSpecification\",\"valueRequired\":true,\"valueName\":\"search_term_string\"}}],\"inLanguage\":\"en-US\"},{\"@type\":\"Organization\",\"@id\":\"https:\\\/\\\/www.katag.ca\\\/#organization\",\"name\":\"Katag\",\"url\":\"https:\\\/\\\/www.katag.ca\\\/\",\"logo\":{\"@type\":\"ImageObject\",\"inLanguage\":\"en-US\",\"@id\":\"https:\\\/\\\/www.katag.ca\\\/#\\\/schema\\\/logo\\\/image\\\/\",\"url\":\"https:\\\/\\\/www.katag.ca\\\/wp-content\\\/uploads\\\/2021\\\/03\\\/logo-fr.png\",\"contentUrl\":\"https:\\\/\\\/www.katag.ca\\\/wp-content\\\/uploads\\\/2021\\\/03\\\/logo-fr.png\",\"width\":338,\"height\":173,\"caption\":\"Katag\"},\"image\":{\"@id\":\"https:\\\/\\\/www.katag.ca\\\/#\\\/schema\\\/logo\\\/image\\\/\"},\"sameAs\":[\"https:\\\/\\\/www.facebook.com\\\/Katag.ca\"]}]}<\/script>\n<!-- \/ Yoast SEO plugin. -->","yoast_head_json":{"title":"Aventure 140 | Katag","robots":{"index":"index","follow":"follow","max-snippet":"max-snippet:-1","max-image-preview":"max-image-preview:large","max-video-preview":"max-video-preview:-1"},"canonical":"https:\/\/www.katag.ca\/aventure-140\/","og_locale":"en_US","og_type":"article","og_title":"Aventure 140 | Katag","og_description":"Vous atterrissez en douceur. \u00ab Je te trouve tr\u00e8s brave d\u2019accepter une telle mission, je ne suis pas certain que j\u2019aurais ton courage! \u00bb, vous dit Maxlax apr\u00e8s vous avoir d\u00e9pos\u00e9 pr\u00e8s de l\u2019entrep\u00f4t. Vous constatez rapidement que l\u2019endroit semble \u00eatre d\u00e9saffect\u00e9. Toutefois, en vous approchant de la porte d\u2019entr\u00e9e, vous surprenez une conversation qui se tient \u00e0 l\u2019int\u00e9rieur : \u00ab Je ne comprends simplement pas comment peut-on avoir confi\u00e9 \u00e0 un enfant une mission aussi dangereuse! Nous, au moins, en tant que Katsa\u00ef, nous pourrions avoir une...","og_url":"https:\/\/www.katag.ca\/aventure-140\/","og_site_name":"Katag","article_publisher":"https:\/\/www.facebook.com\/Katag.ca","article_modified_time":"2015-01-08T19:01:46+00:00","twitter_card":"summary_large_image","twitter_misc":{"Est. reading time":"1 minute"},"schema":{"@context":"https:\/\/schema.org","@graph":[{"@type":"WebPage","@id":"https:\/\/www.katag.ca\/aventure-140\/","url":"https:\/\/www.katag.ca\/aventure-140\/","name":"Aventure 140 | Katag","isPartOf":{"@id":"https:\/\/www.katag.ca\/#website"},"datePublished":"2015-01-06T18:13:11+00:00","dateModified":"2015-01-08T19:01:46+00:00","breadcrumb":{"@id":"https:\/\/www.katag.ca\/aventure-140\/#breadcrumb"},"inLanguage":"en-US","potentialAction":[{"@type":"ReadAction","target":["https:\/\/www.katag.ca\/aventure-140\/"]}]},{"@type":"BreadcrumbList","@id":"https:\/\/www.katag.ca\/aventure-140\/#breadcrumb","itemListElement":[{"@type":"ListItem","position":1,"name":"Accueil","item":"https:\/\/www.katag.ca\/"},{"@type":"ListItem","position":2,"name":"Aventure 140"}]},{"@type":"WebSite","@id":"https:\/\/www.katag.ca\/#website","url":"https:\/\/www.katag.ca\/","name":"Katag","description":"LE jeu d'&eacute;p&eacute;es-mousse","publisher":{"@id":"https:\/\/www.katag.ca\/#organization"},"potentialAction":[{"@type":"SearchAction","target":{"@type":"EntryPoint","urlTemplate":"https:\/\/www.katag.ca\/?s={search_term_string}"},"query-input":{"@type":"PropertyValueSpecification","valueRequired":true,"valueName":"search_term_string"}}],"inLanguage":"en-US"},{"@type":"Organization","@id":"https:\/\/www.katag.ca\/#organization","name":"Katag","url":"https:\/\/www.katag.ca\/","logo":{"@type":"ImageObject","inLanguage":"en-US","@id":"https:\/\/www.katag.ca\/#\/schema\/logo\/image\/","url":"https:\/\/www.katag.ca\/wp-content\/uploads\/2021\/03\/logo-fr.png","contentUrl":"https:\/\/www.katag.ca\/wp-content\/uploads\/2021\/03\/logo-fr.png","width":338,"height":173,"caption":"Katag"},"image":{"@id":"https:\/\/www.katag.ca\/#\/schema\/logo\/image\/"},"sameAs":["https:\/\/www.facebook.com\/Katag.ca"]}]}},"_links":{"self":[{"href":"https:\/\/www.katag.ca\/en\/wp-json\/wp\/v2\/pages\/1247","targetHints":{"allow":["GET"]}}],"collection":[{"href":"https:\/\/www.katag.ca\/en\/wp-json\/wp\/v2\/pages"}],"about":[{"href":"https:\/\/www.katag.ca\/en\/wp-json\/wp\/v2\/types\/page"}],"author":[{"embeddable":true,"href":"https:\/\/www.katag.ca\/en\/wp-json\/wp\/v2\/users\/2"}],"replies":[{"embeddable":true,"href":"https:\/\/www.katag.ca\/en\/wp-json\/wp\/v2\/comments?post=1247"}],"version-history":[{"count":3,"href":"https:\/\/www.katag.ca\/en\/wp-json\/wp\/v2\/pages\/1247\/revisions"}],"predecessor-version":[{"id":1862,"href":"https:\/\/www.katag.ca\/en\/wp-json\/wp\/v2\/pages\/1247\/revisions\/1862"}],"wp:attachment":[{"href":"https:\/\/www.katag.ca\/en\/wp-json\/wp\/v2\/media?parent=1247"}],"curies":[{"name":"wp","href":"https:\/\/api.w.org\/{rel}","templated":true}]}}