{"id":1249,"date":"2015-01-06T18:13:44","date_gmt":"2015-01-06T18:13:44","guid":{"rendered":"http:\/\/www.boutiquekatag.com\/?page_id=1249"},"modified":"2015-01-08T19:02:41","modified_gmt":"2015-01-08T19:02:41","slug":"aventure-141","status":"publish","type":"page","link":"https:\/\/www.katag.ca\/en\/aventure-141\/","title":{"rendered":"Aventure 141"},"content":{"rendered":"<p>Vous atterrissez tout en douceur. \u00ab Je te trouve tr\u00e8s brave d\u2019accepter une telle mission, je ne suis pas certain que j\u2019aurais ton courage! \u00bb vous dit Maxlax apr\u00e8s vous avoir d\u00e9pos\u00e9 pr\u00e8s de la bande d\u2019adolescents. Il vous quitte ensuite en regagnant les airs. Les membres de la bande, quant \u00e0 eux, vous regardent en riant. Ils sont six en tout. Celui qui semble \u00eatre le chef prend la parole : \u00ab  Eh, regardez \u00e7a les mecs, un R\u00eaveur tout frais qui nous tombe du ciel! On va enfin avoir quelque chose \u00e0 se mettre sous la dent! \u00bb Vous comprenez rapidement que vous allez \u00eatre attaqu\u00e9. Deux d\u2019entre eux d\u00e9gainent leurs dagues. Que d\u00e9sirez-vous faire?<\/p>\n<div class=\"btn-container  align-center\"><a class=\"organic-btn  dark-blue-btn small-btn  align-center\" href=\"http:\/\/www.katag.ca\/aventure-144\/\"><span class=\"btn-holder\">Vous d\u00e9sirez les affronter<\/span><\/a><\/div>\n<div class=\"btn-container  align-center\"><a class=\"organic-btn  dark-blue-btn small-btn  align-center\" href=\"http:\/\/www.katag.ca\/aventure-194\/\"><span class=\"btn-holder\">Vous pr\u00e9f\u00e9rez vous diriger vers le navire<\/span><\/a><\/div>\n","protected":false},"excerpt":{"rendered":"<p>Vous atterrissez tout en douceur. \u00ab Je te trouve tr\u00e8s brave d\u2019accepter une telle mission, je ne suis pas certain que j\u2019aurais ton courage! \u00bb vous dit Maxlax apr\u00e8s vous avoir d\u00e9pos\u00e9 pr\u00e8s de la bande d\u2019adolescents. Il vous quitte ensuite en regagnant les airs. Les membres de la bande, quant \u00e0 eux, vous regardent en riant. Ils sont six en tout. Celui qui semble \u00eatre le chef prend la parole : \u00ab Eh, regardez \u00e7a les mecs, un R\u00eaveur tout frais qui nous tombe du ciel! On&#8230;<\/p>\n","protected":false},"author":2,"featured_media":0,"parent":0,"menu_order":0,"comment_status":"closed","ping_status":"closed","template":"","meta":{"footnotes":""},"class_list":["post-1249","page","type-page","status-publish","hentry"],"yoast_head":"<!-- This site is optimized with the Yoast SEO plugin v27.5 - https:\/\/yoast.com\/product\/yoast-seo-wordpress\/ -->\n<title>Aventure 141 | Katag<\/title>\n<meta name=\"robots\" content=\"index, follow, max-snippet:-1, max-image-preview:large, max-video-preview:-1\" \/>\n<link rel=\"canonical\" href=\"https:\/\/www.katag.ca\/aventure-141\/\" \/>\n<meta property=\"og:locale\" content=\"en_US\" \/>\n<meta property=\"og:type\" content=\"article\" \/>\n<meta property=\"og:title\" content=\"Aventure 141 | Katag\" \/>\n<meta property=\"og:description\" content=\"Vous atterrissez tout en douceur. \u00ab Je te trouve tr\u00e8s brave d\u2019accepter une telle mission, je ne suis pas certain que j\u2019aurais ton courage! \u00bb vous dit Maxlax apr\u00e8s vous avoir d\u00e9pos\u00e9 pr\u00e8s de la bande d\u2019adolescents. Il vous quitte ensuite en regagnant les airs. Les membres de la bande, quant \u00e0 eux, vous regardent en riant. Ils sont six en tout. Celui qui semble \u00eatre le chef prend la parole : \u00ab Eh, regardez \u00e7a les mecs, un R\u00eaveur tout frais qui nous tombe du ciel! On...\" \/>\n<meta property=\"og:url\" content=\"https:\/\/www.katag.ca\/aventure-141\/\" \/>\n<meta property=\"og:site_name\" content=\"Katag\" \/>\n<meta property=\"article:publisher\" content=\"https:\/\/www.facebook.com\/Katag.ca\" \/>\n<meta property=\"article:modified_time\" content=\"2015-01-08T19:02:41+00:00\" \/>\n<meta name=\"twitter:card\" content=\"summary_large_image\" \/>\n<meta name=\"twitter:label1\" content=\"Est. reading time\" \/>\n\t<meta name=\"twitter:data1\" content=\"1 minute\" \/>\n<script type=\"application\/ld+json\" class=\"yoast-schema-graph\">{\"@context\":\"https:\\\/\\\/schema.org\",\"@graph\":[{\"@type\":\"WebPage\",\"@id\":\"https:\\\/\\\/www.katag.ca\\\/aventure-141\\\/\",\"url\":\"https:\\\/\\\/www.katag.ca\\\/aventure-141\\\/\",\"name\":\"Aventure 141 | Katag\",\"isPartOf\":{\"@id\":\"https:\\\/\\\/www.katag.ca\\\/#website\"},\"datePublished\":\"2015-01-06T18:13:44+00:00\",\"dateModified\":\"2015-01-08T19:02:41+00:00\",\"breadcrumb\":{\"@id\":\"https:\\\/\\\/www.katag.ca\\\/aventure-141\\\/#breadcrumb\"},\"inLanguage\":\"en-US\",\"potentialAction\":[{\"@type\":\"ReadAction\",\"target\":[\"https:\\\/\\\/www.katag.ca\\\/aventure-141\\\/\"]}]},{\"@type\":\"BreadcrumbList\",\"@id\":\"https:\\\/\\\/www.katag.ca\\\/aventure-141\\\/#breadcrumb\",\"itemListElement\":[{\"@type\":\"ListItem\",\"position\":1,\"name\":\"Accueil\",\"item\":\"https:\\\/\\\/www.katag.ca\\\/\"},{\"@type\":\"ListItem\",\"position\":2,\"name\":\"Aventure 141\"}]},{\"@type\":\"WebSite\",\"@id\":\"https:\\\/\\\/www.katag.ca\\\/#website\",\"url\":\"https:\\\/\\\/www.katag.ca\\\/\",\"name\":\"Katag\",\"description\":\"LE jeu d'&eacute;p&eacute;es-mousse\",\"publisher\":{\"@id\":\"https:\\\/\\\/www.katag.ca\\\/#organization\"},\"potentialAction\":[{\"@type\":\"SearchAction\",\"target\":{\"@type\":\"EntryPoint\",\"urlTemplate\":\"https:\\\/\\\/www.katag.ca\\\/?s={search_term_string}\"},\"query-input\":{\"@type\":\"PropertyValueSpecification\",\"valueRequired\":true,\"valueName\":\"search_term_string\"}}],\"inLanguage\":\"en-US\"},{\"@type\":\"Organization\",\"@id\":\"https:\\\/\\\/www.katag.ca\\\/#organization\",\"name\":\"Katag\",\"url\":\"https:\\\/\\\/www.katag.ca\\\/\",\"logo\":{\"@type\":\"ImageObject\",\"inLanguage\":\"en-US\",\"@id\":\"https:\\\/\\\/www.katag.ca\\\/#\\\/schema\\\/logo\\\/image\\\/\",\"url\":\"https:\\\/\\\/www.katag.ca\\\/wp-content\\\/uploads\\\/2021\\\/03\\\/logo-fr.png\",\"contentUrl\":\"https:\\\/\\\/www.katag.ca\\\/wp-content\\\/uploads\\\/2021\\\/03\\\/logo-fr.png\",\"width\":338,\"height\":173,\"caption\":\"Katag\"},\"image\":{\"@id\":\"https:\\\/\\\/www.katag.ca\\\/#\\\/schema\\\/logo\\\/image\\\/\"},\"sameAs\":[\"https:\\\/\\\/www.facebook.com\\\/Katag.ca\"]}]}<\/script>\n<!-- \/ Yoast SEO plugin. -->","yoast_head_json":{"title":"Aventure 141 | Katag","robots":{"index":"index","follow":"follow","max-snippet":"max-snippet:-1","max-image-preview":"max-image-preview:large","max-video-preview":"max-video-preview:-1"},"canonical":"https:\/\/www.katag.ca\/aventure-141\/","og_locale":"en_US","og_type":"article","og_title":"Aventure 141 | Katag","og_description":"Vous atterrissez tout en douceur. \u00ab Je te trouve tr\u00e8s brave d\u2019accepter une telle mission, je ne suis pas certain que j\u2019aurais ton courage! \u00bb vous dit Maxlax apr\u00e8s vous avoir d\u00e9pos\u00e9 pr\u00e8s de la bande d\u2019adolescents. Il vous quitte ensuite en regagnant les airs. Les membres de la bande, quant \u00e0 eux, vous regardent en riant. Ils sont six en tout. Celui qui semble \u00eatre le chef prend la parole : \u00ab Eh, regardez \u00e7a les mecs, un R\u00eaveur tout frais qui nous tombe du ciel! On...","og_url":"https:\/\/www.katag.ca\/aventure-141\/","og_site_name":"Katag","article_publisher":"https:\/\/www.facebook.com\/Katag.ca","article_modified_time":"2015-01-08T19:02:41+00:00","twitter_card":"summary_large_image","twitter_misc":{"Est. reading time":"1 minute"},"schema":{"@context":"https:\/\/schema.org","@graph":[{"@type":"WebPage","@id":"https:\/\/www.katag.ca\/aventure-141\/","url":"https:\/\/www.katag.ca\/aventure-141\/","name":"Aventure 141 | Katag","isPartOf":{"@id":"https:\/\/www.katag.ca\/#website"},"datePublished":"2015-01-06T18:13:44+00:00","dateModified":"2015-01-08T19:02:41+00:00","breadcrumb":{"@id":"https:\/\/www.katag.ca\/aventure-141\/#breadcrumb"},"inLanguage":"en-US","potentialAction":[{"@type":"ReadAction","target":["https:\/\/www.katag.ca\/aventure-141\/"]}]},{"@type":"BreadcrumbList","@id":"https:\/\/www.katag.ca\/aventure-141\/#breadcrumb","itemListElement":[{"@type":"ListItem","position":1,"name":"Accueil","item":"https:\/\/www.katag.ca\/"},{"@type":"ListItem","position":2,"name":"Aventure 141"}]},{"@type":"WebSite","@id":"https:\/\/www.katag.ca\/#website","url":"https:\/\/www.katag.ca\/","name":"Katag","description":"LE jeu d'&eacute;p&eacute;es-mousse","publisher":{"@id":"https:\/\/www.katag.ca\/#organization"},"potentialAction":[{"@type":"SearchAction","target":{"@type":"EntryPoint","urlTemplate":"https:\/\/www.katag.ca\/?s={search_term_string}"},"query-input":{"@type":"PropertyValueSpecification","valueRequired":true,"valueName":"search_term_string"}}],"inLanguage":"en-US"},{"@type":"Organization","@id":"https:\/\/www.katag.ca\/#organization","name":"Katag","url":"https:\/\/www.katag.ca\/","logo":{"@type":"ImageObject","inLanguage":"en-US","@id":"https:\/\/www.katag.ca\/#\/schema\/logo\/image\/","url":"https:\/\/www.katag.ca\/wp-content\/uploads\/2021\/03\/logo-fr.png","contentUrl":"https:\/\/www.katag.ca\/wp-content\/uploads\/2021\/03\/logo-fr.png","width":338,"height":173,"caption":"Katag"},"image":{"@id":"https:\/\/www.katag.ca\/#\/schema\/logo\/image\/"},"sameAs":["https:\/\/www.facebook.com\/Katag.ca"]}]}},"_links":{"self":[{"href":"https:\/\/www.katag.ca\/en\/wp-json\/wp\/v2\/pages\/1249","targetHints":{"allow":["GET"]}}],"collection":[{"href":"https:\/\/www.katag.ca\/en\/wp-json\/wp\/v2\/pages"}],"about":[{"href":"https:\/\/www.katag.ca\/en\/wp-json\/wp\/v2\/types\/page"}],"author":[{"embeddable":true,"href":"https:\/\/www.katag.ca\/en\/wp-json\/wp\/v2\/users\/2"}],"replies":[{"embeddable":true,"href":"https:\/\/www.katag.ca\/en\/wp-json\/wp\/v2\/comments?post=1249"}],"version-history":[{"count":2,"href":"https:\/\/www.katag.ca\/en\/wp-json\/wp\/v2\/pages\/1249\/revisions"}],"predecessor-version":[{"id":1863,"href":"https:\/\/www.katag.ca\/en\/wp-json\/wp\/v2\/pages\/1249\/revisions\/1863"}],"wp:attachment":[{"href":"https:\/\/www.katag.ca\/en\/wp-json\/wp\/v2\/media?parent=1249"}],"curies":[{"name":"wp","href":"https:\/\/api.w.org\/{rel}","templated":true}]}}