{"id":1251,"date":"2015-01-06T18:14:18","date_gmt":"2015-01-06T18:14:18","guid":{"rendered":"http:\/\/www.boutiquekatag.com\/?page_id=1251"},"modified":"2015-01-08T19:05:30","modified_gmt":"2015-01-08T19:05:30","slug":"aventure-142","status":"publish","type":"page","link":"https:\/\/www.katag.ca\/en\/aventure-142\/","title":{"rendered":"Aventure 142"},"content":{"rendered":"<p>Vous montez tranquillement sur la passerelle, \u00e0 l\u2019aff\u00fbt de tout bruit pour \u00eatre certain de ne pas vous faire prendre. Vous arrivez ensuite sur le quai. De l\u00e0, vous pouvez voir une pi\u00e8ce \u00e9clair\u00e9e, porte ferm\u00e9e, qui, dans les films de pirates que vous avez vus, serait sans doute la cabine du capitaine. De chaque c\u00f4t\u00e9 de la cabine, se trouve un escalier montant sur le pont avant. Tout pr\u00e8s de vous se trouve un escalier menant vers la cale. Que d\u00e9sirez-vous faire?<\/p>\n<div class=\"btn-container  align-center\"><a class=\"organic-btn  dark-blue-btn small-btn  align-center\" href=\"http:\/\/www.katag.ca\/aventure-145\/\"><span class=\"btn-holder\">Vous d\u00e9sirez aller explorer la cabine du capitaine<\/span><\/a><\/div>\n<div class=\"btn-container  align-center\"><a class=\"organic-btn  dark-blue-btn small-btn  align-center\" href=\"http:\/\/www.katag.ca\/aventure-146\/\"><span class=\"btn-holder\">Vous pr\u00e9f\u00e9rez aller sur le pont en empruntant l\u2019escalier de droite<\/span><\/a><\/div>\n<div class=\"btn-container  align-center\"><a class=\"organic-btn  dark-blue-btn small-btn  align-center\" href=\"http:\/\/www.katag.ca\/aventure-147\/\"><span class=\"btn-holder\">Vous choisissez d\u2019aller sur le pont en empruntant l\u2019escalier de gauche<\/span><\/a><\/div>\n<div class=\"btn-container  align-center\"><a class=\"organic-btn  dark-blue-btn small-btn  align-center\" href=\"http:\/\/www.katag.ca\/aventure-148\/\"><span class=\"btn-holder\">Vous prenez la direction de la cale<\/span><\/a><\/div>\n","protected":false},"excerpt":{"rendered":"<p>Vous montez tranquillement sur la passerelle, \u00e0 l\u2019aff\u00fbt de tout bruit pour \u00eatre certain de ne pas vous faire prendre. Vous arrivez ensuite sur le quai. De l\u00e0, vous pouvez voir une pi\u00e8ce \u00e9clair\u00e9e, porte ferm\u00e9e, qui, dans les films de pirates que vous avez vus, serait sans doute la cabine du capitaine. De chaque c\u00f4t\u00e9 de la cabine, se trouve un escalier montant sur le pont avant. Tout pr\u00e8s de vous se trouve un escalier menant vers la cale. Que d\u00e9sirez-vous faire?<\/p>\n","protected":false},"author":2,"featured_media":0,"parent":0,"menu_order":0,"comment_status":"closed","ping_status":"closed","template":"","meta":{"footnotes":""},"class_list":["post-1251","page","type-page","status-publish","hentry"],"yoast_head":"<!-- This site is optimized with the Yoast SEO plugin v27.5 - https:\/\/yoast.com\/product\/yoast-seo-wordpress\/ -->\n<title>Aventure 142 | Katag<\/title>\n<meta name=\"robots\" content=\"index, follow, max-snippet:-1, max-image-preview:large, max-video-preview:-1\" \/>\n<link rel=\"canonical\" href=\"https:\/\/www.katag.ca\/aventure-142\/\" \/>\n<meta property=\"og:locale\" content=\"en_US\" \/>\n<meta property=\"og:type\" content=\"article\" \/>\n<meta property=\"og:title\" content=\"Aventure 142 | Katag\" \/>\n<meta property=\"og:description\" content=\"Vous montez tranquillement sur la passerelle, \u00e0 l\u2019aff\u00fbt de tout bruit pour \u00eatre certain de ne pas vous faire prendre. Vous arrivez ensuite sur le quai. De l\u00e0, vous pouvez voir une pi\u00e8ce \u00e9clair\u00e9e, porte ferm\u00e9e, qui, dans les films de pirates que vous avez vus, serait sans doute la cabine du capitaine. De chaque c\u00f4t\u00e9 de la cabine, se trouve un escalier montant sur le pont avant. Tout pr\u00e8s de vous se trouve un escalier menant vers la cale. Que d\u00e9sirez-vous faire?\" \/>\n<meta property=\"og:url\" content=\"https:\/\/www.katag.ca\/aventure-142\/\" \/>\n<meta property=\"og:site_name\" content=\"Katag\" \/>\n<meta property=\"article:publisher\" content=\"https:\/\/www.facebook.com\/Katag.ca\" \/>\n<meta property=\"article:modified_time\" content=\"2015-01-08T19:05:30+00:00\" \/>\n<meta name=\"twitter:card\" content=\"summary_large_image\" \/>\n<meta name=\"twitter:label1\" content=\"Est. reading time\" \/>\n\t<meta name=\"twitter:data1\" content=\"1 minute\" \/>\n<script type=\"application\/ld+json\" class=\"yoast-schema-graph\">{\"@context\":\"https:\\\/\\\/schema.org\",\"@graph\":[{\"@type\":\"WebPage\",\"@id\":\"https:\\\/\\\/www.katag.ca\\\/aventure-142\\\/\",\"url\":\"https:\\\/\\\/www.katag.ca\\\/aventure-142\\\/\",\"name\":\"Aventure 142 | Katag\",\"isPartOf\":{\"@id\":\"https:\\\/\\\/www.katag.ca\\\/#website\"},\"datePublished\":\"2015-01-06T18:14:18+00:00\",\"dateModified\":\"2015-01-08T19:05:30+00:00\",\"breadcrumb\":{\"@id\":\"https:\\\/\\\/www.katag.ca\\\/aventure-142\\\/#breadcrumb\"},\"inLanguage\":\"en-US\",\"potentialAction\":[{\"@type\":\"ReadAction\",\"target\":[\"https:\\\/\\\/www.katag.ca\\\/aventure-142\\\/\"]}]},{\"@type\":\"BreadcrumbList\",\"@id\":\"https:\\\/\\\/www.katag.ca\\\/aventure-142\\\/#breadcrumb\",\"itemListElement\":[{\"@type\":\"ListItem\",\"position\":1,\"name\":\"Accueil\",\"item\":\"https:\\\/\\\/www.katag.ca\\\/\"},{\"@type\":\"ListItem\",\"position\":2,\"name\":\"Aventure 142\"}]},{\"@type\":\"WebSite\",\"@id\":\"https:\\\/\\\/www.katag.ca\\\/#website\",\"url\":\"https:\\\/\\\/www.katag.ca\\\/\",\"name\":\"Katag\",\"description\":\"LE jeu d'&eacute;p&eacute;es-mousse\",\"publisher\":{\"@id\":\"https:\\\/\\\/www.katag.ca\\\/#organization\"},\"potentialAction\":[{\"@type\":\"SearchAction\",\"target\":{\"@type\":\"EntryPoint\",\"urlTemplate\":\"https:\\\/\\\/www.katag.ca\\\/?s={search_term_string}\"},\"query-input\":{\"@type\":\"PropertyValueSpecification\",\"valueRequired\":true,\"valueName\":\"search_term_string\"}}],\"inLanguage\":\"en-US\"},{\"@type\":\"Organization\",\"@id\":\"https:\\\/\\\/www.katag.ca\\\/#organization\",\"name\":\"Katag\",\"url\":\"https:\\\/\\\/www.katag.ca\\\/\",\"logo\":{\"@type\":\"ImageObject\",\"inLanguage\":\"en-US\",\"@id\":\"https:\\\/\\\/www.katag.ca\\\/#\\\/schema\\\/logo\\\/image\\\/\",\"url\":\"https:\\\/\\\/www.katag.ca\\\/wp-content\\\/uploads\\\/2021\\\/03\\\/logo-fr.png\",\"contentUrl\":\"https:\\\/\\\/www.katag.ca\\\/wp-content\\\/uploads\\\/2021\\\/03\\\/logo-fr.png\",\"width\":338,\"height\":173,\"caption\":\"Katag\"},\"image\":{\"@id\":\"https:\\\/\\\/www.katag.ca\\\/#\\\/schema\\\/logo\\\/image\\\/\"},\"sameAs\":[\"https:\\\/\\\/www.facebook.com\\\/Katag.ca\"]}]}<\/script>\n<!-- \/ Yoast SEO plugin. -->","yoast_head_json":{"title":"Aventure 142 | Katag","robots":{"index":"index","follow":"follow","max-snippet":"max-snippet:-1","max-image-preview":"max-image-preview:large","max-video-preview":"max-video-preview:-1"},"canonical":"https:\/\/www.katag.ca\/aventure-142\/","og_locale":"en_US","og_type":"article","og_title":"Aventure 142 | Katag","og_description":"Vous montez tranquillement sur la passerelle, \u00e0 l\u2019aff\u00fbt de tout bruit pour \u00eatre certain de ne pas vous faire prendre. Vous arrivez ensuite sur le quai. De l\u00e0, vous pouvez voir une pi\u00e8ce \u00e9clair\u00e9e, porte ferm\u00e9e, qui, dans les films de pirates que vous avez vus, serait sans doute la cabine du capitaine. De chaque c\u00f4t\u00e9 de la cabine, se trouve un escalier montant sur le pont avant. Tout pr\u00e8s de vous se trouve un escalier menant vers la cale. Que d\u00e9sirez-vous faire?","og_url":"https:\/\/www.katag.ca\/aventure-142\/","og_site_name":"Katag","article_publisher":"https:\/\/www.facebook.com\/Katag.ca","article_modified_time":"2015-01-08T19:05:30+00:00","twitter_card":"summary_large_image","twitter_misc":{"Est. reading time":"1 minute"},"schema":{"@context":"https:\/\/schema.org","@graph":[{"@type":"WebPage","@id":"https:\/\/www.katag.ca\/aventure-142\/","url":"https:\/\/www.katag.ca\/aventure-142\/","name":"Aventure 142 | Katag","isPartOf":{"@id":"https:\/\/www.katag.ca\/#website"},"datePublished":"2015-01-06T18:14:18+00:00","dateModified":"2015-01-08T19:05:30+00:00","breadcrumb":{"@id":"https:\/\/www.katag.ca\/aventure-142\/#breadcrumb"},"inLanguage":"en-US","potentialAction":[{"@type":"ReadAction","target":["https:\/\/www.katag.ca\/aventure-142\/"]}]},{"@type":"BreadcrumbList","@id":"https:\/\/www.katag.ca\/aventure-142\/#breadcrumb","itemListElement":[{"@type":"ListItem","position":1,"name":"Accueil","item":"https:\/\/www.katag.ca\/"},{"@type":"ListItem","position":2,"name":"Aventure 142"}]},{"@type":"WebSite","@id":"https:\/\/www.katag.ca\/#website","url":"https:\/\/www.katag.ca\/","name":"Katag","description":"LE jeu d'&eacute;p&eacute;es-mousse","publisher":{"@id":"https:\/\/www.katag.ca\/#organization"},"potentialAction":[{"@type":"SearchAction","target":{"@type":"EntryPoint","urlTemplate":"https:\/\/www.katag.ca\/?s={search_term_string}"},"query-input":{"@type":"PropertyValueSpecification","valueRequired":true,"valueName":"search_term_string"}}],"inLanguage":"en-US"},{"@type":"Organization","@id":"https:\/\/www.katag.ca\/#organization","name":"Katag","url":"https:\/\/www.katag.ca\/","logo":{"@type":"ImageObject","inLanguage":"en-US","@id":"https:\/\/www.katag.ca\/#\/schema\/logo\/image\/","url":"https:\/\/www.katag.ca\/wp-content\/uploads\/2021\/03\/logo-fr.png","contentUrl":"https:\/\/www.katag.ca\/wp-content\/uploads\/2021\/03\/logo-fr.png","width":338,"height":173,"caption":"Katag"},"image":{"@id":"https:\/\/www.katag.ca\/#\/schema\/logo\/image\/"},"sameAs":["https:\/\/www.facebook.com\/Katag.ca"]}]}},"_links":{"self":[{"href":"https:\/\/www.katag.ca\/en\/wp-json\/wp\/v2\/pages\/1251","targetHints":{"allow":["GET"]}}],"collection":[{"href":"https:\/\/www.katag.ca\/en\/wp-json\/wp\/v2\/pages"}],"about":[{"href":"https:\/\/www.katag.ca\/en\/wp-json\/wp\/v2\/types\/page"}],"author":[{"embeddable":true,"href":"https:\/\/www.katag.ca\/en\/wp-json\/wp\/v2\/users\/2"}],"replies":[{"embeddable":true,"href":"https:\/\/www.katag.ca\/en\/wp-json\/wp\/v2\/comments?post=1251"}],"version-history":[{"count":4,"href":"https:\/\/www.katag.ca\/en\/wp-json\/wp\/v2\/pages\/1251\/revisions"}],"predecessor-version":[{"id":1866,"href":"https:\/\/www.katag.ca\/en\/wp-json\/wp\/v2\/pages\/1251\/revisions\/1866"}],"wp:attachment":[{"href":"https:\/\/www.katag.ca\/en\/wp-json\/wp\/v2\/media?parent=1251"}],"curies":[{"name":"wp","href":"https:\/\/api.w.org\/{rel}","templated":true}]}}