{"id":1253,"date":"2015-01-06T18:15:03","date_gmt":"2015-01-06T18:15:03","guid":{"rendered":"http:\/\/www.boutiquekatag.com\/?page_id=1253"},"modified":"2015-01-08T19:54:04","modified_gmt":"2015-01-08T19:54:04","slug":"aventure-143","status":"publish","type":"page","link":"https:\/\/www.katag.ca\/en\/aventure-143\/","title":{"rendered":"Aventure 143"},"content":{"rendered":"<p>Vous entrez sans vous annoncer dans l\u2019entrep\u00f4t, surprenant les deux apprentis Exos dans leur conversation. Celui qui se nomme Flando d\u00e9gaine rapidement son \u00e9p\u00e9e en la pointant dans votre direction. Toutefois, l\u2019autre individu comprend rapidement que vous ne repr\u00e9sentez pas un danger pour eux et abaisse l\u2019\u00e9p\u00e9e de son compagnon. Vous leur expliquez que vous \u00eates le R\u00eaveur en question et que vous n\u2019avez pas du tout appr\u00e9ci\u00e9 leurs commentaires. Flando prend la parole : \u00ab Tu m\u2019excuseras mon ami, mais cette situation m\u2019occasionne beaucoup de frustration\u2026 \u00c9coute, je suis d\u00e9sol\u00e9\u2026 Je me nomme Flando et mon compagnon se nomme Itarkil. En gage de bonne volont\u00e9, je vais au moins t\u2019enseigner une technique de combat qui pourra t\u2019aider lors de ton parcours. Cette man\u0153uvre s\u2019appelle 1er degr\u00e9 des Ailes du Dragon \u00bb. Il s\u2019ex\u00e9cute donc devant vous, se projetant \u00e0 la verticale, \u00e9p\u00e9e droit devant lui en effectuant une vrille. Il vous demande ensuite d\u2019essayer \u00e0 votre tour. Ravi de la tournure des \u00e9v\u00e8nements, vous vous ex\u00e9cutez devant eux. \u00ab Pas mal du tout pour un d\u00e9butant! \u00bb, s\u2019exclament les deux Katsa\u00ef.<\/p>\n<p>Vous poss\u00e9dez maintenant la technique de combat nomm\u00e9e 1er degr\u00e9 des Ailes du Dragon et devez l\u2019inscrire sur votre feuille de route. Vous pourrez l\u2019utiliser une seule fois par combat contre des ennemis volants. Lorsque vous l\u2019utiliserez, vous pourrez ajouter 3 \u00e0 votre total obtenu avec les d\u00e9s lors d\u2019une attaque.<\/p>\n<p>\u00ab Ah oui, j\u2019oubliais\u2026 Nous sommes venus ici parce qu\u2019on nous avait dit que le cauchemar que tu recherches r\u00f4dait dans les parages. Nous avons interrog\u00e9 des marins, mais personne ne semble l\u2019avoir aper\u00e7u. Nous continuerons notre recherche malgr\u00e9 tout. Bonne chance de ton c\u00f4t\u00e9! \u00bb<\/p>\n<p>Vous constatez que vous avez bien fait de venir ici! Ajoutez un point \u00e0 votre total dans la cat\u00e9gorie intuition. Vous sortez ensuite de l\u2019entrep\u00f4t. Que d\u00e9sirez-vous faire maintenant?<\/p>\n<div class=\"btn-container  align-center\"><a class=\"organic-btn  dark-blue-btn small-btn  align-center\" href=\"http:\/\/www.katag.ca\/aventure-193\/\"><span class=\"btn-holder\">Vous d\u00e9sirez vous diriger vers la bande d\u2019adolescents<\/span><\/a><\/div>\n<div class=\"btn-container  align-center\"><a class=\"organic-btn  dark-blue-btn small-btn  align-center\" href=\"http:\/\/www.katag.ca\/aventure-194\/\"><span class=\"btn-holder\">Vous pr\u00e9f\u00e9rez vous diriger vers le navire<\/span><\/a><\/div>\n","protected":false},"excerpt":{"rendered":"<p>Vous entrez sans vous annoncer dans l\u2019entrep\u00f4t, surprenant les deux apprentis Exos dans leur conversation. Celui qui se nomme Flando d\u00e9gaine rapidement son \u00e9p\u00e9e en la pointant dans votre direction. Toutefois, l\u2019autre individu comprend rapidement que vous ne repr\u00e9sentez pas un danger pour eux et abaisse l\u2019\u00e9p\u00e9e de son compagnon. Vous leur expliquez que vous \u00eates le R\u00eaveur en question et que vous n\u2019avez pas du tout appr\u00e9ci\u00e9 leurs commentaires. Flando prend la parole : \u00ab Tu m\u2019excuseras mon ami, mais cette situation m\u2019occasionne beaucoup de frustration\u2026 \u00c9coute,&#8230;<\/p>\n","protected":false},"author":2,"featured_media":0,"parent":0,"menu_order":0,"comment_status":"closed","ping_status":"closed","template":"","meta":{"footnotes":""},"class_list":["post-1253","page","type-page","status-publish","hentry"],"yoast_head":"<!-- This site is optimized with the Yoast SEO plugin v27.5 - https:\/\/yoast.com\/product\/yoast-seo-wordpress\/ -->\n<title>Aventure 143 | Katag<\/title>\n<meta name=\"robots\" content=\"index, follow, max-snippet:-1, max-image-preview:large, max-video-preview:-1\" \/>\n<link rel=\"canonical\" href=\"https:\/\/www.katag.ca\/aventure-143\/\" \/>\n<meta property=\"og:locale\" content=\"en_US\" \/>\n<meta property=\"og:type\" content=\"article\" \/>\n<meta property=\"og:title\" content=\"Aventure 143 | Katag\" \/>\n<meta property=\"og:description\" content=\"Vous entrez sans vous annoncer dans l\u2019entrep\u00f4t, surprenant les deux apprentis Exos dans leur conversation. Celui qui se nomme Flando d\u00e9gaine rapidement son \u00e9p\u00e9e en la pointant dans votre direction. Toutefois, l\u2019autre individu comprend rapidement que vous ne repr\u00e9sentez pas un danger pour eux et abaisse l\u2019\u00e9p\u00e9e de son compagnon. Vous leur expliquez que vous \u00eates le R\u00eaveur en question et que vous n\u2019avez pas du tout appr\u00e9ci\u00e9 leurs commentaires. Flando prend la parole : \u00ab Tu m\u2019excuseras mon ami, mais cette situation m\u2019occasionne beaucoup de frustration\u2026 \u00c9coute,...\" \/>\n<meta property=\"og:url\" content=\"https:\/\/www.katag.ca\/aventure-143\/\" \/>\n<meta property=\"og:site_name\" content=\"Katag\" \/>\n<meta property=\"article:publisher\" content=\"https:\/\/www.facebook.com\/Katag.ca\" \/>\n<meta property=\"article:modified_time\" content=\"2015-01-08T19:54:04+00:00\" \/>\n<meta name=\"twitter:card\" content=\"summary_large_image\" \/>\n<meta name=\"twitter:label1\" content=\"Est. reading time\" \/>\n\t<meta name=\"twitter:data1\" content=\"2 minutes\" \/>\n<script type=\"application\/ld+json\" class=\"yoast-schema-graph\">{\"@context\":\"https:\\\/\\\/schema.org\",\"@graph\":[{\"@type\":\"WebPage\",\"@id\":\"https:\\\/\\\/www.katag.ca\\\/aventure-143\\\/\",\"url\":\"https:\\\/\\\/www.katag.ca\\\/aventure-143\\\/\",\"name\":\"Aventure 143 | Katag\",\"isPartOf\":{\"@id\":\"https:\\\/\\\/www.katag.ca\\\/#website\"},\"datePublished\":\"2015-01-06T18:15:03+00:00\",\"dateModified\":\"2015-01-08T19:54:04+00:00\",\"breadcrumb\":{\"@id\":\"https:\\\/\\\/www.katag.ca\\\/aventure-143\\\/#breadcrumb\"},\"inLanguage\":\"en-US\",\"potentialAction\":[{\"@type\":\"ReadAction\",\"target\":[\"https:\\\/\\\/www.katag.ca\\\/aventure-143\\\/\"]}]},{\"@type\":\"BreadcrumbList\",\"@id\":\"https:\\\/\\\/www.katag.ca\\\/aventure-143\\\/#breadcrumb\",\"itemListElement\":[{\"@type\":\"ListItem\",\"position\":1,\"name\":\"Accueil\",\"item\":\"https:\\\/\\\/www.katag.ca\\\/\"},{\"@type\":\"ListItem\",\"position\":2,\"name\":\"Aventure 143\"}]},{\"@type\":\"WebSite\",\"@id\":\"https:\\\/\\\/www.katag.ca\\\/#website\",\"url\":\"https:\\\/\\\/www.katag.ca\\\/\",\"name\":\"Katag\",\"description\":\"LE jeu d'&eacute;p&eacute;es-mousse\",\"publisher\":{\"@id\":\"https:\\\/\\\/www.katag.ca\\\/#organization\"},\"potentialAction\":[{\"@type\":\"SearchAction\",\"target\":{\"@type\":\"EntryPoint\",\"urlTemplate\":\"https:\\\/\\\/www.katag.ca\\\/?s={search_term_string}\"},\"query-input\":{\"@type\":\"PropertyValueSpecification\",\"valueRequired\":true,\"valueName\":\"search_term_string\"}}],\"inLanguage\":\"en-US\"},{\"@type\":\"Organization\",\"@id\":\"https:\\\/\\\/www.katag.ca\\\/#organization\",\"name\":\"Katag\",\"url\":\"https:\\\/\\\/www.katag.ca\\\/\",\"logo\":{\"@type\":\"ImageObject\",\"inLanguage\":\"en-US\",\"@id\":\"https:\\\/\\\/www.katag.ca\\\/#\\\/schema\\\/logo\\\/image\\\/\",\"url\":\"https:\\\/\\\/www.katag.ca\\\/wp-content\\\/uploads\\\/2021\\\/03\\\/logo-fr.png\",\"contentUrl\":\"https:\\\/\\\/www.katag.ca\\\/wp-content\\\/uploads\\\/2021\\\/03\\\/logo-fr.png\",\"width\":338,\"height\":173,\"caption\":\"Katag\"},\"image\":{\"@id\":\"https:\\\/\\\/www.katag.ca\\\/#\\\/schema\\\/logo\\\/image\\\/\"},\"sameAs\":[\"https:\\\/\\\/www.facebook.com\\\/Katag.ca\"]}]}<\/script>\n<!-- \/ Yoast SEO plugin. -->","yoast_head_json":{"title":"Aventure 143 | Katag","robots":{"index":"index","follow":"follow","max-snippet":"max-snippet:-1","max-image-preview":"max-image-preview:large","max-video-preview":"max-video-preview:-1"},"canonical":"https:\/\/www.katag.ca\/aventure-143\/","og_locale":"en_US","og_type":"article","og_title":"Aventure 143 | Katag","og_description":"Vous entrez sans vous annoncer dans l\u2019entrep\u00f4t, surprenant les deux apprentis Exos dans leur conversation. Celui qui se nomme Flando d\u00e9gaine rapidement son \u00e9p\u00e9e en la pointant dans votre direction. Toutefois, l\u2019autre individu comprend rapidement que vous ne repr\u00e9sentez pas un danger pour eux et abaisse l\u2019\u00e9p\u00e9e de son compagnon. Vous leur expliquez que vous \u00eates le R\u00eaveur en question et que vous n\u2019avez pas du tout appr\u00e9ci\u00e9 leurs commentaires. Flando prend la parole : \u00ab Tu m\u2019excuseras mon ami, mais cette situation m\u2019occasionne beaucoup de frustration\u2026 \u00c9coute,...","og_url":"https:\/\/www.katag.ca\/aventure-143\/","og_site_name":"Katag","article_publisher":"https:\/\/www.facebook.com\/Katag.ca","article_modified_time":"2015-01-08T19:54:04+00:00","twitter_card":"summary_large_image","twitter_misc":{"Est. reading time":"2 minutes"},"schema":{"@context":"https:\/\/schema.org","@graph":[{"@type":"WebPage","@id":"https:\/\/www.katag.ca\/aventure-143\/","url":"https:\/\/www.katag.ca\/aventure-143\/","name":"Aventure 143 | Katag","isPartOf":{"@id":"https:\/\/www.katag.ca\/#website"},"datePublished":"2015-01-06T18:15:03+00:00","dateModified":"2015-01-08T19:54:04+00:00","breadcrumb":{"@id":"https:\/\/www.katag.ca\/aventure-143\/#breadcrumb"},"inLanguage":"en-US","potentialAction":[{"@type":"ReadAction","target":["https:\/\/www.katag.ca\/aventure-143\/"]}]},{"@type":"BreadcrumbList","@id":"https:\/\/www.katag.ca\/aventure-143\/#breadcrumb","itemListElement":[{"@type":"ListItem","position":1,"name":"Accueil","item":"https:\/\/www.katag.ca\/"},{"@type":"ListItem","position":2,"name":"Aventure 143"}]},{"@type":"WebSite","@id":"https:\/\/www.katag.ca\/#website","url":"https:\/\/www.katag.ca\/","name":"Katag","description":"LE jeu d'&eacute;p&eacute;es-mousse","publisher":{"@id":"https:\/\/www.katag.ca\/#organization"},"potentialAction":[{"@type":"SearchAction","target":{"@type":"EntryPoint","urlTemplate":"https:\/\/www.katag.ca\/?s={search_term_string}"},"query-input":{"@type":"PropertyValueSpecification","valueRequired":true,"valueName":"search_term_string"}}],"inLanguage":"en-US"},{"@type":"Organization","@id":"https:\/\/www.katag.ca\/#organization","name":"Katag","url":"https:\/\/www.katag.ca\/","logo":{"@type":"ImageObject","inLanguage":"en-US","@id":"https:\/\/www.katag.ca\/#\/schema\/logo\/image\/","url":"https:\/\/www.katag.ca\/wp-content\/uploads\/2021\/03\/logo-fr.png","contentUrl":"https:\/\/www.katag.ca\/wp-content\/uploads\/2021\/03\/logo-fr.png","width":338,"height":173,"caption":"Katag"},"image":{"@id":"https:\/\/www.katag.ca\/#\/schema\/logo\/image\/"},"sameAs":["https:\/\/www.facebook.com\/Katag.ca"]}]}},"_links":{"self":[{"href":"https:\/\/www.katag.ca\/en\/wp-json\/wp\/v2\/pages\/1253","targetHints":{"allow":["GET"]}}],"collection":[{"href":"https:\/\/www.katag.ca\/en\/wp-json\/wp\/v2\/pages"}],"about":[{"href":"https:\/\/www.katag.ca\/en\/wp-json\/wp\/v2\/types\/page"}],"author":[{"embeddable":true,"href":"https:\/\/www.katag.ca\/en\/wp-json\/wp\/v2\/users\/2"}],"replies":[{"embeddable":true,"href":"https:\/\/www.katag.ca\/en\/wp-json\/wp\/v2\/comments?post=1253"}],"version-history":[{"count":2,"href":"https:\/\/www.katag.ca\/en\/wp-json\/wp\/v2\/pages\/1253\/revisions"}],"predecessor-version":[{"id":1867,"href":"https:\/\/www.katag.ca\/en\/wp-json\/wp\/v2\/pages\/1253\/revisions\/1867"}],"wp:attachment":[{"href":"https:\/\/www.katag.ca\/en\/wp-json\/wp\/v2\/media?parent=1253"}],"curies":[{"name":"wp","href":"https:\/\/api.w.org\/{rel}","templated":true}]}}