{"id":1260,"date":"2015-01-06T18:19:25","date_gmt":"2015-01-06T18:19:25","guid":{"rendered":"http:\/\/www.boutiquekatag.com\/?page_id=1260"},"modified":"2015-01-08T20:01:13","modified_gmt":"2015-01-08T20:01:13","slug":"aventure-146","status":"publish","type":"page","link":"https:\/\/www.katag.ca\/en\/aventure-146\/","title":{"rendered":"Aventure 146"},"content":{"rendered":"<p>Tout en montant les escaliers, vous apercevez un petit cristal qu\u2019un membre de l\u2019\u00e9quipage doit avoir \u00e9chapp\u00e9. Vous le prenez et avant de le mettre dans votre sac \u00e0 dos, vous y jeter un coup d\u2019\u0153il. Vous ne comprenez pas exactement ce que c\u2019est, mais vous voyez une araign\u00e9e \u00e0 l\u2019int\u00e9rieur qui semble dormir au milieu d\u2019une couche de brume. Vous la mettez dans votre sac \u00e0 dos. Veuillez l\u2019inscrire sur votre feuille de route dans la cat\u00e9gorie sac \u00e0 dos. Vous arrivez sur le pont et vous regardez aux alentours. Vous ne voyez rien d\u2019int\u00e9ressant, mise \u00e0 part une \u00e9trange structure que vous pouvez apercevoir \u00e0 travers l\u2019\u00e9paisse couche de brume qui entoure une \u00eele. . Juste \u00e0 la regarder, vous frissonnez \u00e0 l\u2019int\u00e9rieur tellement elle inspire la peur. Vous avez cependant la curieuse impression que vous pourriez vous envoler \u00e0 nouveau, tout comme lors de votre arriv\u00e9e\u2026 Que d\u00e9sirez-vous faire?<\/p>\n<div class=\"btn-container  align-center\"><a class=\"organic-btn  dark-blue-btn small-btn  align-center\" href=\"http:\/\/www.katag.ca\/aventure-152\/\"><span class=\"btn-holder\">Vous d\u00e9sirez vous envoler en direction de l\u2019\u00e9trange structure<\/span><\/a><\/div>\n<div class=\"btn-container  align-center\"><a class=\"organic-btn  dark-blue-btn small-btn  align-center\" href=\"http:\/\/www.katag.ca\/aventure-145\/\"><span class=\"btn-holder\">Vous pr\u00e9f\u00e9rez aller explorer la cabine du capitaine<\/span><\/a><\/div>\n<div class=\"btn-container  align-center\"><a class=\"organic-btn  dark-blue-btn small-btn  align-center\" href=\"http:\/\/www.katag.ca\/aventure-148\/\"><span class=\"btn-holder\">Vous choisissez de descendre vers la cale<\/span><\/a><\/div>\n<div class=\"btn-container  align-center\"><a class=\"organic-btn  dark-blue-btn small-btn  align-center\" href=\"http:\/\/www.katag.ca\/aventure-193\/\"><span class=\"btn-holder\">Vous d\u00e9cidez de quitter le navire et vous diriger vers la bande d\u2019adolescents<\/span><\/a><\/div>\n","protected":false},"excerpt":{"rendered":"<p>Tout en montant les escaliers, vous apercevez un petit cristal qu\u2019un membre de l\u2019\u00e9quipage doit avoir \u00e9chapp\u00e9. Vous le prenez et avant de le mettre dans votre sac \u00e0 dos, vous y jeter un coup d\u2019\u0153il. Vous ne comprenez pas exactement ce que c\u2019est, mais vous voyez une araign\u00e9e \u00e0 l\u2019int\u00e9rieur qui semble dormir au milieu d\u2019une couche de brume. Vous la mettez dans votre sac \u00e0 dos. Veuillez l\u2019inscrire sur votre feuille de route dans la cat\u00e9gorie sac \u00e0 dos. Vous arrivez sur le pont et vous&#8230;<\/p>\n","protected":false},"author":2,"featured_media":0,"parent":0,"menu_order":0,"comment_status":"closed","ping_status":"closed","template":"","meta":{"footnotes":""},"class_list":["post-1260","page","type-page","status-publish","hentry"],"yoast_head":"<!-- This site is optimized with the Yoast SEO plugin v27.5 - https:\/\/yoast.com\/product\/yoast-seo-wordpress\/ -->\n<title>Aventure 146 | Katag<\/title>\n<meta name=\"robots\" content=\"index, follow, max-snippet:-1, max-image-preview:large, max-video-preview:-1\" \/>\n<link rel=\"canonical\" href=\"https:\/\/www.katag.ca\/en\/aventure-146\/\" \/>\n<meta property=\"og:locale\" content=\"en_US\" \/>\n<meta property=\"og:type\" content=\"article\" \/>\n<meta property=\"og:title\" content=\"Aventure 146 | Katag\" \/>\n<meta property=\"og:description\" content=\"Tout en montant les escaliers, vous apercevez un petit cristal qu\u2019un membre de l\u2019\u00e9quipage doit avoir \u00e9chapp\u00e9. Vous le prenez et avant de le mettre dans votre sac \u00e0 dos, vous y jeter un coup d\u2019\u0153il. Vous ne comprenez pas exactement ce que c\u2019est, mais vous voyez une araign\u00e9e \u00e0 l\u2019int\u00e9rieur qui semble dormir au milieu d\u2019une couche de brume. Vous la mettez dans votre sac \u00e0 dos. Veuillez l\u2019inscrire sur votre feuille de route dans la cat\u00e9gorie sac \u00e0 dos. Vous arrivez sur le pont et vous...\" \/>\n<meta property=\"og:url\" content=\"https:\/\/www.katag.ca\/en\/aventure-146\/\" \/>\n<meta property=\"og:site_name\" content=\"Katag\" \/>\n<meta property=\"article:publisher\" content=\"https:\/\/www.facebook.com\/Katag.ca\" \/>\n<meta property=\"article:modified_time\" content=\"2015-01-08T20:01:13+00:00\" \/>\n<meta name=\"twitter:card\" content=\"summary_large_image\" \/>\n<meta name=\"twitter:label1\" content=\"Est. reading time\" \/>\n\t<meta name=\"twitter:data1\" content=\"1 minute\" \/>\n<script type=\"application\/ld+json\" class=\"yoast-schema-graph\">{\"@context\":\"https:\\\/\\\/schema.org\",\"@graph\":[{\"@type\":\"WebPage\",\"@id\":\"https:\\\/\\\/www.katag.ca\\\/en\\\/aventure-146\\\/\",\"url\":\"https:\\\/\\\/www.katag.ca\\\/en\\\/aventure-146\\\/\",\"name\":\"Aventure 146 | Katag\",\"isPartOf\":{\"@id\":\"https:\\\/\\\/www.katag.ca\\\/#website\"},\"datePublished\":\"2015-01-06T18:19:25+00:00\",\"dateModified\":\"2015-01-08T20:01:13+00:00\",\"breadcrumb\":{\"@id\":\"https:\\\/\\\/www.katag.ca\\\/en\\\/aventure-146\\\/#breadcrumb\"},\"inLanguage\":\"en-US\",\"potentialAction\":[{\"@type\":\"ReadAction\",\"target\":[\"https:\\\/\\\/www.katag.ca\\\/en\\\/aventure-146\\\/\"]}]},{\"@type\":\"BreadcrumbList\",\"@id\":\"https:\\\/\\\/www.katag.ca\\\/en\\\/aventure-146\\\/#breadcrumb\",\"itemListElement\":[{\"@type\":\"ListItem\",\"position\":1,\"name\":\"Accueil\",\"item\":\"https:\\\/\\\/www.katag.ca\\\/\"},{\"@type\":\"ListItem\",\"position\":2,\"name\":\"Aventure 146\"}]},{\"@type\":\"WebSite\",\"@id\":\"https:\\\/\\\/www.katag.ca\\\/#website\",\"url\":\"https:\\\/\\\/www.katag.ca\\\/\",\"name\":\"Katag\",\"description\":\"LE jeu d'&eacute;p&eacute;es-mousse\",\"publisher\":{\"@id\":\"https:\\\/\\\/www.katag.ca\\\/#organization\"},\"potentialAction\":[{\"@type\":\"SearchAction\",\"target\":{\"@type\":\"EntryPoint\",\"urlTemplate\":\"https:\\\/\\\/www.katag.ca\\\/?s={search_term_string}\"},\"query-input\":{\"@type\":\"PropertyValueSpecification\",\"valueRequired\":true,\"valueName\":\"search_term_string\"}}],\"inLanguage\":\"en-US\"},{\"@type\":\"Organization\",\"@id\":\"https:\\\/\\\/www.katag.ca\\\/#organization\",\"name\":\"Katag\",\"url\":\"https:\\\/\\\/www.katag.ca\\\/\",\"logo\":{\"@type\":\"ImageObject\",\"inLanguage\":\"en-US\",\"@id\":\"https:\\\/\\\/www.katag.ca\\\/#\\\/schema\\\/logo\\\/image\\\/\",\"url\":\"https:\\\/\\\/www.katag.ca\\\/wp-content\\\/uploads\\\/2021\\\/03\\\/logo-fr.png\",\"contentUrl\":\"https:\\\/\\\/www.katag.ca\\\/wp-content\\\/uploads\\\/2021\\\/03\\\/logo-fr.png\",\"width\":338,\"height\":173,\"caption\":\"Katag\"},\"image\":{\"@id\":\"https:\\\/\\\/www.katag.ca\\\/#\\\/schema\\\/logo\\\/image\\\/\"},\"sameAs\":[\"https:\\\/\\\/www.facebook.com\\\/Katag.ca\"]}]}<\/script>\n<!-- \/ Yoast SEO plugin. -->","yoast_head_json":{"title":"Aventure 146 | Katag","robots":{"index":"index","follow":"follow","max-snippet":"max-snippet:-1","max-image-preview":"max-image-preview:large","max-video-preview":"max-video-preview:-1"},"canonical":"https:\/\/www.katag.ca\/en\/aventure-146\/","og_locale":"en_US","og_type":"article","og_title":"Aventure 146 | Katag","og_description":"Tout en montant les escaliers, vous apercevez un petit cristal qu\u2019un membre de l\u2019\u00e9quipage doit avoir \u00e9chapp\u00e9. Vous le prenez et avant de le mettre dans votre sac \u00e0 dos, vous y jeter un coup d\u2019\u0153il. Vous ne comprenez pas exactement ce que c\u2019est, mais vous voyez une araign\u00e9e \u00e0 l\u2019int\u00e9rieur qui semble dormir au milieu d\u2019une couche de brume. Vous la mettez dans votre sac \u00e0 dos. Veuillez l\u2019inscrire sur votre feuille de route dans la cat\u00e9gorie sac \u00e0 dos. Vous arrivez sur le pont et vous...","og_url":"https:\/\/www.katag.ca\/en\/aventure-146\/","og_site_name":"Katag","article_publisher":"https:\/\/www.facebook.com\/Katag.ca","article_modified_time":"2015-01-08T20:01:13+00:00","twitter_card":"summary_large_image","twitter_misc":{"Est. reading time":"1 minute"},"schema":{"@context":"https:\/\/schema.org","@graph":[{"@type":"WebPage","@id":"https:\/\/www.katag.ca\/en\/aventure-146\/","url":"https:\/\/www.katag.ca\/en\/aventure-146\/","name":"Aventure 146 | Katag","isPartOf":{"@id":"https:\/\/www.katag.ca\/#website"},"datePublished":"2015-01-06T18:19:25+00:00","dateModified":"2015-01-08T20:01:13+00:00","breadcrumb":{"@id":"https:\/\/www.katag.ca\/en\/aventure-146\/#breadcrumb"},"inLanguage":"en-US","potentialAction":[{"@type":"ReadAction","target":["https:\/\/www.katag.ca\/en\/aventure-146\/"]}]},{"@type":"BreadcrumbList","@id":"https:\/\/www.katag.ca\/en\/aventure-146\/#breadcrumb","itemListElement":[{"@type":"ListItem","position":1,"name":"Accueil","item":"https:\/\/www.katag.ca\/"},{"@type":"ListItem","position":2,"name":"Aventure 146"}]},{"@type":"WebSite","@id":"https:\/\/www.katag.ca\/#website","url":"https:\/\/www.katag.ca\/","name":"Katag","description":"LE jeu d'&eacute;p&eacute;es-mousse","publisher":{"@id":"https:\/\/www.katag.ca\/#organization"},"potentialAction":[{"@type":"SearchAction","target":{"@type":"EntryPoint","urlTemplate":"https:\/\/www.katag.ca\/?s={search_term_string}"},"query-input":{"@type":"PropertyValueSpecification","valueRequired":true,"valueName":"search_term_string"}}],"inLanguage":"en-US"},{"@type":"Organization","@id":"https:\/\/www.katag.ca\/#organization","name":"Katag","url":"https:\/\/www.katag.ca\/","logo":{"@type":"ImageObject","inLanguage":"en-US","@id":"https:\/\/www.katag.ca\/#\/schema\/logo\/image\/","url":"https:\/\/www.katag.ca\/wp-content\/uploads\/2021\/03\/logo-fr.png","contentUrl":"https:\/\/www.katag.ca\/wp-content\/uploads\/2021\/03\/logo-fr.png","width":338,"height":173,"caption":"Katag"},"image":{"@id":"https:\/\/www.katag.ca\/#\/schema\/logo\/image\/"},"sameAs":["https:\/\/www.facebook.com\/Katag.ca"]}]}},"_links":{"self":[{"href":"https:\/\/www.katag.ca\/en\/wp-json\/wp\/v2\/pages\/1260","targetHints":{"allow":["GET"]}}],"collection":[{"href":"https:\/\/www.katag.ca\/en\/wp-json\/wp\/v2\/pages"}],"about":[{"href":"https:\/\/www.katag.ca\/en\/wp-json\/wp\/v2\/types\/page"}],"author":[{"embeddable":true,"href":"https:\/\/www.katag.ca\/en\/wp-json\/wp\/v2\/users\/2"}],"replies":[{"embeddable":true,"href":"https:\/\/www.katag.ca\/en\/wp-json\/wp\/v2\/comments?post=1260"}],"version-history":[{"count":4,"href":"https:\/\/www.katag.ca\/en\/wp-json\/wp\/v2\/pages\/1260\/revisions"}],"predecessor-version":[{"id":1874,"href":"https:\/\/www.katag.ca\/en\/wp-json\/wp\/v2\/pages\/1260\/revisions\/1874"}],"wp:attachment":[{"href":"https:\/\/www.katag.ca\/en\/wp-json\/wp\/v2\/media?parent=1260"}],"curies":[{"name":"wp","href":"https:\/\/api.w.org\/{rel}","templated":true}]}}