{"id":1271,"date":"2015-01-06T18:22:57","date_gmt":"2015-01-06T18:22:57","guid":{"rendered":"http:\/\/www.boutiquekatag.com\/?page_id=1271"},"modified":"2015-01-08T20:22:51","modified_gmt":"2015-01-08T20:22:51","slug":"aventure-151","status":"publish","type":"page","link":"https:\/\/www.katag.ca\/en\/aventure-151\/","title":{"rendered":"Aventure 151"},"content":{"rendered":"<p>Vous mettez la main dans votre sac \u00e0 dos et en ressortez un cristal, que vous tendez \u00e0 l\u2019homme nomm\u00e9 Huberto. Ses yeux s\u2019illuminent instantan\u00e9ment. \u00ab Au moins tu es honn\u00eate, matelot! As-tu id\u00e9e de la valeur d\u2019un tel cristal de nos jours? La tribu des Capteurs de r\u00eaves a \u00e9tabli sa valeur \u00e0 1000 pi\u00e8ces de kara pour le mois prochain! Et \u00e7a, ce n\u2019est pas sur le march\u00e9 noir! N\u2019emp\u00eache, que fais-tu sur notre navire? Si nous n\u2019\u00e9tions pas arriv\u00e9s \u00e0 temps, tu nous aurais sans aucun doute pill\u00e9s! Peux-tu imaginer la honte, Charlot? Un navire pirate pill\u00e9! \u00bb \u00ab Tu as raison Huberto, ce moussaillon doit payer! Soit on l\u2019am\u00e8ne au capitaine, soit on le vend au march\u00e9 d\u2019esclaves\u2026 Ou encore, on pourrait lui faire sa f\u00eate ici et maintenant! \u00bb Malgr\u00e9 le fait que vous n\u2019ayez pas tout compris ce qui vient de se dire et malgr\u00e9 l\u2019honn\u00eatet\u00e9 dont vous avez fait preuve, vous avez facilement compris que votre vie \u00e9tait en danger! Votre honn\u00eatet\u00e9 vous rapporte toutefois un point de r\u00eave que vous devez ajouter \u00e0 votre total dans la cat\u00e9gorie r\u00eaves de votre feuille de route. Qu\u2019allez-vous faire?<\/p>\n<div class=\"btn-container  align-center\"><a class=\"organic-btn  dark-blue-btn small-btn  align-center\" href=\"http:\/\/www.katag.ca\/aventure-166\/\"><span class=\"btn-holder\">Vous d\u00e9sirez tenter de vous \u00e9chapper<\/span><\/a><\/div>\n<div class=\"btn-container  align-center\"><a class=\"organic-btn  dark-blue-btn small-btn  align-center\" href=\"http:\/\/www.katag.ca\/aventure-188\/\"><span class=\"btn-holder\">Vous pr\u00e9f\u00e9rez les soudoyer en leur offrant des points de r\u00eaves<\/span><\/a><\/div>\n<div class=\"btn-container  align-center\"><a class=\"organic-btn  dark-blue-btn small-btn  align-center\" href=\"http:\/\/www.katag.ca\/aventure-189\/\"><span class=\"btn-holder\">Vous choisissez d\u2019attendre et voir ce qu\u2019ils d\u00e9sirent faire de vous avant de r\u00e9agir<\/span><\/a><\/div>\n<div class=\"btn-container  align-center\"><a class=\"organic-btn  dark-blue-btn small-btn  align-center\" href=\"http:\/\/www.katag.ca\/aventure-190\/\"><span class=\"btn-holder\">Vous d\u00e9cidez de les affronter tout de suite, car vous n\u2019avez aucun temps \u00e0 perdre<\/span><\/a><\/div>\n","protected":false},"excerpt":{"rendered":"<p>Vous mettez la main dans votre sac \u00e0 dos et en ressortez un cristal, que vous tendez \u00e0 l\u2019homme nomm\u00e9 Huberto. Ses yeux s\u2019illuminent instantan\u00e9ment. \u00ab Au moins tu es honn\u00eate, matelot! As-tu id\u00e9e de la valeur d\u2019un tel cristal de nos jours? La tribu des Capteurs de r\u00eaves a \u00e9tabli sa valeur \u00e0 1000 pi\u00e8ces de kara pour le mois prochain! Et \u00e7a, ce n\u2019est pas sur le march\u00e9 noir! N\u2019emp\u00eache, que fais-tu sur notre navire? Si nous n\u2019\u00e9tions pas arriv\u00e9s \u00e0 temps, tu nous aurais sans&#8230;<\/p>\n","protected":false},"author":2,"featured_media":0,"parent":0,"menu_order":0,"comment_status":"closed","ping_status":"closed","template":"","meta":{"footnotes":""},"class_list":["post-1271","page","type-page","status-publish","hentry"],"yoast_head":"<!-- This site is optimized with the Yoast SEO plugin v27.5 - https:\/\/yoast.com\/product\/yoast-seo-wordpress\/ -->\n<title>Aventure 151 | Katag<\/title>\n<meta name=\"robots\" content=\"index, follow, max-snippet:-1, max-image-preview:large, max-video-preview:-1\" \/>\n<link rel=\"canonical\" href=\"https:\/\/www.katag.ca\/aventure-151\/\" \/>\n<meta property=\"og:locale\" content=\"en_US\" \/>\n<meta property=\"og:type\" content=\"article\" \/>\n<meta property=\"og:title\" content=\"Aventure 151 | Katag\" \/>\n<meta property=\"og:description\" content=\"Vous mettez la main dans votre sac \u00e0 dos et en ressortez un cristal, que vous tendez \u00e0 l\u2019homme nomm\u00e9 Huberto. Ses yeux s\u2019illuminent instantan\u00e9ment. \u00ab Au moins tu es honn\u00eate, matelot! As-tu id\u00e9e de la valeur d\u2019un tel cristal de nos jours? La tribu des Capteurs de r\u00eaves a \u00e9tabli sa valeur \u00e0 1000 pi\u00e8ces de kara pour le mois prochain! Et \u00e7a, ce n\u2019est pas sur le march\u00e9 noir! N\u2019emp\u00eache, que fais-tu sur notre navire? Si nous n\u2019\u00e9tions pas arriv\u00e9s \u00e0 temps, tu nous aurais sans...\" \/>\n<meta property=\"og:url\" content=\"https:\/\/www.katag.ca\/aventure-151\/\" \/>\n<meta property=\"og:site_name\" content=\"Katag\" \/>\n<meta property=\"article:publisher\" content=\"https:\/\/www.facebook.com\/Katag.ca\" \/>\n<meta property=\"article:modified_time\" content=\"2015-01-08T20:22:51+00:00\" \/>\n<meta name=\"twitter:card\" content=\"summary_large_image\" \/>\n<meta name=\"twitter:label1\" content=\"Est. reading time\" \/>\n\t<meta name=\"twitter:data1\" content=\"2 minutes\" \/>\n<script type=\"application\/ld+json\" class=\"yoast-schema-graph\">{\"@context\":\"https:\\\/\\\/schema.org\",\"@graph\":[{\"@type\":\"WebPage\",\"@id\":\"https:\\\/\\\/www.katag.ca\\\/aventure-151\\\/\",\"url\":\"https:\\\/\\\/www.katag.ca\\\/aventure-151\\\/\",\"name\":\"Aventure 151 | Katag\",\"isPartOf\":{\"@id\":\"https:\\\/\\\/www.katag.ca\\\/#website\"},\"datePublished\":\"2015-01-06T18:22:57+00:00\",\"dateModified\":\"2015-01-08T20:22:51+00:00\",\"breadcrumb\":{\"@id\":\"https:\\\/\\\/www.katag.ca\\\/aventure-151\\\/#breadcrumb\"},\"inLanguage\":\"en-US\",\"potentialAction\":[{\"@type\":\"ReadAction\",\"target\":[\"https:\\\/\\\/www.katag.ca\\\/aventure-151\\\/\"]}]},{\"@type\":\"BreadcrumbList\",\"@id\":\"https:\\\/\\\/www.katag.ca\\\/aventure-151\\\/#breadcrumb\",\"itemListElement\":[{\"@type\":\"ListItem\",\"position\":1,\"name\":\"Accueil\",\"item\":\"https:\\\/\\\/www.katag.ca\\\/\"},{\"@type\":\"ListItem\",\"position\":2,\"name\":\"Aventure 151\"}]},{\"@type\":\"WebSite\",\"@id\":\"https:\\\/\\\/www.katag.ca\\\/#website\",\"url\":\"https:\\\/\\\/www.katag.ca\\\/\",\"name\":\"Katag\",\"description\":\"LE jeu d'&eacute;p&eacute;es-mousse\",\"publisher\":{\"@id\":\"https:\\\/\\\/www.katag.ca\\\/#organization\"},\"potentialAction\":[{\"@type\":\"SearchAction\",\"target\":{\"@type\":\"EntryPoint\",\"urlTemplate\":\"https:\\\/\\\/www.katag.ca\\\/?s={search_term_string}\"},\"query-input\":{\"@type\":\"PropertyValueSpecification\",\"valueRequired\":true,\"valueName\":\"search_term_string\"}}],\"inLanguage\":\"en-US\"},{\"@type\":\"Organization\",\"@id\":\"https:\\\/\\\/www.katag.ca\\\/#organization\",\"name\":\"Katag\",\"url\":\"https:\\\/\\\/www.katag.ca\\\/\",\"logo\":{\"@type\":\"ImageObject\",\"inLanguage\":\"en-US\",\"@id\":\"https:\\\/\\\/www.katag.ca\\\/#\\\/schema\\\/logo\\\/image\\\/\",\"url\":\"https:\\\/\\\/www.katag.ca\\\/wp-content\\\/uploads\\\/2021\\\/03\\\/logo-fr.png\",\"contentUrl\":\"https:\\\/\\\/www.katag.ca\\\/wp-content\\\/uploads\\\/2021\\\/03\\\/logo-fr.png\",\"width\":338,\"height\":173,\"caption\":\"Katag\"},\"image\":{\"@id\":\"https:\\\/\\\/www.katag.ca\\\/#\\\/schema\\\/logo\\\/image\\\/\"},\"sameAs\":[\"https:\\\/\\\/www.facebook.com\\\/Katag.ca\"]}]}<\/script>\n<!-- \/ Yoast SEO plugin. -->","yoast_head_json":{"title":"Aventure 151 | Katag","robots":{"index":"index","follow":"follow","max-snippet":"max-snippet:-1","max-image-preview":"max-image-preview:large","max-video-preview":"max-video-preview:-1"},"canonical":"https:\/\/www.katag.ca\/aventure-151\/","og_locale":"en_US","og_type":"article","og_title":"Aventure 151 | Katag","og_description":"Vous mettez la main dans votre sac \u00e0 dos et en ressortez un cristal, que vous tendez \u00e0 l\u2019homme nomm\u00e9 Huberto. Ses yeux s\u2019illuminent instantan\u00e9ment. \u00ab Au moins tu es honn\u00eate, matelot! As-tu id\u00e9e de la valeur d\u2019un tel cristal de nos jours? La tribu des Capteurs de r\u00eaves a \u00e9tabli sa valeur \u00e0 1000 pi\u00e8ces de kara pour le mois prochain! Et \u00e7a, ce n\u2019est pas sur le march\u00e9 noir! N\u2019emp\u00eache, que fais-tu sur notre navire? Si nous n\u2019\u00e9tions pas arriv\u00e9s \u00e0 temps, tu nous aurais sans...","og_url":"https:\/\/www.katag.ca\/aventure-151\/","og_site_name":"Katag","article_publisher":"https:\/\/www.facebook.com\/Katag.ca","article_modified_time":"2015-01-08T20:22:51+00:00","twitter_card":"summary_large_image","twitter_misc":{"Est. reading time":"2 minutes"},"schema":{"@context":"https:\/\/schema.org","@graph":[{"@type":"WebPage","@id":"https:\/\/www.katag.ca\/aventure-151\/","url":"https:\/\/www.katag.ca\/aventure-151\/","name":"Aventure 151 | Katag","isPartOf":{"@id":"https:\/\/www.katag.ca\/#website"},"datePublished":"2015-01-06T18:22:57+00:00","dateModified":"2015-01-08T20:22:51+00:00","breadcrumb":{"@id":"https:\/\/www.katag.ca\/aventure-151\/#breadcrumb"},"inLanguage":"en-US","potentialAction":[{"@type":"ReadAction","target":["https:\/\/www.katag.ca\/aventure-151\/"]}]},{"@type":"BreadcrumbList","@id":"https:\/\/www.katag.ca\/aventure-151\/#breadcrumb","itemListElement":[{"@type":"ListItem","position":1,"name":"Accueil","item":"https:\/\/www.katag.ca\/"},{"@type":"ListItem","position":2,"name":"Aventure 151"}]},{"@type":"WebSite","@id":"https:\/\/www.katag.ca\/#website","url":"https:\/\/www.katag.ca\/","name":"Katag","description":"LE jeu d'&eacute;p&eacute;es-mousse","publisher":{"@id":"https:\/\/www.katag.ca\/#organization"},"potentialAction":[{"@type":"SearchAction","target":{"@type":"EntryPoint","urlTemplate":"https:\/\/www.katag.ca\/?s={search_term_string}"},"query-input":{"@type":"PropertyValueSpecification","valueRequired":true,"valueName":"search_term_string"}}],"inLanguage":"en-US"},{"@type":"Organization","@id":"https:\/\/www.katag.ca\/#organization","name":"Katag","url":"https:\/\/www.katag.ca\/","logo":{"@type":"ImageObject","inLanguage":"en-US","@id":"https:\/\/www.katag.ca\/#\/schema\/logo\/image\/","url":"https:\/\/www.katag.ca\/wp-content\/uploads\/2021\/03\/logo-fr.png","contentUrl":"https:\/\/www.katag.ca\/wp-content\/uploads\/2021\/03\/logo-fr.png","width":338,"height":173,"caption":"Katag"},"image":{"@id":"https:\/\/www.katag.ca\/#\/schema\/logo\/image\/"},"sameAs":["https:\/\/www.facebook.com\/Katag.ca"]}]}},"_links":{"self":[{"href":"https:\/\/www.katag.ca\/en\/wp-json\/wp\/v2\/pages\/1271","targetHints":{"allow":["GET"]}}],"collection":[{"href":"https:\/\/www.katag.ca\/en\/wp-json\/wp\/v2\/pages"}],"about":[{"href":"https:\/\/www.katag.ca\/en\/wp-json\/wp\/v2\/types\/page"}],"author":[{"embeddable":true,"href":"https:\/\/www.katag.ca\/en\/wp-json\/wp\/v2\/users\/2"}],"replies":[{"embeddable":true,"href":"https:\/\/www.katag.ca\/en\/wp-json\/wp\/v2\/comments?post=1271"}],"version-history":[{"count":3,"href":"https:\/\/www.katag.ca\/en\/wp-json\/wp\/v2\/pages\/1271\/revisions"}],"predecessor-version":[{"id":1888,"href":"https:\/\/www.katag.ca\/en\/wp-json\/wp\/v2\/pages\/1271\/revisions\/1888"}],"wp:attachment":[{"href":"https:\/\/www.katag.ca\/en\/wp-json\/wp\/v2\/media?parent=1271"}],"curies":[{"name":"wp","href":"https:\/\/api.w.org\/{rel}","templated":true}]}}