{"id":1287,"date":"2015-01-06T18:27:46","date_gmt":"2015-01-06T18:27:46","guid":{"rendered":"http:\/\/www.boutiquekatag.com\/?page_id=1287"},"modified":"2015-01-08T20:33:08","modified_gmt":"2015-01-08T20:33:08","slug":"aventure-159","status":"publish","type":"page","link":"https:\/\/www.katag.ca\/en\/aventure-159\/","title":{"rendered":"Aventure 159"},"content":{"rendered":"<p>Vous continuez d\u2019avancer en direction de la structure et vous \u00eates maintenant compl\u00e8tement terroris\u00e9! \u00c0 un tel point que vous n\u2019\u00eates plus capable de contr\u00f4ler votre corps, comme hypnotis\u00e9 par la peur. Le b\u00e2timent devant vous ressemble \u00e0 la fois \u00e0 un ch\u00e2teau, un donjon et une prison. Bizarrement, les fen\u00eatres et les barreaux sont dispos\u00e9s sans dessus dessous sur les murs. Vous avez m\u00eame l\u2019impression que la structure bouge, comme si elle \u00e9tait vivante! Vous voulez \u00e9videmment partir de cet endroit maudit et ne plus jamais y revenir! Mais vous semblez toujours incapable de bouger. Roulez les d\u00e9s.<\/p>\n<div class=\"btn-container  align-center\"><a class=\"organic-btn  dark-blue-btn small-btn  align-center\" href=\"http:\/\/www.katag.ca\/aventure-167\/\"><span class=\"btn-holder\">Si vous obtenez un r\u00e9sultat de 10 ou plus, cliquez ici<\/span><\/a><\/div>\n<div class=\"btn-container  align-center\"><a class=\"organic-btn  dark-blue-btn small-btn  align-center\" href=\"http:\/\/www.katag.ca\/aventure-168\/\"><span class=\"btn-holder\">Si vous obtenez moins de 10, cliquez ici<\/span><\/a><\/div>\n","protected":false},"excerpt":{"rendered":"<p>Vous continuez d\u2019avancer en direction de la structure et vous \u00eates maintenant compl\u00e8tement terroris\u00e9! \u00c0 un tel point que vous n\u2019\u00eates plus capable de contr\u00f4ler votre corps, comme hypnotis\u00e9 par la peur. Le b\u00e2timent devant vous ressemble \u00e0 la fois \u00e0 un ch\u00e2teau, un donjon et une prison. Bizarrement, les fen\u00eatres et les barreaux sont dispos\u00e9s sans dessus dessous sur les murs. Vous avez m\u00eame l\u2019impression que la structure bouge, comme si elle \u00e9tait vivante! Vous voulez \u00e9videmment partir de cet endroit maudit et ne plus jamais y&#8230;<\/p>\n","protected":false},"author":2,"featured_media":0,"parent":0,"menu_order":0,"comment_status":"closed","ping_status":"closed","template":"","meta":{"footnotes":""},"class_list":["post-1287","page","type-page","status-publish","hentry"],"yoast_head":"<!-- This site is optimized with the Yoast SEO plugin v27.5 - https:\/\/yoast.com\/product\/yoast-seo-wordpress\/ -->\n<title>Aventure 159 | Katag<\/title>\n<meta name=\"robots\" content=\"index, follow, max-snippet:-1, max-image-preview:large, max-video-preview:-1\" \/>\n<link rel=\"canonical\" href=\"https:\/\/www.katag.ca\/aventure-159\/\" \/>\n<meta property=\"og:locale\" content=\"en_US\" \/>\n<meta property=\"og:type\" content=\"article\" \/>\n<meta property=\"og:title\" content=\"Aventure 159 | Katag\" \/>\n<meta property=\"og:description\" content=\"Vous continuez d\u2019avancer en direction de la structure et vous \u00eates maintenant compl\u00e8tement terroris\u00e9! \u00c0 un tel point que vous n\u2019\u00eates plus capable de contr\u00f4ler votre corps, comme hypnotis\u00e9 par la peur. Le b\u00e2timent devant vous ressemble \u00e0 la fois \u00e0 un ch\u00e2teau, un donjon et une prison. Bizarrement, les fen\u00eatres et les barreaux sont dispos\u00e9s sans dessus dessous sur les murs. Vous avez m\u00eame l\u2019impression que la structure bouge, comme si elle \u00e9tait vivante! Vous voulez \u00e9videmment partir de cet endroit maudit et ne plus jamais y...\" \/>\n<meta property=\"og:url\" content=\"https:\/\/www.katag.ca\/aventure-159\/\" \/>\n<meta property=\"og:site_name\" content=\"Katag\" \/>\n<meta property=\"article:publisher\" content=\"https:\/\/www.facebook.com\/Katag.ca\" \/>\n<meta property=\"article:modified_time\" content=\"2015-01-08T20:33:08+00:00\" \/>\n<meta name=\"twitter:card\" content=\"summary_large_image\" \/>\n<meta name=\"twitter:label1\" content=\"Est. reading time\" \/>\n\t<meta name=\"twitter:data1\" content=\"1 minute\" \/>\n<script type=\"application\/ld+json\" class=\"yoast-schema-graph\">{\"@context\":\"https:\\\/\\\/schema.org\",\"@graph\":[{\"@type\":\"WebPage\",\"@id\":\"https:\\\/\\\/www.katag.ca\\\/aventure-159\\\/\",\"url\":\"https:\\\/\\\/www.katag.ca\\\/aventure-159\\\/\",\"name\":\"Aventure 159 | Katag\",\"isPartOf\":{\"@id\":\"https:\\\/\\\/www.katag.ca\\\/#website\"},\"datePublished\":\"2015-01-06T18:27:46+00:00\",\"dateModified\":\"2015-01-08T20:33:08+00:00\",\"breadcrumb\":{\"@id\":\"https:\\\/\\\/www.katag.ca\\\/aventure-159\\\/#breadcrumb\"},\"inLanguage\":\"en-US\",\"potentialAction\":[{\"@type\":\"ReadAction\",\"target\":[\"https:\\\/\\\/www.katag.ca\\\/aventure-159\\\/\"]}]},{\"@type\":\"BreadcrumbList\",\"@id\":\"https:\\\/\\\/www.katag.ca\\\/aventure-159\\\/#breadcrumb\",\"itemListElement\":[{\"@type\":\"ListItem\",\"position\":1,\"name\":\"Accueil\",\"item\":\"https:\\\/\\\/www.katag.ca\\\/\"},{\"@type\":\"ListItem\",\"position\":2,\"name\":\"Aventure 159\"}]},{\"@type\":\"WebSite\",\"@id\":\"https:\\\/\\\/www.katag.ca\\\/#website\",\"url\":\"https:\\\/\\\/www.katag.ca\\\/\",\"name\":\"Katag\",\"description\":\"LE jeu d'&eacute;p&eacute;es-mousse\",\"publisher\":{\"@id\":\"https:\\\/\\\/www.katag.ca\\\/#organization\"},\"potentialAction\":[{\"@type\":\"SearchAction\",\"target\":{\"@type\":\"EntryPoint\",\"urlTemplate\":\"https:\\\/\\\/www.katag.ca\\\/?s={search_term_string}\"},\"query-input\":{\"@type\":\"PropertyValueSpecification\",\"valueRequired\":true,\"valueName\":\"search_term_string\"}}],\"inLanguage\":\"en-US\"},{\"@type\":\"Organization\",\"@id\":\"https:\\\/\\\/www.katag.ca\\\/#organization\",\"name\":\"Katag\",\"url\":\"https:\\\/\\\/www.katag.ca\\\/\",\"logo\":{\"@type\":\"ImageObject\",\"inLanguage\":\"en-US\",\"@id\":\"https:\\\/\\\/www.katag.ca\\\/#\\\/schema\\\/logo\\\/image\\\/\",\"url\":\"https:\\\/\\\/www.katag.ca\\\/wp-content\\\/uploads\\\/2021\\\/03\\\/logo-fr.png\",\"contentUrl\":\"https:\\\/\\\/www.katag.ca\\\/wp-content\\\/uploads\\\/2021\\\/03\\\/logo-fr.png\",\"width\":338,\"height\":173,\"caption\":\"Katag\"},\"image\":{\"@id\":\"https:\\\/\\\/www.katag.ca\\\/#\\\/schema\\\/logo\\\/image\\\/\"},\"sameAs\":[\"https:\\\/\\\/www.facebook.com\\\/Katag.ca\"]}]}<\/script>\n<!-- \/ Yoast SEO plugin. -->","yoast_head_json":{"title":"Aventure 159 | Katag","robots":{"index":"index","follow":"follow","max-snippet":"max-snippet:-1","max-image-preview":"max-image-preview:large","max-video-preview":"max-video-preview:-1"},"canonical":"https:\/\/www.katag.ca\/aventure-159\/","og_locale":"en_US","og_type":"article","og_title":"Aventure 159 | Katag","og_description":"Vous continuez d\u2019avancer en direction de la structure et vous \u00eates maintenant compl\u00e8tement terroris\u00e9! \u00c0 un tel point que vous n\u2019\u00eates plus capable de contr\u00f4ler votre corps, comme hypnotis\u00e9 par la peur. Le b\u00e2timent devant vous ressemble \u00e0 la fois \u00e0 un ch\u00e2teau, un donjon et une prison. Bizarrement, les fen\u00eatres et les barreaux sont dispos\u00e9s sans dessus dessous sur les murs. Vous avez m\u00eame l\u2019impression que la structure bouge, comme si elle \u00e9tait vivante! Vous voulez \u00e9videmment partir de cet endroit maudit et ne plus jamais y...","og_url":"https:\/\/www.katag.ca\/aventure-159\/","og_site_name":"Katag","article_publisher":"https:\/\/www.facebook.com\/Katag.ca","article_modified_time":"2015-01-08T20:33:08+00:00","twitter_card":"summary_large_image","twitter_misc":{"Est. reading time":"1 minute"},"schema":{"@context":"https:\/\/schema.org","@graph":[{"@type":"WebPage","@id":"https:\/\/www.katag.ca\/aventure-159\/","url":"https:\/\/www.katag.ca\/aventure-159\/","name":"Aventure 159 | Katag","isPartOf":{"@id":"https:\/\/www.katag.ca\/#website"},"datePublished":"2015-01-06T18:27:46+00:00","dateModified":"2015-01-08T20:33:08+00:00","breadcrumb":{"@id":"https:\/\/www.katag.ca\/aventure-159\/#breadcrumb"},"inLanguage":"en-US","potentialAction":[{"@type":"ReadAction","target":["https:\/\/www.katag.ca\/aventure-159\/"]}]},{"@type":"BreadcrumbList","@id":"https:\/\/www.katag.ca\/aventure-159\/#breadcrumb","itemListElement":[{"@type":"ListItem","position":1,"name":"Accueil","item":"https:\/\/www.katag.ca\/"},{"@type":"ListItem","position":2,"name":"Aventure 159"}]},{"@type":"WebSite","@id":"https:\/\/www.katag.ca\/#website","url":"https:\/\/www.katag.ca\/","name":"Katag","description":"LE jeu d'&eacute;p&eacute;es-mousse","publisher":{"@id":"https:\/\/www.katag.ca\/#organization"},"potentialAction":[{"@type":"SearchAction","target":{"@type":"EntryPoint","urlTemplate":"https:\/\/www.katag.ca\/?s={search_term_string}"},"query-input":{"@type":"PropertyValueSpecification","valueRequired":true,"valueName":"search_term_string"}}],"inLanguage":"en-US"},{"@type":"Organization","@id":"https:\/\/www.katag.ca\/#organization","name":"Katag","url":"https:\/\/www.katag.ca\/","logo":{"@type":"ImageObject","inLanguage":"en-US","@id":"https:\/\/www.katag.ca\/#\/schema\/logo\/image\/","url":"https:\/\/www.katag.ca\/wp-content\/uploads\/2021\/03\/logo-fr.png","contentUrl":"https:\/\/www.katag.ca\/wp-content\/uploads\/2021\/03\/logo-fr.png","width":338,"height":173,"caption":"Katag"},"image":{"@id":"https:\/\/www.katag.ca\/#\/schema\/logo\/image\/"},"sameAs":["https:\/\/www.facebook.com\/Katag.ca"]}]}},"_links":{"self":[{"href":"https:\/\/www.katag.ca\/en\/wp-json\/wp\/v2\/pages\/1287","targetHints":{"allow":["GET"]}}],"collection":[{"href":"https:\/\/www.katag.ca\/en\/wp-json\/wp\/v2\/pages"}],"about":[{"href":"https:\/\/www.katag.ca\/en\/wp-json\/wp\/v2\/types\/page"}],"author":[{"embeddable":true,"href":"https:\/\/www.katag.ca\/en\/wp-json\/wp\/v2\/users\/2"}],"replies":[{"embeddable":true,"href":"https:\/\/www.katag.ca\/en\/wp-json\/wp\/v2\/comments?post=1287"}],"version-history":[{"count":2,"href":"https:\/\/www.katag.ca\/en\/wp-json\/wp\/v2\/pages\/1287\/revisions"}],"predecessor-version":[{"id":1898,"href":"https:\/\/www.katag.ca\/en\/wp-json\/wp\/v2\/pages\/1287\/revisions\/1898"}],"wp:attachment":[{"href":"https:\/\/www.katag.ca\/en\/wp-json\/wp\/v2\/media?parent=1287"}],"curies":[{"name":"wp","href":"https:\/\/api.w.org\/{rel}","templated":true}]}}