{"id":1297,"date":"2015-01-06T18:30:55","date_gmt":"2015-01-06T18:30:55","guid":{"rendered":"http:\/\/www.boutiquekatag.com\/?page_id=1297"},"modified":"2015-01-08T20:39:01","modified_gmt":"2015-01-08T20:39:01","slug":"aventure-164","status":"publish","type":"page","link":"https:\/\/www.katag.ca\/en\/aventure-164\/","title":{"rendered":"Aventure 164"},"content":{"rendered":"<p>Vous montez \u00e0 bord du Tanskara et d\u00e9barquez sur les rives du lac Diga. Devant vous se dresse un pont menant \u00e0 une petite structure qui semble flotter sur l\u2019eau \u00e0 une certaine distance au-dessus du lac. Vous remarquez qu\u2019\u00e0 l\u2019autre bout du pont, il y a un garde, juste devant la petite structure. Le garde semble d\u2019ailleurs vous regarder avec amusement. Vous notez \u00e9galement qu\u2019il serait possible d\u2019explorer les rives du lac. Finalement, vous apercevez une r\u00e9gion plus mar\u00e9cageuse se trouvant en direction nord, entre les montagnes et le lac. Qu\u2019allez-vous faire?<\/p>\n<div class=\"btn-container  align-center\"><a class=\"organic-btn  dark-blue-btn small-btn  align-center\" href=\"http:\/\/www.katag.ca\/aventure-185\/\"><span class=\"btn-holder\">Vous d\u00e9sirez traverser le pont et parler au garde<\/span><\/a><\/div>\n<div class=\"btn-container  align-center\"><a class=\"organic-btn  dark-blue-btn small-btn  align-center\" href=\"http:\/\/www.katag.ca\/aventure-186\/\"><span class=\"btn-holder\">Vous pr\u00e9f\u00e9rez longer la rive et aller voir plus loin<\/span><\/a><\/div>\n<div class=\"btn-container  align-center\"><a class=\"organic-btn  dark-blue-btn small-btn  align-center\" href=\"http:\/\/www.katag.ca\/aventure-187\/\"><span class=\"btn-holder\">Vous choisissez d\u2019aller explorer la r\u00e9gion mar\u00e9cageuse<\/span><\/a><\/div>\n","protected":false},"excerpt":{"rendered":"<p>Vous montez \u00e0 bord du Tanskara et d\u00e9barquez sur les rives du lac Diga. Devant vous se dresse un pont menant \u00e0 une petite structure qui semble flotter sur l\u2019eau \u00e0 une certaine distance au-dessus du lac. Vous remarquez qu\u2019\u00e0 l\u2019autre bout du pont, il y a un garde, juste devant la petite structure. Le garde semble d\u2019ailleurs vous regarder avec amusement. Vous notez \u00e9galement qu\u2019il serait possible d\u2019explorer les rives du lac. Finalement, vous apercevez une r\u00e9gion plus mar\u00e9cageuse se trouvant en direction nord, entre les montagnes&#8230;<\/p>\n","protected":false},"author":2,"featured_media":0,"parent":0,"menu_order":0,"comment_status":"closed","ping_status":"closed","template":"","meta":{"footnotes":""},"class_list":["post-1297","page","type-page","status-publish","hentry"],"yoast_head":"<!-- This site is optimized with the Yoast SEO plugin v27.5 - https:\/\/yoast.com\/product\/yoast-seo-wordpress\/ -->\n<title>Aventure 164 | Katag<\/title>\n<meta name=\"robots\" content=\"index, follow, max-snippet:-1, max-image-preview:large, max-video-preview:-1\" \/>\n<link rel=\"canonical\" href=\"https:\/\/www.katag.ca\/aventure-164\/\" \/>\n<meta property=\"og:locale\" content=\"en_US\" \/>\n<meta property=\"og:type\" content=\"article\" \/>\n<meta property=\"og:title\" content=\"Aventure 164 | Katag\" \/>\n<meta property=\"og:description\" content=\"Vous montez \u00e0 bord du Tanskara et d\u00e9barquez sur les rives du lac Diga. Devant vous se dresse un pont menant \u00e0 une petite structure qui semble flotter sur l\u2019eau \u00e0 une certaine distance au-dessus du lac. Vous remarquez qu\u2019\u00e0 l\u2019autre bout du pont, il y a un garde, juste devant la petite structure. Le garde semble d\u2019ailleurs vous regarder avec amusement. Vous notez \u00e9galement qu\u2019il serait possible d\u2019explorer les rives du lac. Finalement, vous apercevez une r\u00e9gion plus mar\u00e9cageuse se trouvant en direction nord, entre les montagnes...\" \/>\n<meta property=\"og:url\" content=\"https:\/\/www.katag.ca\/aventure-164\/\" \/>\n<meta property=\"og:site_name\" content=\"Katag\" \/>\n<meta property=\"article:publisher\" content=\"https:\/\/www.facebook.com\/Katag.ca\" \/>\n<meta property=\"article:modified_time\" content=\"2015-01-08T20:39:01+00:00\" \/>\n<meta name=\"twitter:card\" content=\"summary_large_image\" \/>\n<meta name=\"twitter:label1\" content=\"Est. reading time\" \/>\n\t<meta name=\"twitter:data1\" content=\"1 minute\" \/>\n<script type=\"application\/ld+json\" class=\"yoast-schema-graph\">{\"@context\":\"https:\\\/\\\/schema.org\",\"@graph\":[{\"@type\":\"WebPage\",\"@id\":\"https:\\\/\\\/www.katag.ca\\\/aventure-164\\\/\",\"url\":\"https:\\\/\\\/www.katag.ca\\\/aventure-164\\\/\",\"name\":\"Aventure 164 | Katag\",\"isPartOf\":{\"@id\":\"https:\\\/\\\/www.katag.ca\\\/#website\"},\"datePublished\":\"2015-01-06T18:30:55+00:00\",\"dateModified\":\"2015-01-08T20:39:01+00:00\",\"breadcrumb\":{\"@id\":\"https:\\\/\\\/www.katag.ca\\\/aventure-164\\\/#breadcrumb\"},\"inLanguage\":\"en-US\",\"potentialAction\":[{\"@type\":\"ReadAction\",\"target\":[\"https:\\\/\\\/www.katag.ca\\\/aventure-164\\\/\"]}]},{\"@type\":\"BreadcrumbList\",\"@id\":\"https:\\\/\\\/www.katag.ca\\\/aventure-164\\\/#breadcrumb\",\"itemListElement\":[{\"@type\":\"ListItem\",\"position\":1,\"name\":\"Accueil\",\"item\":\"https:\\\/\\\/www.katag.ca\\\/\"},{\"@type\":\"ListItem\",\"position\":2,\"name\":\"Aventure 164\"}]},{\"@type\":\"WebSite\",\"@id\":\"https:\\\/\\\/www.katag.ca\\\/#website\",\"url\":\"https:\\\/\\\/www.katag.ca\\\/\",\"name\":\"Katag\",\"description\":\"LE jeu d'&eacute;p&eacute;es-mousse\",\"publisher\":{\"@id\":\"https:\\\/\\\/www.katag.ca\\\/#organization\"},\"potentialAction\":[{\"@type\":\"SearchAction\",\"target\":{\"@type\":\"EntryPoint\",\"urlTemplate\":\"https:\\\/\\\/www.katag.ca\\\/?s={search_term_string}\"},\"query-input\":{\"@type\":\"PropertyValueSpecification\",\"valueRequired\":true,\"valueName\":\"search_term_string\"}}],\"inLanguage\":\"en-US\"},{\"@type\":\"Organization\",\"@id\":\"https:\\\/\\\/www.katag.ca\\\/#organization\",\"name\":\"Katag\",\"url\":\"https:\\\/\\\/www.katag.ca\\\/\",\"logo\":{\"@type\":\"ImageObject\",\"inLanguage\":\"en-US\",\"@id\":\"https:\\\/\\\/www.katag.ca\\\/#\\\/schema\\\/logo\\\/image\\\/\",\"url\":\"https:\\\/\\\/www.katag.ca\\\/wp-content\\\/uploads\\\/2021\\\/03\\\/logo-fr.png\",\"contentUrl\":\"https:\\\/\\\/www.katag.ca\\\/wp-content\\\/uploads\\\/2021\\\/03\\\/logo-fr.png\",\"width\":338,\"height\":173,\"caption\":\"Katag\"},\"image\":{\"@id\":\"https:\\\/\\\/www.katag.ca\\\/#\\\/schema\\\/logo\\\/image\\\/\"},\"sameAs\":[\"https:\\\/\\\/www.facebook.com\\\/Katag.ca\"]}]}<\/script>\n<!-- \/ Yoast SEO plugin. -->","yoast_head_json":{"title":"Aventure 164 | Katag","robots":{"index":"index","follow":"follow","max-snippet":"max-snippet:-1","max-image-preview":"max-image-preview:large","max-video-preview":"max-video-preview:-1"},"canonical":"https:\/\/www.katag.ca\/aventure-164\/","og_locale":"en_US","og_type":"article","og_title":"Aventure 164 | Katag","og_description":"Vous montez \u00e0 bord du Tanskara et d\u00e9barquez sur les rives du lac Diga. Devant vous se dresse un pont menant \u00e0 une petite structure qui semble flotter sur l\u2019eau \u00e0 une certaine distance au-dessus du lac. Vous remarquez qu\u2019\u00e0 l\u2019autre bout du pont, il y a un garde, juste devant la petite structure. Le garde semble d\u2019ailleurs vous regarder avec amusement. Vous notez \u00e9galement qu\u2019il serait possible d\u2019explorer les rives du lac. Finalement, vous apercevez une r\u00e9gion plus mar\u00e9cageuse se trouvant en direction nord, entre les montagnes...","og_url":"https:\/\/www.katag.ca\/aventure-164\/","og_site_name":"Katag","article_publisher":"https:\/\/www.facebook.com\/Katag.ca","article_modified_time":"2015-01-08T20:39:01+00:00","twitter_card":"summary_large_image","twitter_misc":{"Est. reading time":"1 minute"},"schema":{"@context":"https:\/\/schema.org","@graph":[{"@type":"WebPage","@id":"https:\/\/www.katag.ca\/aventure-164\/","url":"https:\/\/www.katag.ca\/aventure-164\/","name":"Aventure 164 | Katag","isPartOf":{"@id":"https:\/\/www.katag.ca\/#website"},"datePublished":"2015-01-06T18:30:55+00:00","dateModified":"2015-01-08T20:39:01+00:00","breadcrumb":{"@id":"https:\/\/www.katag.ca\/aventure-164\/#breadcrumb"},"inLanguage":"en-US","potentialAction":[{"@type":"ReadAction","target":["https:\/\/www.katag.ca\/aventure-164\/"]}]},{"@type":"BreadcrumbList","@id":"https:\/\/www.katag.ca\/aventure-164\/#breadcrumb","itemListElement":[{"@type":"ListItem","position":1,"name":"Accueil","item":"https:\/\/www.katag.ca\/"},{"@type":"ListItem","position":2,"name":"Aventure 164"}]},{"@type":"WebSite","@id":"https:\/\/www.katag.ca\/#website","url":"https:\/\/www.katag.ca\/","name":"Katag","description":"LE jeu d'&eacute;p&eacute;es-mousse","publisher":{"@id":"https:\/\/www.katag.ca\/#organization"},"potentialAction":[{"@type":"SearchAction","target":{"@type":"EntryPoint","urlTemplate":"https:\/\/www.katag.ca\/?s={search_term_string}"},"query-input":{"@type":"PropertyValueSpecification","valueRequired":true,"valueName":"search_term_string"}}],"inLanguage":"en-US"},{"@type":"Organization","@id":"https:\/\/www.katag.ca\/#organization","name":"Katag","url":"https:\/\/www.katag.ca\/","logo":{"@type":"ImageObject","inLanguage":"en-US","@id":"https:\/\/www.katag.ca\/#\/schema\/logo\/image\/","url":"https:\/\/www.katag.ca\/wp-content\/uploads\/2021\/03\/logo-fr.png","contentUrl":"https:\/\/www.katag.ca\/wp-content\/uploads\/2021\/03\/logo-fr.png","width":338,"height":173,"caption":"Katag"},"image":{"@id":"https:\/\/www.katag.ca\/#\/schema\/logo\/image\/"},"sameAs":["https:\/\/www.facebook.com\/Katag.ca"]}]}},"_links":{"self":[{"href":"https:\/\/www.katag.ca\/en\/wp-json\/wp\/v2\/pages\/1297","targetHints":{"allow":["GET"]}}],"collection":[{"href":"https:\/\/www.katag.ca\/en\/wp-json\/wp\/v2\/pages"}],"about":[{"href":"https:\/\/www.katag.ca\/en\/wp-json\/wp\/v2\/types\/page"}],"author":[{"embeddable":true,"href":"https:\/\/www.katag.ca\/en\/wp-json\/wp\/v2\/users\/2"}],"replies":[{"embeddable":true,"href":"https:\/\/www.katag.ca\/en\/wp-json\/wp\/v2\/comments?post=1297"}],"version-history":[{"count":3,"href":"https:\/\/www.katag.ca\/en\/wp-json\/wp\/v2\/pages\/1297\/revisions"}],"predecessor-version":[{"id":1906,"href":"https:\/\/www.katag.ca\/en\/wp-json\/wp\/v2\/pages\/1297\/revisions\/1906"}],"wp:attachment":[{"href":"https:\/\/www.katag.ca\/en\/wp-json\/wp\/v2\/media?parent=1297"}],"curies":[{"name":"wp","href":"https:\/\/api.w.org\/{rel}","templated":true}]}}