{"id":1303,"date":"2015-01-06T18:32:23","date_gmt":"2015-01-06T18:32:23","guid":{"rendered":"http:\/\/www.boutiquekatag.com\/?page_id=1303"},"modified":"2015-01-08T20:42:04","modified_gmt":"2015-01-08T20:42:04","slug":"aventure-167","status":"publish","type":"page","link":"https:\/\/www.katag.ca\/en\/aventure-167\/","title":{"rendered":"Aventure 167"},"content":{"rendered":"<p>Vous vous concentrez du mieux que vous pouvez et tentez de ne pas laisser la peur vous envahir! Vous commencez \u00e0 reprendre le contr\u00f4le et vous sentez \u00e0 nouveau vos bras, puis vos jambes. Vous tentez une ultime pouss\u00e9e et r\u00e9ussissez \u00e0 vous \u00e9chapper de cette force qui vous attirait. Vous d\u00e9cidez qu\u2019il est plus sage de ne jamais revenir pr\u00e8s de cette chose! Vous retournez donc sur le pont du navire&#8230;<\/p>\n<div class=\"btn-container  align-center\"><a class=\"organic-btn  dark-blue-btn small-btn  align-center\" href=\"http:\/\/www.katag.ca\/aventure-147\/\"><span class=\"btn-holder\">Cliquez ici pour continuer<\/span><\/a><\/div>\n","protected":false},"excerpt":{"rendered":"<p>Vous vous concentrez du mieux que vous pouvez et tentez de ne pas laisser la peur vous envahir! Vous commencez \u00e0 reprendre le contr\u00f4le et vous sentez \u00e0 nouveau vos bras, puis vos jambes. Vous tentez une ultime pouss\u00e9e et r\u00e9ussissez \u00e0 vous \u00e9chapper de cette force qui vous attirait. Vous d\u00e9cidez qu\u2019il est plus sage de ne jamais revenir pr\u00e8s de cette chose! Vous retournez donc sur le pont du navire&#8230;<\/p>\n","protected":false},"author":2,"featured_media":0,"parent":0,"menu_order":0,"comment_status":"closed","ping_status":"closed","template":"","meta":{"footnotes":""},"class_list":["post-1303","page","type-page","status-publish","hentry"],"yoast_head":"<!-- This site is optimized with the Yoast SEO plugin v27.5 - https:\/\/yoast.com\/product\/yoast-seo-wordpress\/ -->\n<title>Aventure 167 | Katag<\/title>\n<meta name=\"robots\" content=\"index, follow, max-snippet:-1, max-image-preview:large, max-video-preview:-1\" \/>\n<link rel=\"canonical\" href=\"https:\/\/www.katag.ca\/aventure-167\/\" \/>\n<meta property=\"og:locale\" content=\"en_US\" \/>\n<meta property=\"og:type\" content=\"article\" \/>\n<meta property=\"og:title\" content=\"Aventure 167 | Katag\" \/>\n<meta property=\"og:description\" content=\"Vous vous concentrez du mieux que vous pouvez et tentez de ne pas laisser la peur vous envahir! Vous commencez \u00e0 reprendre le contr\u00f4le et vous sentez \u00e0 nouveau vos bras, puis vos jambes. Vous tentez une ultime pouss\u00e9e et r\u00e9ussissez \u00e0 vous \u00e9chapper de cette force qui vous attirait. Vous d\u00e9cidez qu\u2019il est plus sage de ne jamais revenir pr\u00e8s de cette chose! Vous retournez donc sur le pont du navire&#8230;\" \/>\n<meta property=\"og:url\" content=\"https:\/\/www.katag.ca\/aventure-167\/\" \/>\n<meta property=\"og:site_name\" content=\"Katag\" \/>\n<meta property=\"article:publisher\" content=\"https:\/\/www.facebook.com\/Katag.ca\" \/>\n<meta property=\"article:modified_time\" content=\"2015-01-08T20:42:04+00:00\" \/>\n<meta name=\"twitter:card\" content=\"summary_large_image\" \/>\n<script type=\"application\/ld+json\" class=\"yoast-schema-graph\">{\"@context\":\"https:\\\/\\\/schema.org\",\"@graph\":[{\"@type\":\"WebPage\",\"@id\":\"https:\\\/\\\/www.katag.ca\\\/aventure-167\\\/\",\"url\":\"https:\\\/\\\/www.katag.ca\\\/aventure-167\\\/\",\"name\":\"Aventure 167 | Katag\",\"isPartOf\":{\"@id\":\"https:\\\/\\\/www.katag.ca\\\/#website\"},\"datePublished\":\"2015-01-06T18:32:23+00:00\",\"dateModified\":\"2015-01-08T20:42:04+00:00\",\"breadcrumb\":{\"@id\":\"https:\\\/\\\/www.katag.ca\\\/aventure-167\\\/#breadcrumb\"},\"inLanguage\":\"en-US\",\"potentialAction\":[{\"@type\":\"ReadAction\",\"target\":[\"https:\\\/\\\/www.katag.ca\\\/aventure-167\\\/\"]}]},{\"@type\":\"BreadcrumbList\",\"@id\":\"https:\\\/\\\/www.katag.ca\\\/aventure-167\\\/#breadcrumb\",\"itemListElement\":[{\"@type\":\"ListItem\",\"position\":1,\"name\":\"Accueil\",\"item\":\"https:\\\/\\\/www.katag.ca\\\/\"},{\"@type\":\"ListItem\",\"position\":2,\"name\":\"Aventure 167\"}]},{\"@type\":\"WebSite\",\"@id\":\"https:\\\/\\\/www.katag.ca\\\/#website\",\"url\":\"https:\\\/\\\/www.katag.ca\\\/\",\"name\":\"Katag\",\"description\":\"LE jeu d'&eacute;p&eacute;es-mousse\",\"publisher\":{\"@id\":\"https:\\\/\\\/www.katag.ca\\\/#organization\"},\"potentialAction\":[{\"@type\":\"SearchAction\",\"target\":{\"@type\":\"EntryPoint\",\"urlTemplate\":\"https:\\\/\\\/www.katag.ca\\\/?s={search_term_string}\"},\"query-input\":{\"@type\":\"PropertyValueSpecification\",\"valueRequired\":true,\"valueName\":\"search_term_string\"}}],\"inLanguage\":\"en-US\"},{\"@type\":\"Organization\",\"@id\":\"https:\\\/\\\/www.katag.ca\\\/#organization\",\"name\":\"Katag\",\"url\":\"https:\\\/\\\/www.katag.ca\\\/\",\"logo\":{\"@type\":\"ImageObject\",\"inLanguage\":\"en-US\",\"@id\":\"https:\\\/\\\/www.katag.ca\\\/#\\\/schema\\\/logo\\\/image\\\/\",\"url\":\"https:\\\/\\\/www.katag.ca\\\/wp-content\\\/uploads\\\/2021\\\/03\\\/logo-fr.png\",\"contentUrl\":\"https:\\\/\\\/www.katag.ca\\\/wp-content\\\/uploads\\\/2021\\\/03\\\/logo-fr.png\",\"width\":338,\"height\":173,\"caption\":\"Katag\"},\"image\":{\"@id\":\"https:\\\/\\\/www.katag.ca\\\/#\\\/schema\\\/logo\\\/image\\\/\"},\"sameAs\":[\"https:\\\/\\\/www.facebook.com\\\/Katag.ca\"]}]}<\/script>\n<!-- \/ Yoast SEO plugin. -->","yoast_head_json":{"title":"Aventure 167 | Katag","robots":{"index":"index","follow":"follow","max-snippet":"max-snippet:-1","max-image-preview":"max-image-preview:large","max-video-preview":"max-video-preview:-1"},"canonical":"https:\/\/www.katag.ca\/aventure-167\/","og_locale":"en_US","og_type":"article","og_title":"Aventure 167 | Katag","og_description":"Vous vous concentrez du mieux que vous pouvez et tentez de ne pas laisser la peur vous envahir! Vous commencez \u00e0 reprendre le contr\u00f4le et vous sentez \u00e0 nouveau vos bras, puis vos jambes. Vous tentez une ultime pouss\u00e9e et r\u00e9ussissez \u00e0 vous \u00e9chapper de cette force qui vous attirait. Vous d\u00e9cidez qu\u2019il est plus sage de ne jamais revenir pr\u00e8s de cette chose! Vous retournez donc sur le pont du navire&#8230;","og_url":"https:\/\/www.katag.ca\/aventure-167\/","og_site_name":"Katag","article_publisher":"https:\/\/www.facebook.com\/Katag.ca","article_modified_time":"2015-01-08T20:42:04+00:00","twitter_card":"summary_large_image","schema":{"@context":"https:\/\/schema.org","@graph":[{"@type":"WebPage","@id":"https:\/\/www.katag.ca\/aventure-167\/","url":"https:\/\/www.katag.ca\/aventure-167\/","name":"Aventure 167 | Katag","isPartOf":{"@id":"https:\/\/www.katag.ca\/#website"},"datePublished":"2015-01-06T18:32:23+00:00","dateModified":"2015-01-08T20:42:04+00:00","breadcrumb":{"@id":"https:\/\/www.katag.ca\/aventure-167\/#breadcrumb"},"inLanguage":"en-US","potentialAction":[{"@type":"ReadAction","target":["https:\/\/www.katag.ca\/aventure-167\/"]}]},{"@type":"BreadcrumbList","@id":"https:\/\/www.katag.ca\/aventure-167\/#breadcrumb","itemListElement":[{"@type":"ListItem","position":1,"name":"Accueil","item":"https:\/\/www.katag.ca\/"},{"@type":"ListItem","position":2,"name":"Aventure 167"}]},{"@type":"WebSite","@id":"https:\/\/www.katag.ca\/#website","url":"https:\/\/www.katag.ca\/","name":"Katag","description":"LE jeu d'&eacute;p&eacute;es-mousse","publisher":{"@id":"https:\/\/www.katag.ca\/#organization"},"potentialAction":[{"@type":"SearchAction","target":{"@type":"EntryPoint","urlTemplate":"https:\/\/www.katag.ca\/?s={search_term_string}"},"query-input":{"@type":"PropertyValueSpecification","valueRequired":true,"valueName":"search_term_string"}}],"inLanguage":"en-US"},{"@type":"Organization","@id":"https:\/\/www.katag.ca\/#organization","name":"Katag","url":"https:\/\/www.katag.ca\/","logo":{"@type":"ImageObject","inLanguage":"en-US","@id":"https:\/\/www.katag.ca\/#\/schema\/logo\/image\/","url":"https:\/\/www.katag.ca\/wp-content\/uploads\/2021\/03\/logo-fr.png","contentUrl":"https:\/\/www.katag.ca\/wp-content\/uploads\/2021\/03\/logo-fr.png","width":338,"height":173,"caption":"Katag"},"image":{"@id":"https:\/\/www.katag.ca\/#\/schema\/logo\/image\/"},"sameAs":["https:\/\/www.facebook.com\/Katag.ca"]}]}},"_links":{"self":[{"href":"https:\/\/www.katag.ca\/en\/wp-json\/wp\/v2\/pages\/1303","targetHints":{"allow":["GET"]}}],"collection":[{"href":"https:\/\/www.katag.ca\/en\/wp-json\/wp\/v2\/pages"}],"about":[{"href":"https:\/\/www.katag.ca\/en\/wp-json\/wp\/v2\/types\/page"}],"author":[{"embeddable":true,"href":"https:\/\/www.katag.ca\/en\/wp-json\/wp\/v2\/users\/2"}],"replies":[{"embeddable":true,"href":"https:\/\/www.katag.ca\/en\/wp-json\/wp\/v2\/comments?post=1303"}],"version-history":[{"count":3,"href":"https:\/\/www.katag.ca\/en\/wp-json\/wp\/v2\/pages\/1303\/revisions"}],"predecessor-version":[{"id":1911,"href":"https:\/\/www.katag.ca\/en\/wp-json\/wp\/v2\/pages\/1303\/revisions\/1911"}],"wp:attachment":[{"href":"https:\/\/www.katag.ca\/en\/wp-json\/wp\/v2\/media?parent=1303"}],"curies":[{"name":"wp","href":"https:\/\/api.w.org\/{rel}","templated":true}]}}